{"id":652,"date":"2020-09-04T16:00:12","date_gmt":"2020-09-04T19:00:12","guid":{"rendered":"https:\/\/www.ufmg.br\/saudemental\/?page_id=652"},"modified":"2020-09-11T09:15:16","modified_gmt":"2020-09-11T12:15:16","slug":"parceiros","status":"publish","type":"page","link":"https:\/\/www.ufmg.br\/saudemental\/na-ufmg\/parceiros\/","title":{"rendered":"Parceiros"},"content":{"rendered":"<p>Nesta p\u00e1gina, veja o depoimento dos parceiros que constroem, coletivamente, as pol\u00edticas, estrat\u00e9gias e a\u00e7\u00f5es em prol da sa\u00fade mental na UFMG:<\/p>\n<div id=\"attachment_276\" style=\"width: 722px\" class=\"wp-caption aligncenter\"><img loading=\"lazy\" decoding=\"async\" aria-describedby=\"caption-attachment-276\" class=\"wp-image-276 size-full\" src=\"https:\/\/www.ufmg.br\/saudemental\/wp-content\/uploads\/2019\/12\/050efdeac491d3b9b1a7ca681a93ed22_15574881029726_1357927597.jpg\" alt=\"\" width=\"712\" height=\"474\" srcset=\"https:\/\/www.ufmg.br\/saudemental\/wp-content\/uploads\/2019\/12\/050efdeac491d3b9b1a7ca681a93ed22_15574881029726_1357927597.jpg 712w, https:\/\/www.ufmg.br\/saudemental\/wp-content\/uploads\/2019\/12\/050efdeac491d3b9b1a7ca681a93ed22_15574881029726_1357927597-300x200.jpg 300w\" sizes=\"auto, (max-width: 712px) 100vw, 712px\" \/><p id=\"caption-attachment-276\" class=\"wp-caption-text\">Interven\u00e7\u00e3o art\u00edstica de estudantes em muro da Face na \u00faltima edi\u00e7\u00e3o da Semana. Foto: J\u00falia Duarte | UFMG<\/p><\/div>\n<h3>AMMU\/ DCE\/ MUDI\/ APG<\/h3>\n<p>A UFMG \u00e9 a primeira universidade brasileira que se lan\u00e7a a criar um site com foco em sa\u00fade mental. Sua elabora\u00e7\u00e3o \u00e9 de extrema import\u00e2ncia, pois cumpre um papel altamente representativo nos campos macro e micropol\u00edtico em que estamos inseridos. De maneira ampla, essa a\u00e7\u00e3o mostra a responsabilidade e o compromisso da universidade p\u00fablica com a pesquisa, o ensino e a extens\u00e3o, al\u00e9m de fortalecer o SUS: em um momento t\u00e3o delicado, fica cada vez mais evidente a import\u00e2ncia ineg\u00e1vel de seu papel na vida dos brasileiros e das brasileiras.<\/p>\n<p>Na nossa comunidade, o site se apresenta como um dispositivo de apoio para as pol\u00edticas de sa\u00fade mental que s\u00e3o amplamente debatidas, e tamb\u00e9m como um ve\u00edculo que tem como princ\u00edpio a democratiza\u00e7\u00e3o da informa\u00e7\u00e3o que muitas vezes n\u00e3o alcan\u00e7a suficientemente a totalidade dos discentes, t\u00e9cnicos e docentes.<\/p>\n<p>A proposta da iniciativa \u00e9, tamb\u00e9m, atender, de maneira especial, estudantes e demais categorias que fazem parte de grupos mais vulner\u00e1veis, cuja sa\u00fade, f\u00edsica e mental, que pode j\u00e1 estar comprometida em situa\u00e7\u00f5es normais, especialmente neste per\u00edodo de pandemia, acaba sendo, para esses grupos, mais afetada, a saber: pessoas com defici\u00eancia, negros e LGBTQIA+ e pessoas socioeconomicamente vulner\u00e1veis.<\/p>\n<p><em>Texto constru\u00eddo e assinado conjuntamente pela AMMU (Associa\u00e7\u00e3o de Moradores das Moradias Universit\u00e1rias da UFMG),\u00a0 DCE (Diret\u00f3rio Central dos Estudantes),\u00a0 APG (Associa\u00e7\u00e3o de P\u00f3s-Graduandos) e o MUDI (Movimento Universit\u00e1rio de Inclus\u00e3o).<\/em><\/p>\n<p>&nbsp;<\/p>\n<h3>APUBH presente: \u00e9 preciso estar atenta e forte!<\/h3>\n<p>Os princ\u00edpios e as diretrizes da pol\u00edtica de sa\u00fade mental da UFMG n\u00e3o deixam d\u00favidas: precisamos construir, permanentemente, qualidade de vida e de trabalho na doc\u00eancia, na pesquisa e nas rela\u00e7\u00f5es com colegas, estudantes e t\u00e9cnicos administrativos. O APUBH, Sindicato de professores das Universidades Federais de Belo Horizonte, Montes Claros e Ouro Branco celebra este novo espa\u00e7o de Sa\u00fade Mental, na luta pela nossa profiss\u00e3o e pela educa\u00e7\u00e3o p\u00fablica, gratuita e inclusiva, essenciais \u00e0 sociedade brasileira.<\/p>\n<p>Contribuiremos atrav\u00e9s da sinergia com a Comiss\u00e3o Permanente de Sa\u00fade Mental e com a Rede de Sa\u00fade Mental da UFMG. Compartilhamos <a href=\"https:\/\/apubh.org.br\/acolhimento\/\" target=\"_blank\" rel=\"noopener noreferrer\">aqui<\/a> o link que acessa nosso <em>N\u00facleo de Acolhimento e Di\u00e1logo<\/em>. As portas est\u00e3o abertas, concreta e virtualmente, para o trabalho que se imp\u00f5e diante da tarefa de afirma\u00e7\u00e3o do necess\u00e1rio protagonismo de professoras e professores nas quest\u00f5es que evocam nossa sa\u00fade e bem-estar. Sabemos, todas e todos, que as dificuldades e os sofrimentos da vida e cotidiano docentes tem sido invisibilizados. \u00c9 urgente ofertar e oferecer espa\u00e7os de di\u00e1logo, de escuta, de reflex\u00e3o que apoiem nossa comunidade acad\u00eamica. A principal motiva\u00e7\u00e3o de afastamento do trabalho de docentes \u00e9 o adoecimento mental. No entanto, a patologiza\u00e7\u00e3o gera exclus\u00e3o. Abrir espa\u00e7o para a express\u00e3o dos desconfortos, mal-estar e para a explicita\u00e7\u00e3o dos conflitos nas rela\u00e7\u00f5es de trabalho configura-se como o caminho correto a seguir e este SITE de sa\u00fade mental da UFMG representa uma boa perspectiva. Vamos nos cuidar, uns dos outros, uma das outras: este \u00e9 o convite! Nossos desafios profissionais s\u00e3o sempre maiores. Assim sendo, \u00e9 preciso estarmos atentos e fortes, como diz a can\u00e7\u00e3o e a poesia de Caetano Veloso.<\/p>\n<p><em>Texto assinado pela profa. Stella Goulart, presidenta do APUBH<\/em><\/p>\n<p>&nbsp;<\/p>\n<h3>ATENS UFMG<\/h3>\n<p>A ATENS UFMG, Se\u00e7\u00e3o Sindical do ATENS Sindicato Nacional (Associa\u00e7\u00e3o dos T\u00e9cnicos de N\u00edvel Superior da UFMG e outras IFES Mineiras), parabeniza a Universidade pelo trabalho de articula\u00e7\u00e3o das pr\u00e1ticas e efetiva\u00e7\u00e3o das diversas formas de aten\u00e7\u00e3o \u00e0 sa\u00fade e desenvolvimento da cidadania, atrav\u00e9s de iniciativas que propiciem a efetiva inclus\u00e3o social. A aten\u00e7\u00e3o \u00e0 sa\u00fade mental consiste em uma constru\u00e7\u00e3o complexa, que articula aspectos culturais, biopsicossociais, e fatores hist\u00f3ricos, de forma recursiva. Esta aten\u00e7\u00e3o se faz poss\u00edvel a partir das a\u00e7\u00f5es em rede, implementadas por meio de constru\u00e7\u00f5es democr\u00e1ticas que possibilitem o protagonismo e a autonomia.<\/p>\n<p>Nitidamente o comprometimento com a sa\u00fade mental permeia as atividades da Universidade em suas vertentes de ensino, pesquisa e extens\u00e3o, integrando de maneira respons\u00e1vel e articulada diversas frentes que possibilitam o desenvolvimento social. A partir da compreens\u00e3o que os processos de adoecimento e sofrimento s\u00e3o coletivos, o trato com os mesmos deve considerar esta caracter\u00edstica. Desta maneira o acesso \u00e0 informa\u00e7\u00e3o de qualidade constitui uma ferramenta que favorece a constru\u00e7\u00e3o, de maneira cr\u00edtica, respons\u00e1vel e criativa, de conhecimentos que permitam a defesa e amplia\u00e7\u00e3o dos direitos humanos, incluindo nestes o da aten\u00e7\u00e3o \u00e0 sa\u00fade e a dignidade humana.<\/p>\n<p>&nbsp;<\/p>\n<h3>SINDIFES<\/h3>\n<p>O SINDIFES vem realizando, na \u00faltima d\u00e9cada, v\u00e1rias a\u00e7\u00f5es de intensifica\u00e7\u00e3o na luta pela implanta\u00e7\u00e3o de uma pol\u00edtica efetiva de gest\u00e3o de pessoas na UFMG que tenha um olhar diferenciado para o sofrimento mental dos servidores t\u00e9cnico-administrativos em Educa\u00e7\u00e3o. Temos desempenhando um papel fundamental no reconhecimento, acolhimento e acompanhamento dos trabalhadores que apresentam quadro de doen\u00e7as mentais. Assim como nas discuss\u00f5es e identifica\u00e7\u00e3o das causas desses adoecimentos, como ambientes de trabalho inadequados, chefias despreparadas e abusivas, ass\u00e9dio moral, falta de di\u00e1logo entre os trabalhadores e at\u00e9 mesmo a falta de treinamento dos respons\u00e1veis em resolverem os conflitos.<\/p>\n<p>Nossa luta por uma pol\u00edtica de gest\u00e3o de pessoas efetiva passa pelo reconhecimento institucional de que o trabalhador pode estar mentalmente adoecido devido ao ambiente de trabalho e a institui\u00e7\u00e3o deve se responsabilizar, acolher e tratar este trabalhador e seu ambiente. Consideramos um avan\u00e7o a Reitoria ter criado uma comiss\u00e3o para discutir a sa\u00fade mental da comunidade universit\u00e1ria, mesmo sendo cr\u00edticos \u00e0 falta de participa\u00e7\u00e3o dos Sindicatos (SINDIFES e APUBH).<\/p>\n<p>Parabenizamos a Reitoria pelo lan\u00e7amento deste canal de comunica\u00e7\u00e3o sobre Sa\u00fade Mental, pois \u00e9 um passo importante nesta luta. Al\u00e9m de ampliar o acesso \u00e0 informa\u00e7\u00e3o, demonstra que a UFMG est\u00e1 verdadeiramente comprometida com a sa\u00fade de seus trabalhadores. Esperamos que nos pr\u00f3ximos anos possamos solidificar e avan\u00e7armos na constru\u00e7\u00e3o coletiva das pol\u00edticas de sa\u00fade e gest\u00e3o.<\/p>\n","protected":false},"excerpt":{"rendered":"<p>Nesta p\u00e1gina, veja o depoimento dos parceiros que constroem, coletivamente, as pol\u00edticas, estrat\u00e9gias e a\u00e7\u00f5es em prol da sa\u00fade mental na UFMG: AMMU\/ DCE\/ MUDI\/ APG A UFMG \u00e9 a primeira universidade brasileira que se [&#8230;]<\/p>\n","protected":false},"author":1,"featured_media":332,"parent":20,"menu_order":0,"comment_status":"closed","ping_status":"closed","template":"","meta":{"_acf_changed":false,"footnotes":""},"class_list":["post-652","page","type-page","status-publish","has-post-thumbnail","hentry"],"acf":[],"_links":{"self":[{"href":"https:\/\/www.ufmg.br\/saudemental\/wp-json\/wp\/v2\/pages\/652","targetHints":{"allow":["GET"]}}],"collection":[{"href":"https:\/\/www.ufmg.br\/saudemental\/wp-json\/wp\/v2\/pages"}],"about":[{"href":"https:\/\/www.ufmg.br\/saudemental\/wp-json\/wp\/v2\/types\/page"}],"author":[{"embeddable":true,"href":"https:\/\/www.ufmg.br\/saudemental\/wp-json\/wp\/v2\/users\/1"}],"replies":[{"embeddable":true,"href":"https:\/\/www.ufmg.br\/saudemental\/wp-json\/wp\/v2\/comments?post=652"}],"version-history":[{"count":7,"href":"https:\/\/www.ufmg.br\/saudemental\/wp-json\/wp\/v2\/pages\/652\/revisions"}],"predecessor-version":[{"id":664,"href":"https:\/\/www.ufmg.br\/saudemental\/wp-json\/wp\/v2\/pages\/652\/revisions\/664"}],"up":[{"embeddable":true,"href":"https:\/\/www.ufmg.br\/saudemental\/wp-json\/wp\/v2\/pages\/20"}],"wp:featuredmedia":[{"embeddable":true,"href":"https:\/\/www.ufmg.br\/saudemental\/wp-json\/wp\/v2\/media\/332"}],"wp:attachment":[{"href":"https:\/\/www.ufmg.br\/saudemental\/wp-json\/wp\/v2\/media?parent=652"}],"curies":[{"name":"wp","href":"https:\/\/api.w.org\/{rel}","templated":true}]}}