{"id":66,"date":"2019-11-19T14:21:08","date_gmt":"2019-11-19T17:21:08","guid":{"rendered":"https:\/\/www.ufmg.br\/saudemental\/?page_id=66"},"modified":"2020-08-13T16:06:38","modified_gmt":"2020-08-13T19:06:38","slug":"universidade-acolhedora","status":"publish","type":"page","link":"https:\/\/www.ufmg.br\/saudemental\/para-servidores\/universidade-acolhedora\/","title":{"rendered":"Universidade acolhedora"},"content":{"rendered":"<p>\u201cModo de receber ou de ser recebido\u201d. Sin\u00f4nimo de prote\u00e7\u00e3o, considera\u00e7\u00e3o, ref\u00fagio, abrigo e hospitalidade. Assim os dicion\u00e1rios definem a palavra <strong>acolhimento<\/strong>, este que \u00e9 um forte princ\u00edpio entre os profissionais da sa\u00fade.<\/p>\n<p>Como diretriz da Pol\u00edtica Nacional de Humaniza\u00e7\u00e3o (PNH), o acolhimento expressa, \u201cem suas v\u00e1rias defini\u00e7\u00f5es, <strong>uma a\u00e7\u00e3o de aproxima\u00e7\u00e3o<\/strong>, um <strong>estar com <\/strong>e um <strong>estar perto de<\/strong>, ou seja, uma atitude de\u00a0<strong>inclus\u00e3o<\/strong>\u201d. O conceito tem sua relev\u00e2ncia por suas dimens\u00f5es:<\/p>\n<ul>\n<li>\u201c\u00e9tica no que se refere ao compromisso com o reconhecimento do outro, na atitude de acolh\u00ea-lo em suas diferen\u00e7as, suas dores, suas alegrias, seus modos de viver, sentir e estar na vida;<\/li>\n<li>est\u00e9tica porque traz para as rela\u00e7\u00f5es e os encontros do dia-a-dia a inven\u00e7\u00e3o de estrat\u00e9gias que contribuem para a dignifica\u00e7\u00e3o da vida e do viver e, assim, para a constru\u00e7\u00e3o de nossa pr\u00f3pria humanidade;<\/li>\n<li>pol\u00edtica porque implica o compromisso coletivo de envolver-se neste \u201cestar com\u201d, potencializando protagonismos e vida nos diferentes encontros\u201d. <em>(Brasil, 2010)[1]<\/em><\/li>\n<\/ul>\n<p>Por isso \u00e9 necess\u00e1rio n\u00e3o fazer confus\u00f5es entre <strong>\u00a0acolhimento<\/strong> e atendimento especializado (consulta psiqui\u00e1trica ou psicoterapia)<strong>. <\/strong>Isso porque o acolhimento \u00e9 uma pr\u00e1tica que requer <strong>saberes n\u00e3o especializados<\/strong> (pessoas capacitadas dispostas a ouvir e<strong>\u00a0<\/strong>auxiliar com informa\u00e7\u00f5es na identifica\u00e7\u00e3o das capacidades do sujeito para estimul\u00e1-lo a encontrar suas sa\u00eddas poss\u00edveis), sendo uma postura que cabe a todas as pessoas. O atendimento especializado, por sua vez, requer saberes espec\u00edficos pr\u00f3prios dos psic\u00f3logos, dos psiquiatras ou dos especialistas em sa\u00fade mental.<\/p>\n<p>Considerada essa defini\u00e7\u00e3o, vale realizar dois questionamentos a fim de trazer a discuss\u00e3o para o \u00e2mbito universit\u00e1rio.<\/p>\n<p>O primeiro deles procura entender: como a Universidade vem recebendo seus cidada\u0303os? E o segundo, mais direto e pessoal: como posso contribuir para transformar esse espa\u00e7o num ambiente mais acolhedor? Foi o principal t\u00f3pico de nossa conversa com Rodrigo Rodrigues, estudante de Engenharia Aeroespacial da UFMG e tamb\u00e9m professor de yoga:<\/p>\n<div class=\"video-container\"><iframe loading=\"lazy\" title=\"Rodrigo Rodrigues: Acolhimento, yoga e sa\u00fade mental\" width=\"500\" height=\"281\" src=\"https:\/\/www.youtube.com\/embed\/8aXUpH5pUuY?feature=oembed\" frameborder=\"0\" allow=\"accelerometer; autoplay; clipboard-write; encrypted-media; gyroscope; picture-in-picture; web-share\" referrerpolicy=\"strict-origin-when-cross-origin\" allowfullscreen><\/iframe><\/div>\n<p>&nbsp;<\/p>\n<p>Entrar para uma universidade p\u00fablica \u00e9 sempre um desafio e, muitas vezes, um sonho. Contudo, logo ap\u00f3s essa conquista, o ritmo muitas vezes intenso de alguns percursos acaba retirando esse gostinho de realiza\u00e7\u00e3o, colocando o sujeito num universo de aulas, estudos, trabalhos e din\u00e2micas que imp\u00f5em novos desafios e novas rotinas a uma vida que j\u00e1 possui suas pr\u00f3prias quest\u00f5es.<\/p>\n<p>Diante do impacto dessa chegada, \u00e9 importante firmar o sentido de uma Universidade acolhedora para os estudantes e servidores que, n\u00e3o raramente, t\u00eam dificuldades para estabelecer um v\u00ednculo de pertencimento institucional. Afinal, s\u00e3o muitas as barreiras de comunica\u00e7\u00e3o e contato que podem afastar esses sujeitos do sentimento que guia a constru\u00e7\u00e3o de nossa comunidade universit\u00e1ria.<\/p>\n<p>&nbsp;<\/p>\n<h3>Fazendo parte<\/h3>\n<p>Na UFMG, in\u00fameras iniciativas buscam fortalecer a ideia de acolhimento no espa\u00e7o universit\u00e1rio. Para al\u00e9m dos n\u00facleos de apoio e escuta j\u00e1 existentes (veja uma lista completa clicando\u00a0<a href=\"https:\/\/www.ufmg.br\/saudemental\/rede-de-apoio\/canais-de-acolhimento-internos-e-escutas\/\" target=\"_blank\" rel=\"noopener noreferrer\">aqui<\/a>), organiza\u00e7\u00f5es e grupos de estudantes e servidores procuram, cotidianamente, fazer da Universidade um ambiente mais prazeroso e receptivo.<\/p>\n<p>No Portal UFMG voc\u00ea encontra uma\u00a0<a href=\"https:\/\/ufmg.br\/vida-academica\/entidades-estudantis\" target=\"_blank\" rel=\"noopener noreferrer\">lista das entidades estudantis<\/a>\u00a0que fortalecem, direta ou indiretamente, o v\u00ednculo entre seus membros. Um bom exemplo \u00e9 a\u00a0<a href=\"https:\/\/www.facebook.com\/LAUFMG\" target=\"_blank\" rel=\"noopener noreferrer\">Liga das Atl\u00e9ticas da UFMG<\/a>, associa\u00e7\u00e3o de apoio ao esporte que re\u00fane todas as Atl\u00e9ticas de diversas modalidades esportivas na Universidade e ainda organiza competi\u00e7\u00f5es gerais entre estudantes.<\/p>\n<p>H\u00e1 tamb\u00e9m iniciativas que buscam favorecer a socializa\u00e7\u00e3o, a sa\u00fade f\u00edsica e mental dos servidores a partir dos 45 anos, como o <a href=\"https:\/\/www.ufmg.br\/prorh\/programa\/programa-envelhecimento-ativo\/\" target=\"_blank\" rel=\"noopener noreferrer\">Programa Envelhecimento Ativo<\/a>, uma parceria entre a EEFFTO e a PRORH. Conhe\u00e7a tamb\u00e9m o Projeto Vida mais Viva, da Faculdade de Medicina, que articula diversos p\u00fablicos em a\u00e7\u00f5es e projetos que tem como objetivo a promo\u00e7\u00e3o da sa\u00fade e a preven\u00e7\u00e3o de adoecimento mental.<\/p>\n<div id=\"attachment_243\" style=\"width: 1034px\" class=\"wp-caption aligncenter\"><img loading=\"lazy\" decoding=\"async\" aria-describedby=\"caption-attachment-243\" class=\"wp-image-243 size-large\" src=\"https:\/\/www.ufmg.br\/saudemental\/wp-content\/uploads\/2019\/12\/IMG_1657.1-1024x683.jpg\" alt=\"\" width=\"1024\" height=\"683\" srcset=\"https:\/\/www.ufmg.br\/saudemental\/wp-content\/uploads\/2019\/12\/IMG_1657.1-1024x683.jpg 1024w, https:\/\/www.ufmg.br\/saudemental\/wp-content\/uploads\/2019\/12\/IMG_1657.1-300x200.jpg 300w, https:\/\/www.ufmg.br\/saudemental\/wp-content\/uploads\/2019\/12\/IMG_1657.1-768x512.jpg 768w, https:\/\/www.ufmg.br\/saudemental\/wp-content\/uploads\/2019\/12\/IMG_1657.1-1536x1024.jpg 1536w, https:\/\/www.ufmg.br\/saudemental\/wp-content\/uploads\/2019\/12\/IMG_1657.1-2048x1365.jpg 2048w\" sizes=\"auto, (max-width: 1024px) 100vw, 1024px\" \/><p id=\"caption-attachment-243\" class=\"wp-caption-text\">Treino das atl\u00e9ticas na Faculdade de Direito da UFMG. Foto: Gabriel Ara\u00fajo | UFMG<\/p><\/div>\n<p>Como pontuado pela\u00a0<a href=\"https:\/\/www.saude.gov.br\/saude-de-a-z\/saude-mental\" target=\"_blank\" rel=\"noopener noreferrer\">pol\u00edtica nacional de sa\u00fade mental<\/a>, o acolhimento \u00e9 constru\u00eddo coletivamente, tendo por objetivo costurar rela\u00e7\u00f5es de confian\u00e7a, compromisso e v\u00ednculo numa rede socioafetiva. Ajude voc\u00ea tamb\u00e9m a fortalecer ainda mais essa rede.<\/p>\n<p>&nbsp;<\/p>\n<p><em>[1] Brasil. Minist\u00e9rio da Sa\u00fade. Secretaria de Aten\u00e7\u00e3o \u00e0 Sa\u00fade. N\u00facleo T\u00e9cnico da Pol\u00edtica Nacional de Humaniza\u00e7\u00e3o. Acolhimento nas pr\u00e1ticas de produ\u00e7\u00e3o de sa\u00fade \/ Minist\u00e9rio da Sa\u00fade, Secretaria de Aten\u00e7\u00e3o \u00e0 Sa\u00fade, N\u00facleo T\u00e9cnico da Pol\u00edtica Nacional de Humaniza\u00e7\u00e3o. \u2013 2. ed. 5. reimp. \u2013 Bras\u00edlia: Editora do Minist\u00e9rio da Sa\u00fade, 2010.<\/em><\/p>\n","protected":false},"excerpt":{"rendered":"<p>\u201cModo de receber ou de ser recebido\u201d. Sin\u00f4nimo de prote\u00e7\u00e3o, considera\u00e7\u00e3o, ref\u00fagio, abrigo e hospitalidade. Assim os dicion\u00e1rios definem a palavra acolhimento, este que \u00e9 um forte princ\u00edpio entre os profissionais da sa\u00fade. Como diretriz [&#8230;]<\/p>\n","protected":false},"author":1,"featured_media":343,"parent":62,"menu_order":0,"comment_status":"closed","ping_status":"closed","template":"","meta":{"_acf_changed":false,"footnotes":""},"class_list":["post-66","page","type-page","status-publish","has-post-thumbnail","hentry"],"acf":[],"_links":{"self":[{"href":"https:\/\/www.ufmg.br\/saudemental\/wp-json\/wp\/v2\/pages\/66","targetHints":{"allow":["GET"]}}],"collection":[{"href":"https:\/\/www.ufmg.br\/saudemental\/wp-json\/wp\/v2\/pages"}],"about":[{"href":"https:\/\/www.ufmg.br\/saudemental\/wp-json\/wp\/v2\/types\/page"}],"author":[{"embeddable":true,"href":"https:\/\/www.ufmg.br\/saudemental\/wp-json\/wp\/v2\/users\/1"}],"replies":[{"embeddable":true,"href":"https:\/\/www.ufmg.br\/saudemental\/wp-json\/wp\/v2\/comments?post=66"}],"version-history":[{"count":7,"href":"https:\/\/www.ufmg.br\/saudemental\/wp-json\/wp\/v2\/pages\/66\/revisions"}],"predecessor-version":[{"id":642,"href":"https:\/\/www.ufmg.br\/saudemental\/wp-json\/wp\/v2\/pages\/66\/revisions\/642"}],"up":[{"embeddable":true,"href":"https:\/\/www.ufmg.br\/saudemental\/wp-json\/wp\/v2\/pages\/62"}],"wp:featuredmedia":[{"embeddable":true,"href":"https:\/\/www.ufmg.br\/saudemental\/wp-json\/wp\/v2\/media\/343"}],"wp:attachment":[{"href":"https:\/\/www.ufmg.br\/saudemental\/wp-json\/wp\/v2\/media?parent=66"}],"curies":[{"name":"wp","href":"https:\/\/api.w.org\/{rel}","templated":true}]}}