{"id":74,"date":"2019-11-19T14:22:15","date_gmt":"2019-11-19T17:22:15","guid":{"rendered":"https:\/\/www.ufmg.br\/saudemental\/?page_id=74"},"modified":"2020-08-07T16:57:02","modified_gmt":"2020-08-07T19:57:02","slug":"por-uma-cultura-de-paz","status":"publish","type":"page","link":"https:\/\/www.ufmg.br\/saudemental\/para-servidores\/por-uma-cultura-de-paz\/","title":{"rendered":"Por uma cultura de paz"},"content":{"rendered":"<p>Na virada do mil\u00eanio, mais precisamente, em 1999, a Assembleia Geral da Organiza\u00e7\u00e3o das Na\u00e7\u00f5es Unidas (ONU) convocou um Movimento Global para uma Cultura de Paz. Pelo calend\u00e1rio da Organiza\u00e7\u00e3o, o ano 2000 seria marcado como \u201cAno Internacional da Cultura de Paz\u201d e a d\u00e9cada conseguinte, a terminar-se em 2010, ficaria reconhecida como \u201cD\u00e9cada Internacional para uma Cultura de Paz e n\u00e3o-viol\u00eancia para as crian\u00e7as do mundo\u201d.<\/p>\n<p>Traz um leve des\u00e2nimo, contudo, perceber que j\u00e1 estamos no final de outra d\u00e9cada e essa tem\u00e1tica permanece urgente, se n\u00e3o ainda mais necess\u00e1ria. Afinal, para compreender toda a din\u00e2mica em torno do conceito de <strong>cultura de paz<\/strong>, \u00e9 importante desvincul\u00e1-lo das macro agendas de pa\u00edses e organiza\u00e7\u00f5es para centr\u00e1-lo nas rela\u00e7\u00f5es de todo dia, entendendo-o como parte fundamental para fortalecer um cotidiano saud\u00e1vel.<\/p>\n<p>&nbsp;<\/p>\n<h3>Medidas para difundir a cultura de paz no cotidiano<\/h3>\n<p>Resumidamente, a cultura de paz diz respeito a uma vis\u00e3o de mundo que privilegia o di\u00e1logo e a media\u00e7\u00e3o para resolver conflitos, abandonando atitudes e a\u00e7\u00f5es violentas e respeitando a diversidade dos modos de pensar e agir.<\/p>\n<div id=\"attachment_262\" style=\"width: 1034px\" class=\"wp-caption aligncenter\"><img loading=\"lazy\" decoding=\"async\" aria-describedby=\"caption-attachment-262\" class=\"wp-image-262 size-large\" src=\"https:\/\/www.ufmg.br\/saudemental\/wp-content\/uploads\/2019\/12\/DSC_2230-1024x681.jpg\" alt=\"\" width=\"1024\" height=\"681\" srcset=\"https:\/\/www.ufmg.br\/saudemental\/wp-content\/uploads\/2019\/12\/DSC_2230-1024x681.jpg 1024w, https:\/\/www.ufmg.br\/saudemental\/wp-content\/uploads\/2019\/12\/DSC_2230-300x200.jpg 300w, https:\/\/www.ufmg.br\/saudemental\/wp-content\/uploads\/2019\/12\/DSC_2230-768x511.jpg 768w, https:\/\/www.ufmg.br\/saudemental\/wp-content\/uploads\/2019\/12\/DSC_2230-1536x1022.jpg 1536w, https:\/\/www.ufmg.br\/saudemental\/wp-content\/uploads\/2019\/12\/DSC_2230-2048x1363.jpg 2048w\" sizes=\"auto, (max-width: 1024px) 100vw, 1024px\" \/><p id=\"caption-attachment-262\" class=\"wp-caption-text\">Grafite realizado na fachada da Faculdade de Ci\u00eancias Econ\u00f4micas em ocasi\u00e3o da Semana de Sa\u00fade Mental. Foto: J\u00falia Duarte | UFMG<\/p><\/div>\n<p>Como explica uma <a href=\"https:\/\/www.novo.justica.gov.br\/sua-seguranca\/seguranca-publica\/analise-e-pesquisa\/download\/fbsp_termoparceria_1\/eixo-3-cartilha-4-cultura_de_paz-2010.pdf\" target=\"_blank\" rel=\"noopener noreferrer\">cartilha produzida pelo Minist\u00e9rio da Justi\u00e7a brasileiro<\/a>, o conceito de cultura de paz parte do princ\u00edpio de que nem a viol\u00eancia, nem a paz, s\u00e3o naturais \u00e0 atividade humana. Por um lado, \u00e9 necess\u00e1rio entender que, como fen\u00f4meno social complexo, a viol\u00eancia se exemplifica em grupos, pessoas, a\u00e7\u00f5es e relacionamentos que necessitam de transforma\u00e7\u00e3o. Consequentemente, a paz, como ressaltado pela cartilha, \u201cprecisa ser ensinada, aprendida e estimulada\u201d para efetivar essa mudan\u00e7a de \u00f3tica.<\/p>\n<p>Por essa raz\u00e3o o movimento pela paz deve ser de natureza coletiva: cabe a cada um de n\u00f3s trabalhar e difundir a paz no dia-a-dia, sendo mais generoso e solid\u00e1rio, e construindo novas formas de relacionamento baseadas em princ\u00edpios n\u00e3o-violentos. Os seis pontos defendidos pela Unesco no \u201cManifesto por uma Cultura de Paz e N\u00e3o Viol\u00eancia\u201d podem nos indicar alguns caminhos de a\u00e7\u00e3o:<\/p>\n<ul>\n<li>Respeitar a vida;<\/li>\n<li>Rejeitar a viol\u00eancia;<\/li>\n<li>Ser generoso;<\/li>\n<li>Ouvir para compreender;<\/li>\n<li>Preservar o planeta;<\/li>\n<li>Redescobrir a solidariedade.<\/li>\n<\/ul>\n<p>Desenvolver rela\u00e7\u00f5es saud\u00e1veis, \u00e9 estar constantemente cientes das nossas responsabilidades, entendendo que nossas a\u00e7\u00f5es afetam o outro tanto positiva quanto negativamente. Vale sempre cultivar conviv\u00eancias baseadas na empatia e no real interesse, a fim de valorizar a diversidade de experi\u00eancias, o di\u00e1logo e a coopera\u00e7\u00e3o.<\/p>\n<p>&nbsp;<\/p>\n<h3>Estendendo a paz ao ambiente universit\u00e1rio<\/h3>\n<div class=\"video-container\"><iframe loading=\"lazy\" title=\"Entendendo a cultura de paz, do Direito \u00e0 Medicina\" width=\"500\" height=\"281\" src=\"https:\/\/www.youtube.com\/embed\/JZrLgs5erMs?feature=oembed\" frameborder=\"0\" allow=\"accelerometer; autoplay; clipboard-write; encrypted-media; gyroscope; picture-in-picture; web-share\" referrerpolicy=\"strict-origin-when-cross-origin\" allowfullscreen><\/iframe><\/div>\n<p>Um \u201cbom dia\u201d pode assumir grande import\u00e2ncia no in\u00edcio de uma jornada de estudos ou trabalho. Logo de cara, esse simples gesto desarma animosidades e refor\u00e7a v\u00ednculos de afeto.<\/p>\n<p>Basicamente, esses s\u00e3o os v\u00ednculos que precisam ser fortalecidos para impulsionar uma comunidade universit\u00e1ria mais preocupada com o outro, disposta a acolher e a integrar. Afinal, n\u00e3o \u00e9 demais refor\u00e7ar que a verdadeira escuta \u00e9 uma iniciativa importante para minimizar os impactos do sofrimento mental na Universidade.<\/p>\n<p>Contudo, para al\u00e9m da escuta, outros passos podem e devem ser dados \u2013 e o exerc\u00edcio de uma comunica\u00e7\u00e3o n\u00e3o-violenta \u00e9 um deles.<\/p>\n<p>Muitas vezes nos valemos, em sala de aula, de m\u00e9todos que prezam por uma vis\u00e3o individualista e competitiva do aprendizado, a\u00e7\u00f5es que acabam por diminuir o outro sem a devida compreens\u00e3o de suas pot\u00eancias e dificuldades. Mesmo em caso de erros, a responsabiliza\u00e7\u00e3o n\u00e3o precisa necessariamente seguir um modelo muito r\u00edgido: avalia\u00e7\u00f5es justas s\u00e3o aquelas em que a situa\u00e7\u00e3o e o contexto tamb\u00e9m s\u00e3o levados em conta.<\/p>\n<p>Para al\u00e9m das medidas repressivas, por que n\u00e3o incentivar o di\u00e1logo e a constru\u00e7\u00e3o conjunta de regras de conviv\u00eancia? Um ambiente participativo \u00e9 imprescind\u00edvel para se estabelecer uma boa comunica\u00e7\u00e3o interpessoal, que deve, ainda, centrar-se na alteridade para a sensibiliza\u00e7\u00e3o em quest\u00f5es de g\u00eanero, ra\u00e7a, identidade e orienta\u00e7\u00e3o sexual.<\/p>\n<p>Por fim, refer\u00eancias positivas devem ser divulgadas, a fim de contribuir para o fortalecimento de identidades pessoais e culturais entre os membros de nossa comunidade. \u00c9 por meio do outro que nos reconhecemos, mas \u00e9 a partir de um profundo conhecimento de si mesmo que entendemos nossas reais possibilidades e limita\u00e7\u00f5es.<\/p>\n","protected":false},"excerpt":{"rendered":"<p>Na virada do mil\u00eanio, mais precisamente, em 1999, a Assembleia Geral da Organiza\u00e7\u00e3o das Na\u00e7\u00f5es Unidas (ONU) convocou um Movimento Global para uma Cultura de Paz. Pelo calend\u00e1rio da Organiza\u00e7\u00e3o, o ano 2000 seria marcado [&#8230;]<\/p>\n","protected":false},"author":1,"featured_media":340,"parent":62,"menu_order":0,"comment_status":"closed","ping_status":"closed","template":"","meta":{"_acf_changed":false,"footnotes":""},"class_list":["post-74","page","type-page","status-publish","has-post-thumbnail","hentry"],"acf":[],"_links":{"self":[{"href":"https:\/\/www.ufmg.br\/saudemental\/wp-json\/wp\/v2\/pages\/74","targetHints":{"allow":["GET"]}}],"collection":[{"href":"https:\/\/www.ufmg.br\/saudemental\/wp-json\/wp\/v2\/pages"}],"about":[{"href":"https:\/\/www.ufmg.br\/saudemental\/wp-json\/wp\/v2\/types\/page"}],"author":[{"embeddable":true,"href":"https:\/\/www.ufmg.br\/saudemental\/wp-json\/wp\/v2\/users\/1"}],"replies":[{"embeddable":true,"href":"https:\/\/www.ufmg.br\/saudemental\/wp-json\/wp\/v2\/comments?post=74"}],"version-history":[{"count":6,"href":"https:\/\/www.ufmg.br\/saudemental\/wp-json\/wp\/v2\/pages\/74\/revisions"}],"predecessor-version":[{"id":585,"href":"https:\/\/www.ufmg.br\/saudemental\/wp-json\/wp\/v2\/pages\/74\/revisions\/585"}],"up":[{"embeddable":true,"href":"https:\/\/www.ufmg.br\/saudemental\/wp-json\/wp\/v2\/pages\/62"}],"wp:featuredmedia":[{"embeddable":true,"href":"https:\/\/www.ufmg.br\/saudemental\/wp-json\/wp\/v2\/media\/340"}],"wp:attachment":[{"href":"https:\/\/www.ufmg.br\/saudemental\/wp-json\/wp\/v2\/media?parent=74"}],"curies":[{"name":"wp","href":"https:\/\/api.w.org\/{rel}","templated":true}]}}