{"id":8,"date":"2019-11-19T13:51:03","date_gmt":"2019-11-19T16:51:03","guid":{"rendered":"https:\/\/www.ufmg.br\/saudemental\/?page_id=8"},"modified":"2020-01-17T18:23:04","modified_gmt":"2020-01-17T20:23:04","slug":"saude-mental","status":"publish","type":"page","link":"https:\/\/www.ufmg.br\/saudemental\/saude-mental\/","title":{"rendered":"Sa\u00fade Mental"},"content":{"rendered":"<p>O que \u00e9 sa\u00fade mental? \u00c9 o que essa se\u00e7\u00e3o tenta responder, reunindo reflex\u00f5es e conceitua\u00e7\u00f5es de diversas origens e saberes. Aqui tamb\u00e9m est\u00e3o reunidos os depoimentos da comunidade universit\u00e1ria: hist\u00f3rias de supera\u00e7\u00e3o, for\u00e7a e sentimentos que podem inspirar pr\u00e1ticas e conviv\u00eancias saud\u00e1veis.<\/p>\n","protected":false},"excerpt":{"rendered":"<p>O que \u00e9 sa\u00fade mental? \u00c9 o que essa se\u00e7\u00e3o tenta responder, reunindo reflex\u00f5es e conceitua\u00e7\u00f5es de diversas origens e saberes. Aqui tamb\u00e9m est\u00e3o reunidos os depoimentos da comunidade universit\u00e1ria: hist\u00f3rias de supera\u00e7\u00e3o, for\u00e7a e [&#8230;]<\/p>\n","protected":false},"author":1,"featured_media":342,"parent":0,"menu_order":0,"comment_status":"closed","ping_status":"closed","template":"","meta":{"_acf_changed":false,"footnotes":""},"class_list":["post-8","page","type-page","status-publish","has-post-thumbnail","hentry"],"acf":[],"_links":{"self":[{"href":"https:\/\/www.ufmg.br\/saudemental\/wp-json\/wp\/v2\/pages\/8","targetHints":{"allow":["GET"]}}],"collection":[{"href":"https:\/\/www.ufmg.br\/saudemental\/wp-json\/wp\/v2\/pages"}],"about":[{"href":"https:\/\/www.ufmg.br\/saudemental\/wp-json\/wp\/v2\/types\/page"}],"author":[{"embeddable":true,"href":"https:\/\/www.ufmg.br\/saudemental\/wp-json\/wp\/v2\/users\/1"}],"replies":[{"embeddable":true,"href":"https:\/\/www.ufmg.br\/saudemental\/wp-json\/wp\/v2\/comments?post=8"}],"version-history":[{"count":4,"href":"https:\/\/www.ufmg.br\/saudemental\/wp-json\/wp\/v2\/pages\/8\/revisions"}],"predecessor-version":[{"id":417,"href":"https:\/\/www.ufmg.br\/saudemental\/wp-json\/wp\/v2\/pages\/8\/revisions\/417"}],"wp:featuredmedia":[{"embeddable":true,"href":"https:\/\/www.ufmg.br\/saudemental\/wp-json\/wp\/v2\/media\/342"}],"wp:attachment":[{"href":"https:\/\/www.ufmg.br\/saudemental\/wp-json\/wp\/v2\/media?parent=8"}],"curies":[{"name":"wp","href":"https:\/\/api.w.org\/{rel}","templated":true}]}}