{"id":88,"date":"2019-11-19T14:24:17","date_gmt":"2019-11-19T17:24:17","guid":{"rendered":"https:\/\/www.ufmg.br\/saudemental\/?page_id=88"},"modified":"2023-10-26T16:31:14","modified_gmt":"2023-10-26T19:31:14","slug":"fale-conosco","status":"publish","type":"page","link":"https:\/\/www.ufmg.br\/saudemental\/fale-conosco\/","title":{"rendered":"Fale conosco"},"content":{"rendered":"<p>Caso queira colaborar com um v\u00eddeo para a constru\u00e7\u00e3o da galeria de depoimentos da p\u00e1gina, nos envie sua mensagem. O formul\u00e1rio tamb\u00e9m est\u00e1 aberto a cr\u00edticas e sugest\u00f5es.<\/p>\n<p>Se preferir, encaminhe um e-mail para <strong>comsaudemental@ufmg.br<\/strong>.<\/p>\n","protected":false},"excerpt":{"rendered":"<p>Caso queira colaborar com um v\u00eddeo para a constru\u00e7\u00e3o da galeria de depoimentos da p\u00e1gina, nos envie sua mensagem. O formul\u00e1rio tamb\u00e9m est\u00e1 aberto a cr\u00edticas e sugest\u00f5es. Se preferir, encaminhe um e-mail para comsaudemental@ufmg.br.<\/p>\n","protected":false},"author":1,"featured_media":334,"parent":0,"menu_order":0,"comment_status":"closed","ping_status":"closed","template":"","meta":{"_acf_changed":false,"footnotes":""},"class_list":["post-88","page","type-page","status-publish","has-post-thumbnail","hentry"],"acf":[],"_links":{"self":[{"href":"https:\/\/www.ufmg.br\/saudemental\/wp-json\/wp\/v2\/pages\/88","targetHints":{"allow":["GET"]}}],"collection":[{"href":"https:\/\/www.ufmg.br\/saudemental\/wp-json\/wp\/v2\/pages"}],"about":[{"href":"https:\/\/www.ufmg.br\/saudemental\/wp-json\/wp\/v2\/types\/page"}],"author":[{"embeddable":true,"href":"https:\/\/www.ufmg.br\/saudemental\/wp-json\/wp\/v2\/users\/1"}],"replies":[{"embeddable":true,"href":"https:\/\/www.ufmg.br\/saudemental\/wp-json\/wp\/v2\/comments?post=88"}],"version-history":[{"count":10,"href":"https:\/\/www.ufmg.br\/saudemental\/wp-json\/wp\/v2\/pages\/88\/revisions"}],"predecessor-version":[{"id":970,"href":"https:\/\/www.ufmg.br\/saudemental\/wp-json\/wp\/v2\/pages\/88\/revisions\/970"}],"wp:featuredmedia":[{"embeddable":true,"href":"https:\/\/www.ufmg.br\/saudemental\/wp-json\/wp\/v2\/media\/334"}],"wp:attachment":[{"href":"https:\/\/www.ufmg.br\/saudemental\/wp-json\/wp\/v2\/media?parent=88"}],"curies":[{"name":"wp","href":"https:\/\/api.w.org\/{rel}","templated":true}]}}