{"id":13,"date":"2020-05-18T08:40:40","date_gmt":"2020-05-18T11:40:40","guid":{"rendered":"https:\/\/www.ufmg.br\/semanadoconhecimento\/2023\/?page_id=13"},"modified":"2023-10-17T14:20:36","modified_gmt":"2023-10-17T17:20:36","slug":"programacao","status":"publish","type":"page","link":"https:\/\/www.ufmg.br\/semanadoconhecimento\/2023\/programacao\/","title":{"rendered":"Programa\u00e7\u00e3o"},"content":{"rendered":"<div id=\"sp-ea-438\" class=\"sp-ea-one sp-easy-accordion\" data-ex-icon=\"fa-minus\" data-col-icon=\"fa-plus\"  data-ea-active=\"ea-click\"  data-ea-mode=\"vertical\" data-preloader=\"\"><div class=\"ea-card ea-expand sp-ea-single\"><h3 class=\"ea-header\"><a class=\"collapsed\" data-sptoggle=\"spcollapse\" data-sptarget=#collapse4380 href=\"javascript:void(0)\" aria-expanded=\"true\"><i class=\"ea-expand-icon fa fa-minus\"><\/i> Cerim\u00f4nia de Abertura<\/a><\/h3><div class=\"sp-collapse spcollapse collapsed show\" id=\"collapse4380\" data-parent=#sp-ea-438><div class=\"ea-body\"><div>Data: 23 de outubro de 2023 \u2013 09:30<\/div>\n<div>Local: CAD 3 - Audit\u00f3rio 102<\/div>\n<div><\/div>\n<p>9h30: Intelig\u00eancia Artificial e Democracia: Navegando pelas Fronteiras do Desenvolvimento Tecnol\u00f3gico.<br \/>\nProfessora Sandra Regina Goulart Almeida, Reitora.<br \/>\nProfessor Nivio Ziviani (Ci\u00eancias da Computa\u00e7\u00e3o).<\/p>\n<p>10h30: Desafios da Desinforma\u00e7\u00e3o para a Democracia.<br \/>\nProfessora Geane Alzamora (Comunica\u00e7\u00e3o Social).<br \/>\nProfessor Marco Ant\u00f4nio Sousa Alves (Direito).<\/p>\n<div><\/div>\n<\/div><\/div><\/div><div class=\"ea-card  sp-ea-single\"><h3 class=\"ea-header\"><a class=\"collapsed\" data-sptoggle=\"spcollapse\" data-sptarget=#collapse4381 href=\"javascript:void(0)\" aria-expanded=\"false\"><i class=\"ea-expand-icon fa fa-plus\"><\/i> IEAT - UFMG : Desafios transdisciplinares em tempos de Intelig\u00eancia Artificial<\/a><\/h3><div class=\"sp-collapse spcollapse \" id=\"collapse4381\" data-parent=#sp-ea-438><div class=\"ea-body\"><div>Encontro Transdisciplinar<\/div>\n<div><\/div>\n<div>Data: 24 de outubro de 2023 \u2013 14:00<\/div>\n<div>Local: Audit\u00f3rio da Reitoria da UFMG<\/div>\n<div><\/div>\n<div>Wagner Meira \u2013 Departamento de Ci\u00eancia da Computa\u00e7\u00e3o da UFMG (ICEx)<\/div>\n<div>Gilson Iannini\u00a0 \u2013 Departamento de Psicologia (FAFICH)<\/div>\n<div>Carlos d'Andr\u00e9a \u2013 Departamento de Comunica\u00e7\u00e3o Social (FAFICH) (mediador)<\/div>\n<div><\/div>\n<div>Inscri\u00e7\u00f5es: <a href=\"https:\/\/aplicativos.ufmg.br\/conhecimento\/atividades\/e\/222\/encontro-transdisciplinar-desafios-transdisciplinares-em-tempos-de-inteligencia-artificial\" target=\"_blank\" rel=\"noopener\">https:\/\/aplicativos.ufmg.br\/conhecimento\/atividades\/e\/222\/encontro-transdisciplinar-desafios-transdisciplinares-em-tempos-de-inteligencia-artificial<\/a><\/div>\n<div><\/div>\n<div>Resumo: A recente populariza\u00e7\u00e3o de modelos de Intelig\u00eancias Artificiais Generativas e de suas aplica\u00e7\u00f5es (como o ChatGPT) reacendeu debates sobre as potencialidades, os riscos e os limites \u00e9ticos da IA. Nesse processo, acelera\u00e7\u00e3o tecnol\u00f3gica, interesses econ\u00f4micos e imagin\u00e1rios sociot\u00e9cnicos se combinam e trazem novos desafios para as pesquisas e para a Universidade. Nesta mesa-redonda, os convidados se prop\u00f5em a refletir sobre temas como as aproxima\u00e7\u00f5es entre psican\u00e1lise e IA (podem m\u00e1quinas aprender a sonhar?), o uso de tecnologias de prop\u00f3sito geral para discriminar ou empoderar cidad\u00e3os e as implica\u00e7\u00f5es socioambientais das \u201ctecnosolu\u00e7\u00f5es\u201d baseadas em IA.<\/div>\n<\/div><\/div><\/div><div class=\"ea-card  sp-ea-single\"><h3 class=\"ea-header\"><a class=\"collapsed\" data-sptoggle=\"spcollapse\" data-sptarget=#collapse4382 href=\"javascript:void(0)\" aria-expanded=\"false\"><i class=\"ea-expand-icon fa fa-plus\"><\/i> EXPOLab UFMG 2023<\/a><\/h3><div class=\"sp-collapse spcollapse \" id=\"collapse4382\" data-parent=#sp-ea-438><div class=\"ea-body\"><p dir=\"ltr\">EXPOLab UFMG \u00e9 uma iniciativa de aproxima\u00e7\u00e3o entre o ambiente acad\u00eamico de pesquisa e inova\u00e7\u00e3o da universidade e o p\u00fablico externo. No EXPOLab UFMG, os participantes poder\u00e3o conhecer diferentes\u00a0Infraestruturas de Pesquisa da UFMG e estabelecer conex\u00f5es com pesquisadores, t\u00e9cnicos, estudantes e representantes da ind\u00fastria. Para garantir uma experi\u00eancia interativa e para dar visibilidade aos trabalhos realizados nas infraestruturas da UFMG, a EXPOLab conta com as seguintes atividades:<\/p>\n<ul>\n<li dir=\"ltr\">\n<p dir=\"ltr\" role=\"presentation\">Mostra de Infraestruturas Institucionais de Pesquisa\u00a0 - De 24 at\u00e9 26\/10 de 08:00 \u00e0s 12:10 - <a href=\"https:\/\/www.ufmg.br\/semanadoconhecimento\/2023\/evento\/?id=1558\" target=\"_blank\" rel=\"noopener\">Inscri\u00e7\u00f5es<\/a><\/p>\n<\/li>\n<\/ul>\n<ul>\n<li dir=\"ltr\">\n<p dir=\"ltr\" role=\"presentation\">Feira de oportunidades - Dia 26\/10 de 08:00 \u00e0s 12:10 - <a href=\"https:\/\/www.ufmg.br\/semanadoconhecimento\/2023\/evento\/?id=1559\" target=\"_blank\" rel=\"noopener\">Inscri\u00e7\u00f5es<\/a><\/p>\n<\/li>\n<\/ul>\n<ul>\n<li dir=\"ltr\">\n<p dir=\"ltr\" role=\"presentation\">Encerramento OutLabUFMG 2023 - Dia 26\/10 de 11:00 \u00e0s 12:30 - <a href=\"https:\/\/www.ufmg.br\/semanadoconhecimento\/2023\/evento\/?id=1560\" target=\"_blank\" rel=\"noopener\">Inscri\u00e7\u00f5es<\/a><\/p>\n<\/li>\n<\/ul>\n<p>As inscri\u00e7\u00f5es poder\u00e3o ser realizadas at\u00e9 dia 26\/10.<\/p>\n<\/div><\/div><\/div><div class=\"ea-card  sp-ea-single\"><h3 class=\"ea-header\"><a class=\"collapsed\" data-sptoggle=\"spcollapse\" data-sptarget=#collapse4383 href=\"javascript:void(0)\" aria-expanded=\"false\"><i class=\"ea-expand-icon fa fa-plus\"><\/i> PROGRAD - UFMG - Doc\u00eancia: sucessos do of\u00edcio<\/a><\/h3><div class=\"sp-collapse spcollapse \" id=\"collapse4383\" data-parent=#sp-ea-438><div class=\"ea-body\"><div>Data: 24 de outubro de 2023 \u2013 14:00<\/div>\n<div>Local: CAD3 - Audit\u00f3rio 107<\/div>\n<p>\"Doc\u00eancia: sucessos do of\u00edcio\" busca reconhecer o\/a docente que se destaca no ensino de gradua\u00e7\u00e3o da UFMG.<\/p>\n<p>A indica\u00e7\u00e3o dos\/as professores\/as homenageados\/as \u00e9 feita pelos estudantes desde 2019.<\/p>\n<\/div><\/div><\/div><div class=\"ea-card  sp-ea-single\"><h3 class=\"ea-header\"><a class=\"collapsed\" data-sptoggle=\"spcollapse\" data-sptarget=#collapse4384 href=\"javascript:void(0)\" aria-expanded=\"false\"><i class=\"ea-expand-icon fa fa-plus\"><\/i> PRPG - UFMG: Pr\u00eamio UFMG de Teses<\/a><\/h3><div class=\"sp-collapse spcollapse \" id=\"collapse4384\" data-parent=#sp-ea-438><div class=\"ea-body\"><p>Data: 25 de outubro de 2023 - 19:00<br \/>\nLocal: Audit\u00f3rio da Reitoria da UFMG<\/p>\n<\/div><\/div><\/div><div class=\"ea-card  sp-ea-single\"><h3 class=\"ea-header\"><a class=\"collapsed\" data-sptoggle=\"spcollapse\" data-sptarget=#collapse4385 href=\"javascript:void(0)\" aria-expanded=\"false\"><i class=\"ea-expand-icon fa fa-plus\"><\/i> Cerim\u00f4nia de Encerramento<\/a><\/h3><div class=\"sp-collapse spcollapse \" id=\"collapse4385\" data-parent=#sp-ea-438><div class=\"ea-body\"><p>Data: 27 de outubro de 2023 - 14:00<br \/>\nLocal: Audit\u00f3rio da Reitoria da UFMG<\/p>\n<\/div><\/div><\/div><\/div>\n","protected":false},"excerpt":{"rendered":"","protected":false},"author":1,"featured_media":0,"parent":0,"menu_order":0,"comment_status":"closed","ping_status":"closed","template":"page-programacaoapi.php","meta":[],"acf":[],"_links":{"self":[{"href":"https:\/\/www.ufmg.br\/semanadoconhecimento\/2023\/wp-json\/wp\/v2\/pages\/13"}],"collection":[{"href":"https:\/\/www.ufmg.br\/semanadoconhecimento\/2023\/wp-json\/wp\/v2\/pages"}],"about":[{"href":"https:\/\/www.ufmg.br\/semanadoconhecimento\/2023\/wp-json\/wp\/v2\/types\/page"}],"author":[{"embeddable":true,"href":"https:\/\/www.ufmg.br\/semanadoconhecimento\/2023\/wp-json\/wp\/v2\/users\/1"}],"replies":[{"embeddable":true,"href":"https:\/\/www.ufmg.br\/semanadoconhecimento\/2023\/wp-json\/wp\/v2\/comments?post=13"}],"version-history":[{"count":2,"href":"https:\/\/www.ufmg.br\/semanadoconhecimento\/2023\/wp-json\/wp\/v2\/pages\/13\/revisions"}],"predecessor-version":[{"id":440,"href":"https:\/\/www.ufmg.br\/semanadoconhecimento\/2023\/wp-json\/wp\/v2\/pages\/13\/revisions\/440"}],"wp:attachment":[{"href":"https:\/\/www.ufmg.br\/semanadoconhecimento\/2023\/wp-json\/wp\/v2\/media?parent=13"}],"curies":[{"name":"wp","href":"https:\/\/api.w.org\/{rel}","templated":true}]}}