{"id":206,"date":"2020-05-27T13:15:11","date_gmt":"2020-05-27T16:15:11","guid":{"rendered":"https:\/\/www.ufmg.br\/semanadoconhecimento\/2023\/?page_id=206"},"modified":"2024-07-31T15:11:45","modified_gmt":"2024-07-31T18:11:45","slug":"acessibilidade","status":"publish","type":"page","link":"https:\/\/www.ufmg.br\/semanadoconhecimento\/2023\/acessibilidade\/","title":{"rendered":"Acessibilidade"},"content":{"rendered":"<p>O termo acessibilidade significa incluir a pessoa com defici\u00eancia na participa\u00e7\u00e3o de atividades como o uso de produtos, servi\u00e7os e informa\u00e7\u00f5es. Alguns exemplos s\u00e3o os pr\u00e9dios com rampas de acesso para cadeira de rodas, banheiros adaptados para deficientes e pol\u00edticas espec\u00edficas que, na UFMG, s\u00e3o coordenadas pelo <a href=\"https:\/\/www.ufmg.br\/nai\/\" target=\"_blank\" rel=\"noopener noreferrer\">N\u00facleo de Acessibilidade e Inclus\u00e3o&nbsp;<\/a>(NAI) e constituem compromisso com o respeito ao acesso da informa\u00e7\u00e3o e \u00e0 diversidade.<\/p>\n<p>Na internet, acessibilidade se refere sobretudo \u00e0s recomenda\u00e7\u00f5es do World Content Accessibility Guide (WCAG) do W3C e, no caso do governo federal, ao e-MAG (<a class=\"file-to-download\" href=\"https:\/\/www.governodigital.gov.br\/documentos-e-arquivos\/eMAGv31.pdf\" target=\"_blank\" rel=\"noopener noreferrer\">Modelo de Acessibilidade em Governo Eletr\u00f4nico<\/a>). O e-MAG est\u00e1 alinhado \u00e0s recomenda\u00e7\u00f5es internacionais, mas estabelece padr\u00f5es de comportamento acess\u00edvel para sites da administra\u00e7\u00e3o p\u00fablica federal.<\/p>\n<p>Na barra superior do site o usu\u00e1rio encontra a op\u00e7\u00e3o para alterar o contraste e no rodap\u00e9 est\u00e1 o mapa do site. Os recursos est\u00e3o dispon\u00edveis em todas as p\u00e1ginas do site.<\/p>\n<p><strong>Padr\u00f5es de atalho<\/strong><\/p>\n<p>Os padr\u00f5es de atalhos adotados pelo site s\u00e3o:<\/p>\n<p>Teclando-se Alt + 1 em qualquer p\u00e1gina do portal, chega-se diretamente ao come\u00e7o do conte\u00fado principal da p\u00e1gina.<\/p>\n<p>Teclando-se Alt + 2 em qualquer p\u00e1gina do portal, chega-se diretamente ao in\u00edcio do menu principal.<\/p>\n<p>Teclando-se Alt + 3 em qualquer p\u00e1gina do portal, chega-se diretamente em sua busca interna.<\/p>\n<p>No caso do navegador Firefox, em vez de Alt + n\u00famero, tecle simultaneamente Alt + Shift + n\u00famero.<\/p>\n<p>Ao utilizar Firefox no Mac OS, em vez de Alt + Shift + n\u00famero, tecle simultaneamente Ctrl + Alt + n\u00famero.<\/p>\n<p>No navegador Opera, as teclas s\u00e3o Shift + Escape + n\u00famero. Ao teclar apenas Shift + Escape, o usu\u00e1rio encontrar\u00e1 uma janela com todas as alternativas de ACCESSKEY da p\u00e1gina.<\/p>\n<p><strong>Tecnologias assistivas<\/strong><\/p>\n<p>Parte dos testes de navega\u00e7\u00e3o no site foram realizados com o software leitor de tela NVDA.<\/p>\n<p><strong>Libras<\/strong><\/p>\n<p>A ferramenta VLibras \u00e9 indicada pelo governo federal para acessibilidade de seus sites. Obtenha informa\u00e7\u00f5es sobre o recurso e como adicion\u00e1-lo no navegador&nbsp;<a href=\"http:\/\/www.vlibras.gov.br\/\" target=\"_blank\" rel=\"noopener noreferrer\">por meio deste link<\/a>.<\/p>\n<p><strong>Governo digital<\/strong><\/p>\n<p><a href=\"https:\/\/www.governodigital.gov.br\/cidadania\/acessibilidade\" target=\"_blank\" rel=\"noopener noreferrer\">Acesse neste link<\/a>&nbsp;arquivos do site governo eletr\u00f4nico sobre recomenda\u00e7\u00f5es em acessibilidade.<\/p>\n<p>[Texto adaptado da aba Acessibilidade do portal do governo federal]<\/p>\n","protected":false},"excerpt":{"rendered":"<p>O termo acessibilidade significa incluir a pessoa com defici\u00eancia na [&hellip;]<\/p>\n","protected":false},"author":1,"featured_media":0,"parent":0,"menu_order":0,"comment_status":"closed","ping_status":"closed","template":"","meta":[],"acf":[],"_links":{"self":[{"href":"https:\/\/www.ufmg.br\/semanadoconhecimento\/2023\/wp-json\/wp\/v2\/pages\/206"}],"collection":[{"href":"https:\/\/www.ufmg.br\/semanadoconhecimento\/2023\/wp-json\/wp\/v2\/pages"}],"about":[{"href":"https:\/\/www.ufmg.br\/semanadoconhecimento\/2023\/wp-json\/wp\/v2\/types\/page"}],"author":[{"embeddable":true,"href":"https:\/\/www.ufmg.br\/semanadoconhecimento\/2023\/wp-json\/wp\/v2\/users\/1"}],"replies":[{"embeddable":true,"href":"https:\/\/www.ufmg.br\/semanadoconhecimento\/2023\/wp-json\/wp\/v2\/comments?post=206"}],"version-history":[{"count":8,"href":"https:\/\/www.ufmg.br\/semanadoconhecimento\/2023\/wp-json\/wp\/v2\/pages\/206\/revisions"}],"predecessor-version":[{"id":462,"href":"https:\/\/www.ufmg.br\/semanadoconhecimento\/2023\/wp-json\/wp\/v2\/pages\/206\/revisions\/462"}],"wp:attachment":[{"href":"https:\/\/www.ufmg.br\/semanadoconhecimento\/2023\/wp-json\/wp\/v2\/media?parent=206"}],"curies":[{"name":"wp","href":"https:\/\/api.w.org\/{rel}","templated":true}]}}