{"id":25,"date":"2020-05-18T08:42:04","date_gmt":"2020-05-18T11:42:04","guid":{"rendered":"https:\/\/www.ufmg.br\/semanadoconhecimento\/2023\/?page_id=25"},"modified":"2023-09-20T15:36:39","modified_gmt":"2023-09-20T18:36:39","slug":"contato","status":"publish","type":"page","link":"https:\/\/www.ufmg.br\/semanadoconhecimento\/2023\/contato\/","title":{"rendered":"Contato"},"content":{"rendered":"<p>Direcione sua d\u00favida ou sugest\u00e3o para a equipe espec\u00edfica do \u201csubevento\u201d que comp\u00f5e a Semana do Conhecimento.<\/p>\n","protected":false},"excerpt":{"rendered":"<p>Direcione sua d\u00favida ou sugest\u00e3o para a equipe espec\u00edfica do [&hellip;]<\/p>\n","protected":false},"author":1,"featured_media":0,"parent":0,"menu_order":0,"comment_status":"closed","ping_status":"closed","template":"","meta":[],"acf":[],"_links":{"self":[{"href":"https:\/\/www.ufmg.br\/semanadoconhecimento\/2023\/wp-json\/wp\/v2\/pages\/25"}],"collection":[{"href":"https:\/\/www.ufmg.br\/semanadoconhecimento\/2023\/wp-json\/wp\/v2\/pages"}],"about":[{"href":"https:\/\/www.ufmg.br\/semanadoconhecimento\/2023\/wp-json\/wp\/v2\/types\/page"}],"author":[{"embeddable":true,"href":"https:\/\/www.ufmg.br\/semanadoconhecimento\/2023\/wp-json\/wp\/v2\/users\/1"}],"replies":[{"embeddable":true,"href":"https:\/\/www.ufmg.br\/semanadoconhecimento\/2023\/wp-json\/wp\/v2\/comments?post=25"}],"version-history":[{"count":5,"href":"https:\/\/www.ufmg.br\/semanadoconhecimento\/2023\/wp-json\/wp\/v2\/pages\/25\/revisions"}],"predecessor-version":[{"id":426,"href":"https:\/\/www.ufmg.br\/semanadoconhecimento\/2023\/wp-json\/wp\/v2\/pages\/25\/revisions\/426"}],"wp:attachment":[{"href":"https:\/\/www.ufmg.br\/semanadoconhecimento\/2023\/wp-json\/wp\/v2\/media?parent=25"}],"curies":[{"name":"wp","href":"https:\/\/api.w.org\/{rel}","templated":true}]}}