{"id":111,"date":"2024-08-02T12:26:15","date_gmt":"2024-08-02T15:26:15","guid":{"rendered":"https:\/\/www.ufmg.br\/semanadoconhecimento\/\/?page_id=111"},"modified":"2025-07-23T14:54:29","modified_gmt":"2025-07-23T17:54:29","slug":"contato","status":"publish","type":"page","link":"https:\/\/www.ufmg.br\/semanadoconhecimento\/contato\/","title":{"rendered":"Contato"},"content":{"rendered":"<p>Direcione sua d\u00favida ou sugest\u00e3o para a equipe espec\u00edfica do \u201csubevento\u201d que comp\u00f5e a Semana do Conhecimento.<\/p>\n","protected":false},"excerpt":{"rendered":"<p>Direcione sua d\u00favida ou sugest\u00e3o para a equipe espec\u00edfica do \u201csubevento\u201d que comp\u00f5e a Semana do Conhecimento.<\/p>\n","protected":false},"author":1,"featured_media":0,"parent":0,"menu_order":0,"comment_status":"closed","ping_status":"closed","template":"","meta":{"_acf_changed":false,"footnotes":""},"class_list":["post-111","page","type-page","status-publish","hentry"],"acf":[],"_links":{"self":[{"href":"https:\/\/www.ufmg.br\/semanadoconhecimento\/wp-json\/wp\/v2\/pages\/111"}],"collection":[{"href":"https:\/\/www.ufmg.br\/semanadoconhecimento\/wp-json\/wp\/v2\/pages"}],"about":[{"href":"https:\/\/www.ufmg.br\/semanadoconhecimento\/wp-json\/wp\/v2\/types\/page"}],"author":[{"embeddable":true,"href":"https:\/\/www.ufmg.br\/semanadoconhecimento\/wp-json\/wp\/v2\/users\/1"}],"replies":[{"embeddable":true,"href":"https:\/\/www.ufmg.br\/semanadoconhecimento\/wp-json\/wp\/v2\/comments?post=111"}],"version-history":[{"count":3,"href":"https:\/\/www.ufmg.br\/semanadoconhecimento\/wp-json\/wp\/v2\/pages\/111\/revisions"}],"predecessor-version":[{"id":219,"href":"https:\/\/www.ufmg.br\/semanadoconhecimento\/wp-json\/wp\/v2\/pages\/111\/revisions\/219"}],"wp:attachment":[{"href":"https:\/\/www.ufmg.br\/semanadoconhecimento\/wp-json\/wp\/v2\/media?parent=111"}],"curies":[{"name":"wp","href":"https:\/\/api.w.org\/{rel}","templated":true}]}}