{"id":212,"date":"2025-07-23T14:42:22","date_gmt":"2025-07-23T17:42:22","guid":{"rendered":"https:\/\/www.ufmg.br\/semanadoconhecimento\/?page_id=212"},"modified":"2025-09-05T11:05:59","modified_gmt":"2025-09-05T14:05:59","slug":"material-de-apoio","status":"publish","type":"page","link":"https:\/\/www.ufmg.br\/semanadoconhecimento\/material-de-apoio\/","title":{"rendered":"Material de apoio"},"content":{"rendered":"<header>\n<h1><span style=\"font-size: 16px;\">Arquivos edit\u00e1veis:<\/span><\/h1>\n<\/header>\n<div class=\"main-content\">\n<p>Utilize os modelos abaixo para montar a sua apresenta\u00e7\u00e3o.<\/p>\n<p><a href=\"https:\/\/docs.google.com\/presentation\/d\/1KyTIoy_-mVauqtYuJeFxm-9ukUefek8jtO0iqsoTFXE\/edit?usp=sharing\" target=\"_blank\" rel=\"external noopener\">P\u00f4ster &#8211; Conte\u00fado sugestivo, pode ser alterado pelo autor<\/a><\/p>\n<p><a href=\"https:\/\/docs.google.com\/presentation\/d\/14XglNRDu4anmgD5soImL0O5rkSTKMK9kUGX_OBQfSvA\/edit?usp=sharing\" target=\"_blank\" rel=\"external noopener\">Modelo de apresenta\u00e7\u00e3o<\/a><\/p>\n<div class=\"wp-block-spacer\" aria-hidden=\"true\"><\/div>\n<h3>Para inspirar:<\/h3>\n<p>V\u00eddeo tutorial:\u00a0<a href=\"https:\/\/www.youtube.com\/watch?v=eWPBuBkFlXs\" target=\"_blank\" rel=\"external noopener\">Como fazer um p\u00f4ster digital?<\/a><\/p>\n<p>V\u00eddeo tutorial:\u00a0<a href=\"https:\/\/www.youtube.com\/watch?v=gdOKKEPZqzc\" target=\"_blank\" rel=\"external noopener\">Como\u00a0elaborar um resumo cient\u00edfico?<\/a><\/p>\n<p>V\u00eddeo tutorial:<a href=\"https:\/\/youtu.be\/547fM1swDdA\" target=\"_blank\" rel=\"external noopener\">Como produzir um v\u00eddeo?<\/a><\/p>\n<\/div>\n","protected":false},"excerpt":{"rendered":"<p>Arquivos edit\u00e1veis: Utilize os modelos abaixo para montar a sua apresenta\u00e7\u00e3o. P\u00f4ster &#8211; Conte\u00fado sugestivo, pode ser alterado pelo autor Modelo de apresenta\u00e7\u00e3o Para inspirar: V\u00eddeo tutorial:\u00a0Como fazer um p\u00f4ster digital? V\u00eddeo tutorial:\u00a0Como\u00a0elaborar um resumo cient\u00edfico? V\u00eddeo tutorial:Como produzir um v\u00eddeo?<\/p>\n","protected":false},"author":4,"featured_media":0,"parent":0,"menu_order":0,"comment_status":"closed","ping_status":"closed","template":"","meta":{"_acf_changed":false,"footnotes":""},"class_list":["post-212","page","type-page","status-publish","hentry"],"acf":[],"_links":{"self":[{"href":"https:\/\/www.ufmg.br\/semanadoconhecimento\/wp-json\/wp\/v2\/pages\/212"}],"collection":[{"href":"https:\/\/www.ufmg.br\/semanadoconhecimento\/wp-json\/wp\/v2\/pages"}],"about":[{"href":"https:\/\/www.ufmg.br\/semanadoconhecimento\/wp-json\/wp\/v2\/types\/page"}],"author":[{"embeddable":true,"href":"https:\/\/www.ufmg.br\/semanadoconhecimento\/wp-json\/wp\/v2\/users\/4"}],"replies":[{"embeddable":true,"href":"https:\/\/www.ufmg.br\/semanadoconhecimento\/wp-json\/wp\/v2\/comments?post=212"}],"version-history":[{"count":6,"href":"https:\/\/www.ufmg.br\/semanadoconhecimento\/wp-json\/wp\/v2\/pages\/212\/revisions"}],"predecessor-version":[{"id":281,"href":"https:\/\/www.ufmg.br\/semanadoconhecimento\/wp-json\/wp\/v2\/pages\/212\/revisions\/281"}],"wp:attachment":[{"href":"https:\/\/www.ufmg.br\/semanadoconhecimento\/wp-json\/wp\/v2\/media?parent=212"}],"curies":[{"name":"wp","href":"https:\/\/api.w.org\/{rel}","templated":true}]}}