{"id":222,"date":"2025-07-23T15:38:14","date_gmt":"2025-07-23T18:38:14","guid":{"rendered":"https:\/\/www.ufmg.br\/semanadoconhecimento\/?page_id=222"},"modified":"2025-08-04T15:43:19","modified_gmt":"2025-08-04T18:43:19","slug":"mostras-e-encontro","status":"publish","type":"page","link":"https:\/\/www.ufmg.br\/semanadoconhecimento\/mostras-e-encontro\/","title":{"rendered":"Mostras e Encontros"},"content":{"rendered":"<p>Mostras e Encontros<\/p>\n<div id=\"sp-ea-265\" class=\"sp-ea-one sp-easy-accordion\" data-ex-icon=\"fa-minus\" data-col-icon=\"fa-plus\"  data-ea-active=\"ea-click\"  data-ea-mode=\"vertical\" data-preloader=\"\"><div class=\"ea-card ea-expand sp-ea-single\"><h3 class=\"ea-header\"><a class=\"collapsed\" data-sptoggle=\"spcollapse\" data-sptarget=#collapse2650 href=\"javascript:void(0)\" aria-expanded=\"true\"><i class=\"ea-expand-icon fa fa-minus\"><\/i> IEAT\/UFMG - Mesa-redonda 'Ci\u00eancia, sociedade e clima'<\/a><\/h3><div class=\"sp-collapse spcollapse collapsed show\" id=\"collapse2650\" data-parent=#sp-ea-265><div class=\"ea-body\"><p>14 de outubro de 2025 - 9h30<\/p>\n<p>Campus Pampulha, CAD 3 - Audit\u00f3rio 101<\/p>\n<p><strong>Com a participa\u00e7\u00e3o dos professores residentes do IEAT (2025):<\/strong><br \/>\nBruno Souza Leal - Comunica\u00e7\u00e3o Social (Fafich)<br \/>\nEduardo Magalh\u00e3es Ribeiro - Instituto de Ci\u00eancias Agr\u00e1rias<br \/>\nFabr\u00edcio Rodrigues dos Santos - Gen\u00e9tica, Ecologia e Evolu\u00e7\u00e3o (ICB)<br \/>\nMarcelo Azevedo Costa \u2013 Engenharia de Produ\u00e7\u00e3o (Escola de Engenharia)<br \/>\nDebatedora: Luciana Diniz Silva - Cl\u00ednica M\u00e9dica (Faculdade de Medicina)<\/p>\n<p><strong>Resumo:<\/strong> As mudan\u00e7as clim\u00e1ticas representam uma amea\u00e7a urgente e existencial \u00e0 humanidade, com consequ\u00eancias devastadoras para todo o planeta, desde os ambientes terrestres at\u00e9 os oceanos. Na mesa-redonda \u201cCi\u00eancia, sociedade e clima\u201d, ser\u00e3o apresentadas quatro reflex\u00f5es sobre esse fen\u00f4meno cada vez mais onipresente. Na exposi\u00e7\u00e3o \u201cClima, gen\u00e9tica e hist\u00f3ria\u201d, ser\u00e3o discutidas as contribui\u00e7\u00f5es da gen\u00e9tica em articula\u00e7\u00e3o com outras \u00e1reas das ci\u00eancias do clima. Por meio de evid\u00eancias gen\u00e9ticas, \u00e9 poss\u00edvel reconstruir a hist\u00f3ria da biodiversidade e da esp\u00e9cie humana em rela\u00e7\u00e3o \u00e0s mudan\u00e7as clim\u00e1ticas do passado, com exemplos que relacionam o clima \u00e0 oscila\u00e7\u00e3o demogr\u00e1fica de esp\u00e9cies nativas e na mobilidade espacial de antigas popula\u00e7\u00f5es ind\u00edgenas em resposta a extremos clim\u00e1ticos. Em seguida, a exposi\u00e7\u00e3o \u201cA naturaliza\u00e7\u00e3o da cat\u00e1strofe\u201d considera as narrativas que transformam as cat\u00e1strofes clim\u00e1ticas em eventos recorrentes e cotidianos. Sendo acontecimentos complexos, esses eventos s\u00e3o marcadas por vetores contradit\u00f3rios, como naturaliza\u00e7\u00e3o, atordoamento, cuidado, percep\u00e7\u00e3o de fim do mundo e busca por modos de enfrentamento, que se contrap\u00f5em e se entrela\u00e7am. A terceira exposi\u00e7\u00e3o abordar\u00e1 o tema \u201cDisponibilidade e qualidade de dados clim\u00e1ticos\u201d, destacando como essas informa\u00e7\u00f5es podem ser utilizadas para estimar impactos no setor energ\u00e9tico brasileiro. O objetivo \u00e9 garantir a modicidade tarif\u00e1ria, permitindo que os consumidores paguem tarifas acess\u00edveis e justas por servi\u00e7os p\u00fablicos, especialmente no setor de energia el\u00e9trica. Na \u00faltima exposi\u00e7\u00e3o, ser\u00e1 apresentado o tema \u201cMetamorfoses do tempo\u201d, com destaque para a forma como as mudan\u00e7as clim\u00e1ticas transtornam os sistemas tradicionais de previs\u00e3o, comprometendo sua capacidade de oferecer seguran\u00e7a para o planejamento cotidiano.<\/p>\n<\/div><\/div><\/div><div class=\"ea-card  sp-ea-single\"><h3 class=\"ea-header\"><a class=\"collapsed\" data-sptoggle=\"spcollapse\" data-sptarget=#collapse2651 href=\"javascript:void(0)\" aria-expanded=\"false\"><i class=\"ea-expand-icon fa fa-plus\"><\/i> Mostra Virtual \u201cPesquisa e Extens\u00e3o na Rede de Museus\u201d<\/a><\/h3><div class=\"sp-collapse spcollapse \" id=\"collapse2651\" data-parent=#sp-ea-265><div class=\"ea-body\"><p><span style=\"font-size: medium;\">A Mostra Virtual \u201cPesquisa e Extens\u00e3o na Rede de Museus\u201d integra, pela 11\u00aa vez, a programa\u00e7\u00e3o oficial da Semana do Conhecimento da UFMG. O objetivo do evento \u00e9 possibilitar que a comunidade acad\u00eamica e o p\u00fablico em geral conhe\u00e7am os trabalhos realizados pela Rede de Museus, al\u00e9m de fomentar a forma\u00e7\u00e3o de redes colaborativas ao permitir a inser\u00e7\u00e3o de coment\u00e1rios dirigidos aos autores dos projetos. As edi\u00e7\u00f5es anteriores tamb\u00e9m est\u00e3o dispon\u00edveis para consulta, formando um grande portf\u00f3lio de trabalhos de extens\u00e3o e inicia\u00e7\u00e3o cient\u00edfica realizados desde 2015 pela Rede de Museus e seus espa\u00e7os integrantes.<\/span><\/p>\n<p><span style=\"font-size: medium;\">Dispon\u00edvel em: <\/span><a href=\"https:\/\/www.ufmg.br\/rededemuseus\/mostravirtual2020\/xi-mostra\" target=\"_blank\" rel=\"noopener\"><span style=\"font-size: medium;\">https:\/\/www.ufmg.br\/rededemuseus\/mostravirtual2020\/xi-mostra<\/span><\/a><\/p>\n<\/div><\/div><\/div><\/div>\n","protected":false},"excerpt":{"rendered":"<p>Mostras e Encontros<\/p>\n","protected":false},"author":4,"featured_media":0,"parent":0,"menu_order":0,"comment_status":"closed","ping_status":"closed","template":"","meta":{"_acf_changed":false,"footnotes":""},"class_list":["post-222","page","type-page","status-publish","hentry"],"acf":[],"_links":{"self":[{"href":"https:\/\/www.ufmg.br\/semanadoconhecimento\/wp-json\/wp\/v2\/pages\/222"}],"collection":[{"href":"https:\/\/www.ufmg.br\/semanadoconhecimento\/wp-json\/wp\/v2\/pages"}],"about":[{"href":"https:\/\/www.ufmg.br\/semanadoconhecimento\/wp-json\/wp\/v2\/types\/page"}],"author":[{"embeddable":true,"href":"https:\/\/www.ufmg.br\/semanadoconhecimento\/wp-json\/wp\/v2\/users\/4"}],"replies":[{"embeddable":true,"href":"https:\/\/www.ufmg.br\/semanadoconhecimento\/wp-json\/wp\/v2\/comments?post=222"}],"version-history":[{"count":3,"href":"https:\/\/www.ufmg.br\/semanadoconhecimento\/wp-json\/wp\/v2\/pages\/222\/revisions"}],"predecessor-version":[{"id":267,"href":"https:\/\/www.ufmg.br\/semanadoconhecimento\/wp-json\/wp\/v2\/pages\/222\/revisions\/267"}],"wp:attachment":[{"href":"https:\/\/www.ufmg.br\/semanadoconhecimento\/wp-json\/wp\/v2\/media?parent=222"}],"curies":[{"name":"wp","href":"https:\/\/api.w.org\/{rel}","templated":true}]}}