{"id":303,"date":"2025-10-08T15:28:09","date_gmt":"2025-10-08T18:28:09","guid":{"rendered":"https:\/\/www.ufmg.br\/semanadoconhecimento\/?page_id=303"},"modified":"2025-10-08T15:28:12","modified_gmt":"2025-10-08T18:28:12","slug":"ufmg-nas-ruas","status":"publish","type":"page","link":"https:\/\/www.ufmg.br\/semanadoconhecimento\/ufmg-nas-ruas\/","title":{"rendered":"UFMG nas Ruas"},"content":{"rendered":"<p>A novidade desta edi\u00e7\u00e3o da Semana do Conhecimento \u00e9 o <em>UFMG nas Ruas<\/em>, que tem o intuito de popularizar a produ\u00e7\u00e3o de conhecimento. Para isso, o evento levar\u00e1 v\u00e1rios projetos a pra\u00e7as p\u00fablicas das cidades de Montes Claros e Belo Horizonte, promovendo integra\u00e7\u00e3o entre universidade e sociedade.<\/p>\n<p>Ser\u00e3o diversas atra\u00e7\u00f5es voltadas para todas as idades, incluindo estandes, experimentos cient\u00edficos, oficinas, jogos, rodas de conversa e apresenta\u00e7\u00f5es culturais.<\/p>\n<p><span style=\"font-weight: 400;\">Venha explorar as descobertas que emergem das atividades de ensino, pesquisa e extens\u00e3o da UFMG!<\/span><\/p>\n<p>&nbsp;<\/p>\n<div id=\"sp-ea-308\" class=\"sp-ea-one sp-easy-accordion\" data-ex-icon=\"fa-minus\" data-col-icon=\"fa-plus\"  data-ea-active=\"ea-click\"  data-ea-mode=\"vertical\" data-preloader=\"\"><div class=\"ea-card ea-expand sp-ea-single\"><h3 class=\"ea-header\"><a class=\"collapsed\" data-sptoggle=\"spcollapse\" data-sptarget=#collapse3080 href=\"javascript:void(0)\" aria-expanded=\"true\"><i class=\"ea-expand-icon fa fa-minus\"><\/i> Programa\u00e7\u00e3o Belo Horizonte<\/a><\/h3><div class=\"sp-collapse spcollapse collapsed show\" id=\"collapse3080\" data-parent=#sp-ea-308><div class=\"ea-body\"><p>Data: 18 de outubro - 10h \u00e0s 14h<\/p>\n<p>Local: <span style=\"font-weight: 400;\">Pra\u00e7a da Liberdade, pr\u00f3ximo ao Espa\u00e7o do Conhecimento da UFMG<\/span><\/p>\n<p>Os projetos e atividades foram divididos espacialmente em seis setores.<\/p>\n<p><strong>ESPA\u00c7O DO CONHECIMENTO - INTERNO:<\/strong><\/p>\n<ul>\n<li>Brota: Juventudes, Educa\u00e7\u00e3o e Cultura;<\/li>\n<li>CEVEX: Document\u00e1rio VERTER;<\/li>\n<li>COLEI: A experi\u00eancia de estudantes ind\u00edgenas na UFMG;<\/li>\n<li>Tem bicho no Parque?;<\/li>\n<li>Vitrine tecnol\u00f3gica da CTIT (Coordenadoria de Transfer\u00eancia e Inova\u00e7\u00e3o Tecnol\u00f3gica);<\/li>\n<li>Voz para Todos;<\/li>\n<\/ul>\n<p>&nbsp;<\/p>\n<p><strong>ALAMEDA DA EDUCA\u00c7\u00c3O, EM FRENTE \u00c0 RAINHA DA SUCATA:<\/strong><\/p>\n<ul>\n<li>Astrof\u00edsica: divulga\u00e7\u00e3o cient\u00edfica pelo grupo de astronomia da UFMG;<\/li>\n<li>DNA em Foco;<\/li>\n<li>GAPA e Storytelling para Ci\u00eancia de Alimentos;<\/li>\n<li>Laborat\u00f3rio de An\u00e1lise Cr\u00edtica da Pr\u00e1tica Pedag\u00f3gica Inclusiva: cria\u00e7\u00e3o de materiais e recursos did\u00e1ticos;<\/li>\n<li>Liga de Estudos em Biodiversidade de Insetos (LEBI);<\/li>\n<li>Odonto POP Rua - Inclus\u00e3o: Promo\u00e7\u00e3o de Sa\u00fade Bucal da Popula\u00e7\u00e3o em Situa\u00e7\u00e3o de Rua;<\/li>\n<\/ul>\n<p>&nbsp;<\/p>\n<p><strong>ALAMEDA DA EDUCA\u00c7\u00c3O, EM FRENTE AO ESPA\u00c7O DO CONHECIMENTO:<\/strong><\/p>\n<ul>\n<li>Oficina de Direitos Sexuais e Direitos Reprodutivos;<\/li>\n<li>PET (Programa de Educa\u00e7\u00e3o Tutorial) - Sa\u00fade Equidade;<\/li>\n<li>Programa de Educa\u00e7\u00e3o Tutorial da Engenharia El\u00e9trica da UFMG;<\/li>\n<li>Programa: Direitos Humanos, Educa\u00e7\u00e3o e Sa\u00fade Yanomami e Ye'kwana;<\/li>\n<li>Virologia Ilustrada: observando os v\u00edrus pelas lentes da arte;<\/li>\n<\/ul>\n<p>&nbsp;<\/p>\n<p><strong>ARENA CENTRAL:<\/strong><\/p>\n<ul>\n<li>CCN (Centro de Conviv\u00eancia Negra) em movimento: Capoeira e Ci\u00eancias Humanas; um di\u00e1logo Necess\u00e1rio;<\/li>\n<li>Coral de Trombones e Tubas da UFMG;<\/li>\n<li>Projeto Sonhos Mascarantes;<\/li>\n<li>Quarteto de Saxofones da UFMG;<\/li>\n<li>Show de F\u00edsica;<\/li>\n<\/ul>\n<p>&nbsp;<\/p>\n<p><strong>ALAMEDA DA EDUCA\u00c7\u00c3O, EM FRENTE AO MUSEU DAS MINAS E DO METAL:<\/strong><\/p>\n<ul>\n<li>A promo\u00e7\u00e3o da educa\u00e7\u00e3o a partir das Hortas Escolares;<\/li>\n<li>Abordagem multidisciplinar para indiv\u00edduos com Transtorno do Espectro Autista (TEA);<\/li>\n<li>COLEKi - Coletivo de Estudantes Kilombolas;<\/li>\n<li>Jogo \"Reserva de Vagas\";<\/li>\n<li><span class=\"a_GcMg font-feature-liga-off font-feature-clig-off font-feature-calt-off text-decoration-none text-strikethrough-none\">Media\u00e7\u00e3o em espa\u00e7os culturais e acessibilidade: Proposta de inclus\u00e3o para pessoas com defici\u00eancia no Espa\u00e7o do Conhecimento UFMG<\/span><\/li>\n<li>Movimento Tapera Viva;<\/li>\n<li>Oficina Aberta de Express\u00e3o Gr\u00e1fica;<\/li>\n<li>PET (Programa de Educa\u00e7\u00e3o Tutorial) - Educa\u00e7\u00e3o f\u00edsica e Lazer;<\/li>\n<li>Pr\u00f3-Imigrantes;<\/li>\n<li>Projeto de Extens\u00e3o Escolas Saud\u00e1veis;<\/li>\n<li>Programa Esta\u00e7\u00e3o Ecol\u00f3gica (PROECO);<\/li>\n<li>Projeto \u00c1guas na Cidade \/ Oficina de Demarca\u00e7\u00e3o de Bacias;<\/li>\n<li><span class=\"a_GcMg font-feature-liga-off font-feature-clig-off font-feature-calt-off text-decoration-none text-strikethrough-none\">Projeto de Extens\u00e3o Escolas Saud\u00e1veis<\/span><\/li>\n<li>Projeto Odontologia Hospitalar;<\/li>\n<li>Projeto Portas Abertas - Faculdade de Medicina;<\/li>\n<\/ul>\n<p>&nbsp;<\/p>\n<p><strong>ALAMEDA DA EDUCA\u00c7\u00c3O, EM FRENTE AO MEMORIAL VALE:<\/strong><\/p>\n<ul>\n<li>Arboviroses - Fato ou Fake?;<\/li>\n<li>Bordando hist\u00f3rias e tradi\u00e7\u00f5es: Oficinas de Arpilleras com Mulheres do Campo;<\/li>\n<li>Centro de Conviv\u00eancia Negra da UFMG;<\/li>\n<li>Leitura \u00e9 Sa\u00fade;<\/li>\n<li><span class=\"a_GcMg font-feature-liga-off font-feature-clig-off font-feature-calt-off text-decoration-none text-strikethrough-none\">Museu da Matem\u00e1tica UFMG<\/span><\/li>\n<li><span class=\"a_GcMg font-feature-liga-off font-feature-clig-off font-feature-calt-off text-decoration-none text-strikethrough-none\">Programa 1000 Futuros Cientistas<\/span><\/li>\n<li>Projeto H\u00e3mhi-Terra Viva: M\u00e3es e Pais Da Floresta;<\/li>\n<li>Programa PRAIA (Programa De Aten\u00e7\u00e3o Interdisciplinar Ao Autismo);<\/li>\n<li>Programa Promo\u00e7\u00e3o de Sa\u00fade Bucal;<\/li>\n<li>Projeto PIPA - NAI;<\/li>\n<li>Sentidos do Nascer.<\/li>\n<\/ul>\n<\/div><\/div><\/div><div class=\"ea-card  sp-ea-single\"><h3 class=\"ea-header\"><a class=\"collapsed\" data-sptoggle=\"spcollapse\" data-sptarget=#collapse3081 href=\"javascript:void(0)\" aria-expanded=\"false\"><i class=\"ea-expand-icon fa fa-plus\"><\/i> Programa\u00e7\u00e3o Montes Claros<\/a><\/h3><div class=\"sp-collapse spcollapse \" id=\"collapse3081\" data-parent=#sp-ea-308><div class=\"ea-body\"><p>Data: 11 de outubro - 9h \u00e0s 13h<\/p>\n<p>Local: Pra\u00e7a Doutor Carlos Versiani<\/p>\n<p><strong>ATIVIDADES:<\/strong><\/p>\n<ul>\n<li>Apoio a agricultores familiares do Norte de Minas em higiene, produ\u00e7\u00e3o e sa\u00fade p\u00fablica<\/li>\n<li>Meio ambiente e sustentabilidade<\/li>\n<li>Floricultura e jardinagem no Norte de Minas<\/li>\n<li>Atendimento nutricional de c\u00e3es e gatos: par\u00e2metro vital<\/li>\n<li>Cursinho comunit\u00e1rio do ICA \u2013 UFMG \u201cComunICA\u201d<\/li>\n<li>Programa para o desenvolvimento do ensino de gradua\u00e7\u00e3o em engenharia florestal<\/li>\n<li>Neutraliza<\/li>\n<li>Curupiras \u2013 brincando e aprendendo<\/li>\n<li>Brinquedo para crian\u00e7as<\/li>\n<li>Novembro Negro e Abril Ind\u00edgena no ICA\/UFMG: educa\u00e7\u00e3o, mem\u00f3ria e resist\u00eancia<\/li>\n<li>Capacita\u00e7\u00f5es t\u00e9cnicas em floricultura e jardinagem da UFMG<\/li>\n<li>Engenharia de alimentos em a\u00e7\u00e3o: ensinando e aprendendo<\/li>\n<li>PRO-ICA: inclus\u00e3o e acessibilidade<\/li>\n<li>Utiliza\u00e7\u00e3o da biodiversidade vegetal norte-mineira como instrumento de ensino na educa\u00e7\u00e3o b\u00e1sica<\/li>\n<li>Mem\u00f3ria, hist\u00f3ria local e patrim\u00f4nio cultural de Gr\u00e3o Mogol<\/li>\n<\/ul>\n<p>\u00a0<\/p>\n<p>Saiba mais <a href=\"https:\/\/ufmg.br\/comunicacao\/noticias\/ufmg-nas-ruas-exibira-amostra-da-producao-academica-do-campus-montes-claros\" target=\"_blank\" rel=\"noopener\">aqui<\/a>.<\/p>\n<\/div><\/div><\/div><\/div>\n","protected":false},"excerpt":{"rendered":"<p>A novidade desta edi\u00e7\u00e3o da Semana do Conhecimento \u00e9 o UFMG nas Ruas, que tem o intuito de popularizar a produ\u00e7\u00e3o de conhecimento. Para isso, o evento levar\u00e1 v\u00e1rios projetos a pra\u00e7as p\u00fablicas das cidades de Montes Claros e Belo Horizonte, promovendo integra\u00e7\u00e3o entre universidade e sociedade. Ser\u00e3o diversas atra\u00e7\u00f5es voltadas para todas as idades, [&hellip;]<\/p>\n","protected":false},"author":3,"featured_media":0,"parent":0,"menu_order":0,"comment_status":"closed","ping_status":"closed","template":"","meta":{"_acf_changed":false,"footnotes":""},"class_list":["post-303","page","type-page","status-publish","hentry"],"acf":[],"_links":{"self":[{"href":"https:\/\/www.ufmg.br\/semanadoconhecimento\/wp-json\/wp\/v2\/pages\/303"}],"collection":[{"href":"https:\/\/www.ufmg.br\/semanadoconhecimento\/wp-json\/wp\/v2\/pages"}],"about":[{"href":"https:\/\/www.ufmg.br\/semanadoconhecimento\/wp-json\/wp\/v2\/types\/page"}],"author":[{"embeddable":true,"href":"https:\/\/www.ufmg.br\/semanadoconhecimento\/wp-json\/wp\/v2\/users\/3"}],"replies":[{"embeddable":true,"href":"https:\/\/www.ufmg.br\/semanadoconhecimento\/wp-json\/wp\/v2\/comments?post=303"}],"version-history":[{"count":10,"href":"https:\/\/www.ufmg.br\/semanadoconhecimento\/wp-json\/wp\/v2\/pages\/303\/revisions"}],"predecessor-version":[{"id":315,"href":"https:\/\/www.ufmg.br\/semanadoconhecimento\/wp-json\/wp\/v2\/pages\/303\/revisions\/315"}],"wp:attachment":[{"href":"https:\/\/www.ufmg.br\/semanadoconhecimento\/wp-json\/wp\/v2\/media?parent=303"}],"curies":[{"name":"wp","href":"https:\/\/api.w.org\/{rel}","templated":true}]}}