{"id":13,"date":"2025-09-13T08:40:00","date_gmt":"2025-09-13T11:40:00","guid":{"rendered":"https:\/\/www.ufmg.br\/semanadoservidor\/?page_id=13"},"modified":"2025-09-30T10:58:26","modified_gmt":"2025-09-30T13:58:26","slug":"programacao","status":"publish","type":"page","link":"https:\/\/www.ufmg.br\/semanadoservidor\/programacao\/","title":{"rendered":"Programa\u00e7\u00e3o"},"content":{"rendered":"\n<p>Aten\u00e7\u00e3o \u00e0 lista de presen\u00e7a! Lembramos que a participa\u00e7\u00e3o nas atividades presenciais e online gera certificado.<\/p>\n\n\n\n<style>\ntable {\n  font-family: verdana, sans-serif;\n  font-size: 14px;\n  border-collapse: collapse;\n  width: 100%;\n  color: #000100;\n  background-color: #fffff;\n}\n\ntd, th {\n  border: 1px solid #c4c4c4;\n  text-align: left;\n  padding: 8px;\n}\n\n{\n  background-color: #c4c4c4;\n}\n<\/style>\n<table>\n  <tbody>\n<tr>\n<th colspan=\"3\"><b>BELO HORIZONTE &#8211; Campus Pampulha<br>segunda-feira, 29 de setembro<\/b><\/th><\/tr>\n <tr><th>Evento<\/th>\n    <th>Hor\u00e1rio<\/th>\n    <th>Local<\/th>\n  <\/tr>\n<tr>\n    <td>Oficina: Manh\u00e3 de pr\u00e1ticas de Mindfulness<\/td>\n    <td>das 9h \u00e0s 11h<\/td>\n    <td>Centro Esportivo Universit\u00e1rio<\/td>\n  <\/tr>\n<tr>\n<th colspan=\"3\"><b>BELO HORIZONTE &#8211; Campus Pampulha<br>ter\u00e7a-feira, 30 de setembro<\/b><\/th><\/tr>\n <tr><th>Evento<\/th>\n    <th>Hor\u00e1rio<\/th>\n    <th>Local<\/th>\n  <\/tr>\n  <tr>\n    <td>Campanha Sa\u00fade Mental no Trabalho &#8211; APUBH<\/td>\n    <td>das 12h \u00e0s 13h<\/td>\n    <td>Em frente \u00e0 Biblioteca Central<\/td>\n  <\/tr>\n  <tr>\n    <td>Campanha Sa\u00fade Mental no Trabalho &#8211; APUBH<\/td>\n    <td>das 13h \u00e0s 14h<\/td>\n    <td>Em frente \u00e0 Reitoria<\/td>\n  <\/tr>\n    <tr>\n    <td>Mesa de Abertura &#8211; Celebrando 25 anos de hist\u00f3ria e realiza\u00e7\u00f5es da Pr\u00f3-Reitoria de Recursos Humanos<\/td>\n    <td>das 14h \u00e0s 17h<\/td>\n    <td>Audit\u00f3rio da Reitoria<\/td>\n  <\/tr>\n<tr>\n<th colspan=\"3\"><b>BELO HORIZONTE &#8211; Campus Pampulha<br>quarta-feira, 1\u00ba de outubro<\/b><\/th><\/tr>\n <tr><th>Evento<\/th>\n    <th>Hor\u00e1rio<\/th>\n    <th>Local<\/th>\n  <\/tr>\n  <tr>\n    <td>Mesa 2 &#8211; Pr\u00f3-Reitoria de Recursos Humanos: vis\u00e3o e perspectivas<\/td>\n    <td>das 9h \u00e0s 12h<\/td>\n    <td>Audit\u00f3rio da Reitoria<\/td>\n  <\/tr>\n<tr>\n    <td>Campanha Sa\u00fade Mental no Trabalho &#8211; APUBH<\/td>\n    <td>das 11h30 \u00e0s 13h30<\/td>\n    <td>Em frente \u00e0 Pra\u00e7a de Servi\u00e7os<\/td>\n  <\/tr>\n<tr>\n    <td>Quarta Doze e Trinta &#8211; Show Abra a Janela<\/td>\n    <td>das 12h30 \u00e0s 13h30<\/td>\n    <td>Pra\u00e7a de Servi\u00e7os<\/td>\n  <\/tr>\n<tr>\n<th colspan=\"3\"><b>BELO HORIZONTE &#8211; Campus Pampulha<br>quinta-feira, 2 de outubro<\/b><\/th><\/tr>\n <tr><th>Evento<\/th>\n    <th>Hor\u00e1rio<\/th>\n    <th>Local<\/th>\n  <\/tr>\n<tr>\n    <td>Corrida e Caminhada<\/td>\n    <td>das 7h30 \u00e0s 12h<\/td>\n    <td>Museu de Hist\u00f3ria Natural e Jardim Bot\u00e2nico<\/td>\n  <\/tr>\n<tr>\n    <td>Campanha Sa\u00fade Mental no Trabalho &#8211; APUBH<\/td>\n    <td>das 9h \u00e0s 11h<\/td>\n    <td>Museu de Hist\u00f3ria Natural e Jardim Bot\u00e2nico<\/td>\n  <\/tr>\n<tr>\n<th colspan=\"3\"><b>BELO HORIZONTE &#8211; Campus Pampulha<br>sexta-feira, 3 de outubro<\/b><\/th><\/tr>\n <tr><th>Evento<\/th>\n    <th>Hor\u00e1rio<\/th>\n    <th>Local<\/th>\n  <\/tr>\n<tr>\n    <td>Visita \u00e0 Fazenda de Igarap\u00e9<\/td>\n    <td>das 7h \u00e0s 15h30<\/td>\n    <td>Ponto de partida: Escola de Belas Artes<\/td>\n  <\/tr>\n<tr>\n    <td>Workshop sobre Primeiros Socorros<\/td>\n    <td>das 9h \u00e0s 11h<\/td>\n    <td>Sala 110 do Departamento de Desenvolvimento de Recursos Humanos<\/td>\n  <\/tr>\n<tr>\n    <td>Campanha Sa\u00fade Mental no Trabalho &#8211; APUBH<\/td>\n    <td>das 12h \u00e0s 14h<\/td>\n    <td>Faculdade de Direito<\/td>\n  <\/tr>\n<tr>\n    <td>Workshop sobre Primeiros Socorros<\/td>\n    <td>das 14h \u00e0s 16h<\/td>\n    <td>Sala 110 do Departamento de Desenvolvimento de Recursos Humanos<\/td>\n  <\/tr>\n<tr>\n<th colspan=\"3\"><b>BELO HORIZONTE &#8211; Evento destinado aos(\u00e0s) servidores(as) dos campi UFMG<br>s\u00e1bado, 4 de outubro<\/b><\/th><\/tr>\n <tr><th>Evento<\/th>\n    <th>Hor\u00e1rio<\/th>\n    <th>Local<\/th>\n  <\/tr>\n<tr>\n    <td>Festa de Encerramento<\/td>\n    <td>das 8h \u00e0s 17h<\/td>\n    <td>Centro Esportivo Universit\u00e1rio<\/td>\n  <\/tr>\n<tr>\n    <td>Feira de artesanato<\/td>\n    <td>das 8h \u00e0s 17h<\/td>\n    <td>Centro Esportivo Universit\u00e1rio<\/td>\n  <\/tr>\n<tr>\n    <td>Final do 2\u00ba Campeonato de Futsal Feminino<\/td>\n    <td>de acordo com a tabela<\/td>\n    <td>Quadra de futsal do Centro Esportivo Universit\u00e1rio<\/td>\n  <\/tr>\n<tr>\n    <td>Final do 13\u00ba Campeonato de Futsal<\/td>\n    <td>de acordo com a tabela<\/td>\n    <td>Quadra de futsal do Centro Esportivo Universit\u00e1rio<\/td>\n  <\/tr>\n<tr>\n    <td>Final do 2\u00ba Torneio de T\u00eanis (simples) Feminino<\/td>\n    <td>de acordo com a tabela<\/td>\n    <td>Quadra de saibro do Centro Esportivo Universit\u00e1rio<\/td>\n  <\/tr>\n<tr>\n    <td>Final do 7\u00ba Torneio de T\u00eanis (simples) Masculino<\/td>\n    <td>de acordo com a tabela<\/td>\n    <td>Quadra de saibro do Centro Esportivo Universit\u00e1rio<\/td>\n  <\/tr>\n<tr>\n    <td>Final do 8\u00ba Torneio de Peteca (dupla mista)<\/td>\n    <td>de acordo com a tabela<\/td>\n    <td>Quadra de peteca do Centro Esportivo Universit\u00e1rio<\/td>\n  <\/tr>\n<tr>\n    <td>Pilates solo<\/td>\n    <td>das 9h \u00e0s 10h<\/td>\n    <td>Gramado do Centro Esportivo Universit\u00e1rio<\/td>\n  <\/tr>\n<tr>\n    <td>Pr\u00e1ticas corporais (alongamento)<\/td>\n    <td>das 10h \u00e0s 11h<\/td>\n    <td>Gramado do Centro Esportivo Universit\u00e1rio<\/td>\n  <\/tr>\n<tr>\n    <td>Hidrogin\u00e1stica<\/td>\n    <td>das 11h \u00e0s 12h<\/td>\n    <td>Piscina do Centro Esportivo Universit\u00e1rio<\/td>\n  <\/tr>\n<tr>\n    <td>Recrea\u00e7\u00e3o: Oficina de Pickleball<\/td>\n    <td>das 9h30 \u00e0s 11h<\/td>\n    <td>Centro Esportivo Universit\u00e1rio<\/td>\n  <\/tr>\n<tr>\n    <td>Recrea\u00e7\u00e3o: Brinquedos infl\u00e1veis<\/td>\n    <td>das 10h \u00e0s 14h<\/td>\n    <td>Centro Esportivo Universit\u00e1rio<\/td>\n  <\/tr>\n<tr>\n    <td>Recrea\u00e7\u00e3o: Atividades de lazer com o PET &#8211; EF e Lazer<\/td>\n    <td>das 10h \u00e0s 14h<\/td>\n    <td>Centro Esportivo Universit\u00e1rio<\/td>\n  <\/tr>\n<tr>\n    <td>Recrea\u00e7\u00e3o: Bingo\/Campeonato de Truco<\/td>\n    <td>das 11h \u00e0s 12h30<\/td>\n    <td>Centro Esportivo Universit\u00e1rio<\/td>\n  <\/tr>\n<tr>\n    <td>Cabine fotogr\u00e1fica<\/td>\n    <td>das 10h \u00e0s 14h<\/td>\n    <td>Centro Esportivo Universit\u00e1rio<\/td>\n  <\/tr>\n<tr>\n    <td>Maquiagem<\/td>\n    <td>das 10h30 \u00e0s 13h30<\/td>\n    <td>Centro Esportivo Universit\u00e1rio<\/td>\n  <\/tr>\n<tr>\n    <td>Programa Envelhecimento Ativo: Dan\u00e7a &#8211; Ritmos<\/td>\n    <td>das 12h \u00e0s 13h<\/td>\n    <td>Gramado do Centro Esportivo Universit\u00e1rio<\/td>\n  <\/tr>\n<tr>\n    <td>Programa Envelhecimento Ativo: Dan\u00e7a &#8211; Forr\u00f3<\/td>\n    <td>das 13h \u00e0s 14h<\/td>\n    <td>Gramado do Centro Esportivo Universit\u00e1rio<\/td>\n  <\/tr>\n<tr>\n    <td>Show &#8211; Resenha DP<\/td>\n    <td>das 13h \u00e0s 16h<\/td>\n    <td>Centro Esportivo Universit\u00e1rio<\/td>\n  <\/tr>\n<tr>\n    <td>Oficina: Passos b\u00e1sicos para inicia\u00e7\u00e3o na dan\u00e7a do ventre &#8211; Ricardo Trovinnye&#8217;s<\/td>\n    <td>\u00e0s 14h<\/td>\n    <td>Centro Esportivo Universit\u00e1rio<\/td>\n  <\/tr>\n<tr>\n<th colspan=\"3\"><b>BELO HORIZONTE &#8211; Campus Sa\u00fade<br>segunda-feira, 29 de setembro<\/b><\/th><\/tr>\n <tr><th>Evento<\/th>\n    <th>Hor\u00e1rio<\/th>\n    <th>Local<\/th>\n  <\/tr>\n<tr>\n    <td>Sess\u00e3o de maquiagem Mary Kay com dicas de maquiagem e limpeza de pele &#8211; Cl\u00e1udia Gonzalez e Luciana Soares<\/td>\n    <td>das 8h \u00e0s 12h<\/td>\n    <td>Sala 7 do Centro de Atividades Did\u00e1ticas<\/td>\n  <\/tr>\n<tr>\n    <td>Sess\u00e3o de Quick Massage &#8211; Massoterapeuta: Elaine Mendes Loiola<\/td>\n    <td>das 9h30 \u00e0s 16h<\/td>\n    <td>Sala da Videoconfer\u00eancia, 1\u00ba andar, Ala Oeste<\/td>\n  <\/tr>\n<tr>\n    <td>Mesa de celebra\u00e7\u00e3o dos 25 anos da PRORH no Hospital das Cl\u00ednicas e inaugura\u00e7\u00e3o da sala da Se\u00e7\u00e3o de Pessoal<\/td>\n    <td>das 9h \u00e0s 12h<\/td>\n    <td>Sala 8 do Centro de Atividades Did\u00e1ticas<\/td>\n  <\/tr>\n<tr>\n<th colspan=\"3\"><b>BELO HORIZONTE &#8211; Campus Sa\u00fade<br>ter\u00e7a-feira, 30 de setembro<\/b><\/th><\/tr>\n <tr><th>Evento<\/th>\n    <th>Hor\u00e1rio<\/th>\n    <th>Local<\/th>\n  <\/tr>\n<tr>\n    <td>Oficina: Mindfulness no dia a dia<\/td>\n    <td>das 8h \u00e0s 12h<\/td>\n    <td>Sala 7 do Centro de Atividades Did\u00e1ticas<\/td>\n  <\/tr>\n<tr>\n    <td>Mesa de Abertura &#8211; Celebrando 25 anos de hist\u00f3ria e realiza\u00e7\u00f5es da Pr\u00f3-Reitoria de Recursos Humanos<\/td>\n    <td>das 14h \u00e0s 17h<\/td>\n    <td>Audit\u00f3rio da Reitoria (transmiss\u00e3o online)<\/td>\n  <\/tr>\n<tr>\n    <td>Apresenta\u00e7\u00e3o do Coral Vozes da Sa\u00fade &#8211; Reg\u00eancia: Maestrina Riane Menezes<\/td>\n    <td>das 18h50 \u00e0s 19h10<\/td>\n    <td>Hall de Entrada do Hospital das Cl\u00ednicas<\/td>\n  <\/tr>\n<tr>\n<th colspan=\"3\"><b>BELO HORIZONTE &#8211; Campus Sa\u00fade<br>quarta-feira, 1\u00ba de outubro<\/b><\/th><\/tr>\n <tr><th>Evento<\/th>\n    <th>Hor\u00e1rio<\/th>\n    <th>Local<\/th>\n  <\/tr>\n<tr>\n    <td>Mesa 2 &#8211; Pr\u00f3-Reitoria de Recursos Humanos: vis\u00e3o e perspectivas<\/td>\n    <td>das 9h \u00e0s 12h<\/td>\n    <td>Audit\u00f3rio da Reitoria (transmiss\u00e3o online)<\/td>\n  <\/tr>\n<tr>\n    <td>Sess\u00e3o de maquiagem Mary Kay com dicas de maquiagem e limpeza de pele &#8211; Cl\u00e1udia Gonzalez e Luciana Soares<\/td>\n    <td>das 13h \u00e0s 18h<\/td>\n    <td>Sala 7 do Centro de Atividades Did\u00e1ticas<\/td>\n  <\/tr>\n<tr>\n    <td>Sess\u00e3o de Quick Massage &#8211; Massoterapeuta: Elaine Mendes Loiola<\/td>\n    <td>das 13h \u00e0s 20h30<\/td>\n    <td>Sala 5 do Centro de Atividades Did\u00e1ticas<\/td>\n  <\/tr>\n<tr>\n    <td>Sess\u00e3o de maquiagem Mary Kay com dicas de maquiagem e limpeza de pele &#8211; Erika de Oliveira Mendes<\/td>\n    <td>das 20h \u00e0s 22h<\/td>\n    <td>Sala 7 do Centro de Atividades Did\u00e1ticas<\/td>\n  <\/tr>\n<tr>\n<th colspan=\"3\"><b>BELO HORIZONTE &#8211; Campus Sa\u00fade<br>quinta-feira, 2 de outubro<\/b><\/th><\/tr>\n <tr><th>Evento<\/th>\n    <th>Hor\u00e1rio<\/th>\n    <th>Local<\/th>\n  <\/tr>\n<tr>\n    <td>Corrida e Caminhada<\/td>\n    <td>das 7h30 \u00e0s 12h<\/td>\n    <td>Museu de Hist\u00f3ria Natural e Jardim Bot\u00e2nico da UFMG<\/td>\n  <\/tr>\n<tr>\n    <td>Sess\u00e3o de maquiagem Mary Kay com dicas de maquiagem e limpeza de pele &#8211; Cl\u00e1udia Gonzalez e Luciana Soares<\/td>\n    <td>das 8h \u00e0s 12h<\/td>\n    <td>Sala 7 do Centro de Atividades Did\u00e1ticas<\/td>\n  <\/tr>\n<tr>\n    <td>Aul\u00e3o de Gin\u00e1stica no LabMov<\/td>\n    <td>das 12h \u00e0s 13h<\/td>\n    <td>LabMov<\/td>\n  <\/tr>\n<tr>\n    <td>Campanha Sa\u00fade Mental no Trabalho &#8211; APUBH<\/td>\n    <td>das 12h30 \u00e0s 14h30<\/td>\n    <td>Em frente \u00e0 Faculdade de Medicina<\/td>\n  <\/tr>\n<tr>\n    <td>Sess\u00e3o de Quick Massage &#8211; Massoterapeuta: Elaine Mendes Loiola<\/td>\n    <td>das 13h \u00e0s 20h30<\/td>\n    <td>Sala 5 do Centro de Atividades Did\u00e1ticas<\/td>\n  <\/tr>\n<tr>\n<th colspan=\"3\"><b>BELO HORIZONTE &#8211; Campus Sa\u00fade<br>sexta-feira, 3 de outubro<\/b><\/th><\/tr>\n <tr><th>Evento<\/th>\n    <th>Hor\u00e1rio<\/th>\n    <th>Local<\/th>\n  <\/tr>\n<tr>\n    <td>Sess\u00e3o de maquiagem Mary Kay com dicas de maquiagem e limpeza de pele &#8211; Claudia Gonzalez e Luciana Soares<\/td>\n    <td>das 8h \u00e0s 12h<\/td>\n    <td>Sala 7 do Centro de Atividades Did\u00e1ticas<\/td>\n  <\/tr>\n<tr>\n    <td>Sess\u00e3o de maquiagem Mary Kay com dicas de maquiagem e limpeza de pele &#8211; Erika de Oliveira Mendes<\/td>\n    <td>das 20h \u00e0s 22h<\/td>\n    <td>Sala 7 do Centro de Atividades Did\u00e1ticas<\/td>\n  <\/tr>\n<tr>\n<th colspan=\"3\"><b>MONTES CLAROS &#8211; Campus Montes Claros<br>ter\u00e7a-feira, 30 de setembro<\/b><\/th><\/tr>\n <tr><th>Evento<\/th>\n    <th>Hor\u00e1rio<\/th>\n    <th>Local<\/th>\n  <\/tr>\n  <tr>\n    <td>Mesa de Abertura &#8211; Celebrando 25 anos de hist\u00f3ria e realiza\u00e7\u00f5es da  Pr\u00f3-Reitoria de Recursos Humanos<\/td>\n    <td>das 14h \u00e0s 17h<\/td>\n    <td>Audit\u00f3rio da Reitoria (transmiss\u00e3o online)<\/td>\n  <\/tr>\n<tr>\n    <td>Oficina 1: Arranjos com flores naturais e plantas ornamentais para decora\u00e7\u00e3o de pequenos espa\u00e7os &#8211; Profa. Dra. Elka Fabiana Aparecida Almeida<\/td>\n    <td>das 14h \u00e0s 15h<\/td>\n    <td>Dominoz\u00e3o<\/td>\n  <\/tr>\n<tr>\n    <td>Oficina 2: Educa\u00e7\u00e3o financeira &#8211; Prof. Dr. Roberto C\u00e9sar Faria e Silva (CANCELADA)<\/td>\n    <td>das 15h \u00e0s 16h<\/td>\n    <td>Sala 32 do CAAD<\/td>\n  <\/tr>\n<tr>\n<th colspan=\"3\"><b>MONTES CLAROS &#8211; Campus Montes Claros<br>quarta-feira, 1\u00ba de outubro<\/b><\/th><\/tr>\n <tr><th>Evento<\/th>\n    <th>Hor\u00e1rio<\/th>\n    <th>Local<\/th>\n  <\/tr>\n  <tr>\n    <td>Campanha de Sa\u00fade Mental no Trabalho &#8211; APUBH<\/td>\n    <td>das 11h30 \u00e0s 13h30<\/td>\n    <td>&#8211;<\/td>\n  <\/tr>\n<tr>\n    <td>Oficina 3: Sa\u00fade mental no trabalho, dividindo prazer e sofrimento &#8211; Sidney Pereira de Souza J\u00fanior<\/td>\n    <td>das 14h \u00e0s 16h<\/td>\n    <td>Sala 32 do CAAD<\/td>\n  <\/tr>\n<tr>\n<th colspan=\"3\"><b>MONTES CLAROS &#8211; Campus Montes Claros<br>quinta-feira, 2 de outubro<\/b><\/th><\/tr>\n <tr><th>Evento<\/th>\n    <th>Hor\u00e1rio<\/th>\n    <th>Local<\/th>\n  <\/tr>\n  <tr>\n    <td>II Caminhada R\u00fastica<\/td>\n    <td>das 8h \u00e0s 10h<\/td>\n    <td>Guarita\/Saluzinho (caf\u00e9 da ro\u00e7a)<\/td>\n  <\/tr>\n <tr>\n    <td>Conversa e tira d\u00favidas sobre aposentadoria, promo\u00e7\u00e3o e direitos do servidor &#8211; Laura M\u00e1rcia Xavier, Assessora Jur\u00eddica do APUBH. Haver\u00e1 coffee break.<\/td>\n    <td>das 14h \u00e0s 16h<\/td>\n    <td>Audit\u00f3rio do Bloco C<\/td>\n  <\/tr>\n<tr><th colspan=\"3\"><b>MONTES CLAROS &#8211; Campus Montes Claros<br>sexta-feira, 3 de outubro<\/b><\/th><\/tr>\n <tr><th>Evento<\/th>\n    <th>Hor\u00e1rio<\/th>\n    <th>Local<\/th>\n  <\/tr>\n<tr>\n    <td>Coffee Break<\/td>\n    <td>das 8h \u00e0s 9h<\/td>\n    <td>Sala 32 do CAAD<\/td>\n  <\/tr>\n  <tr>\n    <td>Mesa de celebra\u00e7\u00e3o dos 25 anos da PRORH: abertura com Dra. Le\u00f4nor Gon\u00e7alves e sess\u00e3o de homenagens aos servidores mais antigos do ICA<\/td>\n    <td>das 8h \u00e0s 10h<\/td>\n    <td>Sala 32 do CAAD<\/td>\n  <\/tr>\n<tr>\n    <td>A\u00e7\u00e3o do Programa de Educa\u00e7\u00e3o para Aposentadoria (PEA), com servidores do DAP\/PRORH)<\/td>\n    <td>das 10h \u00e0s 12h<\/td>\n    <td>Sala 32 do CAAD<\/td>\n  <\/tr>\n<tr>\n    <td>Plantio de \u00e1rvore<\/td>\n    <td>das 11h \u00e0s 11h30<\/td>\n    <td>&#8211;<\/td>\n  <\/tr>\n<tr>\n    <td>Oficina 4: A dan\u00e7a como terapia e Apresenta\u00e7\u00e3o &#8211; Profa. Ma. Kelly Bomfim da Silva Fernandes<\/td>\n    <td>das 14h \u00e0s 16h<\/td>\n    <td>Sala 32 do CAAD<\/td>\n  <\/tr>\n<tr>\n    <td>Oficina 5: Reflex\u00f5es sobre aposentadoria e Projeto de vida &#8211; Programa de Educa\u00e7\u00e3o para Aposentadoria (PEA), com servidores do DRH\/PRORH<\/td>\n    <td>das 14h \u00e0s 17h<\/td>\n    <td>Sala 32 do CAAD<\/td>\n  <\/tr>\n<\/tbody><\/table>\n\n\n\n<p><\/p>\n","protected":false},"excerpt":{"rendered":"<p>Aten\u00e7\u00e3o \u00e0 lista de presen\u00e7a! Lembramos que a participa\u00e7\u00e3o nas [&hellip;]<\/p>\n","protected":false},"author":1,"featured_media":0,"parent":0,"menu_order":0,"comment_status":"closed","ping_status":"closed","template":"page-programming.php","meta":[],"_links":{"self":[{"href":"https:\/\/www.ufmg.br\/semanadoservidor\/wp-json\/wp\/v2\/pages\/13"}],"collection":[{"href":"https:\/\/www.ufmg.br\/semanadoservidor\/wp-json\/wp\/v2\/pages"}],"about":[{"href":"https:\/\/www.ufmg.br\/semanadoservidor\/wp-json\/wp\/v2\/types\/page"}],"author":[{"embeddable":true,"href":"https:\/\/www.ufmg.br\/semanadoservidor\/wp-json\/wp\/v2\/users\/1"}],"replies":[{"embeddable":true,"href":"https:\/\/www.ufmg.br\/semanadoservidor\/wp-json\/wp\/v2\/comments?post=13"}],"version-history":[{"count":272,"href":"https:\/\/www.ufmg.br\/semanadoservidor\/wp-json\/wp\/v2\/pages\/13\/revisions"}],"predecessor-version":[{"id":3043,"href":"https:\/\/www.ufmg.br\/semanadoservidor\/wp-json\/wp\/v2\/pages\/13\/revisions\/3043"}],"wp:attachment":[{"href":"https:\/\/www.ufmg.br\/semanadoservidor\/wp-json\/wp\/v2\/media?parent=13"}],"curies":[{"name":"wp","href":"https:\/\/api.w.org\/{rel}","templated":true}]}}