{"id":19,"date":"2023-10-10T00:01:00","date_gmt":"2023-10-10T03:01:00","guid":{"rendered":"https:\/\/www.ufmg.br\/semanadoservidor\/?page_id=19"},"modified":"2025-10-01T19:52:33","modified_gmt":"2025-10-01T22:52:33","slug":"inscricoes","status":"publish","type":"page","link":"https:\/\/www.ufmg.br\/semanadoservidor\/inscricoes\/","title":{"rendered":"Inscri\u00e7\u00f5es"},"content":{"rendered":"<p><strong style=\"font-size: inherit;\">Belo Horizonte<\/strong><\/p>\n<header>\n<div class=\"main-content\">\n<p><strong>Centro Esportivo Universit\u00e1rio<\/strong><\/p>\n<p><strong>Oficina: Manh\u00e3 de pr\u00e1ticas de Mindfulness<\/strong><\/p>\n<p>Data: 29\/09\/2025<br \/>\nHor\u00e1rio: das 9h \u00e0s 11h<br \/>\nAs inscri\u00e7\u00f5es ser\u00e3o feitas por meio de formul\u00e1rio, <a href=\"https:\/\/docs.google.com\/forms\/d\/e\/1FAIpQLSeFzkCeIfVWARrulxZgp8ZLrYF_05rw1CbzgJC6WrkbEeBwdQ\/viewform\">neste link<\/a>.<\/p>\n<p><strong>Festa de Encerramento<\/strong><\/p>\n<p>Data: 4\/10\/2025<br \/>\nHor\u00e1rio: das 8h \u00e0s 17h<br \/>\nAs inscri\u00e7\u00f5es ser\u00e3o feitas por meio de formul\u00e1rio, <a href=\"https:\/\/forms.gle\/WTPqahVFdLJTqg4p7\">neste link<\/a>.<\/p>\n<p><strong>Departamento de Desenvolvimento de Recursos Humanos<\/strong><\/p>\n<p><strong>Workshop sobre Primeiros Socorros<\/strong><\/p>\n<p>Data: 3\/10\/2025<br \/>\nHor\u00e1rio: das 9h \u00e0s 11h e das 14h \u00e0s 16h<br \/>\nAs inscri\u00e7\u00f5es ser\u00e3o feitas por meio de formul\u00e1rio, <a href=\"https:\/\/docs.google.com\/forms\/d\/e\/1FAIpQLSd-Y2m_g1T24-qqGDImyLVqJ9xBlb5K0xRXs5hDZjsiOfUf-w\/viewform?usp=preview\">neste link<\/a>.<\/p>\n<p><strong>Escola de Belas Artes (ponto de partida)<\/strong><\/p>\n<p><strong>Visita \u00e0 Fazenda de Igarap\u00e9<\/strong><\/p>\n<p>Data: 3\/10\/2025<br \/>\nHor\u00e1rio: das 7h \u00e0s 15h30<br \/>\nAs inscri\u00e7\u00f5es podem ser feitas pelo formul\u00e1rio, <a href=\"https:\/\/forms.gle\/MDvLgntaao7Eyth4A\">neste link<\/a>.<\/p>\n<p><strong>Museu de Hist\u00f3ria Natural e Jardim Bot\u00e2nico<\/strong><\/p>\n<p><strong>Corrida e Caminhada<\/strong><\/p>\n<p>Data: 2\/10\/2025<br \/>\nHor\u00e1rio: das 7h30 \u00e0s 12h<br \/>\nAs inscri\u00e7\u00f5es ser\u00e3o feitas por meio de formul\u00e1rio, <a href=\"https:\/\/forms.gle\/GrnN4rWzEAMYe3E48\">clicando aqui<\/a>.<\/p>\n<p><strong>Montes Claros<\/strong><\/p>\n<p><strong>Oficina 1: Arranjos com flores naturais e plantas ornamentais para decora\u00e7\u00e3o de pequenos espa\u00e7os \u2013 Profa. Dra. Elka Fabiana Aparecida Almeida<\/strong><\/p>\n<p>Data: 30\/09\/2025<br \/>\nHor\u00e1rio: das 14h \u00e0s 15h<br \/>\nAs inscri\u00e7\u00f5es ser\u00e3o feitas por meio de formul\u00e1rio, <a href=\"https:\/\/docs.google.com\/forms\/d\/e\/1FAIpQLSdBkd9D_thcSQr6MrnXTFtBrjhFekj4EzxTFlFnyovt7uugJw\/viewform?usp=header\">neste link<\/a>.<\/p>\n<p><strong>Oficina 2: Educa\u00e7\u00e3o financeira \u2013 Prof. Dr. Roberto C\u00e9sar Faria e Silva (CANCELADA)<\/strong><\/p>\n<p>Data: 30\/09\/2025<br \/>\nHor\u00e1rio: das 15h \u00e0s 16h<br \/>\nAten\u00e7\u00e3o: inscri\u00e7\u00f5es indispon\u00edveis.<\/p>\n<\/div>\n<p><strong>Oficina 3: Sa\u00fade mental no trabalho, dividindo prazer e sofrimento \u2013 Sidney Pereira de Souza J\u00fanior<\/strong><\/p>\n<p>Data: 1\u00ba\/10\/2025<br \/>\nHor\u00e1rio: das 14h \u00e0s 16h<br \/>\nAs inscri\u00e7\u00f5es ser\u00e3o feitas por meio de formul\u00e1rio, <a href=\"https:\/\/docs.google.com\/forms\/d\/e\/1FAIpQLSdFonIf2wI1S8qewuxe0v8nFSaTK_ZzOX-JjBDBTDh10On4ZQ\/viewform?usp=header\">clicando aqui<\/a>.<\/p>\n<p><strong>Oficina 4: A dan\u00e7a como terapia e Apresenta\u00e7\u00e3o \u2013 Profa. Ma. Kelly Bomfim da Silva Fernandes<\/strong><\/p>\n<p>Data: 3\/10\/2025<br \/>\nHor\u00e1rio: das 14h \u00e0s 16h<br \/>\nAs inscri\u00e7\u00f5es ser\u00e3o feitas por meio de formul\u00e1rio, <a href=\"https:\/\/docs.google.com\/forms\/d\/1p0C15bcB5hx8Rt6TW-rBB3ZpfHesV2u3vqJj1yXuong\/edit?hl=pt-br\">clicando aqui<\/a>.<\/p>\n<div class=\"main-content\">\n<p><strong>Oficina 5: Reflex\u00f5es sobre aposentadoria e Projeto de vida \u2013 Programa de Educa\u00e7\u00e3o para Aposentadoria (PEA)<\/strong><\/p>\n<p>Data: 3\/10\/2025<br \/>\nHor\u00e1rio: das 14h \u00e0s 17h<br \/>\nInscreva-se por meio de formul\u00e1rio, <a href=\"https:\/\/forms.gle\/vsJ7wy9uszSg4dEe7\">neste link<\/a>.<\/p>\n<\/div>\n<\/header>\n<header>\n<div class=\"main-content\">\n<p><!--Para se inscrever no <strong>10\u00ba Campeonato de Futsal<\/strong>, preencha o formul\u00e1rio at\u00e9 o dia <strong>31\/08<\/strong>, dispon\u00edvel <a href=\"http:\/\/ative.se\/semanadoservidordaufmg\" target=\"_blank\" rel=\"noopener\">aqui<\/a>\n\nPara se inscrever na <strong>Visita ao Campus Cultural Tiradentes<\/strong>, preencha o formul\u00e1rio at\u00e9 o dia <strong>11\/10<\/strong>, dispon\u00edvel <a href=\"https:\/\/forms.gle\/f8Tbepg6pkHg5oit5\" target=\"_blank\" rel=\"noopener\">aqui<\/a>\n\n<a href=\"https:\/\/www.ufmg.br\/semanadoservidor\/wp-content\/uploads\/2022\/10\/Resultado-Visita-Tiradentes.pdf\">Lista dos contemplados<\/a>\n\nPara se inscrever na <strong>Corrida e Caminhada Ecol\u00f3gica no Museu de Hist\u00f3ria Natural e Jardim Bot\u00e2nico<\/strong>, preencha o formul\u00e1rio at\u00e9 o dia <strong>14\/10 (inscri\u00e7\u00f5es prorrogadas at\u00e9 o dia 21\/10 ou at\u00e9 completar o total de vagas)<\/strong>, dispon\u00edvel <a href=\"https:\/\/forms.gle\/fpKtW3qHyDXTBSvB9\" target=\"_blank\" rel=\"noopener\">aqui<\/a>\n\nPara se inscrever no <strong>4\u00ba Torneio de T\u00eanis (simples)<\/strong>, preencha o formul\u00e1rio at\u00e9 o dia <strong>18\/10<\/strong>, dispon\u00edvel <a href=\"https:\/\/docs.google.com\/forms\/d\/e\/1FAIpQLSdPfSXuBP7eOHIgJ07vD2oq7AKlPoNqktsMxC1KgxgXVkX72Q\/viewform\" target=\"_blank\" rel=\"noopener\">aqui<\/a>\n\nPara se inscrever no <strong>5\u00ba Torneio de Peteca (dupla mista)<\/strong>, preencha o formul\u00e1rio at\u00e9 o dia <strong>18\/10<\/strong>, dispon\u00edvel <a href=\"https:\/\/docs.google.com\/forms\/d\/e\/1FAIpQLScc767F6TIdypd7Rp0bCFXzmrnmHsm57t8m830x0xe1uLbWjw\/viewform\" target=\"_blank\" rel=\"noopener\">aqui<\/a>\n\n<strong>Festa no CEU: <\/strong><a href=\"https:\/\/docs.google.com\/forms\/d\/1cUjOBjfAE-gLvyGiPch4p8Ytu00dX36Ks4HwesPRRn8\/edit?usp=drivesdk\">inscreva-se aqui<\/a>\n<!--Para se inscrever nas <strong>Oficinas<\/strong>, envie o formul\u00e1rio correspondente a cada atividade at\u00e9 o dia <strong>06\/11\/2021<\/strong>. Os formul\u00e1rios est\u00e3o dispon\u00edveis neste link: <a href=\"https:\/\/www.ufmg.br\/prorh\/noticia\/inscricoes-para-as-oficinas-da-semana-do-servidor-2021\/\" target=\"_blank\" rel=\"noopener\">https:\/\/www.ufmg.br\/prorh\/noticia\/inscricoes-para-as-oficinas-da-semana-do-servidor-2021\/<\/a>--><\/p>\n<p><!--Para se inscrever na <strong>Aula Online de Exerc\u00edcios de Ergonomia no Trabalho,<\/strong> envie formul\u00e1rio at\u00e9 o dia<strong> 07\/11\/2021, <\/strong>dispon\u00edvel neste link: <a href=\"https:\/\/www.ufmg.br\/prorh\/noticia\/aula-online-de-exercicios-de-ergonomia-no-trabalho\/\" target=\"_blank\" rel=\"noopener\">https:\/\/www.ufmg.br\/prorh\/noticia\/aula-online-de-exercicios-de-ergonomia-no-trabalho\/<\/a>--><\/p>\n<p><!--Para se inscrever no <strong>Concurso de Fotografia, Pintura e Poesia<\/strong>, envie os arquivos e dados solicitados at\u00e9 o dia <strong>07\/11\/2021<\/strong>, conforme informa\u00e7\u00f5es do edital dispon\u00edvel <a href=\"https:\/\/www.ufmg.br\/prorh\/wp-content\/uploads\/2021\/10\/Edital-Concurso-Fotografia-Semana-do-Servidor-2021.pdf\" target=\"_blank\" rel=\"noopener\">aqui<\/a>.--><\/p>\n<\/div>\n<\/header>\n","protected":false},"excerpt":{"rendered":"<p>Belo Horizonte Centro Esportivo Universit\u00e1rio Oficina: Manh\u00e3 de pr\u00e1ticas de [&hellip;]<\/p>\n","protected":false},"author":1,"featured_media":0,"parent":0,"menu_order":0,"comment_status":"closed","ping_status":"closed","template":"","meta":[],"_links":{"self":[{"href":"https:\/\/www.ufmg.br\/semanadoservidor\/wp-json\/wp\/v2\/pages\/19"}],"collection":[{"href":"https:\/\/www.ufmg.br\/semanadoservidor\/wp-json\/wp\/v2\/pages"}],"about":[{"href":"https:\/\/www.ufmg.br\/semanadoservidor\/wp-json\/wp\/v2\/types\/page"}],"author":[{"embeddable":true,"href":"https:\/\/www.ufmg.br\/semanadoservidor\/wp-json\/wp\/v2\/users\/1"}],"replies":[{"embeddable":true,"href":"https:\/\/www.ufmg.br\/semanadoservidor\/wp-json\/wp\/v2\/comments?post=19"}],"version-history":[{"count":163,"href":"https:\/\/www.ufmg.br\/semanadoservidor\/wp-json\/wp\/v2\/pages\/19\/revisions"}],"predecessor-version":[{"id":3065,"href":"https:\/\/www.ufmg.br\/semanadoservidor\/wp-json\/wp\/v2\/pages\/19\/revisions\/3065"}],"wp:attachment":[{"href":"https:\/\/www.ufmg.br\/semanadoservidor\/wp-json\/wp\/v2\/media?parent=19"}],"curies":[{"name":"wp","href":"https:\/\/api.w.org\/{rel}","templated":true}]}}