{"id":371,"date":"2021-10-05T22:13:00","date_gmt":"2021-10-06T01:13:00","guid":{"rendered":"https:\/\/www.ufmg.br\/semanadoservidor\/?page_id=371"},"modified":"2025-09-19T15:17:36","modified_gmt":"2025-09-19T18:17:36","slug":"equipe","status":"publish","type":"page","link":"https:\/\/www.ufmg.br\/semanadoservidor\/equipe\/","title":{"rendered":"Equipe"},"content":{"rendered":"\n<p><strong>Comiss\u00e3o Organizadora<\/strong><\/p>\n\n\n\n<p><strong>Coordena\u00e7\u00e3o-geral<\/strong>: Dra. Le\u00f4nor Gon\u00e7alves, Pr\u00f3-reitora Adjunta de Recursos Humanos da UFMG<\/p>\n\n\n\n<p><strong>Secretaria:<\/strong> Bianca Jacqueline Silva, PRORH<\/p>\n\n\n\n<p><strong>Membros:<\/strong><\/p>\n\n\n\n<p><strong>Equipe das mesas tem\u00e1ticas<\/strong><br><\/p>\n\n\n\n<p>Coordenadora: Le\u00f4nor Gon\u00e7alves, Pr\u00f3-Reitoria de Recursos Humanos<br>Alex Goursand Macedo, Comiss\u00e3o Interna de Supervis\u00e3o do Plano de Carreira<br>dos Cargos T\u00e9cnico-Administrativos em Educa\u00e7\u00e3o<br>Bianca Jacqueline Silva, Pr\u00f3-Reitoria de Recursos Humanos<br>Cristina del Papa, Sindicato dos Trabalhadores nas Institui\u00e7\u00f5es Federais de<br>Ensino<br>Filipe Amaral Rocha de Menezes, Departamento de Desenvolvimento de Recursos<br>Humanos<br>Luiz Geraldo de Oliveira, Associa\u00e7\u00e3o dos Servidores da UFMG<br>Maria Auxiliadora Pereira Figueiredo, Sindicato dos Professores de Universidades<br>Federais de Belo Horizonte<br>Marlene F\u00e1tima Maciel, Associa\u00e7\u00e3o dos Servidores da UFMG<br>Raimundo F\u00e1bio Alves Ferreira Chaves, Comiss\u00e3o Interna de Supervis\u00e3o do Plano<br>de Carreira dos Cargos T\u00e9cnico-Administrativos em Educa\u00e7\u00e3o<br>Sheila Ferreira Coelho, Coordenadoria de Assuntos Comunit\u00e1rios<\/p>\n\n\n\n<p><strong>Equipe de esporte, sa\u00fade e lazer<\/strong> <br><\/p>\n\n\n\n<p>Coordenador de lazer: Franco Noce, Escola de Educa\u00e7\u00e3o F\u00edsica, Fisioterapia e<br>Terapia Ocupacional\/Projeto Pilates<br>Coordenador de esporte: Marcelo Ant\u00f4nio Alves de Lima, Associa\u00e7\u00e3o dos<br>Servidores da UFMG\/Comiss\u00e3o Permanente de Vestibular<br>Coordenadora de sa\u00fade: Vanessa Rodrigues da Silva, Departamento de Aten\u00e7\u00e3o<br>\u00e0 Sa\u00fado do Trabalhador<br>Alcino Pires da Silva, Museu de Hist\u00f3ria Natural e Jardim Bot\u00e2nico<br>Ana Cl\u00e1udia Porf\u00edrio Couto, Centro Esportivo Universit\u00e1rio<br>Andr\u00e9 Gustavo Andrade, Escola de Educa\u00e7\u00e3o F\u00edsica, Fisioterapia e Terapia<br>Ocupacional<br>C\u00e9sar Teixeira Castilho, Centro Esportivo Universit\u00e1rio<br>Cristina Carvalho de Melo, Escola de Educa\u00e7\u00e3o F\u00edsica, Fisioterapia e Terapia<br>Ocupacional\/Pilates<br>Gustavo Peixoto, Escola de Educa\u00e7\u00e3o F\u00edsica, Fisioterapia e Terapia Ocupacional\/<br>Laborat\u00f3rio do Movimento<br>Jefferson Eust\u00e1quio da Fonseca, Escola de Educa\u00e7\u00e3o F\u00edsica, Fisioterapia e<br>Terapia Ocupacional\/Envelhecimento ativo<br>Julie Micheline Amaral Silva, N\u00facleo de Acolhimento do Sindicato dos Professores<br>de Universidades Federais de Belo Horizonte<br>Reginaldo Gon\u00e7alves, Escola de Educa\u00e7\u00e3o F\u00edsica, Fisioterapia e Terapia<br>Ocupacional\/Corrida e Caminhada<br>S\u00edlvia Ribeiro Santos Ara\u00fajo, Escola de Educa\u00e7\u00e3o F\u00edsica, Fisioterapia e Terapia<br>Ocupacional\/ Projeto Gin\u00e1stica do CEU<br>Vitor Pessoa, Centro Esportivo Universit\u00e1rio<\/p>\n\n\n\n<p><strong>Equipe de infraestrutura e cultura<\/strong><br><\/p>\n\n\n\n<p>Coordenadora de infraestrutura: Cristina de Jesus In\u00e1cio, Departamento de<br>Log\u00edstica de Suprimentos e de Servi\u00e7os Operacionais<br>Coordenadora de cultura: Ros\u00e2ngela da Silva Santos, Pr\u00f3-Reitoria de Cultura<br>Coordenador de or\u00e7amento e finan\u00e7as: Felipe Santiago Oliveira Nunes, Pr\u00f3-Reitoria<br>de Recursos Humanos<br>Coordenador de comunica\u00e7\u00e3o e site: Vander Camargos Pinto Costa, Pr\u00f3-Reitoria<br>de Recursos Humanos<br>Anne Patr\u00edcia Silva Carvalho, Diretoria de Tecnologia de Informa\u00e7\u00e3o<br>Harley Mendes, Coordenadoria de Assuntos Comunit\u00e1rios<br>Ludmila de Paula Soares, Pr\u00f3-Reitoria de Cultura<br>Raquel Serafim, Pr\u00f3-Reitoria de Extens\u00e3o<br>Sheila Ferreira Coelho, Coordenadoria de Assuntos Comunit\u00e1rios<\/p>\n\n\n\n<p><strong>Equipe da retrospectiva Pr\u00f3-Reitoria de Recursos Humanos<\/strong><br><\/p>\n\n\n\n<p>Coordenador: M\u00e1rio Rodrigues Ara\u00fajo, Pr\u00f3-Reitoria de Recursos Humanos<br>Subcoordenadora: Le\u00f4nor Gon\u00e7alves, Pr\u00f3-Reitoria de Recursos Humanos<br>Amanda Parloti da Cunha, Pr\u00f3-Reitoria de Recursos Humanos<br>Erica Vanessa Martins Rocha da Mota, Comiss\u00e3o Permanente de Pessoal<br>Docente<br>Isabel Suzane Mousinho Ara\u00fajo, Departamento de Aten\u00e7\u00e3o \u00e0 Sa\u00fado do<br>Trabalhador<br>Joyce Grazieli de Sales e Souza Lima, Pr\u00f3-Reitoria de Recursos Humanos<br>Maria C\u00e9lia Nogueira Lima, Departamento de Desenvolvimento de Recursos<br>Humanos<br>Rosemary Coutinho da Silva J\u00e1come, Departamento de Administra\u00e7\u00e3o de Pessoal<br>Wellington Mar\u00e7al de Carvalho, Biblioteca Universit\u00e1ria<\/p>\n\n\n\n<p><strong>Equipe Instituto de Ci\u00eancias Agr\u00e1rias<\/strong><br><\/p>\n\n\n\n<p>Cledinaldo Aparecido Dias, Instituto de Ci\u00eancias Agr\u00e1rias<br>Dalton Rocha Pereira, Instituto de Ci\u00eancias Agr\u00e1rias<br>Elka Fabiana Aparecida Almeida, Instituto de Ci\u00eancias Agr\u00e1rias<br>Helder de Castro Bernardes Barbosa, Instituto de Ci\u00eancias Agr\u00e1rias\/ Sindicato dos<br>Trabalhadores nas Institui\u00e7\u00f5es Federais de Ensino<br>Matheus Amaury Rodrigues Borges, Instituto de Ci\u00eancias Agr\u00e1rias<\/p>\n\n\n\n<p><strong>Equipe Hospital das Cl\u00ednicas<\/strong><br><\/p>\n\n\n\n<p>Elaine Maria da Cunha Melo, Hospital das Cl\u00ednicas da UFMG<br>Eunice Soares Pinto, Sindicato dos Trabalhadores nas Institui\u00e7\u00f5es Federais de<br>Ensino<br>Matelane dos Anjos Rezende, Sindicato dos Trabalhadores nas Institui\u00e7\u00f5es<br>Federais de Ensino<\/p>\n\n\n\n<p><strong>Realiza\u00e7\u00e3o:<\/strong> Pr\u00f3-Reitoria de Recursos Humanos\/UFMG<\/p>\n","protected":false},"excerpt":{"rendered":"<p>Comiss\u00e3o Organizadora Coordena\u00e7\u00e3o-geral: Dra. Le\u00f4nor Gon\u00e7alves, Pr\u00f3-reitora Adjunta de Recursos [&hellip;]<\/p>\n","protected":false},"author":1,"featured_media":0,"parent":0,"menu_order":0,"comment_status":"closed","ping_status":"closed","template":"","meta":[],"_links":{"self":[{"href":"https:\/\/www.ufmg.br\/semanadoservidor\/wp-json\/wp\/v2\/pages\/371"}],"collection":[{"href":"https:\/\/www.ufmg.br\/semanadoservidor\/wp-json\/wp\/v2\/pages"}],"about":[{"href":"https:\/\/www.ufmg.br\/semanadoservidor\/wp-json\/wp\/v2\/types\/page"}],"author":[{"embeddable":true,"href":"https:\/\/www.ufmg.br\/semanadoservidor\/wp-json\/wp\/v2\/users\/1"}],"replies":[{"embeddable":true,"href":"https:\/\/www.ufmg.br\/semanadoservidor\/wp-json\/wp\/v2\/comments?post=371"}],"version-history":[{"count":38,"href":"https:\/\/www.ufmg.br\/semanadoservidor\/wp-json\/wp\/v2\/pages\/371\/revisions"}],"predecessor-version":[{"id":2874,"href":"https:\/\/www.ufmg.br\/semanadoservidor\/wp-json\/wp\/v2\/pages\/371\/revisions\/2874"}],"wp:attachment":[{"href":"https:\/\/www.ufmg.br\/semanadoservidor\/wp-json\/wp\/v2\/media?parent=371"}],"curies":[{"name":"wp","href":"https:\/\/api.w.org\/{rel}","templated":true}]}}