{"id":377,"date":"2021-10-05T22:18:34","date_gmt":"2021-10-06T01:18:34","guid":{"rendered":"https:\/\/www.ufmg.br\/semanadoservidor\/?page_id=377"},"modified":"2025-09-19T15:19:17","modified_gmt":"2025-09-19T18:19:17","slug":"parcerias-e-apoios","status":"publish","type":"page","link":"https:\/\/www.ufmg.br\/semanadoservidor\/parcerias-e-apoios\/","title":{"rendered":"Parcerias e Apoios"},"content":{"rendered":"\n<p><strong>Parcerias:<\/strong><\/p>\n\n\n\n<p>\u2022 APUBH \u2013 Sindicato dos Professores de Universidades Federais de Belo Horizonte, Montes Claros e Ouro Branco<br>\u2022 ASSUFEMG \u2013 Associa\u00e7\u00e3o dos Servidores da Universidade Federal de Minas Gerais<br>\u2022 SINDIFES \u2013 Sindicato dos Trabalhadores nas Institui\u00e7\u00f5es Federais de Ensino Superior<\/p>\n\n\n\n<p><strong>Apoios:<\/strong><\/p>\n\n\n\n<p>\u2022 CAC\/UFMG \u2013 Coordenadoria de Assuntos Comunit\u00e1rios<br>\u2022 CASU \u2013 Caixa de Assist\u00eancia \u00e0 Sa\u00fade da Universidade<br>\u2022 CEDECOM\/UFMG \u2013 Centro de Comunica\u00e7\u00e3o<br>\u2022 CEU\/UFMG \u2013 Centro Esportivo Universit\u00e1rio<br>\u2022 MHNJB\/UFMG \u2013 Museu de Hist\u00f3ria Natural e Jardim Bot\u00e2nico da UFMG<br>\u2022 PROCULT\/UFMG \u2013 Pr\u00f3-Reitoria de Cultura<br>\u2022 Programa PET Educa\u00e7\u00e3o F\u00edsica e Lazer<br>\u2022 Programa Laborat\u00f3rio do Movimento EEFFTO\/UFMG<br>\u2022 Programa Qualidade de Vida no Trabalho PRORH\/UFMG<br>\u2022 Projeto Gin\u00e1stica do CEU<br>\u2022 Projeto Pilates UFMG<br>\u2022 SICOOB NOSSACOOP \u2013 Cooperativa de Cr\u00e9dito de Livre Admiss\u00e3o de Belo Horizonte e Cidades Polo do Estado de Minas Gerais Ltda.<\/p>\n","protected":false},"excerpt":{"rendered":"<p>Parcerias: \u2022 APUBH \u2013 Sindicato dos Professores de Universidades Federais [&hellip;]<\/p>\n","protected":false},"author":1,"featured_media":0,"parent":0,"menu_order":0,"comment_status":"closed","ping_status":"closed","template":"","meta":[],"_links":{"self":[{"href":"https:\/\/www.ufmg.br\/semanadoservidor\/wp-json\/wp\/v2\/pages\/377"}],"collection":[{"href":"https:\/\/www.ufmg.br\/semanadoservidor\/wp-json\/wp\/v2\/pages"}],"about":[{"href":"https:\/\/www.ufmg.br\/semanadoservidor\/wp-json\/wp\/v2\/types\/page"}],"author":[{"embeddable":true,"href":"https:\/\/www.ufmg.br\/semanadoservidor\/wp-json\/wp\/v2\/users\/1"}],"replies":[{"embeddable":true,"href":"https:\/\/www.ufmg.br\/semanadoservidor\/wp-json\/wp\/v2\/comments?post=377"}],"version-history":[{"count":15,"href":"https:\/\/www.ufmg.br\/semanadoservidor\/wp-json\/wp\/v2\/pages\/377\/revisions"}],"predecessor-version":[{"id":2876,"href":"https:\/\/www.ufmg.br\/semanadoservidor\/wp-json\/wp\/v2\/pages\/377\/revisions\/2876"}],"wp:attachment":[{"href":"https:\/\/www.ufmg.br\/semanadoservidor\/wp-json\/wp\/v2\/media?parent=377"}],"curies":[{"name":"wp","href":"https:\/\/api.w.org\/{rel}","templated":true}]}}