{"id":392,"date":"2021-10-05T22:40:12","date_gmt":"2021-10-06T01:40:12","guid":{"rendered":"https:\/\/www.ufmg.br\/semanadoservidor\/?page_id=392"},"modified":"2025-09-24T17:29:43","modified_gmt":"2025-09-24T20:29:43","slug":"mesas","status":"publish","type":"page","link":"https:\/\/www.ufmg.br\/semanadoservidor\/mesas\/","title":{"rendered":"Mesas"},"content":{"rendered":"\n<p>Informamos que haver\u00e1 transmiss\u00e3o por meio do canal da CAC\/UFMG no YouTube: <a href=\"https:\/\/www.youtube.com\/cacufmg\">https:\/\/www.youtube.com\/cacufmg<\/a><\/p>\n\n\n<p style=\"text-align: justify;\">No dia 30 de setembro, \u00e0s 14h, ser\u00e1 realizada a solenidade de abertura da Semana do Servidor 2025, com uma Mesa composta pela Reitora, pelas Pr\u00f3-Reitoras de Recursos Humanos, al\u00e9m de representantes do SINDIFES, da APUBH e da ASSUFEMG. O evento prestar\u00e1 homenagem aos gestores da \u00e1rea de Recursos Humanos que atuaram na UFMG ao longo dos \u00faltimos 25 anos, incluindo: Pr\u00f3-Reitores e Pr\u00f3-Reitores Adjuntos de Recursos Humanos; Presidentes e Vice-Presidentes da CPPD e da CPPTA; Coordenadores e Coordenadores Adjuntos da CIS-UFMG e da CGESP; bem como Diretores e Vice-Diretores do DRH, DAP e DAST.<\/p>\n<p style=\"text-align: justify;\">J\u00e1 no dia 1\u00ba de outubro, \u00e0s 9h, ser\u00e1 realizada uma mesa de debate com a atual gest\u00e3o da PRORH, reunindo Pr\u00f3-Reitores e Diretores dos departamentos vinculados \u00e0 Pr\u00f3-Reitoria. Na ocasi\u00e3o, ser\u00e3o apresentadas vis\u00f5es e perspectivas para a gest\u00e3o de pessoas na UFMG, com espa\u00e7o aberto para questionamentos e di\u00e1logo entre os participantes e os gestores sobre a administra\u00e7\u00e3o de recursos humanos na institui\u00e7\u00e3o.<\/p>\n\n\n<p><strong>Belo Horizonte<\/strong><\/p>\n\n\n\n<p><strong>Campus Pampulha<\/strong><\/p>\n\n\n\n<p class=\"has-text-align-justify has-text-align-left\"><strong>Mesa de Abertura &#8211; Celebrando 25 anos de hist\u00f3ria e realiza\u00e7\u00f5es da Pr\u00f3-Reitoria de Recursos Humanos<\/strong><\/p>\n\n\n\n<p>Data: 30 de setembro<br>Hor\u00e1rio: \u00e0s 14h<br>Local: Audit\u00f3rio da Reitoria<br>Transmiss\u00e3o ao vivo: <a href=\"https:\/\/www.youtube.com\/cacufmg\">https:\/\/youtube.com\/live\/-E9VCMn6FVw?feature=share<\/a><\/p>\n\n\n\n<p><strong>Mesa 2 &#8211; Pr\u00f3-Reitoria de Recursos Humanos: vis\u00e3o e perspectivas<\/strong><\/p>\n\n\n\n<p>Data: 1\u00ba de outubro<br>Hor\u00e1rio: \u00e0s 9h<br>Local: Audit\u00f3rio da Reitoria<br>Transmiss\u00e3o ao vivo: <a href=\"https:\/\/www.youtube.com\/cacufmg\"><a rel=\"noreferrer noopener\" href=\"https:\/\/youtube.com\/live\/Ud_-mDV8Ubg?feature=share\" target=\"_blank\">https:\/\/youtube.com\/live\/Ud_-mDV8Ubg?feature=share<\/a><\/a><\/p>\n\n\n\n<p><strong>Campus Sa\u00fade<\/strong><\/p>\n\n\n\n<p><strong>Mesa de celebra\u00e7\u00e3o dos 25 anos da PRORH no Hospital das Cl\u00ednicas e Inaugura\u00e7\u00e3o da Sala da Se\u00e7\u00e3o de Pessoal <\/strong><\/p>\n\n\n\n<p>Data: 29 de setembro<br>Hor\u00e1rio: \u00e0s 9h<br>Local: Sala 8 do Centro de Atividades Did\u00e1ticas<\/p>\n","protected":false},"excerpt":{"rendered":"<p>Informamos que haver\u00e1 transmiss\u00e3o por meio do canal da CAC\/UFMG [&hellip;]<\/p>\n","protected":false},"author":1,"featured_media":0,"parent":0,"menu_order":0,"comment_status":"closed","ping_status":"closed","template":"","meta":[],"_links":{"self":[{"href":"https:\/\/www.ufmg.br\/semanadoservidor\/wp-json\/wp\/v2\/pages\/392"}],"collection":[{"href":"https:\/\/www.ufmg.br\/semanadoservidor\/wp-json\/wp\/v2\/pages"}],"about":[{"href":"https:\/\/www.ufmg.br\/semanadoservidor\/wp-json\/wp\/v2\/types\/page"}],"author":[{"embeddable":true,"href":"https:\/\/www.ufmg.br\/semanadoservidor\/wp-json\/wp\/v2\/users\/1"}],"replies":[{"embeddable":true,"href":"https:\/\/www.ufmg.br\/semanadoservidor\/wp-json\/wp\/v2\/comments?post=392"}],"version-history":[{"count":90,"href":"https:\/\/www.ufmg.br\/semanadoservidor\/wp-json\/wp\/v2\/pages\/392\/revisions"}],"predecessor-version":[{"id":2959,"href":"https:\/\/www.ufmg.br\/semanadoservidor\/wp-json\/wp\/v2\/pages\/392\/revisions\/2959"}],"wp:attachment":[{"href":"https:\/\/www.ufmg.br\/semanadoservidor\/wp-json\/wp\/v2\/media?parent=392"}],"curies":[{"name":"wp","href":"https:\/\/api.w.org\/{rel}","templated":true}]}}