{"id":157,"date":"2024-08-02T15:38:58","date_gmt":"2024-08-02T18:38:58","guid":{"rendered":"https:\/\/www.ufmg.br\/seriadoufmg\/?page_id=157"},"modified":"2025-12-11T15:25:27","modified_gmt":"2025-12-11T18:25:27","slug":"faq","status":"publish","type":"page","link":"https:\/\/www.ufmg.br\/seriadoufmg\/faq\/","title":{"rendered":"PERGUNTAS FREQUENTES"},"content":{"rendered":"\n<p class=\"has-text-align-left has-black-color has-white-background-color has-text-color has-background has-link-color wp-elements-364e681f7dc2267dcb8e43a757c91548\">Tire suas <a href=\"https:\/\/www.ufmg.br\/seriadoufmg\/perguntas-frequentes-prova-2025\/\" target=\"_blank\" rel=\"noreferrer noopener\">d\u00favidas<\/a> sobre a prova de 14 de dezembro de <strong>2025<\/strong>.<\/p>\n\n\n\n<p><\/p>\n\n\n\n<p><strong><mark style=\"background-color:#ed4197\" class=\"has-inline-color has-white-color\">Inscri\u00e7\u00f5es<\/mark><\/strong><\/p>\n\n\n\n<p><\/p>\n\n\n\n<details class=\"wp-block-details is-layout-flow wp-block-details-is-layout-flow\"><summary><strong>Quando e onde posso fazer a inscri\u00e7\u00e3o?<\/strong><\/summary>\n<p><\/p>\n\n\n\n<p>As inscri\u00e7\u00f5es podem ser feitas de <strong>18 de agosto a 19 de setembro<\/strong>, por meio de <a href=\"https:\/\/site.copeve.ufmg.br\/concursos\/218\" target=\"_blank\" rel=\"noreferrer noopener\">sistema online<\/a>. J\u00e1 o per\u00edodo para solicitar isen\u00e7\u00e3o do pagamento da taxa de inscri\u00e7\u00e3o vai de 18 a 27 de agosto.<\/p>\n<\/details>\n\n\n\n<p><\/p>\n\n\n\n<details class=\"wp-block-details is-layout-flow wp-block-details-is-layout-flow\"><summary><strong>Qual \u00e9 o valor da taxa de inscri\u00e7\u00e3o?<\/strong><\/summary>\n<p><\/p>\n\n\n\n<p>O valor da taxa de inscri\u00e7\u00e3o para a 1\u00aa etapa (2025) do Seriado UFMG \u00e9 de<strong> 150 reais<\/strong>.<\/p>\n<\/details>\n\n\n\n<p><\/p>\n\n\n\n<details class=\"wp-block-details is-layout-flow wp-block-details-is-layout-flow\"><summary><strong>At\u00e9 que dia posso pagar a taxa de inscri\u00e7\u00e3o?<\/strong><\/summary>\n<p><\/p>\n\n\n\n<p>\u00c9 poss\u00edvel pagar a taxa <strong>at\u00e9 22 de setembro<\/strong>.<\/p>\n<\/details>\n\n\n\n<p><\/p>\n\n\n\n<details class=\"wp-block-details is-layout-flow wp-block-details-is-layout-flow\"><summary><strong>Quem est\u00e1 no segundo ano consegue fazer o Seriado?<\/strong><\/summary>\n<p><\/p>\n\n\n\n<p>Sim. Estudantes de qualquer ano do Ensino M\u00e9dio e egressos desse segmento ou da EJA (independentemente do tempo passado desde a conclus\u00e3o) podem fazer os exames. O ciclo Seriado ocorre ao longo de tr\u00eas anos consecutivos.<\/p>\n<\/details>\n\n\n\n<p><\/p>\n\n\n\n<details class=\"wp-block-details is-layout-flow wp-block-details-is-layout-flow\"><summary><strong>H\u00e1 limite de inscri\u00e7\u00f5es?<\/strong><\/summary>\n<p><\/p>\n\n\n\n<p>N\u00e3o. Qualquer pessoa pode fazer a inscri\u00e7\u00e3o dentro do per\u00edodo estipulado pelo edital (18 de agosto a 19 de setembro).<\/p>\n<\/details>\n\n\n\n<p><\/p>\n\n\n\n<details class=\"wp-block-details is-layout-flow wp-block-details-is-layout-flow\"><summary><strong>Como vejo se est\u00e1 tudo certo com minha inscri\u00e7\u00e3o?<\/strong><\/summary>\n<p><\/p>\n\n\n\n<p>No portal da <a href=\"https:\/\/site.copeve.ufmg.br\/concursos\/218\" data-type=\"link\" data-id=\"https:\/\/site.copeve.ufmg.br\/concursos\/218\">Copeve<\/a>, a inscri\u00e7\u00e3o fica confirmada em at\u00e9 3 dias \u00fateis ap\u00f3s o pagamento do boleto (ou do deferimento da isen\u00e7\u00e3o). Se a confirma\u00e7\u00e3o n\u00e3o aparecer, escreva para <a href=\"mailto:atendimento@copeve.ufmg.br\">atendimento@copeve.ufmg.br<\/a>.<\/p>\n<\/details>\n\n\n\n<p><\/p>\n\n\n\n<details class=\"wp-block-details is-layout-flow wp-block-details-is-layout-flow\"><summary><strong>Quando ser\u00e3o abertas as inscri\u00e7\u00f5es para a prova de 2026?<\/strong><\/summary>\n<p><\/p>\n\n\n\n<p>Ainda n\u00e3o temos uma data definida. Assim que o novo edital for aprovado ela ser\u00e1 amplamente divulgado. <\/p>\n<\/details>\n\n\n\n<p><\/p>\n\n\n\n<p><mark style=\"background-color:#ed4197\" class=\"has-inline-color has-white-color\"><strong>Isen\u00e7\u00e3o da Taxa<\/strong><\/mark><\/p>\n\n\n\n<p><\/p>\n\n\n\n<details class=\"wp-block-details is-layout-flow wp-block-details-is-layout-flow\"><summary><strong>Est\u00e1 prevista isen\u00e7\u00e3o da taxa de inscri\u00e7\u00e3o?<\/strong><\/summary>\n<p><\/p>\n\n\n\n<p>Sim, existem duas modalidades de isen\u00e7\u00e3o: integral e parcial. <\/p>\n\n\n\n<p>Para requerer a isen\u00e7\u00e3o INTEGRAL, o estudante dever\u00e1 ser inscrito no Cadastro \u00danico para Programas Sociais do Governo Federal (Cad\u00danico). <\/p>\n\n\n\n<p>A isen\u00e7\u00e3o PARCIAL de 50% do valor pode ser solicitada pelo candidato que tenha conclu\u00eddo ou que esteja matriculado na rede p\u00fablica de ensino. Bolsistas integrais de escolas privadas tamb\u00e9m t\u00eam direito \u00e0 isen\u00e7\u00e3o parcial da taxa.<\/p>\n\n\n\n<p>Para requerer, o candidato dever\u00e1, anexar declara\u00e7\u00e3o, emitida pela escola da rede p\u00fablica (em papel timbrado e assinado pelo respons\u00e1vel da escola), de que o aluno concluiu ou que se encontra matriculado e frequente, no Ensino M\u00e9dio ou na Educa\u00e7\u00e3o de Jovens Adultos (EJA), ou declara\u00e7\u00e3o da escola privada comprovando que o aluno \u00e9 bolsista integral do Ensino M\u00e9dio. <\/p>\n<\/details>\n\n\n\n<p><\/p>\n\n\n\n<details class=\"wp-block-details is-layout-flow wp-block-details-is-layout-flow\"><summary><strong>Para solicitar a isen\u00e7\u00e3o integral, preciso informar o NIS individual ou o do grupo familiar? <\/strong><\/summary>\n<p><\/p>\n\n\n\n<p>N\u00e3o \u00e9 necess\u00e1rio informar o NIS. Apenas com o CPF do candidato, o sistema faz a verifica\u00e7\u00e3o do Cad\u00danico.<\/p>\n\n\n\n<p>Em caso de d\u00favida, assista ao <a href=\"https:\/\/youtube.com\/shorts\/GsP8OY12L68?si=4FHRqQeAVWEUgJNW\" data-type=\"link\" data-id=\"https:\/\/youtube.com\/shorts\/GsP8OY12L68?si=4FHRqQeAVWEUgJNW\">tutorial<\/a>.<\/p>\n<\/details>\n\n\n\n<p><\/p>\n\n\n\n<details class=\"wp-block-details is-layout-flow wp-block-details-is-layout-flow\"><summary><strong>O Programa P\u00e9-de-Meia d\u00e1 isen\u00e7\u00e3o total?<\/strong><\/summary>\n<p><\/p>\n\n\n\n<p>Sim, desde que o estudante esteja com o Cad\u00danico ativo e regularizado.<\/p>\n<\/details>\n\n\n\n<p><\/p>\n\n\n\n<details class=\"wp-block-details is-layout-flow wp-block-details-is-layout-flow\"><summary><strong>Para solicitar a isen\u00e7\u00e3o parcial, a escola pode emitir uma declara\u00e7\u00e3o \u00fanica para um grupo de candidatos ou a declara\u00e7\u00e3o precisa ser individual?<\/strong><\/summary>\n<p><\/p>\n\n\n\n<p>As declara\u00e7\u00f5es devem ser individuais. <\/p>\n<\/details>\n\n\n\n<p><\/p>\n\n\n\n<details class=\"wp-block-details is-layout-flow wp-block-details-is-layout-flow\"><summary><strong>Para solicitar a isen\u00e7\u00e3o parcial de quem j\u00e1 concluiu o ensino m\u00e9dio, a declara\u00e7\u00e3o da escola pode ser substitu\u00edda pelo hist\u00f3rico escolar?<\/strong><\/summary>\n<p><\/p>\n\n\n\n<p>Sim.<\/p>\n<\/details>\n\n\n\n<p><\/p>\n\n\n\n<details class=\"wp-block-details is-layout-flow wp-block-details-is-layout-flow\"><summary><strong>Pedi isen\u00e7\u00e3o, e o boleto veio no valor de R$150,00. O que fazer?<\/strong><\/summary>\n<p><\/p>\n\n\n\n<p>Somente a partir do dia <strong>5 de setembro<\/strong> ser\u00e3o gerados os boletos com desconto de 50% ou 100%  referentes aos pedidos deferidos. Por isso \u00e9 importante aguardar o resultado do pedido de isen\u00e7\u00e3o antes de fazer o pagamento.<\/p>\n<\/details>\n\n\n\n<p><\/p>\n\n\n\n<details class=\"wp-block-details is-layout-flow wp-block-details-is-layout-flow\"><summary><strong>Como saber se a minha isen\u00e7\u00e3o foi aceita?<\/strong><\/summary>\n<p><\/p>\n\n\n\n<p>O resultado dos pedidos de isen\u00e7\u00e3o ser\u00e3o divulgados no dia <strong>5 de setembro<\/strong> no site da <a href=\"https:\/\/site.copeve.ufmg.br\/concursos\/218\" data-type=\"link\" data-id=\"https:\/\/site.copeve.ufmg.br\/concursos\/218\">Copeve<\/a>.<\/p>\n<\/details>\n\n\n\n<p><\/p>\n\n\n\n<details class=\"wp-block-details is-layout-flow wp-block-details-is-layout-flow\"><summary><strong>Tive pedido de isen\u00e7\u00e3o indeferido, \u00e9 poss\u00edvel pagar a taxa de inscri\u00e7\u00e3o para participar?<\/strong><\/summary>\n<p><\/p>\n\n\n\n<p>Sim. O candidato tem 15 dias para regularizar a inscri\u00e7\u00e3o ap\u00f3s o resultado dos pedidos de isen\u00e7\u00e3o.<\/p>\n<\/details>\n\n\n\n<p><\/p>\n\n\n\n<details class=\"wp-block-details is-layout-flow wp-block-details-is-layout-flow\"><summary><strong>Errei ao enviar o comprovante para isen\u00e7\u00e3o. Posso fazer outra inscri\u00e7\u00e3o?<\/strong><\/summary>\n<p><\/p>\n\n\n\n<p>O edital permite apenas uma inscri\u00e7\u00e3o por candidato. Se houver duplicidade, vale a mais recente.&nbsp;<\/p>\n\n\n\n<p><strong>ATEN\u00c7\u00c3O<\/strong>: as informa\u00e7\u00f5es relevantes da inscri\u00e7\u00e3o podem ser alteradas diretamente pelo candidato, sem necessidade de realizar uma nova inscri\u00e7\u00e3o, desde que dentro dos prazos estabelecidos no edital.<\/p>\n\n\n\n<p>No caso da declara\u00e7\u00e3o para solicitar a isen\u00e7\u00e3o, o sistema permite excluir o arquivo enviado e anexar uma nova vers\u00e3o, tamb\u00e9m dentro dos prazos previstos.<\/p>\n\n\n\n<p>Em caso de problema na inscri\u00e7\u00e3o ou no envio de documenta\u00e7\u00e3o, contate a Copeve pelo <em>atendimento@copeve.ufmg.br<\/em> dentro dos prazos do <a href=\"https:\/\/www.ufmg.br\/seriadoufmg\/cronograma\/\" data-type=\"link\" data-id=\"https:\/\/www.ufmg.br\/seriadoufmg\/cronograma\/\" target=\"_blank\" rel=\"noreferrer noopener\">cronograma<\/a>.<\/p>\n<\/details>\n\n\n\n<p><\/p>\n\n\n\n<details class=\"wp-block-details is-layout-flow wp-block-details-is-layout-flow\"><summary><strong>Esqueci de pedir a taxa de isen\u00e7\u00e3o. Posso fazer outra inscri\u00e7\u00e3o com o pedido?<\/strong><\/summary>\n<p><\/p>\n\n\n\n<p>Sim. Em caso de duplicidade de inscri\u00e7\u00e3o, vale a mais recente.<\/p>\n<\/details>\n\n\n\n<p><\/p>\n\n\n\n<p><mark style=\"background-color:#ed4197\" class=\"has-inline-color has-white-color\"><strong>Ingresso<\/strong><\/mark><\/p>\n\n\n\n<p><\/p>\n\n\n\n<details class=\"wp-block-details is-layout-flow wp-block-details-is-layout-flow\"><summary><strong>Haver\u00e1 reserva de vagas?<\/strong><\/summary>\n<p><\/p>\n\n\n\n<p>Sim. Metade das vagas s\u00e3o destinadas a estudantes das escolas p\u00fablicas, nos termos da Lei de Cotas, como ocorre no SiSU e em outros processos seletivos.<\/p>\n\n\n\n<p>Confira as modalidades espec\u00edficas na <strong>p\u00e1gina 10<\/strong> do <a href=\"https:\/\/www.ufmg.br\/seriadoufmg\/wp-content\/uploads\/2025\/09\/Guia_do_Candidato_2025.pdf\" data-type=\"link\" data-id=\"https:\/\/www.ufmg.br\/seriadoufmg\/wp-content\/uploads\/2025\/09\/Guia_do_Candidato_2025.pdf\">Guia do Candidato<\/a>. <\/p>\n<\/details>\n\n\n\n<p><\/p>\n\n\n\n<details class=\"wp-block-details is-layout-flow wp-block-details-is-layout-flow\"><summary><strong>Como escolher a modalidade de vaga?<\/strong><\/summary>\n<p><\/p>\n\n\n\n<p>N\u00e3o \u00e9 necess\u00e1rio se preocupar com isso agora. A escolha da modalidade (ampla concorr\u00eancia ou uma das cotas) s\u00f3 ser\u00e1 feita na Etapa 3 (Ano III\/ 2027), junto com a escolha do curso. At\u00e9 l\u00e1, o desempenho nas provas das Etapas 1 e 2 (Ano I\/2025 e Ano II\/2026) n\u00e3o depende da categoria de vaga escolhida.<\/p>\n\n\n\n<p><br><\/p>\n<\/details>\n\n\n\n<p><\/p>\n\n\n\n<details class=\"wp-block-details is-layout-flow wp-block-details-is-layout-flow\"><summary><strong>Um mesmo candidato pode participar simultaneamente do SiSU e do Seriado?<\/strong><\/summary>\n<p><\/p>\n\n\n\n<p>Sim, mas ele s\u00f3 poder\u00e1 fazer registro e matr\u00edcula na UFMG referente \u00e0 aprova\u00e7\u00e3o em um dos dois processos seletivos.<\/p>\n<\/details>\n\n\n\n<p><\/p>\n\n\n\n<details class=\"wp-block-details is-layout-flow wp-block-details-is-layout-flow\"><summary><strong>Quando v\u00e3o ingressar na UFMG os primeiros selecionados pelo novo processo?<\/strong><\/summary>\n<p><\/p>\n\n\n\n<p>O ingresso ser\u00e1 no primeiro e no segundo semestre de 2028.<\/p>\n<\/details>\n\n\n\n<p><\/p>\n\n\n\n<details class=\"wp-block-details is-layout-flow wp-block-details-is-layout-flow\"><summary><strong>O estudante j\u00e1 tem que escolher o curso no 1\u00ba ano?<\/strong><\/summary>\n<p><\/p>\n\n\n\n<p>N\u00e3o. Essa escolha deve ser feita no ato de inscri\u00e7\u00e3o para o ano 3.<\/p>\n<\/details>\n\n\n\n<p><\/p>\n\n\n\n<details class=\"wp-block-details is-layout-flow wp-block-details-is-layout-flow\"><summary><strong>Ser\u00e1 poss\u00edvel escolher uma segunda op\u00e7\u00e3o de curso no 3\u00ba ano?<\/strong><\/summary>\n<p><\/p>\n\n\n\n<p>Por enquanto, ainda n\u00e3o foi definido se haver\u00e1 segunda op\u00e7\u00e3o de curso. Isso s\u00f3 ser\u00e1 definido no edital da Etapa 3 (em 2027).&nbsp;<\/p>\n<\/details>\n\n\n\n<p><\/p>\n\n\n\n<p><mark style=\"background-color:#ed4197\" class=\"has-inline-color has-white-color\"><strong>Processo Avaliativo<\/strong><\/mark><\/p>\n\n\n\n<details class=\"wp-block-details is-layout-flow wp-block-details-is-layout-flow\"><summary><strong>Como os estudantes ser\u00e3o avaliados no Seriado UFMG?<\/strong><\/summary>\n<p><\/p>\n\n\n\n<p>Na prova da etapa 1, cada quest\u00e3o objetiva valer\u00e1 1 (um) ponto e a quest\u00e3o discursiva valer\u00e1 4 (quatro) pontos, totalizando 49 (quarenta e nove) pontos. Em seguida, esses pontos ser\u00e3o convertidos em uma escala de 0 (zero) a 100,00 (cem) pontos.<\/p>\n\n\n\n<p>Por fim, a nota final do ciclo 2025-2027 ser\u00e1 calculada pela soma ponderada das notas das 3 (tr\u00eas) etapas. O peso da 1\u00aa etapa ser\u00e1 de 0,2; o da 2\u00aa etapa ser\u00e1 de 0,25; o do primeiro dia de provas da 3\u00aa etapa ser\u00e1 de 0,25 e o do segundo dia de provas da 3\u00aa etapa ser\u00e1 de 0,3. Cada uma dessas quatro parcelas ser\u00e1 avaliada em uma escala de 0 (zero) a 100,00 (cem) pontos.<\/p>\n<\/details>\n\n\n\n<p><\/p>\n\n\n\n<details class=\"wp-block-details is-layout-flow wp-block-details-is-layout-flow\"><summary><strong>Haver\u00e1 avalia\u00e7\u00e3o espec\u00edfica por curso?<\/strong><\/summary>\n<p><\/p>\n\n\n\n<p>Sim. No segundo dia de provas da Etapa 3, as quest\u00f5es discursivas abordar\u00e3o 1 ou 2 das 4 \u00e1reas do conhecimento de acordo com curso escolhido.<\/p>\n<\/details>\n\n\n\n<p><\/p>\n\n\n\n<details class=\"wp-block-details is-layout-flow wp-block-details-is-layout-flow\"><summary><strong>Tem como fazer dois anos em um dia s\u00f3?<\/strong><\/summary>\n<p><\/p>\n\n\n\n<p>N\u00e3o. O Seriado UFMG \u00e9 dividido em tr\u00eas etapas, que ser\u00e3o aplicadas ao longo de tr\u00eas anos consecutivos. Cada ciclo corresponde, portanto, ao conjunto das avalia\u00e7\u00f5es realizadas ao longo desse tri\u00eanio.<\/p>\n<\/details>\n\n\n\n<p><\/p>\n\n\n\n<details class=\"wp-block-details is-layout-flow wp-block-details-is-layout-flow\"><summary><strong>Na 3\u00aa etapa, os dois dias de prova ser\u00e3o consecutivos?<\/strong><\/summary>\n<p><\/p>\n\n\n\n<p>A 3\u00aa etapa tem dois dias de prova, mas a agenda espec\u00edfica (se ser\u00e3o dias consecutivos ou n\u00e3o) ser\u00e1 definida no edital da 3\u00aa etapa (em 2027).&nbsp;<\/p>\n\n\n\n<p>Contudo, a expectativa \u00e9 que ela ocorra em dias consecutivos.&nbsp;<\/p>\n<\/details>\n\n\n\n<p><\/p>\n\n\n\n<details class=\"wp-block-details is-layout-flow wp-block-details-is-layout-flow\"><summary><strong>Se eu repetir de ano ou mudar para o IF no 1\u00ba ano, posso fazer a prova do 1\u00ba ano duas vezes?<\/strong><\/summary>\n<p><\/p>\n\n\n\n<p>Sim.&nbsp;Voc\u00ea pode iniciar um novo ciclo do Seriado a qualquer momento.&nbsp;Por exemplo, se voc\u00ea fizer a 1\u00aa etapa em 2025, voc\u00ea pode se inscrever de novo na 1\u00aa etapa do ciclo 2026-2028.<\/p>\n<\/details>\n\n\n\n<p><\/p>\n\n\n\n<details class=\"wp-block-details is-layout-flow wp-block-details-is-layout-flow\"><summary><strong>Quem estuda em IF de 4 anos de ensino m\u00e9dio faz a prova no 1\u00ba ou no 2\u00ba ano?<\/strong><\/summary>\n<p><\/p>\n\n\n\n<p>O Seriado permite que o estudante comece um ciclo em qualquer ano do ensino m\u00e9dio.&nbsp;<\/p>\n\n\n\n<p>Para quem faz ensino m\u00e9dio t\u00e9cnico de quatro anos, recomendamos iniciar um ciclo seriado na 2\u00aa s\u00e9rie, uma vez que, se aprovado ao final das tr\u00eas etapas, ser\u00e1 necess\u00e1rio comprovar a conclus\u00e3o do ensino m\u00e9dio.<\/p>\n<\/details>\n\n\n\n<p><\/p>\n\n\n\n<p><mark style=\"background-color:#ed4197\" class=\"has-inline-color has-white-color\"><strong>Provas da etapa 1<\/strong><\/mark><\/p>\n\n\n\n<details class=\"wp-block-details is-layout-flow wp-block-details-is-layout-flow\"><summary><strong>Quando ser\u00e3o os exames do ano 1 (ciclo 2025-2027)?<\/strong><\/summary>\n<p><\/p>\n\n\n\n<p>As provas ser\u00e3o aplicadas em <strong>14 de dezembro<\/strong> de 2025.<\/p>\n<\/details>\n\n\n\n<p><\/p>\n\n\n\n<details class=\"wp-block-details is-layout-flow wp-block-details-is-layout-flow\"><summary><strong>Em quais cidades a prova ser\u00e1 aplicada?<\/strong><\/summary>\n<p><\/p>\n\n\n\n<p>Em 2025, a prova ser\u00e1 realizada nas cidades de Belo Horizonte, Betim, Contagem, Nova Lima, Ribeir\u00e3o das Neves, Santa Luzia e Montes Claros, com previs\u00e3o de expans\u00e3o gradual para os anos seguintes.<\/p>\n\n\n\n<p>Confira os endere\u00e7os <a href=\"https:\/\/www.ufmg.br\/seriadoufmg\/wp-content\/uploads\/2025\/11\/Locais-de-aplicacao-Seriado-2025vf.pdf\" target=\"_blank\" rel=\"noreferrer noopener\">aqui<\/a>.<\/p>\n<\/details>\n\n\n\n<p><\/p>\n\n\n\n<details class=\"wp-block-details is-layout-flow wp-block-details-is-layout-flow\"><summary><strong>Quando o local de prova ser\u00e1 divulgado?<\/strong><\/summary>\n<p><\/p>\n\n\n\n<p>O local ser\u00e1 informado no Comprovante Definitivo de Inscri\u00e7\u00e3o, dispon\u00edvel na <a href=\"https:\/\/fundep.selecao.net.br\/informacoes\/50\/\">\u00e1rea do candidato<\/a> a partir do dia <strong>8 de dezembro<\/strong>.<\/p>\n<\/details>\n\n\n\n<p><\/p>\n\n\n\n<details class=\"wp-block-details is-layout-flow wp-block-details-is-layout-flow\"><summary><strong>Qual ser\u00e1 o hor\u00e1rio de aplica\u00e7\u00e3o da prova?<\/strong><\/summary>\n<p><\/p>\n\n\n\n<p>Abertura dos port\u00f5es: 12h30<\/p>\n\n\n\n<p>In\u00edcio da prova (previs\u00e3o): <strong>14h&nbsp;<\/strong><\/p>\n\n\n\n<p>Fechamento dos port\u00f5es (toler\u00e2ncia): 15 minutos ap\u00f3s o in\u00edcio das provas&nbsp;<\/p>\n\n\n\n<p>Dura\u00e7\u00e3o: 4 horas&nbsp;<\/p>\n\n\n\n<p><strong>Fique atento!<\/strong> Candidatos que chegarem ap\u00f3s os 15 minutos de toler\u00e2ncia n\u00e3o poder\u00e3o entrar.<\/p>\n<\/details>\n\n\n\n<p><\/p>\n\n\n\n<details class=\"wp-block-details is-layout-flow wp-block-details-is-layout-flow\"><summary><strong>O que eu preciso levar no dia da prova?<\/strong>&nbsp;<\/summary>\n<p><\/p>\n\n\n\n<p>O estudante dever\u00e1 levar, obrigatoriamente, o <strong>comprovante definitivo de inscri\u00e7\u00e3o<\/strong>, um <strong>documento oficial com foto<\/strong> (o mesmo informado na inscri\u00e7\u00e3o). Ser\u00e3o aceitos RG, CNH com foto,passaporte, carteira de trabalho, certificado de reservista, carteira de \u00f3rg\u00e3os oficiais ou conselhos profissionais. J\u00e1 as vers\u00f5es digitais aceitas s\u00e3o e-t\u00edtulo, CNH digital ou RG digital (somente nos apps oficiais).<\/p>\n\n\n\n<p>Al\u00e9m disso, o candidato deve levar<strong> <\/strong>caneta esferogr\u00e1fica de <strong>tinta azul escura ou preta, com corpo transparente<\/strong>.&nbsp;<\/p>\n\n\n\n<p>Veja mais detalhes na p\u00e1gina 18 do <a href=\"https:\/\/www.ufmg.br\/seriadoufmg\/wp-content\/uploads\/2025\/09\/Guia_do_Candidato_2025.pdf\" data-type=\"link\" data-id=\"https:\/\/www.ufmg.br\/seriadoufmg\/wp-content\/uploads\/2025\/09\/Guia_do_Candidato_2025.pdf\">Guia do Candidato<\/a>.<\/p>\n<\/details>\n\n\n\n<p><\/p>\n\n\n\n<details class=\"wp-block-details is-layout-flow wp-block-details-is-layout-flow\"><summary><strong>Quantas quest\u00f5es haver\u00e1 nas provas?<\/strong><\/summary>\n<p><\/p>\n\n\n\n<p><strong>1\u00aa etapa:<\/strong> 45 quest\u00f5es objetivas, abordando as 4 \u00e1reas do conhecimento, e 1 quest\u00e3o discursiva interdisciplinar.<\/p>\n\n\n\n<p><strong>2\u00aa etapa:<\/strong> 45 quest\u00f5es objetivas, abordando as 4 \u00e1reas do conhecimento, e 1 ou 2 quest\u00f5es discursivas interdisciplinares<\/p>\n\n\n\n<p><strong>3\u00aa etapa<\/strong> (<strong>1\u00ba dia):<\/strong> 35 quest\u00f5es objetivas, abordando as 4 \u00e1reas do conhecimento, e 1 prova de reda\u00e7\u00e3o;<\/p>\n\n\n\n<p><strong>3\u00aa etapa (2\u00ba dia):<\/strong> at\u00e9 8 quest\u00f5es discursivas, abordando 1 ou 2 das 4 \u00e1reas de conhecimento, de acordo com o curso de gradua\u00e7\u00e3o escolhido pelo candidato&nbsp;<\/p>\n\n\n\n<p>As especifica\u00e7\u00f5es relacionadas ao conte\u00fado da prova est\u00e3o na <strong>p\u00e1gina 15<\/strong> do <a href=\"https:\/\/www.ufmg.br\/seriadoufmg\/wp-content\/uploads\/2025\/09\/Guia_do_Candidato_2025.pdf\" data-type=\"link\" data-id=\"https:\/\/www.ufmg.br\/seriadoufmg\/wp-content\/uploads\/2025\/09\/Guia_do_Candidato_2025.pdf\">Guia do Candidato<\/a>.<\/p>\n<\/details>\n\n\n\n<p><\/p>\n\n\n\n<details class=\"wp-block-details is-layout-flow wp-block-details-is-layout-flow\"><summary><strong>A prova ter\u00e1 acessibilidade para pessoas com defici\u00eancia?<\/strong><\/summary>\n<p><\/p>\n\n\n\n<p>Se voc\u00ea necessita de condi\u00e7\u00f5es especiais para fazer a prova, voc\u00ea deve fazer a solicita\u00e7\u00e3o no ato da inscri\u00e7\u00e3o e enviar, at\u00e9 o dia <strong>24 de setembro<\/strong>, o relat\u00f3rio m\u00e9dico que ateste a necessidade de atendimento \u00e0 sua condi\u00e7\u00e3o.<\/p>\n<\/details>\n\n\n\n<p><\/p>\n\n\n\n<details class=\"wp-block-details is-layout-flow wp-block-details-is-layout-flow\"><summary><strong>Posso acessar provas antigas?<\/strong><\/summary>\n<p><\/p>\n\n\n\n<p>N\u00e3o. Esta \u00e9 a primeira edi\u00e7\u00e3o do Seriado UFMG.<\/p>\n<\/details>\n\n\n\n<p><\/p>\n\n\n\n<p><\/p>\n\n\n\n<pre class=\"wp-block-preformatted\"><br><a href=\"https:\/\/www.ufmg.br\/seriadoufmg\/tire-suas-duvidas\/\" data-type=\"link\" data-id=\"https:\/\/www.ufmg.br\/seriadoufmg\/tire-suas-duvidas\/\" target=\"_blank\" rel=\"noreferrer noopener\">Assista<\/a> \u00e0s respostas da UFMG \u00e0s d\u00favidas frequentes.<mark style=\"background-color:#7bdcb5\" class=\"has-inline-color has-black-color\"><\/mark><\/pre>\n\n\n\n<p><\/p>\n\n\n\n<p>Veja dicas de\u00a0<a href=\"https:\/\/www.ufmg.br\/seriadoufmg\/noticia\/nutricionista-destaca-cuidados-com-a-alimentacao-na-semana-que-antecede-o-seriado-ufmg\/\" target=\"_blank\" rel=\"noreferrer noopener\">alimenta\u00e7\u00e3o<\/a>\u00a0e\u00a0<a href=\"https:\/\/www.ufmg.br\/seriadoufmg\/noticia\/psicologo-expoe-estrategias-para-controlar-a-ansiedade-durante-o-seriado-ufmg\/\" target=\"_blank\" rel=\"noreferrer noopener\">controle de ansiedade<\/a>\u00a0para o dia da prova!<\/p>\n","protected":false},"excerpt":{"rendered":"<p>Tire suas d\u00favidas sobre a prova de 14 de dezembro de 2025. Inscri\u00e7\u00f5es Isen\u00e7\u00e3o da Taxa Ingresso Processo Avaliativo Provas da etapa 1 Assista \u00e0s respostas da UFMG \u00e0s d\u00favidas frequentes. Veja dicas de\u00a0alimenta\u00e7\u00e3o\u00a0e\u00a0controle de ansiedade\u00a0para o dia da prova!<\/p>\n","protected":false},"author":1,"featured_media":0,"parent":0,"menu_order":0,"comment_status":"closed","ping_status":"closed","template":"","meta":{"_acf_changed":false,"footnotes":""},"class_list":["post-157","page","type-page","status-publish","hentry"],"acf":[],"_links":{"self":[{"href":"https:\/\/www.ufmg.br\/seriadoufmg\/wp-json\/wp\/v2\/pages\/157"}],"collection":[{"href":"https:\/\/www.ufmg.br\/seriadoufmg\/wp-json\/wp\/v2\/pages"}],"about":[{"href":"https:\/\/www.ufmg.br\/seriadoufmg\/wp-json\/wp\/v2\/types\/page"}],"author":[{"embeddable":true,"href":"https:\/\/www.ufmg.br\/seriadoufmg\/wp-json\/wp\/v2\/users\/1"}],"replies":[{"embeddable":true,"href":"https:\/\/www.ufmg.br\/seriadoufmg\/wp-json\/wp\/v2\/comments?post=157"}],"version-history":[{"count":157,"href":"https:\/\/www.ufmg.br\/seriadoufmg\/wp-json\/wp\/v2\/pages\/157\/revisions"}],"predecessor-version":[{"id":780,"href":"https:\/\/www.ufmg.br\/seriadoufmg\/wp-json\/wp\/v2\/pages\/157\/revisions\/780"}],"wp:attachment":[{"href":"https:\/\/www.ufmg.br\/seriadoufmg\/wp-json\/wp\/v2\/media?parent=157"}],"curies":[{"name":"wp","href":"https:\/\/api.w.org\/{rel}","templated":true}]}}