{"id":275,"date":"2025-07-22T11:58:31","date_gmt":"2025-07-22T14:58:31","guid":{"rendered":"https:\/\/www.ufmg.br\/seriadoufmg\/?page_id=275"},"modified":"2025-08-21T16:35:46","modified_gmt":"2025-08-21T19:35:46","slug":"edital-2025","status":"publish","type":"page","link":"https:\/\/www.ufmg.br\/seriadoufmg\/edital-2025\/","title":{"rendered":"Edital 2025"},"content":{"rendered":"\n<p>Acesse o <a href=\"https:\/\/backend.copeve.ufmg.br\/uploads\/Edital_Seriado_2025_ead2f27063.html\" target=\"_blank\" rel=\"noreferrer noopener\">edital<\/a>.<\/p>\n\n\n\n<p>Acesse o <a href=\"https:\/\/backend.copeve.ufmg.br\/uploads\/Edital_Seriado_Libras_2025_bab4925d14.html\" target=\"_blank\" rel=\"noreferrer noopener\">edital em Libras<\/a>.<\/p>\n\n\n\n<p>Leia o <a href=\"https:\/\/backend.copeve.ufmg.br\/uploads\/Comunicado_0f7a2c9549.pdf\" data-type=\"link\" data-id=\"https:\/\/backend.copeve.ufmg.br\/uploads\/Comunicado_0f7a2c9549.pdf\">comunicado<\/a> sobre isen\u00e7\u00e3o integral da taxa de inscri\u00e7\u00e3o (publicado em 20\/08\/2025).<\/p>\n\n\n\n<p><\/p>\n","protected":false},"excerpt":{"rendered":"<p>Acesse o edital. Acesse o edital em Libras. Leia o comunicado sobre isen\u00e7\u00e3o integral da taxa de inscri\u00e7\u00e3o (publicado em 20\/08\/2025).<\/p>\n","protected":false},"author":4,"featured_media":0,"parent":0,"menu_order":0,"comment_status":"closed","ping_status":"closed","template":"","meta":{"_acf_changed":false,"footnotes":""},"class_list":["post-275","page","type-page","status-publish","hentry"],"acf":[],"_links":{"self":[{"href":"https:\/\/www.ufmg.br\/seriadoufmg\/wp-json\/wp\/v2\/pages\/275"}],"collection":[{"href":"https:\/\/www.ufmg.br\/seriadoufmg\/wp-json\/wp\/v2\/pages"}],"about":[{"href":"https:\/\/www.ufmg.br\/seriadoufmg\/wp-json\/wp\/v2\/types\/page"}],"author":[{"embeddable":true,"href":"https:\/\/www.ufmg.br\/seriadoufmg\/wp-json\/wp\/v2\/users\/4"}],"replies":[{"embeddable":true,"href":"https:\/\/www.ufmg.br\/seriadoufmg\/wp-json\/wp\/v2\/comments?post=275"}],"version-history":[{"count":8,"href":"https:\/\/www.ufmg.br\/seriadoufmg\/wp-json\/wp\/v2\/pages\/275\/revisions"}],"predecessor-version":[{"id":527,"href":"https:\/\/www.ufmg.br\/seriadoufmg\/wp-json\/wp\/v2\/pages\/275\/revisions\/527"}],"wp:attachment":[{"href":"https:\/\/www.ufmg.br\/seriadoufmg\/wp-json\/wp\/v2\/media?parent=275"}],"curies":[{"name":"wp","href":"https:\/\/api.w.org\/{rel}","templated":true}]}}