{"id":307,"date":"2025-07-28T10:56:59","date_gmt":"2025-07-28T13:56:59","guid":{"rendered":"https:\/\/www.ufmg.br\/seriadoufmg\/?page_id=307"},"modified":"2026-03-05T16:01:21","modified_gmt":"2026-03-05T19:01:21","slug":"inscricao","status":"publish","type":"page","link":"https:\/\/www.ufmg.br\/seriadoufmg\/inscricao\/","title":{"rendered":"Inscri\u00e7\u00e3o"},"content":{"rendered":"\n<p class=\"has-medium-font-size\"><\/p>\n\n\n\n<p>As inscri\u00e7\u00f5es para as provas de 2026 ficar\u00e3o dispon\u00edveis em breve. <\/p>\n\n\n\n<p><\/p>\n\n\n\n<hr class=\"wp-block-separator has-alpha-channel-opacity\"\/>\n\n\n\n<p><\/p>\n\n\n\n<h4 class=\"wp-block-heading\">Quem tem direito \u00e0 isen\u00e7\u00e3o da taxa?<\/h4>\n\n\n\n<p><\/p>\n\n\n\n<p><strong>Isen\u00e7\u00e3o parcial de 50%<\/strong>: candidato que tenha conclu\u00eddo ou que esteja matriculado na rede p\u00fablica de ensino. Bolsistas integrais de escolas privadas tamb\u00e9m t\u00eam direito \u00e0 isen\u00e7\u00e3o parcial da taxa.<\/p>\n\n\n\n<p><strong>Isen\u00e7\u00e3o integral:<\/strong> candidato inscrito no Cadastro \u00danico para Programas Sociais do Governo Federal (Cad\u00danico).<\/p>\n\n\n\n<p><mark style=\"background-color:#00a52e\" class=\"has-inline-color has-white-color\"><strong>Veja como se inscrever e pedir a isen\u00e7\u00e3o<\/strong><\/mark><\/p>\n\n\n\n<p><\/p>\n\n\n\n<p><\/p>\n\n\n\n<figure class=\"wp-block-embed is-type-video is-provider-youtube wp-block-embed-youtube wp-embed-aspect-9-16 wp-has-aspect-ratio\"><div class=\"wp-block-embed__wrapper\">\n<iframe loading=\"lazy\" title=\"Est\u00e3o abertas as inscri\u00e7\u00f5es para o Seriado UFMG!\" width=\"422\" height=\"750\" src=\"https:\/\/www.youtube.com\/embed\/GsP8OY12L68?feature=oembed\" frameborder=\"0\" allow=\"accelerometer; autoplay; clipboard-write; encrypted-media; gyroscope; picture-in-picture; web-share\" referrerpolicy=\"strict-origin-when-cross-origin\" allowfullscreen><\/iframe>\n<\/div><\/figure>\n\n\n\n<hr class=\"wp-block-separator has-alpha-channel-opacity\"\/>\n\n\n\n<p><\/p>\n\n\n\n<p><strong>Atendimento<\/strong><\/p>\n\n\n\n<p>O candidato poder\u00e1 obter mais informa\u00e7\u00f5es na Central de Atendimento ao Candidato, localizada na Avenida Presidente Ant\u00f4nio Carlos, 6627 \u2013&nbsp;<em>Campus<\/em>&nbsp;Pampulha da UFMG \u2013 Unidade Administrativa III, 2\u00ba Andar \u2013 Bairro Pampulha \u2013 Belo Horizonte\/MG, por meio dos telefones (31) 3409-4408\/4409, <strong>no hor\u00e1rio das 9h \u00e0s 17h<\/strong>, exceto s\u00e1bado, domingo e feriado, ou pelo&nbsp;<em>e-mail<\/em>:&nbsp;<a href=\"mailto:atendimento@copeve.ufmg.br\">atendimento@copeve.ufmg.br<\/a>.<\/p>\n","protected":false},"excerpt":{"rendered":"<p>As inscri\u00e7\u00f5es para as provas de 2026 ficar\u00e3o dispon\u00edveis em breve. Quem tem direito \u00e0 isen\u00e7\u00e3o da taxa? Isen\u00e7\u00e3o parcial de 50%: candidato que tenha conclu\u00eddo ou que esteja matriculado na rede p\u00fablica de ensino. Bolsistas integrais de escolas privadas tamb\u00e9m t\u00eam direito \u00e0 isen\u00e7\u00e3o parcial da taxa. Isen\u00e7\u00e3o integral: candidato inscrito no Cadastro \u00danico [&hellip;]<\/p>\n","protected":false},"author":4,"featured_media":0,"parent":0,"menu_order":0,"comment_status":"closed","ping_status":"closed","template":"","meta":{"_acf_changed":false,"footnotes":""},"class_list":["post-307","page","type-page","status-publish","hentry"],"acf":[],"_links":{"self":[{"href":"https:\/\/www.ufmg.br\/seriadoufmg\/wp-json\/wp\/v2\/pages\/307"}],"collection":[{"href":"https:\/\/www.ufmg.br\/seriadoufmg\/wp-json\/wp\/v2\/pages"}],"about":[{"href":"https:\/\/www.ufmg.br\/seriadoufmg\/wp-json\/wp\/v2\/types\/page"}],"author":[{"embeddable":true,"href":"https:\/\/www.ufmg.br\/seriadoufmg\/wp-json\/wp\/v2\/users\/4"}],"replies":[{"embeddable":true,"href":"https:\/\/www.ufmg.br\/seriadoufmg\/wp-json\/wp\/v2\/comments?post=307"}],"version-history":[{"count":37,"href":"https:\/\/www.ufmg.br\/seriadoufmg\/wp-json\/wp\/v2\/pages\/307\/revisions"}],"predecessor-version":[{"id":830,"href":"https:\/\/www.ufmg.br\/seriadoufmg\/wp-json\/wp\/v2\/pages\/307\/revisions\/830"}],"wp:attachment":[{"href":"https:\/\/www.ufmg.br\/seriadoufmg\/wp-json\/wp\/v2\/media?parent=307"}],"curies":[{"name":"wp","href":"https:\/\/api.w.org\/{rel}","templated":true}]}}