{"id":499,"date":"2025-08-20T15:37:34","date_gmt":"2025-08-20T18:37:34","guid":{"rendered":"https:\/\/www.ufmg.br\/seriadoufmg\/?page_id=499"},"modified":"2026-03-10T17:28:38","modified_gmt":"2026-03-10T20:28:38","slug":"cronograma","status":"publish","type":"page","link":"https:\/\/www.ufmg.br\/seriadoufmg\/cronograma\/","title":{"rendered":"Cronograma 2026"},"content":{"rendered":"\n<p>O cronograma para as provas de 2026 ficar\u00e1 dispon\u00edvel em breve. <\/p>\n\n\n\n<p><\/p>\n\n\n\n<h3 class=\"wp-block-heading\">Cronograma 2025<\/h3>\n\n\n\n<p><\/p>\n\n\n\n<figure class=\"wp-block-table\"><table class=\"has-fixed-layout\"><tbody><tr><td class=\"has-text-align-center\" data-align=\"center\"><strong>Procedimentos<\/strong><\/td><td class=\"has-text-align-center\" data-align=\"center\"><strong>Datas<\/strong><\/td><\/tr><tr><td class=\"has-text-align-center\" data-align=\"center\"><strong>IN\u00cdCIO DAS INSCRI\u00c7\u00d5ES<\/strong><\/td><td class=\"has-text-align-center\" data-align=\"center\">18\/08 <\/td><\/tr><tr><td class=\"has-text-align-center\" data-align=\"center\">Per\u00edodo para a <strong>solicita\u00e7\u00e3o de Isen\u00e7\u00e3o do pagamento da Taxa de Inscri\u00e7\u00e3o<\/strong> e envio da documenta\u00e7\u00e3o comprobat\u00f3ria<\/td><td class=\"has-text-align-center\" data-align=\"center\">18\/08 a 27\/08<\/td><\/tr><tr><td class=\"has-text-align-center\" data-align=\"center\">Divulga\u00e7\u00e3o do resultado dos pedidos de Isen\u00e7\u00e3o da Taxa de Inscri\u00e7\u00e3o<\/td><td class=\"has-text-align-center\" data-align=\"center\">05\/09<\/td><\/tr><tr><td class=\"has-text-align-center\" data-align=\"center\">Data final para recurso contra o resultado do pedido de Isen\u00e7\u00e3o da Taxa de Inscri\u00e7\u00e3o<\/td><td class=\"has-text-align-center\" data-align=\"center\">12\/09<\/td><\/tr><tr><td class=\"has-text-align-center\" data-align=\"center\">Disponibiliza\u00e7\u00e3o do Resultado dos recursos do pedido de Isen\u00e7\u00e3o da Taxa de Inscri\u00e7\u00e3o<\/td><td class=\"has-text-align-center\" data-align=\"center\">17\/09<\/td><\/tr><tr><td class=\"has-text-align-center\" data-align=\"center\"><strong>FIM DAS INSCRI\u00c7\u00d5ES<\/strong><\/td><td class=\"has-text-align-center\" data-align=\"center\">19\/09 (at\u00e9 \u00e0s 17h)<\/td><\/tr><tr><td class=\"has-text-align-center\" data-align=\"center\">Data final para pagamento do boleto banc\u00e1rio da inscri\u00e7\u00e3o<\/td><td class=\"has-text-align-center\" data-align=\"center\">22\/09<\/td><\/tr><tr><td class=\"has-text-align-center\" data-align=\"center\">Data final para pedido de uso de nome social<br>e para envio de relat\u00f3rio m\u00e9dico para comprovar necessidade especial para realiza\u00e7\u00e3o da prova<\/td><td class=\"has-text-align-center\" data-align=\"center\">24\/09<\/td><\/tr><tr><td class=\"has-text-align-center\" data-align=\"center\">Data final para reclama\u00e7\u00e3o da inscri\u00e7\u00e3o<\/td><td class=\"has-text-align-center\" data-align=\"center\">29\/09<\/td><\/tr><tr><td class=\"has-text-align-center\" data-align=\"center\"><strong>Disponibiliza\u00e7\u00e3o do Comprovante Definitivo de Inscri\u00e7\u00e3o<\/strong><\/td><td class=\"has-text-align-center\" data-align=\"center\">08\/12<\/td><\/tr><tr><td class=\"has-text-align-center\" data-align=\"center\"><strong>REALIZA\u00c7\u00c3O DA PROVA<\/strong><br>Divulga\u00e7\u00e3o do Gabarito Preliminar<\/td><td class=\"has-text-align-center\" data-align=\"center\">14\/12<\/td><\/tr><tr><td class=\"has-text-align-center\" data-align=\"center\">Data final para recurso contra o Gabarito<\/td><td class=\"has-text-align-center\" data-align=\"center\">19\/12<\/td><\/tr><tr><td class=\"has-text-align-center\" data-align=\"center\">Disponibiliza\u00e7\u00e3o dos resultados dos recursos contra o gabarito e<br>divulga\u00e7\u00e3o do Gabarito Final<\/td><td class=\"has-text-align-center\" data-align=\"center\">07\/01\/2026<\/td><\/tr><tr><td class=\"has-text-align-center\" data-align=\"center\"><strong>Previs\u00e3o da divulga\u00e7\u00e3o preliminar do desempenho do candidato<\/strong><\/td><td class=\"has-text-align-center\" data-align=\"center\">23\/02\/2026 (Atualizado)<\/td><\/tr><tr><td class=\"has-text-align-center\" data-align=\"center\">Data Final para recurso contra a preliminar do desempenho do candidato<\/td><td class=\"has-text-align-center\" data-align=\"center\">02\/03\/2026 (Atualizado)<\/td><\/tr><tr><td class=\"has-text-align-center\" data-align=\"center\">Disponibiliza\u00e7\u00e3o das respostas dos recursos contra a preliminar do desempenho dos candidato<br><strong>Divulga\u00e7\u00e3o do desempenho do candidato ap\u00f3s an\u00e1lise dos recursos<\/strong><\/td><td class=\"has-text-align-center\" data-align=\"center\">20\/03\/2026 (Atualizado)<\/td><\/tr><\/tbody><\/table><\/figure>\n\n\n\n<p><\/p>\n\n\n\n<div class=\"wp-block-columns are-vertically-aligned-center is-layout-flex wp-container-core-columns-is-layout-1 wp-block-columns-is-layout-flex\">\n<div class=\"wp-block-column is-vertically-aligned-center is-layout-flow wp-block-column-is-layout-flow\" style=\"flex-basis:100%\"><\/div>\n<\/div>\n\n\n\n<p><\/p>\n\n\n\n<p><\/p>\n","protected":false},"excerpt":{"rendered":"<p>O cronograma para as provas de 2026 ficar\u00e1 dispon\u00edvel em breve. Cronograma 2025 Procedimentos Datas IN\u00cdCIO DAS INSCRI\u00c7\u00d5ES 18\/08 Per\u00edodo para a solicita\u00e7\u00e3o de Isen\u00e7\u00e3o do pagamento da Taxa de Inscri\u00e7\u00e3o e envio da documenta\u00e7\u00e3o comprobat\u00f3ria 18\/08 a 27\/08 Divulga\u00e7\u00e3o do resultado dos pedidos de Isen\u00e7\u00e3o da Taxa de Inscri\u00e7\u00e3o 05\/09 Data final para recurso [&hellip;]<\/p>\n","protected":false},"author":4,"featured_media":0,"parent":0,"menu_order":0,"comment_status":"closed","ping_status":"closed","template":"","meta":{"_acf_changed":false,"footnotes":""},"class_list":["post-499","page","type-page","status-publish","hentry"],"acf":[],"_links":{"self":[{"href":"https:\/\/www.ufmg.br\/seriadoufmg\/wp-json\/wp\/v2\/pages\/499"}],"collection":[{"href":"https:\/\/www.ufmg.br\/seriadoufmg\/wp-json\/wp\/v2\/pages"}],"about":[{"href":"https:\/\/www.ufmg.br\/seriadoufmg\/wp-json\/wp\/v2\/types\/page"}],"author":[{"embeddable":true,"href":"https:\/\/www.ufmg.br\/seriadoufmg\/wp-json\/wp\/v2\/users\/4"}],"replies":[{"embeddable":true,"href":"https:\/\/www.ufmg.br\/seriadoufmg\/wp-json\/wp\/v2\/comments?post=499"}],"version-history":[{"count":19,"href":"https:\/\/www.ufmg.br\/seriadoufmg\/wp-json\/wp\/v2\/pages\/499\/revisions"}],"predecessor-version":[{"id":843,"href":"https:\/\/www.ufmg.br\/seriadoufmg\/wp-json\/wp\/v2\/pages\/499\/revisions\/843"}],"wp:attachment":[{"href":"https:\/\/www.ufmg.br\/seriadoufmg\/wp-json\/wp\/v2\/media?parent=499"}],"curies":[{"name":"wp","href":"https:\/\/api.w.org\/{rel}","templated":true}]}}