{"id":600,"date":"2025-09-22T11:22:14","date_gmt":"2025-09-22T14:22:14","guid":{"rendered":"https:\/\/www.ufmg.br\/seriadoufmg\/?page_id=600"},"modified":"2025-09-22T12:02:11","modified_gmt":"2025-09-22T15:02:11","slug":"guia-do-candidato","status":"publish","type":"page","link":"https:\/\/www.ufmg.br\/seriadoufmg\/guia-do-candidato\/","title":{"rendered":"Guia do Candidato"},"content":{"rendered":"\n<p><\/p>\n\n\n\n<p>Este material traz dicas valiosas para voc\u00ea realizar de maneira tranquila a primeira etapa do Seriado UFMG. Saiba como se preparar e o que levar no dia da prova (14 de dezembro de 2025).<\/p>\n\n\n\n<p>Confira tamb\u00e9m a quantidade de vagas destinadas ao processo seletivo, as cidades onde a prova ser\u00e1 aplicada e at\u00e9 mesmo como o conte\u00fado program\u00e1tico foi definido.<\/p>\n\n\n\n<p>Prepare-se para o primeiro ano do ciclo 2025-2027!<\/p>\n\n\n\n<p><strong><a href=\"https:\/\/www.ufmg.br\/seriadoufmg\/wp-content\/uploads\/2025\/09\/Guia_do_Candidato_2025.pdf\" target=\"_blank\" rel=\"noreferrer noopener\">Guia do Candidato &#8211; Etapa 1 (2025)<\/a><\/strong><\/p>\n\n\n\n<p><\/p>\n","protected":false},"excerpt":{"rendered":"<p>Este material traz dicas valiosas para voc\u00ea realizar de maneira tranquila a primeira etapa do Seriado UFMG. Saiba como se preparar e o que levar no dia da prova (14 de dezembro de 2025). Confira tamb\u00e9m a quantidade de vagas destinadas ao processo seletivo, as cidades onde a prova ser\u00e1 aplicada e at\u00e9 mesmo como [&hellip;]<\/p>\n","protected":false},"author":4,"featured_media":0,"parent":0,"menu_order":0,"comment_status":"closed","ping_status":"closed","template":"","meta":{"_acf_changed":false,"footnotes":""},"class_list":["post-600","page","type-page","status-publish","hentry"],"acf":[],"_links":{"self":[{"href":"https:\/\/www.ufmg.br\/seriadoufmg\/wp-json\/wp\/v2\/pages\/600"}],"collection":[{"href":"https:\/\/www.ufmg.br\/seriadoufmg\/wp-json\/wp\/v2\/pages"}],"about":[{"href":"https:\/\/www.ufmg.br\/seriadoufmg\/wp-json\/wp\/v2\/types\/page"}],"author":[{"embeddable":true,"href":"https:\/\/www.ufmg.br\/seriadoufmg\/wp-json\/wp\/v2\/users\/4"}],"replies":[{"embeddable":true,"href":"https:\/\/www.ufmg.br\/seriadoufmg\/wp-json\/wp\/v2\/comments?post=600"}],"version-history":[{"count":12,"href":"https:\/\/www.ufmg.br\/seriadoufmg\/wp-json\/wp\/v2\/pages\/600\/revisions"}],"predecessor-version":[{"id":633,"href":"https:\/\/www.ufmg.br\/seriadoufmg\/wp-json\/wp\/v2\/pages\/600\/revisions\/633"}],"wp:attachment":[{"href":"https:\/\/www.ufmg.br\/seriadoufmg\/wp-json\/wp\/v2\/media?parent=600"}],"curies":[{"name":"wp","href":"https:\/\/api.w.org\/{rel}","templated":true}]}}