{"id":682,"date":"2025-11-18T10:31:27","date_gmt":"2025-11-18T13:31:27","guid":{"rendered":"https:\/\/www.ufmg.br\/seriadoufmg\/?page_id=682"},"modified":"2025-12-02T10:44:43","modified_gmt":"2025-12-02T13:44:43","slug":"prova-etapa-1-2025-2027","status":"publish","type":"page","link":"https:\/\/www.ufmg.br\/seriadoufmg\/prova-etapa-1-2025-2027\/","title":{"rendered":"Prova etapa 1 (2025-2027)"},"content":{"rendered":"\n<p><\/p>\n\n\n\n<p><strong>14 de dezembro de 2025<\/strong><\/p>\n\n\n\n<p>In\u00edcio da prova: <strong>14h<\/strong>&nbsp;<\/p>\n\n\n\n<p>Abertura dos port\u00f5es: 12h30<\/p>\n\n\n\n<p>Fechamento dos port\u00f5es (toler\u00e2ncia): 15 minutos ap\u00f3s o in\u00edcio das provas<\/p>\n\n\n\n<p>Dura\u00e7\u00e3o: 4 horas<\/p>\n\n\n\n<p>Veja os <strong><a href=\"https:\/\/www.ufmg.br\/seriadoufmg\/wp-content\/uploads\/2025\/11\/Locais-de-aplicacao-SeriadoUFMG-2025.pdf\" data-type=\"link\" data-id=\"https:\/\/www.ufmg.br\/seriadoufmg\/wp-content\/uploads\/2025\/11\/Locais-de-aplicacao-SeriadoUFMG-2025.pdf\" target=\"_blank\" rel=\"noreferrer noopener\">locais de prova<\/a><\/strong>.<\/p>\n\n\n\n<p><\/p>\n\n\n\n<p><\/p>\n","protected":false},"excerpt":{"rendered":"<p>14 de dezembro de 2025 In\u00edcio da prova: 14h&nbsp; Abertura dos port\u00f5es: 12h30 Fechamento dos port\u00f5es (toler\u00e2ncia): 15 minutos ap\u00f3s o in\u00edcio das provas Dura\u00e7\u00e3o: 4 horas Veja os locais de prova.<\/p>\n","protected":false},"author":4,"featured_media":0,"parent":0,"menu_order":0,"comment_status":"closed","ping_status":"closed","template":"","meta":{"_acf_changed":false,"footnotes":""},"class_list":["post-682","page","type-page","status-publish","hentry"],"acf":[],"_links":{"self":[{"href":"https:\/\/www.ufmg.br\/seriadoufmg\/wp-json\/wp\/v2\/pages\/682"}],"collection":[{"href":"https:\/\/www.ufmg.br\/seriadoufmg\/wp-json\/wp\/v2\/pages"}],"about":[{"href":"https:\/\/www.ufmg.br\/seriadoufmg\/wp-json\/wp\/v2\/types\/page"}],"author":[{"embeddable":true,"href":"https:\/\/www.ufmg.br\/seriadoufmg\/wp-json\/wp\/v2\/users\/4"}],"replies":[{"embeddable":true,"href":"https:\/\/www.ufmg.br\/seriadoufmg\/wp-json\/wp\/v2\/comments?post=682"}],"version-history":[{"count":7,"href":"https:\/\/www.ufmg.br\/seriadoufmg\/wp-json\/wp\/v2\/pages\/682\/revisions"}],"predecessor-version":[{"id":728,"href":"https:\/\/www.ufmg.br\/seriadoufmg\/wp-json\/wp\/v2\/pages\/682\/revisions\/728"}],"wp:attachment":[{"href":"https:\/\/www.ufmg.br\/seriadoufmg\/wp-json\/wp\/v2\/media?parent=682"}],"curies":[{"name":"wp","href":"https:\/\/api.w.org\/{rel}","templated":true}]}}