{"id":698,"date":"2025-12-01T15:11:17","date_gmt":"2025-12-01T18:11:17","guid":{"rendered":"https:\/\/www.ufmg.br\/seriadoufmg\/?page_id=698"},"modified":"2025-12-11T15:07:27","modified_gmt":"2025-12-11T18:07:27","slug":"perguntas-frequentes-prova-2025","status":"publish","type":"page","link":"https:\/\/www.ufmg.br\/seriadoufmg\/perguntas-frequentes-prova-2025\/","title":{"rendered":"Perguntas Frequentes &#8211; Prova 2025"},"content":{"rendered":"\n<p>Vem a\u00ed a prova da etapa 1 do <em>ciclo 2025-2027<\/em> do Seriado UFMG! Fique atento \u00e0s d\u00favidas frequentes e prepare-se para o dia 14 de dezembro.<\/p>\n\n\n\n<p><\/p>\n\n\n\n<p><strong><mark style=\"background-color:#ed4197\" class=\"has-inline-color has-white-color\">Posso levar?<\/mark><\/strong><\/p>\n\n\n\n<p><\/p>\n\n\n\n<details class=\"wp-block-details is-layout-flow wp-block-details-is-layout-flow\"><summary><strong>Posso levar lanche? O que pode e o que n\u00e3o pode de comida?<\/strong><\/summary>\n<p><\/p>\n\n\n\n<p>Ser\u00e1 permitida a entrada com lanches de consumo r\u00e1pido como frutas, barra de cereal, chocolate e outros. <\/p>\n\n\n\n<p>IMPORTANTE:<strong> <\/strong>Leve garrafa com \u00e1gua.<\/p>\n\n\n\n<p>O edital n\u00e3o estabelece um modelo espec\u00edfico de garrafa. Portanto, \u00e9 permitido levar qualquer tipo de garrafa, inclusive t\u00e9rmica. <\/p>\n\n\n\n<p>Para mais informa\u00e7\u00f5es nutricionais, acesse a <a href=\"https:\/\/www.ufmg.br\/seriadoufmg\/noticia\/nutricionista-destaca-cuidados-com-a-alimentacao-na-semana-que-antecede-o-seriado-ufmg\/#\" data-type=\"link\" data-id=\"https:\/\/www.ufmg.br\/seriadoufmg\/noticia\/nutricionista-destaca-cuidados-com-a-alimentacao-na-semana-que-antecede-o-seriado-ufmg\/#\">mat\u00e9ria<\/a> publicada no site com dicas de cuidados com a alimenta\u00e7\u00e3o tanto na v\u00e9spera quanto no dia da prova.<\/p>\n<\/details>\n\n\n\n<p><\/p>\n\n\n\n<details class=\"wp-block-details is-layout-flow wp-block-details-is-layout-flow\"><summary><strong><strong>O celular \u00e9 como no Enem, que fica num envelope?<\/strong><\/strong> <\/summary>\n<p><\/p>\n\n\n\n<p>Sim. <\/p>\n\n\n\n<p>De acordo com o <a href=\"https:\/\/backend.copeve.ufmg.br\/uploads\/Edital_Seriado_2025_ead2f27063.html\" data-type=\"link\" data-id=\"https:\/\/backend.copeve.ufmg.br\/uploads\/Edital_Seriado_2025_ead2f27063.html\" target=\"_blank\" rel=\"noreferrer noopener\">edital<\/a>, durante a realiza\u00e7\u00e3o da prova, o candidato n\u00e3o poder\u00e1 portar ou estar de posse de qualquer tipo de rel\u00f3gio, telefone celular e\/ou bateria, <em>pen drive<\/em>, fone de ouvido, calculadora, controle remoto, alarme de carro ou quaisquer outros componentes ou equipamentos eletr\u00f4nicos ou de inform\u00e1tica, em funcionamento ou n\u00e3o, ligados ou desligados.<\/p>\n\n\n\n<p>A Copeve\/UFMG disponibilizar\u00e1 ao candidato uma embalagem para guardar esses objetos, que devem estar DESLIGADOS. Essa embalagem dever\u00e1 ser lacrada e identificada pelo pr\u00f3prio candidato assim que ele entrar na sala e dever\u00e1 ser deixada em um local, \u00e0 vista do candidato e indicado pelo aplicador. Conclu\u00edda a prova e ap\u00f3s o candidato ter entregado a folha de resposta ao aplicador, ele poder\u00e1 recolher a embalagem que somente dever\u00e1 ser aberta ap\u00f3s a sa\u00edda do candidato do pr\u00e9dio.<\/p>\n<\/details>\n\n\n\n<p><\/p>\n\n\n\n<p><strong><mark style=\"background-color:#ed4197\" class=\"has-inline-color has-white-color\">Documenta\u00e7\u00e3o<\/mark><\/strong><\/p>\n\n\n\n<details class=\"wp-block-details is-layout-flow wp-block-details-is-layout-flow\"><summary><strong>Se tiver algum problema com meu documento (foto ainda infantil, identidade nova diferente da que usei na inscri\u00e7\u00e3o, etc), ainda tem como fazer a prova? <\/strong><\/summary>\n<p><\/p>\n\n\n\n<p>Sim, voc\u00ea poder\u00e1 levar o novo documento. Se for necess\u00e1rio, faremos a Ocorr\u00eancia de Identifica\u00e7\u00e3o.<\/p>\n\n\n\n<p>Neste caso, faremos o processo de identifica\u00e7\u00e3o presencial do candidato no dia da prova, com coleta digital e registro em foto. De acordo com o <a href=\"https:\/\/backend.copeve.ufmg.br\/uploads\/Edital_Seriado_2025_ead2f27063.html\" data-type=\"link\" data-id=\"https:\/\/backend.copeve.ufmg.br\/uploads\/Edital_Seriado_2025_ead2f27063.html\" target=\"_blank\" rel=\"noreferrer noopener\">edital<\/a>, ap\u00f3s o processo de identifica\u00e7\u00e3o, caso ainda restem d\u00favidas em rela\u00e7\u00e3o \u00e0 identifica\u00e7\u00e3o do candidato, esse poder\u00e1 ser fotografado, ficando a Copeve\/UFMG autorizada a faz\u00ea-lo.<\/p>\n\n\n\n<p><strong>Aten\u00e7\u00e3o!<\/strong> No dia da prova ser\u00e3o aceitos como documentos de identidade: RG, CNH (somente o modelo com foto), passaporte, carteira de trabalho, certificado de reservista, carteira de \u00f3rg\u00e3os oficiais ou conselhos profissionais. J\u00e1 as vers\u00f5es digitais aceitas s\u00e3o e-t\u00edtulo, CNH digital ou RG oficial (somente nos apps oficiais).<\/p>\n<\/details>\n\n\n\n<p><\/p>\n\n\n\n<details class=\"wp-block-details is-layout-flow wp-block-details-is-layout-flow\"><summary><strong>Coloquei ampla concorr\u00eancia na inscri\u00e7\u00e3o, mas sou de escola p\u00fablica. O que devo fazer?<\/strong><\/summary>\n<p><\/p>\n\n\n\n<p>N\u00e3o se preocupe, essa informa\u00e7\u00e3o poder\u00e1 ser alterada nas pr\u00f3ximas etapas. <\/p>\n\n\n\n<p><strong>Fique atento!<\/strong> A defini\u00e7\u00e3o da modalidade de vaga s\u00f3 ocorrer\u00e1 no ato de inscri\u00e7\u00e3o para a etapa 3 do Seriado UFMG.<\/p>\n<\/details>\n\n\n\n<p><\/p>\n\n\n\n<details class=\"wp-block-details is-layout-flow wp-block-details-is-layout-flow\"><summary><strong>Esse ano posso fazer a prova em uma cidade e no ano que vem em outra?<\/strong><\/summary>\n<p><\/p>\n\n\n\n<p>Sim. No ato de inscri\u00e7\u00e3o para cada etapa, o candidato selecionar\u00e1 a cidade onde deseja realizar a prova.<\/p>\n<\/details>\n\n\n\n<p><\/p>\n\n\n\n<details class=\"wp-block-details is-layout-flow wp-block-details-is-layout-flow\"><summary><strong>Meu local de prova saiu muito longe. Tem como mudar?<\/strong><\/summary>\n<p><\/p>\n\n\n\n<p>N\u00e3o ser\u00e1 poss\u00edvel qualquer altera\u00e7\u00e3o referente ao local de realiza\u00e7\u00e3o da prova. <\/p>\n\n\n\n<p><\/p>\n<\/details>\n\n\n\n<p><\/p>\n\n\n\n<details class=\"wp-block-details is-layout-flow wp-block-details-is-layout-flow\"><summary><strong>O comprovante definitivo de inscri\u00e7\u00e3o est\u00e1 com um sobrenome errado. O que devo fazer? <\/strong><\/summary>\n<p><\/p>\n\n\n\n<p>O candidato deve acessar a \u00e1rea do candidato e corrigir os dados. <br>No entanto, como o material j\u00e1 est\u00e1 impresso, no dia da prova o aplicador conferir\u00e1 a documenta\u00e7\u00e3o e, caso haja diverg\u00eancia, ser\u00e1 registrada uma ocorr\u00eancia de identifica\u00e7\u00e3o. <strong>Aten\u00e7\u00e3o!<\/strong> Isso n\u00e3o impedir\u00e1 o candidato de realizar a prova. <\/p>\n<\/details>\n\n\n\n<p><\/p>\n\n\n\n<details class=\"wp-block-details is-layout-flow wp-block-details-is-layout-flow\"><summary><strong>Na inscri\u00e7\u00e3o para a etapa 2, posso mudar<\/strong> <strong>a resposta referente ao meu sexo?<\/strong><\/summary>\n<p><\/p>\n\n\n\n<p>Sim. <\/p>\n<\/details>\n\n\n\n<p><\/p>\n\n\n\n<p><strong><mark style=\"background-color:#ed4197\" class=\"has-inline-color has-white-color\">Din\u00e2mica<\/mark><\/strong><\/p>\n\n\n\n<p><\/p>\n\n\n\n<details class=\"wp-block-details is-layout-flow wp-block-details-is-layout-flow\"><summary><strong>Posso levar a prova para casa?<\/strong><\/summary>\n<p><\/p>\n\n\n\n<p>N\u00e3o \u00e9 permitido levar o caderno de provas. <\/p>\n\n\n\n<p>De acordo com o <a href=\"https:\/\/backend.copeve.ufmg.br\/uploads\/Edital_Seriado_2025_ead2f27063.html\" data-type=\"link\" data-id=\"https:\/\/backend.copeve.ufmg.br\/uploads\/Edital_Seriado_2025_ead2f27063.html\" target=\"_blank\" rel=\"noreferrer noopener\">edital<\/a>, ser\u00e1 permitido ao candidato levar consigo o rascunho contendo somente as marca\u00e7\u00f5es das respostas da prova objetiva. No entanto, essa folha de rascunho s\u00f3 poder\u00e1 ser destacada do Caderno de Prova, mediante a confer\u00eancia feita pelo aplicador de sala.<\/p>\n\n\n\n<p>As provas ser\u00e3o disponibilizadas no site da <a href=\"https:\/\/site.copeve.ufmg.br\/concursos\/218\" data-type=\"link\" data-id=\"https:\/\/site.copeve.ufmg.br\/concursos\/218\" target=\"_blank\" rel=\"noreferrer noopener\">Copeve<\/a> na noite do mesmo dia da aplica\u00e7\u00e3o, 14 de dezembro.<\/p>\n<\/details>\n\n\n\n<p><\/p>\n\n\n\n<details class=\"wp-block-details is-layout-flow wp-block-details-is-layout-flow\"><summary><strong>Se eu acabar a prova, posso sair da sala?<\/strong><\/summary>\n<p><\/p>\n\n\n\n<p>De acordo com o <a href=\"https:\/\/backend.copeve.ufmg.br\/uploads\/Edital_Seriado_2025_ead2f27063.html\" data-type=\"link\" data-id=\"https:\/\/backend.copeve.ufmg.br\/uploads\/Edital_Seriado_2025_ead2f27063.html\">edital<\/a>, ap\u00f3s o in\u00edcio da prova, todos os candidatos dever\u00e3o, obrigatoriamente, permanecer no local de aplica\u00e7\u00e3o da prova enquanto n\u00e3o estiver conclu\u00eddo o processo de identifica\u00e7\u00e3o de todos os candidatos. <\/p>\n\n\n\n<p>Assim, o candidato s\u00f3 poder\u00e1 sair da sala e do pr\u00e9dio, ap\u00f3s o t\u00e9rmino do sigilo e autoriza\u00e7\u00e3o do aplicador.<\/p>\n<\/details>\n\n\n\n<p><\/p>\n\n\n\n<details class=\"wp-block-details is-layout-flow wp-block-details-is-layout-flow\"><summary><strong>Como ser\u00e1 feita a marca\u00e7\u00e3o do tempo? O fiscal avisar\u00e1 de 30 em 30 minutos, como no Enem?<\/strong><\/summary>\n<p><\/p>\n\n\n\n<p><strong>Sim<\/strong>. Haver\u00e1 um cartaz de tempo, no qual o aplicador far\u00e1 as marca\u00e7\u00f5es a cada 30 minutos. <br>Al\u00e9m disso, nos \u00faltimos 30 minutos de prova, haver\u00e1 um aviso sonoro (dois toques breves) e o aplicador tamb\u00e9m far\u00e1 o aviso verbalmente. <\/p>\n<\/details>\n\n\n\n<p><\/p>\n\n\n\n<p><strong><mark style=\"background-color:#ed4197\" class=\"has-inline-color has-white-color\">Prova<\/mark><\/strong><\/p>\n\n\n\n<p><\/p>\n\n\n\n<details class=\"wp-block-details is-layout-flow wp-block-details-is-layout-flow\"><summary><strong>Ser\u00e3o quantas quest\u00f5es sobre as obras indicadas?<\/strong><\/summary>\n<p><\/p>\n\n\n\n<p>N\u00e3o h\u00e1 um n\u00famero definido de quest\u00f5es sobre as obras indicadas. <\/p>\n<\/details>\n\n\n\n<p><\/p>\n\n\n\n<details class=\"wp-block-details is-layout-flow wp-block-details-is-layout-flow\"><summary><strong>Como vai funcionar a quest\u00e3o aberta interdisciplinar?<\/strong><\/summary>\n<p><\/p>\n\n\n\n<p>Conforme definido no item 4.2.2 do <a href=\"https:\/\/backend.copeve.ufmg.br\/uploads\/Edital_Seriado_2025_ead2f27063.html\" target=\"_blank\" rel=\"noreferrer noopener\">edital<\/a>, a quest\u00e3o discursiva ter\u00e1 natureza interdisciplinar em rela\u00e7\u00e3o aos componentes curriculares, com o objetivo de avaliar&nbsp;o dom\u00ednio de uma tem\u00e1tica espec\u00edfica pertinente \u00e0&nbsp;1\u00aa&nbsp;s\u00e9rie do ensino m\u00e9dio (conte\u00fado) e mensurar a habilidade de express\u00e3o na modalidade escrita em prosa e de aplica\u00e7\u00e3o das normas do registro formal culto da L\u00edngua Portuguesa&nbsp;padr\u00e3o (forma).<\/p>\n<\/details>\n\n\n\n<p><\/p>\n\n\n\n<details class=\"wp-block-details is-layout-flow wp-block-details-is-layout-flow\"><summary><strong>Tem divulga\u00e7\u00e3o de resultado ou s\u00f3 ao final dos 3 anos?<\/strong><br><\/summary>\n<p>Sim. Haver\u00e1 divulga\u00e7\u00e3o do desempenho do candidato ap\u00f3s a realiza\u00e7\u00e3o de cada etapa do Seriado UFMG.<\/p>\n\n\n\n<p>Para a etapa 1 do <em>ciclo 2025-2027<\/em>, ela ocorrer\u00e1 de acordo com o cronograma apresentado no <a href=\"https:\/\/backend.copeve.ufmg.br\/uploads\/Edital_Seriado_2025_ead2f27063.html\" data-type=\"link\" data-id=\"https:\/\/backend.copeve.ufmg.br\/uploads\/Edital_Seriado_2025_ead2f27063.html\">edital<\/a>:<\/p>\n\n\n\n<div class=\"wp-block-group\"><div class=\"wp-block-group__inner-container is-layout-constrained wp-block-group-is-layout-constrained\">\n<figure class=\"wp-block-table\"><table class=\"has-fixed-layout\"><tbody><tr><td rowspan=\"4\"><strong>Fevereiro<\/strong> <strong>2026<\/strong><strong><\/strong><\/td><td><strong>2<\/strong><strong><\/strong><\/td><td><strong>Previs\u00e3o da divulga\u00e7\u00e3o preliminar do desempenho do candidato<\/strong><strong><\/strong><\/td><\/tr><tr><td>9<\/td><td>Data Final para recurso contra a preliminar do desempenho do candidato<\/td><\/tr><tr><td rowspan=\"2\"><strong>19<\/strong><strong><\/strong><\/td><td>Disponibiliza\u00e7\u00e3o das respostas dos recursos contra a preliminar do desempenho dos candidatos<\/td><\/tr><tr><td><strong>Divulga\u00e7\u00e3o do desempenho do candidato ap\u00f3s an\u00e1lise dos recursos<\/strong><strong><\/strong><\/td><\/tr><\/tbody><\/table><\/figure>\n<\/div><\/div>\n<\/details>\n\n\n\n<p><\/p>\n\n\n\n<details class=\"wp-block-details is-layout-flow wp-block-details-is-layout-flow\"><summary><strong>Qual a nota m\u00ednima para ser aprovado na primeira etapa?<\/strong><\/summary>\n<p><\/p>\n\n\n\n<p>N\u00e3o existe defini\u00e7\u00e3o de nota m\u00ednima na Etapa 1 para o candidato prosseguir para as etapas seguintes. <\/p>\n<\/details>\n\n\n\n<p><\/p>\n\n\n\n<details class=\"wp-block-details is-layout-flow wp-block-details-is-layout-flow\"><summary><strong>A pr\u00f3pria UFMG fez algum simulado?<\/strong><\/summary>\n<p>N\u00e3o, nenhum simulado foi realizado pela UFMG. <\/p>\n<\/details>\n\n\n\n<p><\/p>\n\n\n\n<p><\/p>\n\n\n\n<p>Confira outras perguntas e respostas sobre o Seriado <a href=\"https:\/\/www.ufmg.br\/seriadoufmg\/faq\/\" data-type=\"link\" data-id=\"https:\/\/www.ufmg.br\/seriadoufmg\/faq\/\" target=\"_blank\" rel=\"noreferrer noopener\">aqui<\/a>.<\/p>\n\n\n\n<p>Veja dicas de <a href=\"https:\/\/www.ufmg.br\/seriadoufmg\/noticia\/nutricionista-destaca-cuidados-com-a-alimentacao-na-semana-que-antecede-o-seriado-ufmg\/\" target=\"_blank\" rel=\"noreferrer noopener\">alimenta\u00e7\u00e3o<\/a> e <a href=\"https:\/\/www.ufmg.br\/seriadoufmg\/noticia\/psicologo-expoe-estrategias-para-controlar-a-ansiedade-durante-o-seriado-ufmg\/\" target=\"_blank\" rel=\"noreferrer noopener\">controle de ansiedade<\/a> para o dia da prova!<\/p>\n\n\n\n<p><\/p>\n\n\n\n<p><\/p>\n\n\n\n<p><\/p>\n","protected":false},"excerpt":{"rendered":"<p>Vem a\u00ed a prova da etapa 1 do ciclo 2025-2027 do Seriado UFMG! Fique atento \u00e0s d\u00favidas frequentes e prepare-se para o dia 14 de dezembro. Posso levar? Documenta\u00e7\u00e3o Din\u00e2mica Prova Confira outras perguntas e respostas sobre o Seriado aqui. Veja dicas de alimenta\u00e7\u00e3o e controle de ansiedade para o dia da prova!<\/p>\n","protected":false},"author":4,"featured_media":0,"parent":0,"menu_order":0,"comment_status":"closed","ping_status":"closed","template":"","meta":{"_acf_changed":false,"footnotes":""},"class_list":["post-698","page","type-page","status-publish","hentry"],"acf":[],"_links":{"self":[{"href":"https:\/\/www.ufmg.br\/seriadoufmg\/wp-json\/wp\/v2\/pages\/698"}],"collection":[{"href":"https:\/\/www.ufmg.br\/seriadoufmg\/wp-json\/wp\/v2\/pages"}],"about":[{"href":"https:\/\/www.ufmg.br\/seriadoufmg\/wp-json\/wp\/v2\/types\/page"}],"author":[{"embeddable":true,"href":"https:\/\/www.ufmg.br\/seriadoufmg\/wp-json\/wp\/v2\/users\/4"}],"replies":[{"embeddable":true,"href":"https:\/\/www.ufmg.br\/seriadoufmg\/wp-json\/wp\/v2\/comments?post=698"}],"version-history":[{"count":43,"href":"https:\/\/www.ufmg.br\/seriadoufmg\/wp-json\/wp\/v2\/pages\/698\/revisions"}],"predecessor-version":[{"id":779,"href":"https:\/\/www.ufmg.br\/seriadoufmg\/wp-json\/wp\/v2\/pages\/698\/revisions\/779"}],"wp:attachment":[{"href":"https:\/\/www.ufmg.br\/seriadoufmg\/wp-json\/wp\/v2\/media?parent=698"}],"curies":[{"name":"wp","href":"https:\/\/api.w.org\/{rel}","templated":true}]}}