{"id":810,"date":"2026-02-24T15:10:34","date_gmt":"2026-02-24T18:10:34","guid":{"rendered":"https:\/\/www.ufmg.br\/seriadoufmg\/?page_id=810"},"modified":"2026-02-24T15:11:02","modified_gmt":"2026-02-24T18:11:02","slug":"o-ciclo","status":"publish","type":"page","link":"https:\/\/www.ufmg.br\/seriadoufmg\/o-ciclo\/","title":{"rendered":"O Ciclo"},"content":{"rendered":"\n<p>O ciclo \u00e9 composto por tr\u00eas etapas em tr\u00eas anos consecutivos.<\/p>\n\n\n\n<p><strong>Etapa 1 &#8211; 2025<\/strong><\/p>\n\n\n\n<p>O conte\u00fado \u00e9 relacionado ao aprendizado do 1\u00ba ano do ensino m\u00e9dio.<\/p>\n\n\n\n<p>A prova ser\u00e1 aplicada no dia <strong>14 de dezembro<\/strong>, com 45 quest\u00f5es objetivas, abordando as quatro \u00e1reas do conhecimento, al\u00e9m de uma quest\u00e3o discursiva.<\/p>\n\n\n\n<p>Consulte o <a href=\"https:\/\/www.ufmg.br\/seriadoufmg\/edital-2025\/\" target=\"_blank\" rel=\"noreferrer noopener\">edital 2025<\/a>.<\/p>\n\n\n\n<p><strong>Etapa 2 &#8211; 2026<\/strong><\/p>\n\n\n\n<p>Ser\u00e3o 45 quest\u00f5es objetivas, abordando as quatro \u00e1reas do conhecimento, e uma ou duas quest\u00f5es discursivas interdisciplinares.<\/p>\n\n\n\n<p><strong>Etapa 3 &#8211; 2027<\/strong><\/p>\n\n\n\n<p>Ser\u00e3o dois dias de avalia\u00e7\u00e3o. No primeiro, a prova ter\u00e1 35 quest\u00f5es objetivas, abordando as quatro \u00e1reas do conhecimento, e uma reda\u00e7\u00e3o. O segundo dia poder\u00e1 apresentar at\u00e9 oito quest\u00f5es discursivas, abordando uma ou duas das quatro \u00e1reas do conhecimento, de acordo com o curso de gradua\u00e7\u00e3o escolhido pelo candidato.<\/p>\n\n\n\n<p>Consulte a vers\u00e3o final do <a href=\"https:\/\/www.ufmg.br\/seriadoufmg\/wp-content\/uploads\/2025\/11\/SeriadoUFMG_DocumentoNorteador_Completo_30102025.pdf\" target=\"_blank\" rel=\"noreferrer noopener\">documento norteador<\/a> das etapas 1, 2 e 3.<\/p>\n","protected":false},"excerpt":{"rendered":"<p>O ciclo \u00e9 composto por tr\u00eas etapas em tr\u00eas anos consecutivos. Etapa 1 &#8211; 2025 O conte\u00fado \u00e9 relacionado ao aprendizado do 1\u00ba ano do ensino m\u00e9dio. A prova ser\u00e1 aplicada no dia 14 de dezembro, com 45 quest\u00f5es objetivas, abordando as quatro \u00e1reas do conhecimento, al\u00e9m de uma quest\u00e3o discursiva. Consulte o edital 2025. [&hellip;]<\/p>\n","protected":false},"author":4,"featured_media":0,"parent":0,"menu_order":0,"comment_status":"closed","ping_status":"closed","template":"","meta":{"_acf_changed":false,"footnotes":""},"class_list":["post-810","page","type-page","status-publish","hentry"],"acf":[],"_links":{"self":[{"href":"https:\/\/www.ufmg.br\/seriadoufmg\/wp-json\/wp\/v2\/pages\/810"}],"collection":[{"href":"https:\/\/www.ufmg.br\/seriadoufmg\/wp-json\/wp\/v2\/pages"}],"about":[{"href":"https:\/\/www.ufmg.br\/seriadoufmg\/wp-json\/wp\/v2\/types\/page"}],"author":[{"embeddable":true,"href":"https:\/\/www.ufmg.br\/seriadoufmg\/wp-json\/wp\/v2\/users\/4"}],"replies":[{"embeddable":true,"href":"https:\/\/www.ufmg.br\/seriadoufmg\/wp-json\/wp\/v2\/comments?post=810"}],"version-history":[{"count":2,"href":"https:\/\/www.ufmg.br\/seriadoufmg\/wp-json\/wp\/v2\/pages\/810\/revisions"}],"predecessor-version":[{"id":812,"href":"https:\/\/www.ufmg.br\/seriadoufmg\/wp-json\/wp\/v2\/pages\/810\/revisions\/812"}],"wp:attachment":[{"href":"https:\/\/www.ufmg.br\/seriadoufmg\/wp-json\/wp\/v2\/media?parent=810"}],"curies":[{"name":"wp","href":"https:\/\/api.w.org\/{rel}","templated":true}]}}