{"id":814,"date":"2026-02-24T15:12:09","date_gmt":"2026-02-24T18:12:09","guid":{"rendered":"https:\/\/www.ufmg.br\/seriadoufmg\/?page_id=814"},"modified":"2026-02-24T15:12:09","modified_gmt":"2026-02-24T18:12:09","slug":"o-ciclo-2","status":"publish","type":"page","link":"https:\/\/www.ufmg.br\/seriadoufmg\/o-ciclo-2\/","title":{"rendered":"O Ciclo"},"content":{"rendered":"\n<p>O ciclo \u00e9 composto por tr\u00eas etapas em tr\u00eas anos consecutivos.<\/p>\n\n\n\n<p><strong>Etapa 1 \u2013 2026<\/strong><\/p>\n\n\n\n<p>O conte\u00fado \u00e9 relacionado ao aprendizado do 1\u00ba ano do ensino m\u00e9dio.<\/p>\n\n\n\n<p>Ser\u00e3o 45 quest\u00f5es objetivas, abordando as quatro \u00e1reas do conhecimento, al\u00e9m de uma quest\u00e3o discursiva.<\/p>\n\n\n\n<p><strong>Etapa 2 \u2013 2027<\/strong><\/p>\n\n\n\n<p>Ser\u00e3o 45 quest\u00f5es objetivas, abordando as quatro \u00e1reas do conhecimento, e uma ou duas quest\u00f5es discursivas interdisciplinares.<\/p>\n\n\n\n<p><strong>Etapa 3 \u2013 2028<\/strong><\/p>\n\n\n\n<p>Ser\u00e3o dois dias de avalia\u00e7\u00e3o. No primeiro, a prova ter\u00e1 35 quest\u00f5es objetivas, abordando as quatro \u00e1reas do conhecimento, e uma reda\u00e7\u00e3o. O segundo dia poder\u00e1 apresentar at\u00e9 oito quest\u00f5es discursivas, abordando uma ou duas das quatro \u00e1reas do conhecimento, de acordo com o curso de gradua\u00e7\u00e3o escolhido pelo candidato.<\/p>\n","protected":false},"excerpt":{"rendered":"<p>O ciclo \u00e9 composto por tr\u00eas etapas em tr\u00eas anos consecutivos. Etapa 1 \u2013 2026 O conte\u00fado \u00e9 relacionado ao aprendizado do 1\u00ba ano do ensino m\u00e9dio. Ser\u00e3o 45 quest\u00f5es objetivas, abordando as quatro \u00e1reas do conhecimento, al\u00e9m de uma quest\u00e3o discursiva. Etapa 2 \u2013 2027 Ser\u00e3o 45 quest\u00f5es objetivas, abordando as quatro \u00e1reas do [&hellip;]<\/p>\n","protected":false},"author":4,"featured_media":0,"parent":0,"menu_order":0,"comment_status":"closed","ping_status":"closed","template":"","meta":{"_acf_changed":false,"footnotes":""},"class_list":["post-814","page","type-page","status-publish","hentry"],"acf":[],"_links":{"self":[{"href":"https:\/\/www.ufmg.br\/seriadoufmg\/wp-json\/wp\/v2\/pages\/814"}],"collection":[{"href":"https:\/\/www.ufmg.br\/seriadoufmg\/wp-json\/wp\/v2\/pages"}],"about":[{"href":"https:\/\/www.ufmg.br\/seriadoufmg\/wp-json\/wp\/v2\/types\/page"}],"author":[{"embeddable":true,"href":"https:\/\/www.ufmg.br\/seriadoufmg\/wp-json\/wp\/v2\/users\/4"}],"replies":[{"embeddable":true,"href":"https:\/\/www.ufmg.br\/seriadoufmg\/wp-json\/wp\/v2\/comments?post=814"}],"version-history":[{"count":1,"href":"https:\/\/www.ufmg.br\/seriadoufmg\/wp-json\/wp\/v2\/pages\/814\/revisions"}],"predecessor-version":[{"id":815,"href":"https:\/\/www.ufmg.br\/seriadoufmg\/wp-json\/wp\/v2\/pages\/814\/revisions\/815"}],"wp:attachment":[{"href":"https:\/\/www.ufmg.br\/seriadoufmg\/wp-json\/wp\/v2\/media?parent=814"}],"curies":[{"name":"wp","href":"https:\/\/api.w.org\/{rel}","templated":true}]}}