{"id":817,"date":"2026-02-24T15:27:56","date_gmt":"2026-02-24T18:27:56","guid":{"rendered":"https:\/\/www.ufmg.br\/seriadoufmg\/?page_id=817"},"modified":"2026-02-24T15:49:13","modified_gmt":"2026-02-24T18:49:13","slug":"prova-etapa-1-2025-2027-2","status":"publish","type":"page","link":"https:\/\/www.ufmg.br\/seriadoufmg\/prova-etapa-1-2025-2027-2\/","title":{"rendered":"Prova Etapa 1 (2025-2027)"},"content":{"rendered":"\n<p><\/p>\n\n\n\n<h3 class=\"wp-block-heading\">Provas<\/h3>\n\n\n\n<p><\/p>\n\n\n\n<p>Acesse os cadernos de prova do Seriado UFMG <a href=\"https:\/\/backend.copeve.ufmg.br\/uploads\/cadernos_provas_fd39bd9c01.html\" data-type=\"link\" data-id=\"https:\/\/backend.copeve.ufmg.br\/uploads\/cadernos_provas_fd39bd9c01.html\" target=\"_blank\" rel=\"noreferrer noopener\">aqui<\/a>.<\/p>\n\n\n\n<p><\/p>\n\n\n\n<h3 class=\"wp-block-heading\">Gabaritos<\/h3>\n\n\n\n<p><\/p>\n\n\n\n<p>Acesse os gabaritos da prova do Seriado UFMG\u00a0<a href=\"https:\/\/site.copeve.ufmg.br\/concursos\/218\" target=\"_blank\" rel=\"noreferrer noopener\">aqui<\/a>.<\/p>\n\n\n\n<p><\/p>\n\n\n\n<h3 class=\"wp-block-heading\">Quando e onde<\/h3>\n\n\n\n<p><\/p>\n\n\n\n<p><strong>14 de dezembro de 2025<\/strong><\/p>\n\n\n\n<p>In\u00edcio da prova:&nbsp;<strong>14h<\/strong>&nbsp;<\/p>\n\n\n\n<p>Abertura dos port\u00f5es: 12h30<\/p>\n\n\n\n<p>Fechamento dos port\u00f5es (toler\u00e2ncia): 15 minutos ap\u00f3s o in\u00edcio das provas<\/p>\n\n\n\n<p>Dura\u00e7\u00e3o: 4 horas<\/p>\n\n\n\n<p>Veja os&nbsp;<strong><a href=\"https:\/\/www.ufmg.br\/seriadoufmg\/wp-content\/uploads\/2025\/11\/Locais-de-aplicacao-SeriadoUFMG-2025.pdf\" target=\"_blank\" rel=\"noreferrer noopener\">locais de prova<\/a><\/strong>.<\/p>\n","protected":false},"excerpt":{"rendered":"<p>Provas Acesse os cadernos de prova do Seriado UFMG aqui. Gabaritos Acesse os gabaritos da prova do Seriado UFMG\u00a0aqui. Quando e onde 14 de dezembro de 2025 In\u00edcio da prova:&nbsp;14h&nbsp; Abertura dos port\u00f5es: 12h30 Fechamento dos port\u00f5es (toler\u00e2ncia): 15 minutos ap\u00f3s o in\u00edcio das provas Dura\u00e7\u00e3o: 4 horas Veja os&nbsp;locais de prova.<\/p>\n","protected":false},"author":4,"featured_media":0,"parent":0,"menu_order":0,"comment_status":"closed","ping_status":"closed","template":"","meta":{"_acf_changed":false,"footnotes":""},"class_list":["post-817","page","type-page","status-publish","hentry"],"acf":[],"_links":{"self":[{"href":"https:\/\/www.ufmg.br\/seriadoufmg\/wp-json\/wp\/v2\/pages\/817"}],"collection":[{"href":"https:\/\/www.ufmg.br\/seriadoufmg\/wp-json\/wp\/v2\/pages"}],"about":[{"href":"https:\/\/www.ufmg.br\/seriadoufmg\/wp-json\/wp\/v2\/types\/page"}],"author":[{"embeddable":true,"href":"https:\/\/www.ufmg.br\/seriadoufmg\/wp-json\/wp\/v2\/users\/4"}],"replies":[{"embeddable":true,"href":"https:\/\/www.ufmg.br\/seriadoufmg\/wp-json\/wp\/v2\/comments?post=817"}],"version-history":[{"count":9,"href":"https:\/\/www.ufmg.br\/seriadoufmg\/wp-json\/wp\/v2\/pages\/817\/revisions"}],"predecessor-version":[{"id":828,"href":"https:\/\/www.ufmg.br\/seriadoufmg\/wp-json\/wp\/v2\/pages\/817\/revisions\/828"}],"wp:attachment":[{"href":"https:\/\/www.ufmg.br\/seriadoufmg\/wp-json\/wp\/v2\/media?parent=817"}],"curies":[{"name":"wp","href":"https:\/\/api.w.org\/{rel}","templated":true}]}}