{"id":844,"date":"2026-03-13T14:35:15","date_gmt":"2026-03-13T17:35:15","guid":{"rendered":"https:\/\/www.ufmg.br\/seriadoufmg\/?page_id=844"},"modified":"2026-03-13T15:26:16","modified_gmt":"2026-03-13T18:26:16","slug":"como-funciona","status":"publish","type":"page","link":"https:\/\/www.ufmg.br\/seriadoufmg\/como-funciona\/","title":{"rendered":"Como Funciona"},"content":{"rendered":"\n<p><\/p>\n\n\n\n<p>O Seriado UFMG \u00e9 mais uma porta de entrada para o ensino superior p\u00fablico em uma das melhores universidade do pa\u00eds. O processo seletivo dura tr\u00eas anos e \u00e9 composto por tr\u00eas provas &#8211; uma em cada ano &#8211; correspondentes aos conte\u00fados do Ensino M\u00e9dio.<\/p>\n\n\n\n<p><\/p>\n\n\n\n<p><strong>Etapa 1 <\/strong><\/p>\n\n\n\n<p>O conte\u00fado \u00e9 relacionado ao aprendizado do 1\u00ba ano do ensino m\u00e9dio.<\/p>\n\n\n\n<p><\/p>\n\n\n\n<p><strong>Etapa 2 <\/strong><\/p>\n\n\n\n<p>Ser\u00e3o 45 quest\u00f5es objetivas, abordando as quatro \u00e1reas do conhecimento, e uma ou duas quest\u00f5es discursivas interdisciplinares. O conte\u00fado \u00e9 relacionado ao aprendizado do 1\u00ba e do 2\u00ba ano do ensino m\u00e9dio. <\/p>\n\n\n\n<p><strong>Etapa 3 <\/strong><\/p>\n\n\n\n<p>Ser\u00e3o dois dias de avalia\u00e7\u00e3o. No primeiro, a prova ter\u00e1 35 quest\u00f5es objetivas, abordando as quatro \u00e1reas do conhecimento, e uma reda\u00e7\u00e3o. O segundo dia poder\u00e1 apresentar at\u00e9 oito quest\u00f5es discursivas, abordando uma ou duas das quatro \u00e1reas do conhecimento, de acordo com o curso de gradua\u00e7\u00e3o escolhido pelo candidato. O conte\u00fado das provas \u00e9 cumulativo dos 3 anos do ensino m\u00e9dio. <\/p>\n\n\n\n<p><\/p>\n\n\n\n<p><strong>Em 2026, acontecem as seguintes provas:<\/strong><\/p>\n\n\n\n<p><strong>Etapa 2<\/strong> &#8211; Ciclo 2025-2027<\/p>\n\n\n\n<p><strong>Etapa 1<\/strong> &#8211; Ciclo 2026-2028<\/p>\n","protected":false},"excerpt":{"rendered":"<p>O Seriado UFMG \u00e9 mais uma porta de entrada para o ensino superior p\u00fablico em uma das melhores universidade do pa\u00eds. O processo seletivo dura tr\u00eas anos e \u00e9 composto por tr\u00eas provas &#8211; uma em cada ano &#8211; correspondentes aos conte\u00fados do Ensino M\u00e9dio. Etapa 1 O conte\u00fado \u00e9 relacionado ao aprendizado do 1\u00ba [&hellip;]<\/p>\n","protected":false},"author":4,"featured_media":0,"parent":0,"menu_order":0,"comment_status":"closed","ping_status":"closed","template":"","meta":{"_acf_changed":false,"footnotes":""},"class_list":["post-844","page","type-page","status-publish","hentry"],"acf":[],"_links":{"self":[{"href":"https:\/\/www.ufmg.br\/seriadoufmg\/wp-json\/wp\/v2\/pages\/844"}],"collection":[{"href":"https:\/\/www.ufmg.br\/seriadoufmg\/wp-json\/wp\/v2\/pages"}],"about":[{"href":"https:\/\/www.ufmg.br\/seriadoufmg\/wp-json\/wp\/v2\/types\/page"}],"author":[{"embeddable":true,"href":"https:\/\/www.ufmg.br\/seriadoufmg\/wp-json\/wp\/v2\/users\/4"}],"replies":[{"embeddable":true,"href":"https:\/\/www.ufmg.br\/seriadoufmg\/wp-json\/wp\/v2\/comments?post=844"}],"version-history":[{"count":8,"href":"https:\/\/www.ufmg.br\/seriadoufmg\/wp-json\/wp\/v2\/pages\/844\/revisions"}],"predecessor-version":[{"id":856,"href":"https:\/\/www.ufmg.br\/seriadoufmg\/wp-json\/wp\/v2\/pages\/844\/revisions\/856"}],"wp:attachment":[{"href":"https:\/\/www.ufmg.br\/seriadoufmg\/wp-json\/wp\/v2\/media?parent=844"}],"curies":[{"name":"wp","href":"https:\/\/api.w.org\/{rel}","templated":true}]}}