{"id":102,"date":"2024-08-02T11:56:54","date_gmt":"2024-08-02T14:56:54","guid":{"rendered":"https:\/\/www.ufmg.br\/sico2025\/?page_id=102"},"modified":"2025-11-10T10:13:24","modified_gmt":"2025-11-10T13:13:24","slug":"oficinas","status":"publish","type":"page","link":"https:\/\/www.ufmg.br\/sico2025\/oficinas\/","title":{"rendered":"Op\u00e7\u00f5es de Hospedagens"},"content":{"rendered":"\n<p>Separamos algumas indica\u00e7\u00f5es de hot\u00e9is pr\u00f3ximos ao Campus Pampulha da Universidade Federal de Minas Gerais.<\/p>\n\n\n\n<details class=\"wp-block-details has-white-color has-text-color has-background has-link-color wp-elements-62c1a885640c49ba61053d2080410684 is-layout-flow wp-block-details-is-layout-flow\" style=\"background-color:#31505c\"><summary>Quality Hotel Pampulha <\/summary>\n<p class=\"has-black-color has-white-background-color has-text-color has-background has-link-color wp-elements-c1ac6d52f5254b49cf2910482eaff28b\"><\/p>\n<\/details>\n\n\n\n<figure class=\"wp-block-image size-full\"><img loading=\"lazy\" decoding=\"async\" width=\"1024\" height=\"768\" src=\"https:\/\/www.ufmg.br\/sico2025\/wp-content\/uploads\/2025\/11\/60870650.jpg\" alt=\"\" class=\"wp-image-289\" srcset=\"https:\/\/www.ufmg.br\/sico2025\/wp-content\/uploads\/2025\/11\/60870650.jpg 1024w, https:\/\/www.ufmg.br\/sico2025\/wp-content\/uploads\/2025\/11\/60870650-300x225.jpg 300w, https:\/\/www.ufmg.br\/sico2025\/wp-content\/uploads\/2025\/11\/60870650-768x576.jpg 768w\" sizes=\"(max-width: 1024px) 100vw, 1024px\" \/><\/figure>\n\n\n\n<p>Este Hotel fica a 850 metros do Aeroporto da Pampulha e a 4 km do Museu da Arte da Pampulha e do Est\u00e1dio Mineir\u00e3o. Os quartos com decora\u00e7\u00e3o simples disp\u00f5em de Wi-Fi gratuito, TV com tela plana, cofre e frigobar. Os quartos de maior categoria contam com vista para a cidade. Estacionamento e buffet de caf\u00e9 da manh\u00e3 inclusos. As outras comodidades incluem restaurantes e bares casuais com janelas do ch\u00e3o ao teto, sala de gin\u00e1stica e parquinho.<\/p>\n\n\n\n<iframe src=\"https:\/\/www.google.com\/maps\/embed?pb=!1m18!1m12!1m3!1d3752.6338098086126!2d-43.9613316254184!3d-19.855441435989814!2m3!1f0!2f0!3f0!3m2!1i1024!2i768!4f13.1!3m3!1m2!1s0xa690692c446935%3A0xec6237aa0981654d!2sNobile%20Inn%20Pampulha!5e0!3m2!1spt-BR!2sbr!4v1762778091143!5m2!1spt-BR!2sbr\" width=\"600\" height=\"450\" style=\"border:0;\" allowfullscreen=\"\" loading=\"lazy\" referrerpolicy=\"no-referrer-when-downgrade\"><\/iframe>\n\n\n\n<p>Estimativa de di\u00e1ria: R$600,00<\/p>\n\n\n\n<p>Cupom de desconto: desconto de 25% na tarifa do dia (valores flutuantes).<\/p>\n\n\n\n<details class=\"wp-block-details has-white-color has-text-color has-background has-link-color wp-elements-45d4bca2736d96ea904c4c9ee36e0404 is-layout-flow wp-block-details-is-layout-flow\" style=\"background-color:#31505c\"><summary>Hotel Stop Inn<\/summary><\/details>\n\n\n\n<figure class=\"wp-block-image size-full\"><img loading=\"lazy\" decoding=\"async\" width=\"1024\" height=\"575\" src=\"https:\/\/www.ufmg.br\/sico2025\/wp-content\/uploads\/2025\/11\/hotel-stop-inn.jpg\" alt=\"\" class=\"wp-image-291\" srcset=\"https:\/\/www.ufmg.br\/sico2025\/wp-content\/uploads\/2025\/11\/hotel-stop-inn.jpg 1024w, https:\/\/www.ufmg.br\/sico2025\/wp-content\/uploads\/2025\/11\/hotel-stop-inn-300x168.jpg 300w, https:\/\/www.ufmg.br\/sico2025\/wp-content\/uploads\/2025\/11\/hotel-stop-inn-768x431.jpg 768w\" sizes=\"(max-width: 1024px) 100vw, 1024px\" \/><\/figure>\n\n\n\n<p>O Hotel Stop Inn Plus Pampulha, mais um sucesso da MHB Hotelaria, est\u00e1 situado \u00e0 apenas 50 metros do Mineir\u00e3o e Mineirinho, pertinho da Lagoa da Pampulha, UFMG e Aeroporto da Pampulha. Projetado para oferecer o m\u00e1ximo em conforto, o hotel disp\u00f5e de 86 su\u00edtes equipadas com ar-condicionado, TV a cabo, telefone, cofre individual, frigobar, mesa de leitura, internet wireless e banheiro equipado com secador de cabelo e kit de amenities. Para os momentos de lazer, possu\u00edmos em nossa cobertura uma incr\u00edvel piscina com vista panor\u00e2mica da regi\u00e3o. Para eventos, o Stop Inn Plus Pampulha oferece uma sala para at\u00e9 50 pessoas, com equipamentos de alta qualidade e um staff especializado e preparado para o seu atendimento.<\/p>\n\n\n\n<iframe src=\"https:\/\/www.google.com\/maps\/embed?pb=!1m18!1m12!1m3!1d3752.4921125757214!2d-43.9711556!3d-19.8614316!2m3!1f0!2f0!3f0!3m2!1i1024!2i768!4f13.1!3m3!1m2!1s0xa6905839602d15%3A0xadf306fc99d189d1!2sHotel%20Stop%20Inn%20Plus%20Pampulha%20-%20By%20MHB!5e0!3m2!1spt-BR!2sbr!4v1762778923075!5m2!1spt-BR!2sbr\" width=\"600\" height=\"450\" style=\"border:0;\" allowfullscreen=\"\" loading=\"lazy\" referrerpolicy=\"no-referrer-when-downgrade\"><\/iframe>\n\n\n\n<p>Estimativa de di\u00e1ria: R$250,00<\/p>\n\n\n\n<p>Cupom de desconto: c\u00f3digo COGECOM para desconto de 20% na tarifa do dia (valores flutuantes).<\/p>\n\n\n\n<details class=\"wp-block-details has-white-color has-text-color has-background has-link-color wp-elements-5d47dd177ea79603412e99f1baa0c994 is-layout-flow wp-block-details-is-layout-flow\" style=\"background-color:#31505c\"><summary>Transamerica Executive Belo Horizonte <\/summary>\n<p><\/p>\n<\/details>\n\n\n\n<figure class=\"wp-block-image size-full\"><img loading=\"lazy\" decoding=\"async\" width=\"275\" height=\"183\" src=\"https:\/\/www.ufmg.br\/sico2025\/wp-content\/uploads\/2025\/11\/download-5.jpg\" alt=\"\" class=\"wp-image-293\"\/><\/figure>\n\n\n\n<p>O <strong>Transamerica Executive Belo Horizonte<\/strong> combina praticidade e conforto em uma localiza\u00e7\u00e3o estrat\u00e9gica. Com 200 apartamentos modernos, o hotel oferece uma estrutura completa para atender a diferentes perfis de h\u00f3spedes.<\/p>\n\n\n\n<p>A estrutura do hotel inclui um Fitness Center para seus treinos, uma loja de conveni\u00eancia 24 horas com pratos r\u00e1pidos no conceito de autosservi\u00e7o e estacionamento gratuito, proporcionando comodidade em sua estadia.<\/p>\n\n\n\n<p>O hotel est\u00e1 localizado ao lado do <strong>Shopping Del Rey<\/strong>, um dos mais tradicionais centros de compras de Belo Horizonte, com mais de 180 lojas, cinema com 7 salas, boliche e uma variada pra\u00e7a de alimenta\u00e7\u00e3o. Al\u00e9m disso, est\u00e1 pr\u00f3ximo a pontos estrat\u00e9gicos como o <strong>Complexo da Pampulha, UFMG e Mineir\u00e3o<\/strong>, oferecendo f\u00e1cil acesso tanto para quem viaja a neg\u00f3cios quanto a lazer.<\/p>\n\n\n\n<iframe src=\"https:\/\/www.google.com\/maps\/embed?pb=!1m18!1m12!1m3!1d3751.7614026361985!2d-43.970289225417105!3d-19.892294437134243!2m3!1f0!2f0!3f0!3m2!1i1024!2i768!4f13.1!3m3!1m2!1s0xa690cf576c46c7%3A0x56ab73f7494232e0!2sTransamerica%20Executive%20Belo%20Horizonte!5e0!3m2!1spt-BR!2sbr!4v1762779786435!5m2!1spt-BR!2sbr\" width=\"600\" height=\"450\" style=\"border:0;\" allowfullscreen=\"\" loading=\"lazy\" referrerpolicy=\"no-referrer-when-downgrade\"><\/iframe>\n\n\n\n<p>Estimativa de di\u00e1ria: R$370,00<\/p>\n\n\n\n<p>Cupom de desconto: 25% de desconto na tarifa do dia (valores flutuantes). Janela de hospedagem de 23 \u00e0 29 de novembro.<\/p>\n\n\n\n<details class=\"wp-block-details has-white-color has-text-color has-background has-link-color wp-elements-5d47dd177ea79603412e99f1baa0c994 is-layout-flow wp-block-details-is-layout-flow\" style=\"background-color:#31505c\"><summary>Transamerica Executive Belo Horizonte <\/summary>\n<p><\/p>\n<\/details>\n\n\n\n<figure class=\"wp-block-image size-full\"><img loading=\"lazy\" decoding=\"async\" width=\"275\" height=\"183\" src=\"https:\/\/www.ufmg.br\/sico2025\/wp-content\/uploads\/2025\/11\/download-6.jpg\" alt=\"\" class=\"wp-image-295\"\/><\/figure>\n\n\n\n<p>O hotel est\u00e1 pr\u00f3ximo aos principais monumentos do <strong>Conjunto Arquitet\u00f4nico da Pampulha<\/strong>, tornando-se uma \u00f3tima op\u00e7\u00e3o para quem deseja ir a qualquer ponto da cidade. S\u00e3o <strong>208 apartamentos<\/strong> com TV a cabo, Internet, Ar Condicionado e Frigobar. Os quartos s\u00e3o sofisticados e o hotel oferece tamb\u00e9m acomoda\u00e7\u00f5es com acessibilidade para pessoas com mobilidade reduzida.<\/p>\n\n\n\n<p>O <strong>Nobile Inn Pampulha<\/strong> fica a 2 km do <strong>Est\u00e1dio Governador Magalh\u00e3es Pinto (Mineir\u00e3o)<\/strong> e <strong>Complexo Esportivo Mineirinho<\/strong>, a 800 m do <strong>Aeroporto da Pampulha<\/strong> e a 31 km do principal <strong>aeroporto de Confins<\/strong>.<\/p>\n\n\n\n<p>Aproveite para saborear da melhor culin\u00e1ria no restaurante do hotel, que inclui <strong>buffet de caf\u00e9 da manh\u00e3<\/strong> servido de segunda-feira a s\u00e1bado de 6h \u00e0s 10h e nos domingos e feriados de 6:30h \u00e0s 10:30h. Existe uma academia a 300 m do hotel.<\/p>\n\n\n\n<p><strong>Vaga de estacionamento dispon\u00edvel mediante disponibilidade.<\/strong><\/p>\n\n\n\n<p>Crian\u00e7a at\u00e9 7 anos s\u00e3o acomodadas na mesma cama dos pais. <strong>N\u00e3o dispomos de cama extra.<\/strong><\/p>\n\n\n\n<p>Para hospedagem de menores de idade, \u00e9 obrigat\u00f3ria a apresenta\u00e7\u00e3o do <strong>RG ou Certid\u00e3o de Nascimento do menor<\/strong>. Caso n\u00e3o haja parentesco de 1\u00ba grau ou o menor esteja desacompanhado, \u00e9 obrigat\u00f3ria a apresenta\u00e7\u00e3o da <strong>autoriza\u00e7\u00e3o expedida pelo Juizado de Menores<\/strong> e do <strong>documento de identifica\u00e7\u00e3o do mesmo<\/strong>.<\/p>\n\n\n\n<iframe src=\"https:\/\/www.google.com\/maps\/embed?pb=!1m18!1m12!1m3!1d3752.6336900368565!2d-43.958756699999995!3d-19.8554465!2m3!1f0!2f0!3f0!3m2!1i1024!2i768!4f13.1!3m3!1m2!1s0xa690692c446935%3A0xec6237aa0981654d!2sNobile%20Inn%20Pampulha!5e0!3m2!1spt-BR!2sbr!4v1762780306165!5m2!1spt-BR!2sbr\" width=\"600\" height=\"450\" style=\"border:0;\" allowfullscreen=\"\" loading=\"lazy\" referrerpolicy=\"no-referrer-when-downgrade\"><\/iframe>\n\n\n\n<p>Estimativa de di\u00e1ria R$316,00<\/p>\n\n\n\n<p>Clique <a href=\"https:\/\/www.booking.com\/hotel\/br\/ibis-styles-bh-pampulha.pt-br.html?aid=354415&amp;label=ibis-styles-bh-pampulha-pkZEMOGnv3r6K7ayseAxqwS403036221561%3Apl%3Ata%3Ap1%3Ap2%3Aac%3Aap%3Aneg%3Afi%3Atikwd-333937649004%3Alp9196370%3Ali%3Adec%3Adm%3Appccp%3DUmFuZG9tSVYkc2RlIyh9YbC4OlOULAnvcrFmvh1xnqM&amp;sid=95ec863c11f900a082b9a957c4c6288b&amp;dest_id=-629138&amp;dest_type=city&amp;dist=0&amp;group_adults=2&amp;group_children=0&amp;hapos=1&amp;hpos=1&amp;no_rooms=1&amp;req_adults=2&amp;req_children=0&amp;room1=A%2CA&amp;sb_price_type=total&amp;sr_order=popularity&amp;srepoch=1762780394&amp;srpvid=d157bb7eee9d0404da6b2bcb8e778575&amp;type=total&amp;ucfs=1&amp;\" data-type=\"link\" data-id=\"https:\/\/www.booking.com\/hotel\/br\/ibis-styles-bh-pampulha.pt-br.html?aid=354415&amp;label=ibis-styles-bh-pampulha-pkZEMOGnv3r6K7ayseAxqwS403036221561%3Apl%3Ata%3Ap1%3Ap2%3Aac%3Aap%3Aneg%3Afi%3Atikwd-333937649004%3Alp9196370%3Ali%3Adec%3Adm%3Appccp%3DUmFuZG9tSVYkc2RlIyh9YbC4OlOULAnvcrFmvh1xnqM&amp;sid=95ec863c11f900a082b9a957c4c6288b&amp;dest_id=-629138&amp;dest_type=city&amp;dist=0&amp;group_adults=2&amp;group_children=0&amp;hapos=1&amp;hpos=1&amp;no_rooms=1&amp;req_adults=2&amp;req_children=0&amp;room1=A%2CA&amp;sb_price_type=total&amp;sr_order=popularity&amp;srepoch=1762780394&amp;srpvid=d157bb7eee9d0404da6b2bcb8e778575&amp;type=total&amp;ucfs=1&amp;\">aqui<\/a> para acessar o site.<\/p>\n\n\n\n<p><\/p>\n","protected":false},"excerpt":{"rendered":"<p>Separamos algumas indica\u00e7\u00f5es de hot\u00e9is pr\u00f3ximos ao Campus Pampulha da Universidade Federal de Minas Gerais. Este Hotel fica a 850 metros do Aeroporto da Pampulha e a 4 km do Museu da Arte da Pampulha e do Est\u00e1dio Mineir\u00e3o. Os quartos com decora\u00e7\u00e3o simples disp\u00f5em de Wi-Fi gratuito, TV com tela plana, cofre e frigobar. [&hellip;]<\/p>\n","protected":false},"author":1,"featured_media":0,"parent":0,"menu_order":0,"comment_status":"closed","ping_status":"closed","template":"page-templates\/page-workshop.php","meta":{"_acf_changed":false,"footnotes":""},"class_list":["post-102","page","type-page","status-publish","hentry"],"acf":[],"_links":{"self":[{"href":"https:\/\/www.ufmg.br\/sico2025\/wp-json\/wp\/v2\/pages\/102"}],"collection":[{"href":"https:\/\/www.ufmg.br\/sico2025\/wp-json\/wp\/v2\/pages"}],"about":[{"href":"https:\/\/www.ufmg.br\/sico2025\/wp-json\/wp\/v2\/types\/page"}],"author":[{"embeddable":true,"href":"https:\/\/www.ufmg.br\/sico2025\/wp-json\/wp\/v2\/users\/1"}],"replies":[{"embeddable":true,"href":"https:\/\/www.ufmg.br\/sico2025\/wp-json\/wp\/v2\/comments?post=102"}],"version-history":[{"count":4,"href":"https:\/\/www.ufmg.br\/sico2025\/wp-json\/wp\/v2\/pages\/102\/revisions"}],"predecessor-version":[{"id":296,"href":"https:\/\/www.ufmg.br\/sico2025\/wp-json\/wp\/v2\/pages\/102\/revisions\/296"}],"wp:attachment":[{"href":"https:\/\/www.ufmg.br\/sico2025\/wp-json\/wp\/v2\/media?parent=102"}],"curies":[{"name":"wp","href":"https:\/\/api.w.org\/{rel}","templated":true}]}}