{"id":153,"date":"2024-08-02T15:16:52","date_gmt":"2024-08-02T18:16:52","guid":{"rendered":"https:\/\/www.ufmg.br\/sico2025\/?page_id=153"},"modified":"2025-11-23T23:59:09","modified_gmt":"2025-11-24T02:59:09","slug":"apresentacao","status":"publish","type":"page","link":"https:\/\/www.ufmg.br\/sico2025\/apresentacao\/","title":{"rendered":"VII Semin\u00e1rio Internacional de Comunica\u00e7\u00e3o Organizacional (SICO)"},"content":{"rendered":"\n<p>A Universidade Federal de Minas Gerais ser\u00e1 palco, de <strong>25 a 27 de novembro de 2025<\/strong>, da <strong>s\u00e9tima edi\u00e7\u00e3o do Semin\u00e1rio Internacional de Comunica\u00e7\u00e3o Organizacional (SICO)<\/strong>. Nesta edi\u00e7\u00e3o, o encontro ter\u00e1 como tema <strong>\u201cComunica\u00e7\u00e3o e Universidades\u201d<\/strong>, convidando a refletir sobre o papel estrat\u00e9gico da comunica\u00e7\u00e3o no ambiente acad\u00eamico e em suas m\u00faltiplas interfaces com a sociedade.<\/p>\n\n\n\n<p>O evento reunir\u00e1 <strong>pesquisadores, docentes e estudantes do Brasil e do exterior<\/strong> para tr\u00eas dias de intensa troca de conhecimento. A programa\u00e7\u00e3o inclui <strong>mesas-redondas, debates, apresenta\u00e7\u00f5es de trabalhos e atividades culturais<\/strong>, em um espa\u00e7o pensado para integrar diferentes olhares e experi\u00eancias.<\/p>\n\n\n\n<p>O Sico \u00e9 um evento realizado pela Rede Hologramas &#8211; Rede de Estudos em Comunica\u00e7\u00e3o, Organiza\u00e7\u00f5es e P\u00fablicos na Perspectiva da Complexidade, composta pelo Grupo de Pesquisa em Institui\u00e7\u00f5es, P\u00fablicos e Experi\u00eancias Coletivas (IP\u00ca &#8211; UFMG); Grupo de Pesquisa Comunica\u00e7\u00e3o no contexto organizacional: aspectos te\u00f3ricos e conceituais (Dialorg); Grupo de Pesquisa em Comunica\u00e7\u00e3o Organizacional, Cultura e Rela\u00e7\u00f5es de Poder (GCCOP &#8211; UFRGS); e pelo Laborat\u00f3rio de Experimenta\u00e7\u00e3o em Comunica\u00e7\u00e3o e Organiza\u00e7\u00f5es (P\u00f3len -UFV).<\/p>\n\n\n\n<p><strong><mark style=\"background-color:rgba(0, 0, 0, 0)\" class=\"has-inline-color has-black-color\">Submiss\u00e3o de trabalhos<\/mark><\/strong><\/p>\n\n\n\n<p>Pesquisadores e estudantes poder\u00e3o submeter <strong>resumos expandidos<\/strong> at\u00e9 <strong>21 de setembro de 2025<\/strong>, seguindo o modelo disponibilizado pela organiza\u00e7\u00e3o. A lista de trabalhos aprovados ser\u00e1 divulgada at\u00e9 <strong>20 de outubro<\/strong>, e os selecionados integrar\u00e3o o <strong>Caderno de Resumos Expandidos<\/strong> do evento.<\/p>\n\n\n\n<p><strong>Inscri\u00e7\u00f5es<\/strong><\/p>\n\n\n\n<p>As inscri\u00e7\u00f5es para ouvintes e demais participantes possuem valores diferenciados para estudantes, docentes, pesquisadores e profissionais da \u00e1rea. Acesse o <a href=\"https:\/\/www.even3.com.br\/vii-sico-632967\/\">link de inscri\u00e7\u00e3o<\/a>, e confira todas as informa\u00e7\u00f5es sobre o evento.<\/p>\n\n\n\n<p>Inscreva-se por aqui: <a href=\"https:\/\/www.even3.com.br\/vii-sico-632967\/\">https:\/\/www.even3.com.br\/vii-sico-632967\/<\/a><\/p>\n\n\n\n<p>Clique <a href=\"https:\/\/www.booking.com\/hotel\/br\/ibis-styles-bh-pampulha.pt-br.html?aid=1726433&amp;label=ibis-styles-bh-pampulha-eZpNKD0OTInta1wuEcECfAS479809650622%3Apl%3Ata%3Ap1%3Ap2%3Aac%3Aap%3Aneg%3Afi%3Atikwd-303696440565%3Alp9196984%3Ali%3Adec%3Adm%3Appccp%3DUmFuZG9tSVYkc2RlIyh9YbC4OlOULAnvcrFmvh1xnqM&amp;sid=f32e0a1070aaf41ea78956360035c467&amp;dest_id=-629138&amp;dest_type=city&amp;dist=0&amp;group_adults=2&amp;group_children=0&amp;hapos=1&amp;hpos=1&amp;no_rooms=1&amp;req_adults=2&amp;req_children=0&amp;room1=A%2CA&amp;sb_price_type=total&amp;sr_order=popularity&amp;srepoch=1762776522&amp;srpvid=f1ff555b2c800021&amp;type=total&amp;ucfs=1&amp;\" data-type=\"link\" data-id=\"https:\/\/www.booking.com\/hotel\/br\/ibis-styles-bh-pampulha.pt-br.html?aid=1726433&amp;label=ibis-styles-bh-pampulha-eZpNKD0OTInta1wuEcECfAS479809650622%3Apl%3Ata%3Ap1%3Ap2%3Aac%3Aap%3Aneg%3Afi%3Atikwd-303696440565%3Alp9196984%3Ali%3Adec%3Adm%3Appccp%3DUmFuZG9tSVYkc2RlIyh9YbC4OlOULAnvcrFmvh1xnqM&amp;sid=f32e0a1070aaf41ea78956360035c467&amp;dest_id=-629138&amp;dest_type=city&amp;dist=0&amp;group_adults=2&amp;group_children=0&amp;hapos=1&amp;hpos=1&amp;no_rooms=1&amp;req_adults=2&amp;req_children=0&amp;room1=A%2CA&amp;sb_price_type=total&amp;sr_order=popularity&amp;srepoch=1762776522&amp;srpvid=f1ff555b2c800021&amp;type=total&amp;ucfs=1&amp;\">aqui<\/a> para acessar as indica\u00e7\u00f5es de hospedagens em Belo Horizonte.<\/p>\n\n\n\n<p>A UFMG pode ser um espa\u00e7o grande e confuso, ent\u00e3o se localize facilmente por aqui.<\/p>\n\n\n\n<iframe loading=\"lazy\" src=\"https:\/\/www.google.com\/maps\/d\/embed?mid=1HbT4q1awNAYR1ePWlay9KavUFjZLe18&#038;ehbc=2E312F\" width=\"640\" height=\"480\"><\/iframe>\n\n\n\n<p><strong>Confira alguns participantes<\/strong><\/p>\n\n\n\n<figure class=\"wp-block-image size-full\"><img loading=\"lazy\" decoding=\"async\" width=\"283\" height=\"283\" src=\"https:\/\/www.ufmg.br\/sico2025\/wp-content\/uploads\/2025\/09\/1669306214414.jpeg\" alt=\"\" class=\"wp-image-179\" srcset=\"https:\/\/www.ufmg.br\/sico2025\/wp-content\/uploads\/2025\/09\/1669306214414.jpeg 283w, https:\/\/www.ufmg.br\/sico2025\/wp-content\/uploads\/2025\/09\/1669306214414-150x150.jpeg 150w\" sizes=\"(max-width: 283px) 100vw, 283px\" \/><\/figure>\n\n\n\n<p><\/p>\n\n\n\n<p><strong>Margarida Kunsch<\/strong>: Professora em\u00e9rita e pesquisadora da Escola de Comunica\u00e7\u00f5es e Artes da Universidade de S\u00e3o Paulo (ECA-USP), da qual foi diretora de 2013 a 2017. Doutora em Ci\u00eancias da Comunica\u00e7\u00e3o e livre-docente em Teoria da Comunica\u00e7\u00e3o Institucional: Pol\u00edticas e Processos, pela ECA-USP. Coordenadora do Centro de Estudos de Comunica\u00e7\u00e3o Organizacional e Rela\u00e7\u00f5es P\u00fablicas (Cecorp) e do Observat\u00f3rio de Comunica\u00e7\u00e3o, Responsabilidade Social e Sustentabilidade (SustenCOM) da ECA-USP. Foi Pr\u00f3-Reitora Adjunta de Cultura e Extens\u00e3o da Universidade de S\u00e3o Paulo (2018-2021). Pesquisadora vinculada ao Conselho Nacional de Desenvolvimento Cient\u00edfico e Tecnol\u00f3gico (CNPq). Representante de \u00e1rea de Comunica\u00e7\u00e3o e Informa\u00e7\u00e3o no Comit\u00ea Assessor (CA-AC) do CNPq (2019 -2022). \u00c9 autora de vasta produ\u00e7\u00e3o em Ci\u00eancias da Comunica\u00e7\u00e3o e em Comunica\u00e7\u00e3o Organizacional e Rela\u00e7\u00f5es P\u00fablicas. Publicou livros pr\u00f3prios, com destaque para &#8220;Planejamento de rela\u00e7\u00f5es p\u00fablicas na comunica\u00e7\u00e3o integrada&#8221;, 107 cap\u00edtulos de livros, 120 pref\u00e1cios de livros, 42 artigos em peri\u00f3dicos cient\u00edficos nacionais e internacionais.<\/p>\n\n\n\n<figure class=\"wp-block-image size-full\"><img loading=\"lazy\" decoding=\"async\" width=\"283\" height=\"283\" src=\"https:\/\/www.ufmg.br\/sico2025\/wp-content\/uploads\/2025\/09\/rudimar_baldissera-1.png\" alt=\"\" class=\"wp-image-194\" srcset=\"https:\/\/www.ufmg.br\/sico2025\/wp-content\/uploads\/2025\/09\/rudimar_baldissera-1.png 283w, https:\/\/www.ufmg.br\/sico2025\/wp-content\/uploads\/2025\/09\/rudimar_baldissera-1-150x150.png 150w\" sizes=\"(max-width: 283px) 100vw, 283px\" \/><\/figure>\n\n\n\n<p><\/p>\n\n\n\n<p><strong>Rudimar Baldissera (UFRGS)<\/strong>: Professor titular da Universidade Federal do Rio Grande do Sul (UFRGS), \u00e9 doutor em Comunica\u00e7\u00e3o Social pela PUC-RS, mestre em Ci\u00eancias da Comunica\u00e7\u00e3o pela Unisinos e graduado em Rela\u00e7\u00f5es P\u00fablicas pela Universidade de Caxias do Sul. Atua como docente e pesquisador no Programa de P\u00f3s-Gradua\u00e7\u00e3o em Comunica\u00e7\u00e3o da UFRGS (PPGCOM), onde tamb\u00e9m coordenou o programa em diferentes gest\u00f5es e lidera o Grupo de Pesquisa em Comunica\u00e7\u00e3o Organizacional, Cultura e Rela\u00e7\u00f5es de Poder (GCCOP).<\/p>\n\n\n\n<figure class=\"wp-block-image size-full\"><img loading=\"lazy\" decoding=\"async\" width=\"188\" height=\"283\" src=\"https:\/\/www.ufmg.br\/sico2025\/wp-content\/uploads\/2025\/09\/rennan_mafra-183x275-2.jpg\" alt=\"\" class=\"wp-image-195\"\/><\/figure>\n\n\n\n<p><\/p>\n\n\n\n<p><strong>Professor Rennan Mafra (UFV)<\/strong>: P\u00f3s-Doutor (2021) em Hist\u00f3ria pela Universidade Federal de Ouro Preto (UFOP), Doutor (2011) e Mestre (2005) em Comunica\u00e7\u00e3o, na \u00e1rea de concentra\u00e7\u00e3o Comunica\u00e7\u00e3o e Sociabilidade Contempor\u00e2nea, e Graduado em Comunica\u00e7\u00e3o Social (2001), habilita\u00e7\u00e3o Rela\u00e7\u00f5es P\u00fablicas, pela Universidade Federal de Minas Gerais (UFMG). Professor Associado III, lotado no Departamento de Comunica\u00e7\u00e3o Social (DCM) da Universidade Federal de Vi\u00e7osa (UFV), \u00e9 docente permanente do Programa de P\u00f3s-Gradua\u00e7\u00e3o em Comunica\u00e7\u00e3o e Regionalidades (PPGCOM\/UFV), do qual \u00e9 o atual coordenador (2025-2029), e atua tamb\u00e9m como docente colaborador no Programa de P\u00f3s-gradua\u00e7\u00e3o em Comunica\u00e7\u00e3o (PPGCOM) da Universidade Federal de Juiz de Fora (UFJF), em fase de encerramento de orienta\u00e7\u00f5es. Na gradua\u00e7\u00e3o em Comunica\u00e7\u00e3o Social \u2013 Jornalismo da UFV, leciona nas \u00e1reas de Teorias da Comunica\u00e7\u00e3o; Comunica\u00e7\u00e3o e Organiza\u00e7\u00f5es; Comunica\u00e7\u00e3o e Experi\u00eancia; e Laborat\u00f3rio de Assessoria de Comunica\u00e7\u00e3o e Imprensa.<\/p>\n\n\n\n<figure class=\"wp-block-image size-full\"><img loading=\"lazy\" decoding=\"async\" width=\"283\" height=\"283\" src=\"https:\/\/www.ufmg.br\/sico2025\/wp-content\/uploads\/2025\/09\/1516429812301-1.jpeg\" alt=\"\" class=\"wp-image-197\" srcset=\"https:\/\/www.ufmg.br\/sico2025\/wp-content\/uploads\/2025\/09\/1516429812301-1.jpeg 283w, https:\/\/www.ufmg.br\/sico2025\/wp-content\/uploads\/2025\/09\/1516429812301-1-150x150.jpeg 150w\" sizes=\"(max-width: 283px) 100vw, 283px\" \/><\/figure>\n\n\n\n<p><\/p>\n\n\n\n<p><strong>Professora<\/strong> <strong>Ivone de Oliveira (PUC Minas)<\/strong>: Professora adjunta na PUC Minas, onde leciona no Mestrado em Comunica\u00e7\u00e3o Social &#8220;Intera\u00e7\u00f5es Midi\u00e1ticas&#8221;. Possui p\u00f3s-doutorado pela Universit\u00e9 de Toulouse &#8211; Paul Sabatier (2013), doutorado em Comunica\u00e7\u00e3o e Cultura pela UFRJ (2002) e mestrado em Ci\u00eancias da Comunica\u00e7\u00e3o pela USP (1993). Graduada em Comunica\u00e7\u00e3o Social &#8211; Rela\u00e7\u00f5es P\u00fablicas pela PUC Minas (1978), foi diretora da Faculdade de Comunica\u00e7\u00e3o e Artes da PUC Minas (2001-2010) e presidente da ABRAPCORP (2010-2012). Coautora e coorganizadora de diversos livros sobre comunica\u00e7\u00e3o organizacional. L\u00edder do grupo de pesquisa &#8220;Dialorg&#8221; e integrante da Rede Hologramas. Suas pesquisas se concentram na Comunica\u00e7\u00e3o em contextos organizacionais, com \u00eanfase na comunica\u00e7\u00e3o estrat\u00e9gica e suas interfaces com as organiza\u00e7\u00f5es.<br><\/p>\n\n\n\n<figure class=\"wp-block-image size-full\"><img loading=\"lazy\" decoding=\"async\" width=\"244\" height=\"283\" src=\"https:\/\/www.ufmg.br\/sico2025\/wp-content\/uploads\/2025\/09\/5038152185134297-1.jpg\" alt=\"\" class=\"wp-image-198\"\/><\/figure>\n\n\n\n<p><\/p>\n\n\n\n<p><strong>Professora \u00c2ngela Marques (UFMG)<\/strong>: Professora Associada do Departamento de Comunica\u00e7\u00e3o Social da UFMG, com doutorado e mestrado em Comunica\u00e7\u00e3o Social pela mesma institui\u00e7\u00e3o. Realizou p\u00f3s-doutorado em Comunica\u00e7\u00e3o e Ci\u00eancias Sociais na Fran\u00e7a, com atua\u00e7\u00e3o em dois grupos de pesquisa: o Groupe de Recherche sur les Enjeux de la Communication e o Groupe de Recherche en Sciences Sociales sur l&#8217;Am\u00e9rique Latine. Foi professora no Programa de P\u00f3s-Gradua\u00e7\u00e3o em Comunica\u00e7\u00e3o da Faculdade C\u00e1sper L\u00edbero. Integra diversos grupos de pesquisa, como o DIZ Grupo de Pesquisa em Discursos e Est\u00e9ticas da Diferen\u00e7a (UFV) e a Rede Grafo. Tem experi\u00eancia em comunica\u00e7\u00e3o organizacional, comunica\u00e7\u00e3o p\u00fablica e estudos sobre est\u00e9tica e pol\u00edtica. J\u00e1 coordenou o PPGCOM\/UFMG e diversos grupos de trabalho da Comp\u00f3s e Compol\u00edtica. Suas pesquisas envolvem a interse\u00e7\u00e3o entre Comunica\u00e7\u00e3o, Pol\u00edtica e Est\u00e9tica, com foco em imagens, pol\u00edticas p\u00fablicas, cidadania, reconhecimento de minorias e metodologias qualitativas para an\u00e1lise de discursos e processos comunicacionais.<\/p>\n\n\n\n<figure class=\"wp-block-image size-full\"><img loading=\"lazy\" decoding=\"async\" width=\"283\" height=\"283\" src=\"https:\/\/www.ufmg.br\/sico2025\/wp-content\/uploads\/2025\/09\/download-1.jpeg\" alt=\"\" class=\"wp-image-199\" srcset=\"https:\/\/www.ufmg.br\/sico2025\/wp-content\/uploads\/2025\/09\/download-1.jpeg 283w, https:\/\/www.ufmg.br\/sico2025\/wp-content\/uploads\/2025\/09\/download-1-150x150.jpeg 150w\" sizes=\"(max-width: 283px) 100vw, 283px\" \/><\/figure>\n\n\n\n<p><\/p>\n\n\n\n<p><strong>Cleusa Maria Andrade Scroferneker<\/strong>: Possui gradua\u00e7\u00e3o em Comunica\u00e7\u00e3o Social pela Pontif\u00edcia Universidade Cat\u00f3lica do Rio Grande do Sul (1973), gradua\u00e7\u00e3o em Geografia Licenciatura 1973 e Bacharelato 1976 pela Universidade Federal do Rio Grande do Sul (1976), mestrado em Planejamento Urbano e Regional pela Universidade Federal do Rio Grande do Sul (1983), doutorado em Ci\u00eancias da Comunica\u00e7\u00e3o pela Universidade de S\u00e3o Paulo (2000) e P\u00f3s-Doutorado em Ci\u00eancias da Comunica\u00e7\u00e3o pela Universidade de S\u00e3o Paulo (2017). Atualmente \u00e9 professora titular da Pontif\u00edcia Universidade Cat\u00f3lica do Rio Grande do Sul. Tem experi\u00eancia na \u00e1rea de Comunica\u00e7\u00e3o, com \u00eanfase em Rela\u00e7\u00f5es P\u00fablicas, atuando principalmente nos seguintes temas: comunica\u00e7\u00e3o organizacional, rela\u00e7\u00f5es p\u00fablicas, comunica\u00e7\u00e3o, ouvidorias virtuais e organiza\u00e7\u00f5es. Membro da Comiss\u00e3o Coordenadora do Programa de P\u00f3s-Gradua\u00e7\u00e3o em Comunica\u00e7\u00e3o &#8211; PPGCOM\/PUCRS [2022-2024]. Membro da Comiss\u00e3o Cient\u00edfica do Programa de P\u00f3s-Gradua\u00e7\u00e3o em Comunica\u00e7\u00e3o &#8211; PPGCOM\/PUCRS [2023]. Coordena\u00e7\u00e3o da Comiss\u00e3o de Bolsas &#8211; PPGCOM\/PUCRS [2024].<\/p>\n\n\n\n<p>Em caso de d\u00favidas, entre em contato atrav\u00e9s do e-mail<strong> sicovii2025@gmail.com<\/strong>.<\/p>\n","protected":false},"excerpt":{"rendered":"<p>A Universidade Federal de Minas Gerais ser\u00e1 palco, de 25 a 27 de novembro de 2025, da s\u00e9tima edi\u00e7\u00e3o do Semin\u00e1rio Internacional de Comunica\u00e7\u00e3o Organizacional (SICO). Nesta edi\u00e7\u00e3o, o encontro ter\u00e1 como tema \u201cComunica\u00e7\u00e3o e Universidades\u201d, convidando a refletir sobre o papel estrat\u00e9gico da comunica\u00e7\u00e3o no ambiente acad\u00eamico e em suas m\u00faltiplas interfaces com a [&hellip;]<\/p>\n","protected":false},"author":1,"featured_media":177,"parent":0,"menu_order":0,"comment_status":"closed","ping_status":"closed","template":"","meta":{"_acf_changed":false,"footnotes":""},"class_list":["post-153","page","type-page","status-publish","has-post-thumbnail","hentry"],"acf":[],"_links":{"self":[{"href":"https:\/\/www.ufmg.br\/sico2025\/wp-json\/wp\/v2\/pages\/153"}],"collection":[{"href":"https:\/\/www.ufmg.br\/sico2025\/wp-json\/wp\/v2\/pages"}],"about":[{"href":"https:\/\/www.ufmg.br\/sico2025\/wp-json\/wp\/v2\/types\/page"}],"author":[{"embeddable":true,"href":"https:\/\/www.ufmg.br\/sico2025\/wp-json\/wp\/v2\/users\/1"}],"replies":[{"embeddable":true,"href":"https:\/\/www.ufmg.br\/sico2025\/wp-json\/wp\/v2\/comments?post=153"}],"version-history":[{"count":19,"href":"https:\/\/www.ufmg.br\/sico2025\/wp-json\/wp\/v2\/pages\/153\/revisions"}],"predecessor-version":[{"id":329,"href":"https:\/\/www.ufmg.br\/sico2025\/wp-json\/wp\/v2\/pages\/153\/revisions\/329"}],"wp:featuredmedia":[{"embeddable":true,"href":"https:\/\/www.ufmg.br\/sico2025\/wp-json\/wp\/v2\/media\/177"}],"wp:attachment":[{"href":"https:\/\/www.ufmg.br\/sico2025\/wp-json\/wp\/v2\/media?parent=153"}],"curies":[{"name":"wp","href":"https:\/\/api.w.org\/{rel}","templated":true}]}}