{"id":157,"date":"2024-08-02T15:38:58","date_gmt":"2024-08-02T18:38:58","guid":{"rendered":"https:\/\/www.ufmg.br\/sico2025\/?page_id=157"},"modified":"2025-11-10T09:14:15","modified_gmt":"2025-11-10T12:14:15","slug":"faq","status":"publish","type":"page","link":"https:\/\/www.ufmg.br\/sico2025\/faq\/","title":{"rendered":"Perguntas frequentes"},"content":{"rendered":"\n<p>Confira as perguntas mais frequentes referentes ao 7\u00ba Sico:<\/p>\n\n\n\n<details class=\"wp-block-details has-white-color has-text-color has-background has-link-color wp-elements-541bfd7aa7037a3d188a00cbdafd3367 is-layout-flow wp-block-details-is-layout-flow\" style=\"background-color:#31505c\"><summary>O que \u00e9 o SICO?<\/summary>\n<p class=\"has-black-color has-white-background-color has-text-color has-background has-link-color wp-elements-c1ac6d52f5254b49cf2910482eaff28b\"><\/p>\n<\/details>\n\n\n\n<p>O 7\u00ba Sico \u00e9 promovido pela Rede Hologramas, composta dos grupos de pesquisa IP\u00ca (UFMG), Dialorg, GCCOP (UFRGS) e P\u00f3len (UFV), em parceria com a UFMG, a Associa\u00e7\u00e3o de Universidades do Grupo Montevid\u00e9u (AUGM) e o Col\u00e9gio de Gestores de Comunica\u00e7\u00e3o das Universidades Federais (Cogecom\/Andifes). Com o objetivo de promover e fortalecer o di\u00e1logo entre pesquisadores de diferentes institui\u00e7\u00f5es do Brasil e do exterior, comunica\u00e7\u00e3o estrat\u00e9gica, midiatiza\u00e7\u00e3o, comunica\u00e7\u00e3o p\u00fablica, rela\u00e7\u00f5es de poder e minorias est\u00e3o entre os temas em debate.<\/p>\n\n\n\n<details class=\"wp-block-details has-white-color has-text-color has-background has-link-color wp-elements-8137ca716f62e1e01572d2db62e58da9 is-layout-flow wp-block-details-is-layout-flow\" style=\"background-color:#31505c\"><summary>Para quem \u00e9 o SICO?<\/summary>\n<p class=\"has-black-color has-white-background-color has-text-color has-background has-link-color wp-elements-c1ac6d52f5254b49cf2910482eaff28b\"><\/p>\n<\/details>\n\n\n\n<p>O SICO ser\u00e1 aberto a estudantes da gradua\u00e7\u00e3o, estudantes da p\u00f3s-gradua\u00e7\u00e3o, professores, pesquisadores e outros profissionais. Os valores para participa\u00e7\u00e3o variam.<\/p>\n\n\n\n<details class=\"wp-block-details has-white-color has-text-color has-background has-link-color wp-elements-385c0af0ac756b1285da11f3d0d65b88 is-layout-flow wp-block-details-is-layout-flow\" style=\"background-color:#31505c\"><summary>Como posso participar do SICO?<\/summary>\n<p class=\"has-black-color has-white-background-color has-text-color has-background has-link-color wp-elements-c1ac6d52f5254b49cf2910482eaff28b\"><\/p>\n<\/details>\n\n\n\n<p>Para participar do SICO 2025, basta acessar o <a href=\"https:\/\/www.even3.com.br\/vii-sico-632967\/\">link para inscri\u00e7\u00e3o<\/a>. Caso queira participar como pesquisador, basta enviar o seu resumo expandido, com o template disponibilizado pela organiza\u00e7\u00e3o, para o e-mail comunica@ufmg.br.<\/p>\n\n\n\n<details class=\"wp-block-details has-white-color has-text-color has-background has-link-color wp-elements-40e51929a76ae4354a0aa36148e8f60a is-layout-flow wp-block-details-is-layout-flow\" style=\"background-color:#31505c\"><summary>Como submeter meu artigo?<\/summary>\n<p class=\"has-black-color has-white-background-color has-text-color has-background has-link-color wp-elements-c1ac6d52f5254b49cf2910482eaff28b\"><\/p>\n<\/details>\n\n\n\n<p>Os trabalhos devem ser enviados para o e-mail comunica@ufmg.br, de acordo com o template disponibilizado pela organiza\u00e7\u00e3o. A divulga\u00e7\u00e3o dos resumos aprovados est\u00e1 prevista para outubro.<\/p>\n\n\n\n<details class=\"wp-block-details has-white-color has-text-color has-background has-link-color wp-elements-848e2c5c63d960b1a1a5392dc7b71a38 is-layout-flow wp-block-details-is-layout-flow\" style=\"background-color:#31505c\"><summary>Quando vai ser o SICO 2025?<\/summary>\n<p class=\"has-black-color has-white-background-color has-text-color has-background has-link-color wp-elements-c1ac6d52f5254b49cf2910482eaff28b\"><\/p>\n<\/details>\n\n\n\n<p>Pesquisadores, docentes e estudantes de gradua\u00e7\u00e3o e p\u00f3s-gradua\u00e7\u00e3o t\u00eam at\u00e9 sexta-feira, 26 de setembro, para inscrever resumos expandidos para o 7\u00ba Semin\u00e1rio Internacional de Comunica\u00e7\u00e3o Organizacional (7\u00ba Sico). O evento ser\u00e1 realizado na UFMG, de 25 a 27 de novembro, com o tema Comunica\u00e7\u00e3o e universidades.<\/p>\n\n\n\n<details class=\"wp-block-details has-white-color has-text-color has-background has-link-color wp-elements-c3659ff664f9f5cbab2ca3839ed3857c is-layout-flow wp-block-details-is-layout-flow\" style=\"background-color:#31505c\"><summary>Onde se hospedar para o SICO 2025?<\/summary>\n<p class=\"has-black-color has-white-background-color has-text-color has-background has-link-color wp-elements-41fb05f5a035d07f07b937ae4bff0724\">Clique <a href=\"https:\/\/www.booking.com\/hotel\/br\/ibis-styles-bh-pampulha.pt-br.html?aid=1726433&amp;label=ibis-styles-bh-pampulha-eZpNKD0OTInta1wuEcECfAS479809650622%3Apl%3Ata%3Ap1%3Ap2%3Aac%3Aap%3Aneg%3Afi%3Atikwd-303696440565%3Alp9196984%3Ali%3Adec%3Adm%3Appccp%3DUmFuZG9tSVYkc2RlIyh9YbC4OlOULAnvcrFmvh1xnqM&amp;sid=f32e0a1070aaf41ea78956360035c467&amp;dest_id=-629138&amp;dest_type=city&amp;dist=0&amp;group_adults=2&amp;group_children=0&amp;hapos=1&amp;hpos=1&amp;no_rooms=1&amp;req_adults=2&amp;req_children=0&amp;room1=A%2CA&amp;sb_price_type=total&amp;sr_order=popularity&amp;srepoch=1762776522&amp;srpvid=f1ff555b2c800021&amp;type=total&amp;ucfs=1&amp;\" data-type=\"link\" data-id=\"https:\/\/www.booking.com\/hotel\/br\/ibis-styles-bh-pampulha.pt-br.html?aid=1726433&amp;label=ibis-styles-bh-pampulha-eZpNKD0OTInta1wuEcECfAS479809650622%3Apl%3Ata%3Ap1%3Ap2%3Aac%3Aap%3Aneg%3Afi%3Atikwd-303696440565%3Alp9196984%3Ali%3Adec%3Adm%3Appccp%3DUmFuZG9tSVYkc2RlIyh9YbC4OlOULAnvcrFmvh1xnqM&amp;sid=f32e0a1070aaf41ea78956360035c467&amp;dest_id=-629138&amp;dest_type=city&amp;dist=0&amp;group_adults=2&amp;group_children=0&amp;hapos=1&amp;hpos=1&amp;no_rooms=1&amp;req_adults=2&amp;req_children=0&amp;room1=A%2CA&amp;sb_price_type=total&amp;sr_order=popularity&amp;srepoch=1762776522&amp;srpvid=f1ff555b2c800021&amp;type=total&amp;ucfs=1&amp;\">aqui<\/a> e veja a melhor op\u00e7\u00e3o de hospedagem para o SICO 2025.<\/p>\n<\/details>\n","protected":false},"excerpt":{"rendered":"<p>Confira as perguntas mais frequentes referentes ao 7\u00ba Sico: O 7\u00ba Sico \u00e9 promovido pela Rede Hologramas, composta dos grupos de pesquisa IP\u00ca (UFMG), Dialorg, GCCOP (UFRGS) e P\u00f3len (UFV), em parceria com a UFMG, a Associa\u00e7\u00e3o de Universidades do Grupo Montevid\u00e9u (AUGM) e o Col\u00e9gio de Gestores de Comunica\u00e7\u00e3o das Universidades Federais (Cogecom\/Andifes). Com [&hellip;]<\/p>\n","protected":false},"author":1,"featured_media":0,"parent":0,"menu_order":0,"comment_status":"closed","ping_status":"closed","template":"","meta":{"_acf_changed":false,"footnotes":""},"class_list":["post-157","page","type-page","status-publish","hentry"],"acf":[],"_links":{"self":[{"href":"https:\/\/www.ufmg.br\/sico2025\/wp-json\/wp\/v2\/pages\/157"}],"collection":[{"href":"https:\/\/www.ufmg.br\/sico2025\/wp-json\/wp\/v2\/pages"}],"about":[{"href":"https:\/\/www.ufmg.br\/sico2025\/wp-json\/wp\/v2\/types\/page"}],"author":[{"embeddable":true,"href":"https:\/\/www.ufmg.br\/sico2025\/wp-json\/wp\/v2\/users\/1"}],"replies":[{"embeddable":true,"href":"https:\/\/www.ufmg.br\/sico2025\/wp-json\/wp\/v2\/comments?post=157"}],"version-history":[{"count":10,"href":"https:\/\/www.ufmg.br\/sico2025\/wp-json\/wp\/v2\/pages\/157\/revisions"}],"predecessor-version":[{"id":287,"href":"https:\/\/www.ufmg.br\/sico2025\/wp-json\/wp\/v2\/pages\/157\/revisions\/287"}],"wp:attachment":[{"href":"https:\/\/www.ufmg.br\/sico2025\/wp-json\/wp\/v2\/media?parent=157"}],"curies":[{"name":"wp","href":"https:\/\/api.w.org\/{rel}","templated":true}]}}