{"id":83,"date":"2024-08-02T09:37:52","date_gmt":"2024-08-02T12:37:52","guid":{"rendered":"https:\/\/www.ufmg.br\/sico2025\/?page_id=83"},"modified":"2025-11-17T10:40:11","modified_gmt":"2025-11-17T13:40:11","slug":"programacao","status":"publish","type":"page","link":"https:\/\/www.ufmg.br\/sico2025\/programacao\/","title":{"rendered":"Programa\u00e7\u00e3o"},"content":{"rendered":"\n<p>Confira abaixo a programa\u00e7\u00e3o completa do VII SICO.<\/p>\n\n\n\n<p>Clique <a href=\"https:\/\/bit.ly\/Programa\u00e7\u00e3o_UFMG_Completa\" data-type=\"link\" data-id=\"https:\/\/bit.ly\/Programa\u00e7\u00e3o_UFMG_Completa\">aqui<\/a> e acesse toda a programa\u00e7\u00e3o da semana.<\/p>\n\n\n\n<figure class=\"wp-block-embed\"><div class=\"wp-block-embed__wrapper\">\nhttps:\/\/bit.ly\/Programa\u00e7\u00e3o_UFMG_Completa\n<\/div><\/figure>\n","protected":false},"excerpt":{"rendered":"<p>Confira abaixo a programa\u00e7\u00e3o completa do VII SICO. Clique aqui e acesse toda a programa\u00e7\u00e3o da semana.<\/p>\n","protected":false},"author":1,"featured_media":0,"parent":0,"menu_order":0,"comment_status":"closed","ping_status":"closed","template":"page-templates\/page-programming.php","meta":{"_acf_changed":false,"footnotes":""},"class_list":["post-83","page","type-page","status-publish","hentry"],"acf":[],"_links":{"self":[{"href":"https:\/\/www.ufmg.br\/sico2025\/wp-json\/wp\/v2\/pages\/83"}],"collection":[{"href":"https:\/\/www.ufmg.br\/sico2025\/wp-json\/wp\/v2\/pages"}],"about":[{"href":"https:\/\/www.ufmg.br\/sico2025\/wp-json\/wp\/v2\/types\/page"}],"author":[{"embeddable":true,"href":"https:\/\/www.ufmg.br\/sico2025\/wp-json\/wp\/v2\/users\/1"}],"replies":[{"embeddable":true,"href":"https:\/\/www.ufmg.br\/sico2025\/wp-json\/wp\/v2\/comments?post=83"}],"version-history":[{"count":3,"href":"https:\/\/www.ufmg.br\/sico2025\/wp-json\/wp\/v2\/pages\/83\/revisions"}],"predecessor-version":[{"id":326,"href":"https:\/\/www.ufmg.br\/sico2025\/wp-json\/wp\/v2\/pages\/83\/revisions\/326"}],"wp:attachment":[{"href":"https:\/\/www.ufmg.br\/sico2025\/wp-json\/wp\/v2\/media?parent=83"}],"curies":[{"name":"wp","href":"https:\/\/api.w.org\/{rel}","templated":true}]}}