{"id":1141,"date":"2023-02-16T13:09:54","date_gmt":"2023-02-16T15:09:54","guid":{"rendered":"https:\/\/www.ufmg.br\/sisu\/?page_id=1141"},"modified":"2023-03-15T13:27:49","modified_gmt":"2023-03-15T16:27:49","slug":"11a-chamada-da-lista-de-espera","status":"publish","type":"page","link":"https:\/\/www.ufmg.br\/sisu\/11a-chamada-da-lista-de-espera\/","title":{"rendered":"11\u00aa Chamada da Lista de Espera &#8211; SiSU\/UFMG 2022"},"content":{"rendered":"\n<p><a href=\"https:\/\/www.ufmg.br\/sisu\/instrucoes-para-interposicao-de-recurso-sisu-ufmg-2022\/\" data-type=\"URL\" data-id=\"https:\/\/www.ufmg.br\/sisu\/instrucoes-para-interposicao-de-recurso-sisu-ufmg-2022\/\" target=\"_blank\" rel=\"noreferrer noopener\">Instru\u00e7\u00f5es para interposi\u00e7\u00e3o de recurso.<\/a><\/p>\n\n\n\n<p><a href=\"https:\/\/www.ufmg.br\/sisu\/wp-content\/uploads\/2023\/03\/11a-CHAMADA-SISU-2022-Matriculas-Confirmadas-Ampla-Concorrencia.pdf\" data-type=\"URL\" data-id=\"https:\/\/www.ufmg.br\/sisu\/wp-content\/uploads\/2023\/03\/11a-CHAMADA-SISU-2022-Matriculas-Confirmadas-Ampla-Concorrencia.pdf\" target=\"_blank\" rel=\"noreferrer noopener\">Matr\u00edculas confirmadas (Ampla concorr\u00eancia)<\/a>.<\/p>\n\n\n\n<p><a href=\"https:\/\/www.ufmg.br\/sisu\/wp-content\/uploads\/2023\/03\/11a-CHAMADA-SISU-2022-Matriculas-Indeferidas-Ampla-Concorrencia.pdf\" data-type=\"URL\" data-id=\"https:\/\/www.ufmg.br\/sisu\/wp-content\/uploads\/2023\/03\/11a-CHAMADA-SISU-2022-Matriculas-Indeferidas-Ampla-Concorrencia.pdf\" target=\"_blank\" rel=\"noreferrer noopener\">Matr\u00edculas indeferidas (Ampla concorr\u00eancia)<\/a>.<\/p>\n\n\n\n<p><a href=\"https:\/\/www.ufmg.br\/sisu\/wp-content\/uploads\/2023\/03\/11a-CHAMADA-SISU-2022-Matriculas-Confirmadas-Reserva-de-vagas.pdf\" data-type=\"URL\" data-id=\"https:\/\/www.ufmg.br\/sisu\/wp-content\/uploads\/2023\/03\/11a-CHAMADA-SISU-2022-Matriculas-Confirmadas-Reserva-de-vagas.pdf\" target=\"_blank\" rel=\"noreferrer noopener\">Matr\u00edculas confirmadas (Reserva de vagas)<\/a>.<\/p>\n\n\n\n<p><a href=\"https:\/\/www.ufmg.br\/sisu\/wp-content\/uploads\/2023\/03\/11a-CHAMADA-SISU-2022-Matriculas-Indeferidas-Reserva-de-vagas.pdf\" data-type=\"URL\" data-id=\"https:\/\/www.ufmg.br\/sisu\/wp-content\/uploads\/2023\/03\/11a-CHAMADA-SISU-2022-Matriculas-Indeferidas-Reserva-de-vagas.pdf\" target=\"_blank\" rel=\"noreferrer noopener\">Matr\u00edculas indeferidas (Reserva de vagas)<\/a>.<\/p>\n\n\n\n<p><a rel=\"noreferrer noopener\" href=\"https:\/\/www.ufmg.br\/sisu\/wp-content\/uploads\/2023\/02\/ESCALA-DE-ATENDIMENTO-SISU-2022-11a-CHAMADA.pdf\" target=\"_blank\">Orienta\u00e7\u00f5es e escala de atendimento para os procedimentos presenciais dos candidatos da 11\u00aa Chamada da Lista de Espera<\/a>.<\/p>\n\n\n\n<p><a rel=\"noreferrer noopener\" href=\"https:\/\/www.ufmg.br\/sisu\/registro-academico-via-internet-com-upload-da-documentacao-obrigatoria-11a-chamada-da-lista-de-espera\/\" target=\"_blank\">Clique aqui para acessar o Registro Acad\u00eamico, via internet, com upload da documenta\u00e7\u00e3o obrigat\u00f3ria<\/a>.<\/p>\n\n\n\n<p><a href=\"https:\/\/www.ufmg.br\/sisu\/wp-content\/uploads\/2023\/02\/11a-Chamada-da-Lista-de-espera-SISU-2022.pdf\" target=\"_blank\" rel=\"noreferrer noopener\">Consulte aqui a rela\u00e7\u00e3o dos candidatos convocados<\/a>.<\/p>\n\n\n\n<p><a href=\"https:\/\/www.ufmg.br\/sisu\/instrucoes-aos-candidatos-convocados-na-11a-chamada-da-lista-de-espera-do-sisu-ufmg-1a-edicao-de-2022\/\" target=\"_blank\" rel=\"noreferrer noopener\">Instru\u00e7\u00f5es para os candidatos convocados<\/a>.<\/p>\n\n\n\n<figure class=\"wp-block-image size-full\"><img decoding=\"async\" loading=\"lazy\" width=\"348\" height=\"273\" src=\"https:\/\/www.ufmg.br\/sisu\/wp-content\/uploads\/2023\/02\/Ilustra-1-He\u0301lis-Neo\u0302nis-e-Argo\u0302nis-1.png\" alt=\"\" class=\"wp-image-1033\" srcset=\"https:\/\/www.ufmg.br\/sisu\/wp-content\/uploads\/2023\/02\/Ilustra-1-He\u0301lis-Neo\u0302nis-e-Argo\u0302nis-1.png 348w, https:\/\/www.ufmg.br\/sisu\/wp-content\/uploads\/2023\/02\/Ilustra-1-He\u0301lis-Neo\u0302nis-e-Argo\u0302nis-1-300x235.png 300w\" sizes=\"(max-width: 348px) 100vw, 348px\" \/><\/figure>\n","protected":false},"excerpt":{"rendered":"<p>Instru\u00e7\u00f5es para interposi\u00e7\u00e3o de recurso. Matr\u00edculas confirmadas (Ampla concorr\u00eancia). Matr\u00edculas indeferidas (Ampla concorr\u00eancia). Matr\u00edculas confirmadas (Reserva de vagas). Matr\u00edculas indeferidas (Reserva de vagas). Orienta\u00e7\u00f5es e escala de atendimento para os procedimentos presenciais dos candidatos da 11\u00aa Chamada da Lista de Espera. Clique aqui para acessar o Registro Acad\u00eamico, via internet, com upload da documenta\u00e7\u00e3o obrigat\u00f3ria. [&hellip;]<\/p>\n","protected":false},"author":5,"featured_media":0,"parent":0,"menu_order":0,"comment_status":"closed","ping_status":"closed","template":"","meta":[],"acf":[],"_links":{"self":[{"href":"https:\/\/www.ufmg.br\/sisu\/wp-json\/wp\/v2\/pages\/1141"}],"collection":[{"href":"https:\/\/www.ufmg.br\/sisu\/wp-json\/wp\/v2\/pages"}],"about":[{"href":"https:\/\/www.ufmg.br\/sisu\/wp-json\/wp\/v2\/types\/page"}],"author":[{"embeddable":true,"href":"https:\/\/www.ufmg.br\/sisu\/wp-json\/wp\/v2\/users\/5"}],"replies":[{"embeddable":true,"href":"https:\/\/www.ufmg.br\/sisu\/wp-json\/wp\/v2\/comments?post=1141"}],"version-history":[{"count":11,"href":"https:\/\/www.ufmg.br\/sisu\/wp-json\/wp\/v2\/pages\/1141\/revisions"}],"predecessor-version":[{"id":4163,"href":"https:\/\/www.ufmg.br\/sisu\/wp-json\/wp\/v2\/pages\/1141\/revisions\/4163"}],"wp:attachment":[{"href":"https:\/\/www.ufmg.br\/sisu\/wp-json\/wp\/v2\/media?parent=1141"}],"curies":[{"name":"wp","href":"https:\/\/api.w.org\/{rel}","templated":true}]}}