{"id":1195,"date":"2023-02-17T15:24:27","date_gmt":"2023-02-17T17:24:27","guid":{"rendered":"https:\/\/www.ufmg.br\/sisu\/?page_id=1195"},"modified":"2025-01-14T08:50:47","modified_gmt":"2025-01-14T11:50:47","slug":"formularios-analise-socioeconomica","status":"publish","type":"page","link":"https:\/\/www.ufmg.br\/sisu\/formularios-analise-socioeconomica\/","title":{"rendered":"Formul\u00e1rios An\u00e1lise Socioecon\u00f4mica"},"content":{"rendered":"\n<p>A comprova\u00e7\u00e3o de renda familiar dever\u00e1 ser feita mediante a apresenta\u00e7\u00e3o dos comprovantes de renda do n\u00facleo familiar do candidato, de acordo com as informa\u00e7\u00f5es prestadas no ato da inscri\u00e7\u00e3o no Sisu (uma c\u00f3pia). Ver <a href=\"https:\/\/www.ufmg.br\/sisu\/wp-content\/uploads\/2025\/01\/Anexo-II-Edital-SiSU-UFMG-2025.pdf\" data-type=\"URL\" data-id=\"https:\/\/www.ufmg.br\/sisu\/wp-content\/uploads\/2025\/01\/Anexo-II-Edital-SiSU-UFMG-2025.pdf\" target=\"_blank\" rel=\"noreferrer noopener\">Anexo II<\/a> do Edital.<\/p>\n\n\n\n<p>OBS.: A UFMG aceitar\u00e1 o Comprovante de cadastro no Cadastro \u00danico de Programas Sociais (CAD\u00fanico) ou Folha Resumo, como alternativa \u00e0 comprova\u00e7\u00e3o de renda familiar, desde que esteja atualizado nos \u00faltimos 24 (Vinte e Quatro) meses anteriores \u00e0 data de inscri\u00e7\u00e3o do candidato no Processo Seletivo e que apresente de forma objetiva o rendimento familiar per capita em documento que dever\u00e1 ser emitido na p\u00e1gina eletr\u00f4nica do Governo Federal, dispon\u00edvel em <a rel=\"noreferrer noopener\" href=\"https:\/\/cadunico.dataprev.gov.br\/#\/\" target=\"_blank\">meucadunico.cidadania.gov.br<\/a> e <a rel=\"noreferrer noopener\" href=\"https:\/\/cadunico.dataprev.gov.br\/#\/\" target=\"_blank\">cadunico.dataprev.gov.br<\/a> ou presencialmente nos \u00f3rg\u00e3os p\u00fablicos de atendimento do Cad\u00danico.<\/p>\n\n\n\n<div style=\"height:25px\" aria-hidden=\"true\" class=\"wp-block-spacer\"><\/div>\n\n\n\n<h5><strong>Documenta\u00e7\u00e3o Obrigat\u00f3ria<\/strong><\/h5>\n\n\n\n<ol>\n<li><a href=\"https:\/\/www.ufmg.br\/sisu\/wp-content\/uploads\/2025\/01\/DRCA-Sisu2025-Instrucoes-para-preenchimento-dos-formularios.pdf\" data-type=\"URL\" data-id=\"https:\/\/www.ufmg.br\/sisu\/wp-content\/uploads\/2025\/01\/DRCA-Sisu2025-Instrucoes-para-preenchimento-dos-formularios.pdf\" target=\"_blank\" rel=\"noreferrer noopener\">Instru\u00e7\u00f5es para o preenchimento dos formul\u00e1rios<\/a> para an\u00e1lise socioecon\u00f4mica;<\/li>\n\n\n\n<li>Comprovantes de renda do n\u00facleo familiar do candidato, de acordo com as informa\u00e7\u00f5es prestadas no ato da inscri\u00e7\u00e3o no Sisu (uma c\u00f3pia). Ver <a href=\"https:\/\/www.ufmg.br\/sisu\/wp-content\/uploads\/2025\/01\/Anexo-II-Edital-SiSU-UFMG-2025.pdf\" data-type=\"URL\" data-id=\"https:\/\/www.ufmg.br\/sisu\/wp-content\/uploads\/2025\/01\/Anexo-II-Edital-SiSU-UFMG-2025.pdf\" target=\"_blank\" rel=\"noreferrer noopener\">Anexo II<\/a> do Edital;<\/li>\n\n\n\n<li><a href=\"https:\/\/www.ufmg.br\/sisu\/wp-content\/uploads\/2025\/01\/Termo-de-responsabilidade-2025.pdf\" data-type=\"URL\" data-id=\"https:\/\/www.ufmg.br\/sisu\/wp-content\/uploads\/2025\/01\/Termo-de-responsabilidade-2025.pdf\" target=\"_blank\" rel=\"noreferrer noopener\">Termo de responsabilidade<\/a> preenchido e assinado;<\/li>\n\n\n\n<li><a href=\"https:\/\/www.ufmg.br\/sisu\/wp-content\/uploads\/2025\/01\/Formulario-de-isencao-do-imposto-de-renda-pessoa-fisica-2025.pdf\" data-type=\"URL\" data-id=\"https:\/\/www.ufmg.br\/sisu\/wp-content\/uploads\/2025\/01\/Formulario-de-isencao-do-imposto-de-renda-pessoa-fisica-2025.pdf\" target=\"_blank\" rel=\"noreferrer noopener\">Declara\u00e7\u00e3o de isen\u00e7\u00e3o de Imposto de Renda<\/a> preenchida e assinada, se for o caso;<\/li>\n\n\n\n<li><a href=\"https:\/\/www.ufmg.br\/sisu\/wp-content\/uploads\/2025\/01\/Formulario-de-pensao-e-outros-rendimentos-2025.pdf\" data-type=\"URL\" data-id=\"https:\/\/www.ufmg.br\/sisu\/wp-content\/uploads\/2025\/01\/Formulario-de-pensao-e-outros-rendimentos-2025.pdf\" target=\"_blank\" rel=\"noreferrer noopener\">Declara\u00e7\u00e3o de recebimento de pens\u00e3o aliment\u00edcia ou outros rendimentos<\/a> preenchida e assinada, se for o caso;<\/li>\n\n\n\n<li><a href=\"https:\/\/www.ufmg.br\/sisu\/wp-content\/uploads\/2025\/01\/Formulario-ausencia-de-rendimentos-2025.pdf\" data-type=\"URL\" data-id=\"https:\/\/www.ufmg.br\/sisu\/wp-content\/uploads\/2025\/01\/Formulario-ausencia-de-rendimentos-2025.pdf\" target=\"_blank\" rel=\"noreferrer noopener\">Declara\u00e7\u00e3o de aus\u00eancia de rendimentos<\/a> preenchida e assinada, se for o caso;<\/li>\n\n\n\n<li><a href=\"https:\/\/www.ufmg.br\/sisu\/wp-content\/uploads\/2025\/01\/Formulario-de-ausencia-de-conta-bancaria-2025.pdf\" data-type=\"URL\" data-id=\"https:\/\/www.ufmg.br\/sisu\/wp-content\/uploads\/2025\/01\/Formulario-de-ausencia-de-conta-bancaria-2025.pdf\" target=\"_blank\" rel=\"noreferrer noopener\">Declara\u00e7\u00e3o de aus\u00eancia de conta banc\u00e1ria<\/a> preenchida e assinada, se for o caso;<\/li>\n\n\n\n<li><a href=\"https:\/\/www.ufmg.br\/sisu\/wp-content\/uploads\/2025\/01\/DRCA-SiSU2025-form8-Declaracao-Ausencia-de-Carteira-de-Trabalho.pdf\" data-type=\"URL\" data-id=\"https:\/\/www.ufmg.br\/sisu\/wp-content\/uploads\/2025\/01\/DRCA-SiSU2025-form8-Declaracao-Ausencia-de-Carteira-de-Trabalho.pdf\" target=\"_blank\" rel=\"noreferrer noopener\">Declara\u00e7\u00e3o de aus\u00eancia de carteira de trabalho<\/a> preenchida e assinada, se for o caso;<\/li>\n\n\n\n<li><a href=\"https:\/\/www.ufmg.br\/sisu\/wp-content\/uploads\/2025\/01\/Formulario-de-separacao-conjugal-extra-oficial-2025.pdf\" data-type=\"URL\" data-id=\"https:\/\/www.ufmg.br\/sisu\/wp-content\/uploads\/2025\/01\/Formulario-de-separacao-conjugal-extra-oficial-2025.pdf\" target=\"_blank\" rel=\"noreferrer noopener\">Declara\u00e7\u00e3o de separa\u00e7\u00e3o conjugal extraoficial<\/a>, se for o caso<\/li>\n\n\n\n<li><a href=\"https:\/\/www.ufmg.br\/sisu\/wp-content\/uploads\/2025\/01\/Formulario-endereco-2025.pdf\" data-type=\"URL\" data-id=\"https:\/\/www.ufmg.br\/sisu\/wp-content\/uploads\/2025\/01\/Formulario-endereco-2025.pdf\" target=\"_blank\" rel=\"noreferrer noopener\">Comprovante de endere\u00e7o recente<\/a> em nome do candidato, ou de seu(s) representante(s) legal(is);<\/li>\n\n\n\n<li><a href=\"https:\/\/www.ufmg.br\/sisu\/wp-content\/uploads\/2025\/01\/Formulario-aluguel-2025.pdf\" data-type=\"URL\" data-id=\"https:\/\/www.ufmg.br\/sisu\/wp-content\/uploads\/2025\/01\/Formulario-aluguel-2025.pdf\" target=\"_blank\" rel=\"noreferrer noopener\">Declara\u00e7\u00e3o de rendimentos recebidos por aluguel<\/a>, se for o caso<\/li>\n<\/ol>\n","protected":false},"excerpt":{"rendered":"<p>A comprova\u00e7\u00e3o de renda familiar dever\u00e1 ser feita mediante a apresenta\u00e7\u00e3o dos comprovantes de renda do n\u00facleo familiar do candidato, de acordo com as informa\u00e7\u00f5es prestadas no ato da inscri\u00e7\u00e3o no Sisu (uma c\u00f3pia). Ver Anexo II do Edital. OBS.: A UFMG aceitar\u00e1 o Comprovante de cadastro no Cadastro \u00danico de Programas Sociais (CAD\u00fanico) ou [&hellip;]<\/p>\n","protected":false},"author":5,"featured_media":0,"parent":0,"menu_order":0,"comment_status":"closed","ping_status":"closed","template":"","meta":[],"acf":[],"_links":{"self":[{"href":"https:\/\/www.ufmg.br\/sisu\/wp-json\/wp\/v2\/pages\/1195"}],"collection":[{"href":"https:\/\/www.ufmg.br\/sisu\/wp-json\/wp\/v2\/pages"}],"about":[{"href":"https:\/\/www.ufmg.br\/sisu\/wp-json\/wp\/v2\/types\/page"}],"author":[{"embeddable":true,"href":"https:\/\/www.ufmg.br\/sisu\/wp-json\/wp\/v2\/users\/5"}],"replies":[{"embeddable":true,"href":"https:\/\/www.ufmg.br\/sisu\/wp-json\/wp\/v2\/comments?post=1195"}],"version-history":[{"count":21,"href":"https:\/\/www.ufmg.br\/sisu\/wp-json\/wp\/v2\/pages\/1195\/revisions"}],"predecessor-version":[{"id":4314,"href":"https:\/\/www.ufmg.br\/sisu\/wp-json\/wp\/v2\/pages\/1195\/revisions\/4314"}],"wp:attachment":[{"href":"https:\/\/www.ufmg.br\/sisu\/wp-json\/wp\/v2\/media?parent=1195"}],"curies":[{"name":"wp","href":"https:\/\/api.w.org\/{rel}","templated":true}]}}