{"id":1271,"date":"2023-02-27T14:25:48","date_gmt":"2023-02-27T17:25:48","guid":{"rendered":"https:\/\/www.ufmg.br\/sisu\/?page_id=1271"},"modified":"2026-02-03T18:53:05","modified_gmt":"2026-02-03T21:53:05","slug":"ampla-concorrencia","status":"publish","type":"page","link":"https:\/\/www.ufmg.br\/sisu\/ampla-concorrencia\/","title":{"rendered":"Ampla concorr\u00eancia"},"content":{"rendered":"\n<h5>Documenta\u00e7\u00e3o obrigat\u00f3ria<\/h5>\n\n\n\n<ol>\n<li>Certificado de Conclus\u00e3o do Ensino M\u00e9dio, ou de ensino equivalente;<\/li>\n\n\n\n<li style=\"text-align: justify;\">Hist\u00f3rico Escolar do Ensino M\u00e9dio (no caso de candidato selecionado na modalidade vaga reservada, no Hist\u00f3rico Escolar dever\u00e1 constar a comprova\u00e7\u00e3o de ter cursado todo o ensino m\u00e9dio em escola p\u00fablica brasileira);<\/li>\n\n\n\n<li style=\"text-align: justify;\">Documento de Identidade (no caso de candidato estrangeiro, C\u00e9dula de Identidade expedida pela Pol\u00edcia Federal, ou passaporte, com Visto Tempor\u00e1rio de estudante v\u00e1lido);<\/li>\n\n\n\n<li>Documento que comprove a quita\u00e7\u00e3o com as obriga\u00e7\u00f5es eleitorais;<\/li>\n\n\n\n<li style=\"text-align: justify;\">Documento que comprove a quita\u00e7\u00e3o com as obriga\u00e7\u00f5es do servi\u00e7o militar, para o candidato do sexo masculino maior de 18 anos (a partir de 46 anos o candidato est\u00e1 dispensado da apresenta\u00e7\u00e3o do documento);<\/li>\n\n\n\n<li>CPF;<\/li>\n\n\n\n<li style=\"text-align: justify;\">Declara\u00e7\u00e3o de que n\u00e3o ocupa vaga em curso de gradua\u00e7\u00e3o, em outra institui\u00e7\u00e3o p\u00fablica de ensino superior brasileira <a rel=\"noreferrer noopener\" href=\"http:\/\/www.planalto.gov.br\/ccivil_03\/_ato2007-2010\/2009\/lei\/l12089.htm\" data-type=\"URL\" data-id=\"http:\/\/www.planalto.gov.br\/ccivil_03\/_ato2007-2010\/2009\/lei\/l12089.htm\" target=\"_blank\">Lei 12.089\/2009<\/a> (formul\u00e1rio online que deve ser preenchido no momento do registro acad\u00eamico, via internet);<\/li>\n\n\n\n<li style=\"text-align: justify;\"><a href=\"https:\/\/www.ufmg.br\/sisu\/wp-content\/uploads\/2026\/01\/Termo-de-Anuencia.pdf\" data-type=\"URL\" data-id=\"https:\/\/www.ufmg.br\/sisu\/wp-content\/uploads\/2026\/01\/Termo-de-Anuencia.pdf\" target=\"_blank\" rel=\"noreferrer noopener\">Declara\u00e7\u00e3o de anu\u00eancia<\/a>&nbsp;preenchida e assinada e c\u00f3pia da identidade do respons\u00e1vel legal ou em caso de guarda permanente, c\u00f3pia da certid\u00e3o averbada (somente para candidatos menores de 18 anos).<\/li>\n<\/ol>\n\n\n\n<hr class=\"wp-block-separator has-alpha-channel-opacity is-style-wide\"\/>\n\n\n\n<h4 class=\"has-text-align-center\"><strong>ATEN\u00c7\u00c3O!<\/strong><\/h4>\n\n\n\n<p><p style=\"text-align: justify;\">Os candidatos selecionados para as vagas de ampla concorr\u00eancia que tiverem conclu\u00eddo o Ensino M\u00e9dio no exterior dever\u00e3o apresentar, em substitui\u00e7\u00e3o ao Certificado de Conclus\u00e3o do Ensino M\u00e9dio e ao Hist\u00f3rico Escolar, o Parecer de Equival\u00eancia de Estudos emitido por Secretaria de Estado da Educa\u00e7\u00e3o.<\/p><\/p>\n\n\n\n<p style=\"text-align: justify;\">Os candidatos selecionados para as vagas de ampla concorr\u00eancia, que forem ex-alunos da UFMG e ingressaram na UFMG a partir de 1991, poder\u00e3o apresentar o Hist\u00f3rico Escolar de gradua\u00e7\u00e3o original e oficial expedido pela Unidade Acad\u00eamica (Faculdade\/Escola\/Instituto) em substitui\u00e7\u00e3o ao Certificado de Conclus\u00e3o do Ensino M\u00e9dio e ao Hist\u00f3rico Escolar.<\/p><\/p>\n\n\n\n<p><p style=\"text-align: justify;\">No caso de aus\u00eancia do certificado e hist\u00f3rico escolar, ser\u00e1 aceita, provisoriamente, declara\u00e7\u00e3o de conclus\u00e3o do m\u00e9dio. Para os candidatos que se inscreveram para concorrer em alguma das modalidades de reserva de vaga, dever\u00e1 constar na declara\u00e7\u00e3o a informa\u00e7\u00e3o que o candidato concluiu todo o ensino m\u00e9dio em escolas p\u00fablicas brasileiras.<\/p><\/p>\n","protected":false},"excerpt":{"rendered":"<p>Documenta\u00e7\u00e3o obrigat\u00f3ria ATEN\u00c7\u00c3O! Os candidatos selecionados para as vagas de ampla concorr\u00eancia que tiverem conclu\u00eddo o Ensino M\u00e9dio no exterior dever\u00e3o apresentar, em substitui\u00e7\u00e3o ao Certificado de Conclus\u00e3o do Ensino M\u00e9dio e ao Hist\u00f3rico Escolar, o Parecer de Equival\u00eancia de Estudos emitido por Secretaria de Estado da Educa\u00e7\u00e3o. Os candidatos selecionados para as vagas de [&hellip;]<\/p>\n","protected":false},"author":5,"featured_media":0,"parent":0,"menu_order":0,"comment_status":"closed","ping_status":"closed","template":"","meta":[],"acf":[],"_links":{"self":[{"href":"https:\/\/www.ufmg.br\/sisu\/wp-json\/wp\/v2\/pages\/1271"}],"collection":[{"href":"https:\/\/www.ufmg.br\/sisu\/wp-json\/wp\/v2\/pages"}],"about":[{"href":"https:\/\/www.ufmg.br\/sisu\/wp-json\/wp\/v2\/types\/page"}],"author":[{"embeddable":true,"href":"https:\/\/www.ufmg.br\/sisu\/wp-json\/wp\/v2\/users\/5"}],"replies":[{"embeddable":true,"href":"https:\/\/www.ufmg.br\/sisu\/wp-json\/wp\/v2\/comments?post=1271"}],"version-history":[{"count":19,"href":"https:\/\/www.ufmg.br\/sisu\/wp-json\/wp\/v2\/pages\/1271\/revisions"}],"predecessor-version":[{"id":5901,"href":"https:\/\/www.ufmg.br\/sisu\/wp-json\/wp\/v2\/pages\/1271\/revisions\/5901"}],"wp:attachment":[{"href":"https:\/\/www.ufmg.br\/sisu\/wp-json\/wp\/v2\/media?parent=1271"}],"curies":[{"name":"wp","href":"https:\/\/api.w.org\/{rel}","templated":true}]}}