{"id":1312,"date":"2023-02-27T15:06:20","date_gmt":"2023-02-27T18:06:20","guid":{"rendered":"https:\/\/www.ufmg.br\/sisu\/?page_id=1312"},"modified":"2023-08-21T14:12:58","modified_gmt":"2023-08-21T17:12:58","slug":"aproveitamento-de-estudos","status":"publish","type":"page","link":"https:\/\/www.ufmg.br\/sisu\/aproveitamento-de-estudos\/","title":{"rendered":"Aproveitamento de estudos"},"content":{"rendered":"\n<ul>\n<li>Os candidatos interessados em dispensa de disciplina(s), aproveitando-se de estudos anteriores em Institui\u00e7\u00e3o de Ensino Superior, dever\u00e3o, ap\u00f3s receberem o comprovante de matr\u00edcula protocolizarem, de acordo com o cronograma da respectiva convoca\u00e7\u00e3o, os requerimentos nos Colegiados dos Cursos para os quais foram selecionados, apresentando o hist\u00f3rico escolar e os programas das disciplinas cursadas, fornecidos pela Institui\u00e7\u00e3o de origem.<\/li>\n<\/ul>\n\n\n\n<ul>\n<li>Os candidatos que obtiverem a dispensa de disciplinas por aproveitamento de estudos dever\u00e3o efetuar a reformula\u00e7\u00e3o de sua matr\u00edcula nos Colegiados dos Cursos.<\/li>\n<\/ul>\n\n\n\n<hr class=\"wp-block-separator has-alpha-channel-opacity is-style-wide\"\/>\n\n\n\n<h5 class=\"has-text-align-center\">Cronograma de aproveitamento de estudos para estudantes calouros 2023<\/h5>\n\n\n\n<figure class=\"wp-block-table aligncenter is-style-stripes\"><table><tbody><tr><td class=\"has-text-align-center\" data-align=\"center\"><strong>Chamada Regular<\/strong><\/td><td><em>20\/03 a 24\/03<\/em><\/td><\/tr><tr><td class=\"has-text-align-center\" data-align=\"center\"><strong>1\u00aa Chamada da Lista de Espera e 1\u00aa Antecipa\u00e7\u00e3o de Entrada<\/strong><\/td><td><em>20\/03 a 24\/03<\/em><\/td><\/tr><tr><td class=\"has-text-align-center\" data-align=\"center\"><strong>2\u00aa Chamada da Lista de Espera e 2\u00aa Antecipa\u00e7\u00e3o de Entrada<\/strong><\/td><td><em>24\/03, 27\/03 e 28\/03<\/em><\/td><\/tr><tr><td class=\"has-text-align-center\" data-align=\"center\"><strong>3\u00aa Chamada da Lista de Espera e 3\u00aa Antecipa\u00e7\u00e3o de Entrada<\/strong><\/td><td>28\/03 a 30\/03<\/td><\/tr><tr><td class=\"has-text-align-center\" data-align=\"center\"><strong>4\u00aa Chamada da Lista de Espera e 4\u00aa Antecipa\u00e7\u00e3o de Entrada<\/strong><\/td><td>03\/04 a 05\/04<\/td><\/tr><tr><td class=\"has-text-align-center\" data-align=\"center\"><strong>5\u00aa Chamada da Lista de Espera e 5\u00aa Antecipa\u00e7\u00e3o de Entrada<\/strong><\/td><td>03\/04 a 05\/04<\/td><\/tr><tr><td class=\"has-text-align-center\" data-align=\"center\"><strong>6\u00aa Chamada da Lista de Espera<\/strong><\/td><td>20\/04 a 24\/04<\/td><\/tr><tr><td class=\"has-text-align-center\" data-align=\"center\"><strong>7\u00aa Chamada da Lista de Espera<\/strong><\/td><td>20\/04 a 24\/04<\/td><\/tr><tr><td class=\"has-text-align-center\" data-align=\"center\"><strong>2\u00aa Entrada,<\/strong> <strong>8\u00aa, 9\u00aa, 10\u00aa, 11\u00aa ,12\u00aa, 13\u00aa, 14\u00aa, 15\u00aa, 16\u00aa e 17\u00aa Chamadas da Lista de Espera<\/strong><\/td><td>14\/08 a 18\/08<\/td><\/tr><tr><td class=\"has-text-align-center\" data-align=\"center\"><strong>18\u00aa e 19\u00aa Chamadas da Lista de Espera<\/strong><\/td><td>06\/09 a 11\/09<\/td><\/tr><\/tbody><\/table><\/figure>\n\n\n\n<figure class=\"wp-block-image size-full is-resized\"><img decoding=\"async\" loading=\"lazy\" src=\"https:\/\/www.ufmg.br\/sisu\/wp-content\/uploads\/2023\/02\/ilustra5.png\" alt=\"\" class=\"wp-image-1055\" width=\"314\" height=\"235\"\/><\/figure>\n","protected":false},"excerpt":{"rendered":"<p>Cronograma de aproveitamento de estudos para estudantes calouros 2023 Chamada Regular 20\/03 a 24\/03 1\u00aa Chamada da Lista de Espera e 1\u00aa Antecipa\u00e7\u00e3o de Entrada 20\/03 a 24\/03 2\u00aa Chamada da Lista de Espera e 2\u00aa Antecipa\u00e7\u00e3o de Entrada 24\/03, 27\/03 e 28\/03 3\u00aa Chamada da Lista de Espera e 3\u00aa Antecipa\u00e7\u00e3o de Entrada 28\/03 [&hellip;]<\/p>\n","protected":false},"author":5,"featured_media":0,"parent":0,"menu_order":0,"comment_status":"closed","ping_status":"closed","template":"","meta":[],"acf":[],"_links":{"self":[{"href":"https:\/\/www.ufmg.br\/sisu\/wp-json\/wp\/v2\/pages\/1312"}],"collection":[{"href":"https:\/\/www.ufmg.br\/sisu\/wp-json\/wp\/v2\/pages"}],"about":[{"href":"https:\/\/www.ufmg.br\/sisu\/wp-json\/wp\/v2\/types\/page"}],"author":[{"embeddable":true,"href":"https:\/\/www.ufmg.br\/sisu\/wp-json\/wp\/v2\/users\/5"}],"replies":[{"embeddable":true,"href":"https:\/\/www.ufmg.br\/sisu\/wp-json\/wp\/v2\/comments?post=1312"}],"version-history":[{"count":34,"href":"https:\/\/www.ufmg.br\/sisu\/wp-json\/wp\/v2\/pages\/1312\/revisions"}],"predecessor-version":[{"id":3145,"href":"https:\/\/www.ufmg.br\/sisu\/wp-json\/wp\/v2\/pages\/1312\/revisions\/3145"}],"wp:attachment":[{"href":"https:\/\/www.ufmg.br\/sisu\/wp-json\/wp\/v2\/media?parent=1312"}],"curies":[{"name":"wp","href":"https:\/\/api.w.org\/{rel}","templated":true}]}}