{"id":1382,"date":"2023-03-01T11:28:06","date_gmt":"2023-03-01T14:28:06","guid":{"rendered":"https:\/\/www.ufmg.br\/sisu\/?page_id=1382"},"modified":"2023-03-02T15:47:32","modified_gmt":"2023-03-02T18:47:32","slug":"instrucoes-aos-candidatos-convocados-na-chamada-regular-do-sisu-ufmg-1a-edicao-de-2023","status":"publish","type":"page","link":"https:\/\/www.ufmg.br\/sisu\/instrucoes-aos-candidatos-convocados-na-chamada-regular-do-sisu-ufmg-1a-edicao-de-2023\/","title":{"rendered":"Instru\u00e7\u00f5es aos candidatos selecionados na Chamada Regular do SiSU\/UFMG- 1\u00aa Edi\u00e7\u00e3o de 2023"},"content":{"rendered":"\n<p class=\"has-text-align-center\"><strong>CALOURO UFMG 2023: SEJA BEM-VINDO!<\/strong><\/p>\n\n\n\n<p>TODOS os candidatos selecionados para a Chamada Regular dever\u00e3o efetuar seu Registro Acad\u00eamico, via internet, com upload da documenta\u00e7\u00e3o obrigat\u00f3ria, do dia <strong>03 de mar\u00e7o de 2023 at\u00e9 as 23 horas e 59 minutos (hor\u00e1rio oficial de Bras\u00edlia) do dia 08 de mar\u00e7o de 2023<\/strong>.<\/p>\n\n\n<div class=\"wp-block-image is-style-rounded\">\n<figure class=\"alignright size-full is-resized\"><img decoding=\"async\" loading=\"lazy\" src=\"https:\/\/www.ufmg.br\/sisu\/wp-content\/uploads\/2023\/02\/ilustra-3.png\" alt=\"\" class=\"wp-image-1105\" width=\"275\" height=\"200\" srcset=\"https:\/\/www.ufmg.br\/sisu\/wp-content\/uploads\/2023\/02\/ilustra-3.png 540w, https:\/\/www.ufmg.br\/sisu\/wp-content\/uploads\/2023\/02\/ilustra-3-300x219.png 300w\" sizes=\"(max-width: 275px) 100vw, 275px\" \/><\/figure><\/div>\n\n\n<p>O procedimento obrigat\u00f3rio de apresenta\u00e7\u00e3o de documentos do registro acad\u00eamico e a matr\u00edcula inicial em atividades acad\u00eamicas curriculares dos candidatos classificados no Processo Seletivo SISU \u2013 Primeira Edi\u00e7\u00e3o de 2023, ser\u00e1 realizado, via internet, conforme previsto no edital do processo seletivo para acesso aos cursos presenciais de gradua\u00e7\u00e3o da UFMG em 2023 pelos candidatos selecionados por meio do SISU com base no resultado do ENEM.<\/p>\n\n\n\n<div style=\"height:36px\" aria-hidden=\"true\" class=\"wp-block-spacer\"><\/div>\n\n\n\n<h4 class=\"has-text-align-center\"><strong>Aten\u00e7\u00e3o:<\/strong><\/h4>\n\n\n\n<ol class=\"has-very-light-gray-to-cyan-bluish-gray-gradient-background has-background\">\n<li>Os candidatos que estiverem concorrendo \u00e0 modalidade vaga reservada de pessoas com defici\u00eancia ser\u00e3o submetidos a an\u00e1lise obrigat\u00f3ria feita pela Banca de Verifica\u00e7\u00e3o e Valida\u00e7\u00e3o.<\/li>\n\n\n\n<li>Os candidatos que estiverem concorrendo \u00e0 modalidade vaga reservada destinada \u00e0queles que se autodeclaram negros (pretos ou pardos) ser\u00e3o submetidos a procedimento de heteroidentifica\u00e7\u00e3o, realizado por Comiss\u00e3o designada pela Reitoria da UFMG.<\/li>\n\n\n\n<li>Candidatos que j\u00e1 tenham passado por avalia\u00e7\u00e3o da banca de heteroidentifica\u00e7\u00e3o na UFMG, a partir do ano de 2019, n\u00e3o ser\u00e3o submetidos a novo procedimento, sendo que sua avalia\u00e7\u00e3o anterior ser\u00e1 considerada para definir aptid\u00e3o ou n\u00e3o a ocupar uma vaga destinada a pessoas negras (pretas ou pardas).<\/li>\n\n\n\n<li>O procedimento de verifica\u00e7\u00e3o e valida\u00e7\u00e3o da condi\u00e7\u00e3o de defici\u00eancia, bem como o procedimento de heteroidentifica\u00e7\u00e3o, ser\u00e3o realizados obrigatoriamente com a presen\u00e7a do candidato que dever\u00e1 comparecer pessoalmente, de acordo com a escala de atendimento, para confirma\u00e7\u00e3o da condi\u00e7\u00e3o declarada, n\u00e3o podendo se fazer representar por procura\u00e7\u00e3o, correspond\u00eancia ou qualquer meio digital.<\/li>\n\n\n\n<li>Os candidatos menores de 18 (dezoito) anos, no momento de pr\u00e1tica de atos presenciais e formais, sejam eles emiss\u00e3o de declara\u00e7\u00f5es, assinaturas, e\/ou quaisquer outros correlatos, inclusive nas avalia\u00e7\u00f5es para candidatos de modalidades de reserva de vagas, devem necessariamente contar com a participa\u00e7\u00e3o e presen\u00e7a do respons\u00e1vel legal em caso de menor de 16 anos ou anu\u00eancia formal de seu representante legal para aqueles maiores de 16 e menores de 18 anos, nos termos do C\u00f3digo Civil.<\/li>\n\n\n\n<li>O representante legal \u00e9 aquele a quem a lei confere poderes, como o pai, m\u00e3e, ou aquele que possui a guarda em rela\u00e7\u00e3o a menor. O representante legal do candidato menor de 16 anos dever\u00e1 estar presente a todos os atos do procedimento presencial obrigat\u00f3rio de entrega de documentos e matr\u00edcula. J\u00e1 o representante legal do candidato maior de 16 anos e menor de 18 anos dever\u00e1 preencher <a rel=\"noreferrer noopener\" href=\"https:\/\/www.ufmg.br\/sisu\/wp-content\/uploads\/2023\/02\/Termo-de-Anuencia-2023.pdf\" data-type=\"URL\" data-id=\"https:\/\/www.ufmg.br\/sisu\/wp-content\/uploads\/2023\/02\/Termo-de-Anuencia-2023.pdf\" target=\"_blank\">declara\u00e7\u00e3o de anu\u00eancia<\/a>.<\/li>\n\n\n\n<li>Perder\u00e1 o direito \u00e0 vaga no curso o candidato que incorrer em quaisquer das seguintes situa\u00e7\u00f5es:\n<ul>\n<li>N\u00e3o efetuar o Registro Acad\u00eamico, via internet, com upload da documenta\u00e7\u00e3o obrigat\u00f3ria, dispon\u00edvel no sistema da UFMG, <strong>do dia 03 de mar\u00e7o de 2023 at\u00e9 as 23 horas e 59 minutos (hor\u00e1rio oficial de Bras\u00edlia) do dia 08 de mar\u00e7o de 2023;<\/strong><\/li>\n\n\n\n<li>Deixar de apresentar a documenta\u00e7\u00e3o completa exigida, na forma estabelecida pela UFMG. Por isso, recomenda-se aos candidatos que providenciem todos os documentos com anteced\u00eancia;<\/li>\n\n\n\n<li>N\u00e3o cumprir os requisitos para a modalidade de vaga escolhida.<\/li>\n<\/ul>\n<\/li>\n<\/ol>\n\n\n\n<hr class=\"wp-block-separator has-alpha-channel-opacity is-style-wide\"\/>\n\n\n\n<div style=\"height:46px\" aria-hidden=\"true\" class=\"wp-block-spacer\"><\/div>\n\n\n\n<h5 class=\"has-text-align-center\"><strong>Agenda do Calouro 2023 \u2013 Chamada Regular<\/strong><\/h5>\n\n\n\n<figure class=\"wp-block-table is-style-stripes\"><table><tbody><tr><td>03 a 08 de mar\u00e7o<\/td><td><strong>Registro acad\u00eamico, via internet, com upload da documenta\u00e7\u00e3o obrigat\u00f3ria<\/strong>, para os candidatos selecionados na Chamada Regular do SISU\/UFMG 2023 (<strong>1\u00aa e 2\u00aa entradas<\/strong>).<\/td><\/tr><tr><td>06 de mar\u00e7o<\/td><td><strong>Divulga\u00e7\u00e3o da escala de atendimento <\/strong>dos procedimentos presenciais de verifica\u00e7\u00e3o e valida\u00e7\u00e3o da condi\u00e7\u00e3o de defici\u00eancia e de heteroidentifica\u00e7\u00e3o dos selecionados na Chamada Regular do SISU\/2023,<strong> apenas candidatos que ingressar\u00e3o no primeiro per\u00edodo letivo de 2023.<\/strong><\/td><\/tr><tr><td>09 a 14 de mar\u00e7o<\/td><td>Procedimento presencial de verifica\u00e7\u00e3o e valida\u00e7\u00e3o da condi\u00e7\u00e3o de defici\u00eancia e de heteroidentifica\u00e7\u00e3o, conforme escala de atendimento, <strong>apenas candidatos que ingressar\u00e3o no primeiro per\u00edodo letivo de 2023<\/strong>.<\/td><\/tr><tr><td>15 de mar\u00e7o<\/td><td><strong>Divulga\u00e7\u00e3o da rela\u00e7\u00e3o de Registros e Matr\u00edculas confirmados<\/strong> na modalidade de vagas reservadas, <strong>apenas candidatos que ingressar\u00e3o no primeiro per\u00edodo letivo de 2023<\/strong>.<\/td><\/tr><tr><td>A partir de 16 de mar\u00e7o<\/td><td><strong>Envio, por email, do comprovante de matr\u00edcula<\/strong> para os candidatos que tiveram o seu registro acad\u00eamico confirmado, <strong>apenas candidatos que ingressar\u00e3o no primeiro per\u00edodo letivo de 2023<\/strong>.<\/td><\/tr><tr><td>14 de mar\u00e7o a 10 de abril<\/td><td>Emiss\u00e3o do <a href=\"https:\/\/www.ufmg.br\/sisu\/carteira-da-ufmg\/\" data-type=\"URL\" data-id=\"https:\/\/www.ufmg.br\/sisu\/carteira-da-ufmg\/\" target=\"_blank\" rel=\"noreferrer noopener\">crach\u00e1 de identifica\u00e7\u00e3o interno<\/a> dos alunos da UFMG, <strong>apenas candidatos que ingressar\u00e3o no primeiro per\u00edodo letivo de 2023<\/strong>.<\/td><\/tr><tr><td>20 de mar\u00e7o<\/td><td>In\u00edcio do primeiro per\u00edodo letivo para ingressantes dos cursos de gradua\u00e7\u00e3o<\/td><\/tr><tr><td>20 a 24 de mar\u00e7o<\/td><td><strong>Requerimento de dispensa de disciplinas por aproveitamento de estudos<\/strong> pelos selecionados na Chamada regular do SISU\/2023, apenas candidatos que ingressar\u00e3o no primeiro per\u00edodo de 2023, <strong>apenas candidatos que ingressar\u00e3o no primeiro per\u00edodo letivo de 2023<\/strong>.<\/td><\/tr><tr><td>29 de maio a 02 de junho<\/td><td>Procedimento presencial de verifica\u00e7\u00e3o e valida\u00e7\u00e3o da condi\u00e7\u00e3o de defici\u00eancia e de heteroidentifica\u00e7\u00e3o, conforme escala de atendimento, <strong>apenas candidatos que ingressar\u00e3o no segundo per\u00edodo letivo de 2023<\/strong>.<\/td><\/tr><tr><td>05 de junho<\/td><td><strong>Divulga\u00e7\u00e3o da rela\u00e7\u00e3o de Registros e Matr\u00edculas confirmados<\/strong> na modalidade de vagas reservadas, <strong>apenas candidatos que ingressar\u00e3o no segundo per\u00edodo letivo de 2023<\/strong>.<\/td><\/tr><tr><td>A partir de 24 de julho<\/td><td><strong>Envio, por email, do comprovante de matr\u00edcula<\/strong> para os candidatos que tiveram o seu registro acad\u00eamico confirmado, <strong>apenas candidatos que ingressar\u00e3o no segundo per\u00edodo letivo de 2023<\/strong>.<\/td><\/tr><tr><td>12 de agosto<\/td><td>In\u00edcio do segundo per\u00edodo letivo<\/td><\/tr><tr><td>14 a 18 de agosto<\/td><td><strong>Requerimento de dispensa de disciplinas por aproveitamento de estudos<\/strong> pelos selecionados na Chamada regular do SISU\/2023, apenas candidatos que ingressar\u00e3o no primeiro per\u00edodo de 2023, <strong>apenas candidatos que ingressar\u00e3o no segundo per\u00edodo letivo de 2023<\/strong>.<\/td><\/tr><\/tbody><\/table><\/figure>\n\n\n\n<hr class=\"wp-block-separator has-alpha-channel-opacity is-style-wide\"\/>\n\n\n\n<div style=\"height:46px\" aria-hidden=\"true\" class=\"wp-block-spacer\"><\/div>\n\n\n<div class=\"wp-block-image is-style-rounded\">\n<figure class=\"alignleft size-thumbnail is-resized\"><img decoding=\"async\" loading=\"lazy\" src=\"https:\/\/www.ufmg.br\/sisu\/wp-content\/uploads\/2023\/02\/Ilustra-6-Angiocarpa-150x150.png\" alt=\"\" class=\"wp-image-1067\" width=\"213\" height=\"213\"\/><\/figure><\/div>\n\n\n<h5>1. Registro Acad\u00eamico<\/h5>\n\n\n\n<p>O Registro Acad\u00eamico \u00e9 um ato acad\u00eamico obrigat\u00f3rio a ser realizado pelos candidatos selecionados para a ocupa\u00e7\u00e3o da vaga obtida no <strong>SISU\/UFMG 2023<\/strong>. Por meio do Registro Acad\u00eamico, os candidatos selecionados fornecem \u00e0 UFMG, para cadastro, os seus dados pessoais e acad\u00eamicos, entre outros.<\/p>\n\n\n\n<p><strong>Para realiz\u00e1-lo, os candidatos selecionados dever\u00e3o:<\/strong><\/p>\n\n\n\n<p><\/p>\n\n\n\n<p><strong>1.1<\/strong> Efetuar obrigatoriamente o <strong>Registro Acad\u00eamico, via internet<\/strong><strong>, do dia 03 de mar\u00e7o de 2023 at\u00e9 as 23 horas e 59 minutos (hor\u00e1rio oficial de Bras\u00edlia) do dia 08 de mar\u00e7o de 2023.<\/strong> Para acessar o Registro Acad\u00eamico via internet, \u00e9 necess\u00e1rio utilizar seu n\u00famero de CPF e a sua data de nascimento.<\/p>\n\n\n\n<p><strong>1.2<\/strong> Apresentar obrigatoriamente o original digitalizado integralmente, leg\u00edvel, sem rasuras ou cortes, dos <a rel=\"noreferrer noopener\" href=\"https:\/\/www.ufmg.br\/sisu\/documentos\/\" data-type=\"URL\" data-id=\"https:\/\/www.ufmg.br\/sisu\/documentos\/\" target=\"_blank\">documentos obrigat\u00f3rios<\/a>, que dever\u00e3o ser anexados em formato digital no momento do registro acad\u00eamico, via internet, ou preenchidos.<\/p>\n\n\n\n<div style=\"height:46px\" aria-hidden=\"true\" class=\"wp-block-spacer\"><\/div>\n\n\n\n<hr class=\"wp-block-separator has-alpha-channel-opacity is-style-wide\"\/>\n\n\n<div class=\"wp-block-image is-style-rounded\">\n<figure class=\"alignright size-thumbnail is-resized\"><img decoding=\"async\" loading=\"lazy\" src=\"https:\/\/www.ufmg.br\/sisu\/wp-content\/uploads\/2023\/02\/Ilustra-1-He\u0301lis-Neo\u0302nis-e-Argo\u0302nis-1-150x150.png\" alt=\"\" class=\"wp-image-1033\" width=\"205\" height=\"205\"\/><\/figure><\/div>\n\n\n<h5>2. Matr\u00edcula e aproveitamento de estudos<\/h5>\n\n\n\n<p><strong>2.1<\/strong> A efetiva\u00e7\u00e3o da matr\u00edcula \u00e9 um ato acad\u00eamico tamb\u00e9m obrigat\u00f3rio a ser realizado pelos candidatos selecionados, para a ocupa\u00e7\u00e3o da vaga. A matr\u00edcula ser\u00e1 realizada em todas as atividades acad\u00eamicas obrigat\u00f3rias do 1\u00ba per\u00edodo curricular do curso.<\/p>\n\n\n\n<p><strong>2.2 <\/strong>Os candidatos interessados em <a rel=\"noreferrer noopener\" href=\"https:\/\/www.ufmg.br\/sisu\/aproveitamento-de-estudos\/\" data-type=\"URL\" data-id=\"https:\/\/www.ufmg.br\/sisu\/aproveitamento-de-estudos\/\" target=\"_blank\">aproveitamento de estudos<\/a> dever\u00e3o protocolizar os requerimentos nos Colegiados dos Cursos.<\/p>\n\n\n\n<div style=\"height:46px\" aria-hidden=\"true\" class=\"wp-block-spacer\"><\/div>\n\n\n\n<hr class=\"wp-block-separator has-alpha-channel-opacity is-style-wide\"\/>\n\n\n<div class=\"wp-block-image is-style-rounded\">\n<figure class=\"alignleft size-thumbnail\"><img decoding=\"async\" loading=\"lazy\" width=\"150\" height=\"150\" src=\"https:\/\/www.ufmg.br\/sisu\/wp-content\/uploads\/2023\/02\/Ilustra-12-Multiflora-150x150.png\" alt=\"\" class=\"wp-image-1092\"\/><\/figure><\/div>\n\n\n<h5><strong>3.<\/strong> Nome Social<\/h5>\n\n\n\n<p><strong>3.1<\/strong> Os candidatos interessados podem requer o uso do <a rel=\"noreferrer noopener\" href=\"https:\/\/www.ufmg.br\/sisu\/documentos\/nome-social\/\" target=\"_blank\">nome social<\/a> na UFMG nos termos da <a href=\"https:\/\/www.ufmg.br\/copeve\/Arquivos\/Documentos\/Resolucao_09_UFMG_07julho2015.pdf\" data-type=\"URL\" data-id=\"https:\/\/www.ufmg.br\/copeve\/Arquivos\/Documentos\/Resolucao_09_UFMG_07julho2015.pdf\" target=\"_blank\" rel=\"noreferrer noopener\">Resolu\u00e7\u00e3o 09\/2015<\/a> de 07 de julho de 2015.<\/p>\n\n\n\n<div style=\"height:46px\" aria-hidden=\"true\" class=\"wp-block-spacer\"><\/div>\n\n\n\n<hr class=\"wp-block-separator has-alpha-channel-opacity is-style-wide\"\/>\n\n\n<div class=\"wp-block-image is-style-rounded\">\n<figure class=\"alignright size-thumbnail is-resized\"><img decoding=\"async\" loading=\"lazy\" src=\"https:\/\/www.ufmg.br\/sisu\/wp-content\/uploads\/2023\/02\/Ilustra-2-Carai\u0301ba-150x150.png\" alt=\"\" class=\"wp-image-1041\" width=\"210\" height=\"210\"\/><\/figure><\/div>\n\n\n<p><strong>4. Locais para atendimento dos procedimentos presenciais de verifica\u00e7\u00e3o e valida\u00e7\u00e3o da condi\u00e7\u00e3o de defici\u00eancia e de heteroidentifica\u00e7\u00e3o:<\/strong><\/p>\n\n\n\n<p><strong>4.1<\/strong> <strong>Cursos sediados em Belo Horizonte<\/strong><\/p>\n\n\n\n<p><strong>4.1.1<\/strong> <em>Banca de Heteroidentifica\u00e7\u00e3o<\/em><\/p>\n\n\n\n<p><a rel=\"noreferrer noopener\" href=\"https:\/\/www.google.com\/maps?q=cad+iii&amp;rlz=1C1GCEU_pt-BRBR885BR885&amp;um=1&amp;ie=UTF-8&amp;sa=X&amp;ved=2ahUKEwiJ7O7kn5r9AhXrJbkGHTLLCXsQ_AUoAHoECAEQCg\" target=\"_blank\">Centro de Atividades Did\u00e1ticas III \u2013 Avenida Ant\u00f4nio Carlos, 6627 \u2013 Campus Pampulha \u2013 Belo Horizonte \u2013 Minas Gerais<\/a><\/p>\n\n\n\n<p><strong>4.1.2<\/strong> <em>Banca de Verifica\u00e7\u00e3o e Valida\u00e7\u00e3o de Pessoa com Defici\u00eancia<\/em><\/p>\n\n\n\n<p><a href=\"https:\/\/goo.gl\/maps\/RbHvQAF3w9fWyvby7\" data-type=\"URL\" data-id=\"https:\/\/goo.gl\/maps\/RbHvQAF3w9fWyvby7\" target=\"_blank\" rel=\"noreferrer noopener\">Escola de Engenharia &#8211; Avenida Ant\u00f4nio Carlos, 6627 \u2013 Campus Pampulha \u2013 Belo Horizonte \u2013 Minas Gerais<\/a><\/p>\n\n\n\n<hr class=\"wp-block-separator has-alpha-channel-opacity is-style-dots\"\/>\n\n\n\n<p><strong>4.2<\/strong> <strong>Cursos Sediados em Montes Claros<\/strong><\/p>\n\n\n\n<p><em><strong>4.2.1<\/strong> Banca de Heteroidentifica\u00e7\u00e3o e Banca de Verifica\u00e7\u00e3o e Valida\u00e7\u00e3o de Pessoa com Defici\u00eancia<\/em><\/p>\n\n\n\n<p><a href=\"https:\/\/goo.gl\/maps\/8yrSrnUHhoXULPkq6\" data-type=\"URL\" data-id=\"https:\/\/goo.gl\/maps\/8yrSrnUHhoXULPkq6\" target=\"_blank\" rel=\"noreferrer noopener\">Instituto de Ci\u00eancias Agr\u00e1rias &#8211; Av. Universit\u00e1ria, 1000 &#8211; Universit\u00e1rio, Montes Claros &#8211; MG, 39404-547<\/a><\/p>\n\n\n<div class=\"wp-block-image\">\n<figure class=\"aligncenter size-full is-resized\"><img decoding=\"async\" loading=\"lazy\" src=\"https:\/\/www.ufmg.br\/sisu\/wp-content\/uploads\/2023\/02\/ilustra1.png\" alt=\"\" class=\"wp-image-1063\" width=\"331\" height=\"316\" srcset=\"https:\/\/www.ufmg.br\/sisu\/wp-content\/uploads\/2023\/02\/ilustra1.png 393w, https:\/\/www.ufmg.br\/sisu\/wp-content\/uploads\/2023\/02\/ilustra1-300x286.png 300w\" sizes=\"(max-width: 331px) 100vw, 331px\" \/><\/figure><\/div>","protected":false},"excerpt":{"rendered":"<p>CALOURO UFMG 2023: SEJA BEM-VINDO! TODOS os candidatos selecionados para a Chamada Regular dever\u00e3o efetuar seu Registro Acad\u00eamico, via internet, com upload da documenta\u00e7\u00e3o obrigat\u00f3ria, do dia 03 de mar\u00e7o de 2023 at\u00e9 as 23 horas e 59 minutos (hor\u00e1rio oficial de Bras\u00edlia) do dia 08 de mar\u00e7o de 2023. O procedimento obrigat\u00f3rio de apresenta\u00e7\u00e3o [&hellip;]<\/p>\n","protected":false},"author":5,"featured_media":0,"parent":0,"menu_order":0,"comment_status":"closed","ping_status":"closed","template":"","meta":[],"acf":[],"_links":{"self":[{"href":"https:\/\/www.ufmg.br\/sisu\/wp-json\/wp\/v2\/pages\/1382"}],"collection":[{"href":"https:\/\/www.ufmg.br\/sisu\/wp-json\/wp\/v2\/pages"}],"about":[{"href":"https:\/\/www.ufmg.br\/sisu\/wp-json\/wp\/v2\/types\/page"}],"author":[{"embeddable":true,"href":"https:\/\/www.ufmg.br\/sisu\/wp-json\/wp\/v2\/users\/5"}],"replies":[{"embeddable":true,"href":"https:\/\/www.ufmg.br\/sisu\/wp-json\/wp\/v2\/comments?post=1382"}],"version-history":[{"count":55,"href":"https:\/\/www.ufmg.br\/sisu\/wp-json\/wp\/v2\/pages\/1382\/revisions"}],"predecessor-version":[{"id":1543,"href":"https:\/\/www.ufmg.br\/sisu\/wp-json\/wp\/v2\/pages\/1382\/revisions\/1543"}],"wp:attachment":[{"href":"https:\/\/www.ufmg.br\/sisu\/wp-json\/wp\/v2\/media?parent=1382"}],"curies":[{"name":"wp","href":"https:\/\/api.w.org\/{rel}","templated":true}]}}