{"id":1769,"date":"2023-03-15T11:31:22","date_gmt":"2023-03-15T14:31:22","guid":{"rendered":"https:\/\/www.ufmg.br\/sisu\/?page_id=1769"},"modified":"2023-03-15T11:31:24","modified_gmt":"2023-03-15T14:31:24","slug":"instrucoes-para-interposicao-de-recurso-sisu-ufmg-2022","status":"publish","type":"page","link":"https:\/\/www.ufmg.br\/sisu\/instrucoes-para-interposicao-de-recurso-sisu-ufmg-2022\/","title":{"rendered":"Instru\u00e7\u00f5es para interposi\u00e7\u00e3o de recurso &#8211; SiSU\/UFMG 2022"},"content":{"rendered":"\n<p>Prezado (a),<\/p>\n\n\n\n<p>Os candidatos que tiveram a sua matr\u00edcula indeferida na reserva de vagas e tenham interesse em interpor recurso nos termos do item 8.13 do Edital devem seguir os procedimentos abaixo descritos:<\/p>\n\n\n\n<p><strong>1)<\/strong>\u00a0Efetuar at\u00e9 \u00e0s\u00a0<strong>23:59 do dia 20 de mar\u00e7o de 2023<\/strong>\u00a0o cadastro como usu\u00e1rio externo do SEI\/UFMG, de acordo com o seguinte roteiro:<br><strong>\u2219<\/strong>\u00a0<em><a rel=\"noreferrer noopener\" href=\"https:\/\/www.ufmg.br\/sisu-antigo\/wp-content\/uploads\/2020\/11\/ROTEIRO-PARA-CADASTRO-COMO-USU%C3%81RIO-EXTERNO-DO-SEI-UFMG.pdf\" target=\"_blank\">Cadastro como usu\u00e1rio externo SEI\/UFMG<\/a><\/em><\/p>\n\n\n\n<p><strong>2)<\/strong>\u00a0Peticionar at\u00e9 \u00e0s\u00a0<strong><strong>23:59 do dia 21 de mar\u00e7o de 2023<\/strong><\/strong>\u00a0o protocolo de recurso no SEI\/UFMG, de acordo com o seguinte roteiro:<br><strong>\u2219<\/strong>\u00a0<em><a rel=\"noreferrer noopener\" href=\"https:\/\/www.ufmg.br\/sisu-antigo\/wp-content\/uploads\/2020\/11\/ROTEIRO-PARA-PETICIONAMENTO-DE-RECURSO.pdf\" target=\"_blank\">Peticionamento de recurso da reserva de vagas<\/a><\/em><\/p>\n\n\n\n<p>Al\u00e9m disso, o DRCA\/UFMG destaca aos candidatos as seguintes observa\u00e7\u00f5es:<\/p>\n\n\n\n<p><strong>a)<\/strong>&nbsp;Os cadastros como usu\u00e1rio externos que n\u00e3o forem efetivados at\u00e9 a data informada acima ser\u00e3o negados pelo setor respons\u00e1vel.<\/p>\n\n\n\n<p><strong>b)<\/strong>&nbsp;A partir da demanda do setor respons\u00e1vel, a efetiva\u00e7\u00e3o do cadastro como usu\u00e1rio externo pode ocorrer em at\u00e9 1 (um) dia \u00fatil ap\u00f3s a solicita\u00e7\u00e3o, assim recomenda-se aos candidatos que o fa\u00e7am com anteced\u00eancia. Al\u00e9m disso, requisitamos aos candidatos interessados que o fa\u00e7am apenas uma vez.<\/p>\n\n\n\n<p><strong>c)<\/strong>&nbsp;Os processos de recurso peticionados ap\u00f3s a data informada ser\u00e3o automaticamente indeferidos pelo DRCA com base no 8.13.2 do Edital do Processo Seletivo.<\/p>\n\n\n\n<p><strong>d)<\/strong>&nbsp;\u00c9 de responsabilidade do candidato seguir todos os passos previstos no roteiro e qualquer falha pode acarretar o indeferimento do recurso.<\/p>\n\n\n\n<p><strong>e)<\/strong>&nbsp;Os motivos espec\u00edficos do indeferimento da reserva de vagas foram encaminhados para o email cadastrado pelo candidato no ato do registro acad\u00eamico, via internet.<\/p>\n\n\n\n<p><strong>f)<\/strong>&nbsp;O candidato deve ficar atento as poss\u00edveis comunica\u00e7\u00f5es que podem ser encaminhadas pela UFMG ao seu email cadastrado como usu\u00e1rio externo do SEI.<\/p>\n\n\n\n<p><strong>g)<\/strong>\u00a0O candidato indeferido no procedimento de heteroidentifica\u00e7\u00e3o e que interpor recurso dever\u00e1 comparecer a banca recursal agendada para o dia 23 de mar\u00e7o de 2023, em hor\u00e1rio a ser divulgado pela UFMG.<\/p>\n\n\n\n<p><strong>h)<\/strong>&nbsp;D\u00favidas relacionadas a qualquer procedimento devem ser encaminhadas para&nbsp;<a href=\"mailto:recurso@drca.ufmg.br\">recurso@drca.ufmg.br<\/a>.<\/p>\n\n\n\n<p>Atenciosamente,<br>Mara Inez Corr\u00eaa de Souza Pires<br>Diretora do DRCA<\/p>\n","protected":false},"excerpt":{"rendered":"<p>Prezado (a), Os candidatos que tiveram a sua matr\u00edcula indeferida na reserva de vagas e tenham interesse em interpor recurso nos termos do item 8.13 do Edital devem seguir os procedimentos abaixo descritos: 1)\u00a0Efetuar at\u00e9 \u00e0s\u00a023:59 do dia 20 de mar\u00e7o de 2023\u00a0o cadastro como usu\u00e1rio externo do SEI\/UFMG, de acordo com o seguinte roteiro:\u2219\u00a0Cadastro [&hellip;]<\/p>\n","protected":false},"author":5,"featured_media":0,"parent":0,"menu_order":0,"comment_status":"closed","ping_status":"closed","template":"","meta":[],"acf":[],"_links":{"self":[{"href":"https:\/\/www.ufmg.br\/sisu\/wp-json\/wp\/v2\/pages\/1769"}],"collection":[{"href":"https:\/\/www.ufmg.br\/sisu\/wp-json\/wp\/v2\/pages"}],"about":[{"href":"https:\/\/www.ufmg.br\/sisu\/wp-json\/wp\/v2\/types\/page"}],"author":[{"embeddable":true,"href":"https:\/\/www.ufmg.br\/sisu\/wp-json\/wp\/v2\/users\/5"}],"replies":[{"embeddable":true,"href":"https:\/\/www.ufmg.br\/sisu\/wp-json\/wp\/v2\/comments?post=1769"}],"version-history":[{"count":2,"href":"https:\/\/www.ufmg.br\/sisu\/wp-json\/wp\/v2\/pages\/1769\/revisions"}],"predecessor-version":[{"id":1773,"href":"https:\/\/www.ufmg.br\/sisu\/wp-json\/wp\/v2\/pages\/1769\/revisions\/1773"}],"wp:attachment":[{"href":"https:\/\/www.ufmg.br\/sisu\/wp-json\/wp\/v2\/media?parent=1769"}],"curies":[{"name":"wp","href":"https:\/\/api.w.org\/{rel}","templated":true}]}}