{"id":2012,"date":"2023-04-11T19:40:42","date_gmt":"2023-04-11T22:40:42","guid":{"rendered":"https:\/\/www.ufmg.br\/sisu\/?page_id=2012"},"modified":"2023-04-20T10:21:40","modified_gmt":"2023-04-20T13:21:40","slug":"6a-chamada-da-lista-de-espera","status":"publish","type":"page","link":"https:\/\/www.ufmg.br\/sisu\/6a-chamada-da-lista-de-espera\/","title":{"rendered":"6\u00aa Chamada da Lista de Espera"},"content":{"rendered":"\n<p><a href=\"https:\/\/www.ufmg.br\/sisu\/instrucoes-para-interposicao-de-recurso-sisu-ufmg-2023-3\/\" data-type=\"URL\" data-id=\"https:\/\/www.ufmg.br\/sisu\/instrucoes-para-interposicao-de-recurso-sisu-ufmg-2023-3\/\">Instru\u00e7\u00f5es para interposi\u00e7\u00e3o de recurso<\/a>.<\/p>\n\n\n\n<p><a href=\"https:\/\/www.ufmg.br\/sisu\/wp-content\/uploads\/2023\/04\/Matriculas-Confirmadas-Ampla-Concorrencia-6a-CHAMADA-DA-LISTA-DE-ESPERA-DO-SISU-2023.pdf\" data-type=\"URL\" data-id=\"https:\/\/www.ufmg.br\/sisu\/wp-content\/uploads\/2023\/04\/Matriculas-Confirmadas-Ampla-Concorrencia-6a-CHAMADA-DA-LISTA-DE-ESPERA-DO-SISU-2023.pdf\">Matr\u00edculas confirmadas (Ampla concorr\u00eancia)<\/a>.<\/p>\n\n\n\n<p><a href=\"https:\/\/www.ufmg.br\/sisu\/wp-content\/uploads\/2023\/04\/Matriculas-Indeferidas-Ampla-Concorrencia-6a-CHAMADA-DA-LISTA-DE-ESPERA-DO-SISU-2023.pdf\" data-type=\"URL\" data-id=\"https:\/\/www.ufmg.br\/sisu\/wp-content\/uploads\/2023\/04\/Matriculas-Indeferidas-Ampla-Concorrencia-6a-CHAMADA-DA-LISTA-DE-ESPERA-DO-SISU-2023.pdf\">Matr\u00edculas indeferidas (Ampla concorr\u00eancia)<\/a>.<\/p>\n\n\n\n<p><a href=\"https:\/\/www.ufmg.br\/sisu\/wp-content\/uploads\/2023\/04\/Matriculas-Confirmadas-Reserva-de-vagas-6a-CHAMADA-DA-LISTA-DE-ESPERA-DO-SISU-2023.pdf\" data-type=\"URL\" data-id=\"https:\/\/www.ufmg.br\/sisu\/wp-content\/uploads\/2023\/04\/Matriculas-Confirmadas-Reserva-de-vagas-6a-CHAMADA-DA-LISTA-DE-ESPERA-DO-SISU-2023.pdf\">Matr\u00edculas confirmadas (Reserva de vagas)<\/a>.<\/p>\n\n\n\n<p><a href=\"https:\/\/www.ufmg.br\/sisu\/wp-content\/uploads\/2023\/04\/Matriculas-Indeferidas-Reserva-de-vagas-6a-CHAMADA-DA-LISTA-DE-ESPERA-DO-SISU-2023.pdf\" data-type=\"URL\" data-id=\"https:\/\/www.ufmg.br\/sisu\/wp-content\/uploads\/2023\/04\/Matriculas-Indeferidas-Reserva-de-vagas-6a-CHAMADA-DA-LISTA-DE-ESPERA-DO-SISU-2023.pdf\">Matr\u00edculas indeferidas (Reserva de vagas)<\/a>.<\/p>\n\n\n\n<p><a href=\"https:\/\/www.ufmg.br\/sisu\/escala-de-atendimento-dos-procedimentos-presenciais-6a-e-7a-chamadas-da-lista-de-espera\/\">Escala de atendimento dos procedimentos presenciais<\/a>.\u00a0<\/p>\n\n\n\n<p><a href=\"https:\/\/www.ufmg.br\/sisu\/registro-academico-via-internet-com-upload-da-documentacao-obrigatoria-6a-chamada-da-lista-de-espera-do-sisu-ufmg-2023\/\" data-type=\"URL\" data-id=\"https:\/\/www.ufmg.br\/sisu\/registro-academico-via-internet-com-upload-da-documentacao-obrigatoria-6a-chamada-da-lista-de-espera-do-sisu-ufmg-2023\/\">Clique aqui para acessar o Registro Acad\u00eamico, via internet, com upload da documenta\u00e7\u00e3o obrigat\u00f3ria<\/a>.<\/p>\n\n\n\n<p><a href=\"https:\/\/www.ufmg.br\/sisu\/wp-content\/uploads\/2023\/04\/6a-Chamada-da-lista-de-espera-SISU-2023.pdf\" data-type=\"URL\" data-id=\"https:\/\/www.ufmg.br\/sisu\/wp-content\/uploads\/2023\/04\/6a-Chamada-da-lista-de-espera-SISU-2023.pdf\">Consulte aqui a rela\u00e7\u00e3o dos candidatos convocados<\/a>.<\/p>\n\n\n\n<p><a href=\"https:\/\/www.ufmg.br\/sisu\/instrucoes-aos-candidatos-convocados-na-6a-chamada-da-lista-de-espera-do-sisu-ufmg-1a-edicao-de-2023\/\" data-type=\"URL\" data-id=\"https:\/\/www.ufmg.br\/sisu\/instrucoes-aos-candidatos-convocados-na-6a-chamada-da-lista-de-espera-do-sisu-ufmg-1a-edicao-de-2023\/\">Instru\u00e7\u00f5es para os candidatos convocados<\/a>.<\/p>\n","protected":false},"excerpt":{"rendered":"<p>Instru\u00e7\u00f5es para interposi\u00e7\u00e3o de recurso. Matr\u00edculas confirmadas (Ampla concorr\u00eancia). Matr\u00edculas indeferidas (Ampla concorr\u00eancia). Matr\u00edculas confirmadas (Reserva de vagas). Matr\u00edculas indeferidas (Reserva de vagas). Escala de atendimento dos procedimentos presenciais.\u00a0 Clique aqui para acessar o Registro Acad\u00eamico, via internet, com upload da documenta\u00e7\u00e3o obrigat\u00f3ria. Consulte aqui a rela\u00e7\u00e3o dos candidatos convocados. Instru\u00e7\u00f5es para os candidatos convocados.<\/p>\n","protected":false},"author":5,"featured_media":0,"parent":0,"menu_order":0,"comment_status":"closed","ping_status":"closed","template":"","meta":[],"acf":[],"_links":{"self":[{"href":"https:\/\/www.ufmg.br\/sisu\/wp-json\/wp\/v2\/pages\/2012"}],"collection":[{"href":"https:\/\/www.ufmg.br\/sisu\/wp-json\/wp\/v2\/pages"}],"about":[{"href":"https:\/\/www.ufmg.br\/sisu\/wp-json\/wp\/v2\/types\/page"}],"author":[{"embeddable":true,"href":"https:\/\/www.ufmg.br\/sisu\/wp-json\/wp\/v2\/users\/5"}],"replies":[{"embeddable":true,"href":"https:\/\/www.ufmg.br\/sisu\/wp-json\/wp\/v2\/comments?post=2012"}],"version-history":[{"count":4,"href":"https:\/\/www.ufmg.br\/sisu\/wp-json\/wp\/v2\/pages\/2012\/revisions"}],"predecessor-version":[{"id":2058,"href":"https:\/\/www.ufmg.br\/sisu\/wp-json\/wp\/v2\/pages\/2012\/revisions\/2058"}],"wp:attachment":[{"href":"https:\/\/www.ufmg.br\/sisu\/wp-json\/wp\/v2\/media?parent=2012"}],"curies":[{"name":"wp","href":"https:\/\/api.w.org\/{rel}","templated":true}]}}