{"id":2028,"date":"2023-04-14T13:43:28","date_gmt":"2023-04-14T16:43:28","guid":{"rendered":"https:\/\/www.ufmg.br\/sisu\/?page_id=2028"},"modified":"2023-06-07T09:12:58","modified_gmt":"2023-06-07T12:12:58","slug":"7a-chamada-da-lista-de-espera","status":"publish","type":"page","link":"https:\/\/www.ufmg.br\/sisu\/7a-chamada-da-lista-de-espera\/","title":{"rendered":"7\u00aa Chamada da Lista de Espera"},"content":{"rendered":"\n<p><a href=\"https:\/\/www.ufmg.br\/sisu\/instrucoes-para-interposicao-de-recurso-sisu-ufmg-2023-3\/\" data-type=\"URL\" data-id=\"https:\/\/www.ufmg.br\/sisu\/instrucoes-para-interposicao-de-recurso-sisu-ufmg-2023-3\/\">Instru\u00e7\u00f5es para interposi\u00e7\u00e3o de recurso<\/a>.<\/p>\n\n\n\n<p><a href=\"https:\/\/www.ufmg.br\/sisu\/wp-content\/uploads\/2023\/04\/Matriculas-Confirmadas-Ampla-Concorrencia-7a-CHAMADA-DA-LISTA-DE-ESPERA-DO-SISU-2023.pdf\" data-type=\"URL\" data-id=\"https:\/\/www.ufmg.br\/sisu\/wp-content\/uploads\/2023\/04\/Matriculas-Confirmadas-Ampla-Concorrencia-7a-CHAMADA-DA-LISTA-DE-ESPERA-DO-SISU-2023.pdf\">Matr\u00edculas confirmadas (Ampla concorr\u00eancia)<\/a>.<\/p>\n\n\n\n<p><a href=\"https:\/\/www.ufmg.br\/sisu\/wp-content\/uploads\/2023\/04\/Matriculas-Indeferidas-Ampla-Concorrencia-7a-CHAMADA-DA-LISTA-DE-ESPERA-DO-SISU-2023.pdf\" data-type=\"URL\" data-id=\"https:\/\/www.ufmg.br\/sisu\/wp-content\/uploads\/2023\/04\/Matriculas-Indeferidas-Ampla-Concorrencia-7a-CHAMADA-DA-LISTA-DE-ESPERA-DO-SISU-2023.pdf\">Matr\u00edculas indeferidas (Ampla concorr\u00eancia)<\/a>.<\/p>\n\n\n\n<p><a href=\"https:\/\/www.ufmg.br\/sisu\/wp-content\/uploads\/2023\/04\/Matriculas-Confirmadas-Reserva-de-vagas-7a-CHAMADA-DA-LISTA-DE-ESPERA-DO-SISU-2023.pdf\" data-type=\"URL\" data-id=\"https:\/\/www.ufmg.br\/sisu\/wp-content\/uploads\/2023\/04\/Matriculas-Confirmadas-Reserva-de-vagas-7a-CHAMADA-DA-LISTA-DE-ESPERA-DO-SISU-2023.pdf\">Matr\u00edculas confirmadas (Reserva de vagas)<\/a>.<\/p>\n\n\n\n<p><a href=\"https:\/\/www.ufmg.br\/sisu\/wp-content\/uploads\/2023\/04\/Matriculas-Indeferidas-Reserva-de-vagas-7a-CHAMADA-DA-LISTA-DE-ESPERA-DO-SISU-2023.pdf\" data-type=\"URL\" data-id=\"https:\/\/www.ufmg.br\/sisu\/wp-content\/uploads\/2023\/04\/Matriculas-Indeferidas-Reserva-de-vagas-7a-CHAMADA-DA-LISTA-DE-ESPERA-DO-SISU-2023.pdf\">Matr\u00edculas indeferidas (Reserva de vagas)<\/a>.<\/p>\n\n\n\n<p><a href=\"https:\/\/www.ufmg.br\/sisu\/escala-de-atendimento-dos-procedimentos-presenciais-6a-e-7a-chamadas-da-lista-de-espera\/\" data-type=\"URL\" data-id=\"https:\/\/www.ufmg.br\/sisu\/escala-de-atendimento-dos-procedimentos-presenciais-6a-e-7a-chamadas-da-lista-de-espera\/\">Escala de atendimento dos procedimentos presenciais<\/a>.&nbsp;<\/p>\n\n\n\n<p><a href=\"https:\/\/www.ufmg.br\/sisu\/registro-academico-via-internet-com-upload-da-documentacao-obrigatoria-7a-chamada-da-lista-de-espera-do-sisu-ufmg-2023\/\" data-type=\"URL\" data-id=\"https:\/\/www.ufmg.br\/sisu\/registro-academico-via-internet-com-upload-da-documentacao-obrigatoria-7a-chamada-da-lista-de-espera-do-sisu-ufmg-2023\/\">Clique aqui para acessar o Registro Acad\u00eamico, via internet, com upload da documenta\u00e7\u00e3o obrigat\u00f3ria<\/a>.<\/p>\n\n\n\n<p><a href=\"https:\/\/www.ufmg.br\/sisu\/wp-content\/uploads\/2023\/04\/7a-Chamada-da-lista-de-espera-SISU-2023.pdf\" data-type=\"URL\" data-id=\"https:\/\/www.ufmg.br\/sisu\/wp-content\/uploads\/2023\/04\/7a-Chamada-da-lista-de-espera-SISU-2023.pdf\">Consulte aqui a rela\u00e7\u00e3o dos candidatos convocados<\/a>.<\/p>\n\n\n\n<p><a href=\"https:\/\/www.ufmg.br\/sisu\/instrucoes-aos-candidatos-convocados-na-7a-chamada-da-lista-de-espera-do-sisu-ufmg-1a-edicao-de-2023\/\" data-type=\"URL\" data-id=\"https:\/\/www.ufmg.br\/sisu\/instrucoes-aos-candidatos-convocados-na-7a-chamada-da-lista-de-espera-do-sisu-ufmg-1a-edicao-de-2023\/\">Instru\u00e7\u00f5es para os candidatos convocados<\/a>.<\/p>\n\n\n\n<p><\/p>\n","protected":false},"excerpt":{"rendered":"<p>Instru\u00e7\u00f5es para interposi\u00e7\u00e3o de recurso. Matr\u00edculas confirmadas (Ampla concorr\u00eancia). Matr\u00edculas indeferidas (Ampla concorr\u00eancia). Matr\u00edculas confirmadas (Reserva de vagas). Matr\u00edculas indeferidas (Reserva de vagas). Escala de atendimento dos procedimentos presenciais.&nbsp; Clique aqui para acessar o Registro Acad\u00eamico, via internet, com upload da documenta\u00e7\u00e3o obrigat\u00f3ria. Consulte aqui a rela\u00e7\u00e3o dos candidatos convocados. Instru\u00e7\u00f5es para os candidatos convocados.<\/p>\n","protected":false},"author":5,"featured_media":0,"parent":0,"menu_order":0,"comment_status":"closed","ping_status":"closed","template":"","meta":[],"acf":[],"_links":{"self":[{"href":"https:\/\/www.ufmg.br\/sisu\/wp-json\/wp\/v2\/pages\/2028"}],"collection":[{"href":"https:\/\/www.ufmg.br\/sisu\/wp-json\/wp\/v2\/pages"}],"about":[{"href":"https:\/\/www.ufmg.br\/sisu\/wp-json\/wp\/v2\/types\/page"}],"author":[{"embeddable":true,"href":"https:\/\/www.ufmg.br\/sisu\/wp-json\/wp\/v2\/users\/5"}],"replies":[{"embeddable":true,"href":"https:\/\/www.ufmg.br\/sisu\/wp-json\/wp\/v2\/comments?post=2028"}],"version-history":[{"count":5,"href":"https:\/\/www.ufmg.br\/sisu\/wp-json\/wp\/v2\/pages\/2028\/revisions"}],"predecessor-version":[{"id":2138,"href":"https:\/\/www.ufmg.br\/sisu\/wp-json\/wp\/v2\/pages\/2028\/revisions\/2138"}],"wp:attachment":[{"href":"https:\/\/www.ufmg.br\/sisu\/wp-json\/wp\/v2\/media?parent=2028"}],"curies":[{"name":"wp","href":"https:\/\/api.w.org\/{rel}","templated":true}]}}