{"id":2039,"date":"2023-04-14T14:11:21","date_gmt":"2023-04-14T17:11:21","guid":{"rendered":"https:\/\/www.ufmg.br\/sisu\/?page_id=2039"},"modified":"2023-04-14T14:15:52","modified_gmt":"2023-04-14T17:15:52","slug":"escala-de-atendimento-dos-procedimentos-presenciais-6a-e-7a-chamadas-da-lista-de-espera","status":"publish","type":"page","link":"https:\/\/www.ufmg.br\/sisu\/escala-de-atendimento-dos-procedimentos-presenciais-6a-e-7a-chamadas-da-lista-de-espera\/","title":{"rendered":"Escala de atendimento dos procedimentos presenciais &#8211; 6\u00aa e 7\u00aa Chamadas da Lista de Espera"},"content":{"rendered":"\n<h5>Aten\u00e7\u00e3o:<\/h5>\n\n\n\n<ul>\n<li><a href=\"https:\/\/www.ufmg.br\/sisu\/wp-content\/uploads\/2023\/04\/ESCALA-DE-ATENDIMENTO-SISU-2023-6a-E-7a-CHAMADAS-DA-LISTA-DE-ESPERA.pdf\" data-type=\"URL\" data-id=\"https:\/\/www.ufmg.br\/sisu\/wp-content\/uploads\/2023\/04\/ESCALA-DE-ATENDIMENTO-SISU-2023-6a-E-7a-CHAMADAS-DA-LISTA-DE-ESPERA.pdf\">Rela\u00e7\u00e3o dos candidatos convocados para os procedimentos presenciais<\/a>.<\/li>\n\n\n\n<li>Nos termos do item 7.5 do Edital do Processo Seletivo SiSU\/UFMG 1\u00aa Edi\u00e7\u00e3o de 2023, os candidatos que j\u00e1 tenham passado por avalia\u00e7\u00e3o da banca de heteroidentifica\u00e7\u00e3o na UFMG, a partir do ano de 2019, n\u00e3o ser\u00e3o convocados para novo procedimento, sendo que sua avalia\u00e7\u00e3o anterior ser\u00e1 considerada para definir aptid\u00e3o.<\/li>\n<\/ul>\n\n\n\n<div style=\"height:52px\" aria-hidden=\"true\" class=\"wp-block-spacer\"><\/div>\n\n\n\n<h5>Locais de atendimento dos procedimentos presenciais<\/h5>\n\n\n<p><strong>Cursos sediados em Belo Horizonte<\/strong><\/p>\n<p><!-- \/wp:paragraph --> <!-- wp:paragraph --><\/p>\n<p><em>Banca de Heteroidentifica\u00e7\u00e3o<\/em><\/p>\n<p><!-- \/wp:paragraph --> <!-- wp:paragraph --><\/p>\n<p><a href=\"https:\/\/www.google.com\/maps?q=cad+iii&amp;rlz=1C1GCEU_pt-BRBR885BR885&amp;um=1&amp;ie=UTF-8&amp;sa=X&amp;ved=2ahUKEwiJ7O7kn5r9AhXrJbkGHTLLCXsQ_AUoAHoECAEQCg\" target=\"_blank\" rel=\"noreferrer noopener\">Centro de Atividades Did\u00e1ticas III \u2013 Avenida Ant\u00f4nio Carlos, 6627 \u2013 Campus Pampulha \u2013 Belo Horizonte \u2013 Minas Gerais<\/a><\/p>\n<p><!-- \/wp:paragraph --> <!-- wp:paragraph --><\/p>\n<p><em>Banca de Verifica\u00e7\u00e3o e Valida\u00e7\u00e3o de Pessoa com Defici\u00eancia<\/em><\/p>\n<p><!-- \/wp:paragraph --> <!-- wp:paragraph --><\/p>\n<p><a href=\"https:\/\/goo.gl\/maps\/RbHvQAF3w9fWyvby7\" target=\"_blank\" rel=\"noreferrer noopener\" data-type=\"URL\" data-id=\"https:\/\/goo.gl\/maps\/RbHvQAF3w9fWyvby7\">Escola de Engenharia &#8211; Avenida Ant\u00f4nio Carlos, 6627 \u2013 Campus Pampulha \u2013 Belo Horizonte \u2013 Minas Gerais<\/a><\/p>\n<p><!-- \/wp:paragraph --> <!-- wp:separator {\"className\":\"is-style-dots\"} --><\/p>\n<hr class=\"wp-block-separator has-alpha-channel-opacity is-style-dots\" \/>\n<p><!-- \/wp:separator --> <!-- wp:paragraph --><\/p>\n<p><strong>Cursos Sediados em Montes Claros<\/strong><\/p>\n<p><!-- \/wp:paragraph --> <!-- wp:paragraph --><\/p>\n<p><em>Banca de Heteroidentifica\u00e7\u00e3o<\/em><\/p>\n<p><!-- \/wp:paragraph --> <!-- wp:paragraph --><\/p>\n<p><a href=\"https:\/\/goo.gl\/maps\/8yrSrnUHhoXULPkq6\" target=\"_blank\" rel=\"noreferrer noopener\" data-type=\"URL\" data-id=\"https:\/\/goo.gl\/maps\/8yrSrnUHhoXULPkq6\">Instituto de Ci\u00eancias Agr\u00e1rias \u2013 Av. Universit\u00e1ria, 1000 \u2013 Universit\u00e1rio, Montes Claros \u2013 MG, 39404-547 &#8211; Laborat\u00f3rio de Inform\u00e1tica &#8211; Bloco D<\/a><\/p>\n<p><em>Banca de Verifica\u00e7\u00e3o e Valida\u00e7\u00e3o de Pessoa com Defici\u00eancia<\/em><\/p>\n<p><a href=\"https:\/\/goo.gl\/maps\/8yrSrnUHhoXULPkq6\">Instituto de Ci\u00eancias Agr\u00e1rias \u2013 Av. Universit\u00e1ria, 1000 \u2013 Universit\u00e1rio, Montes Claros \u2013 MG, 39404-547 &#8211; Sala de Reuni\u00f5es &#8211; Bloco A<\/a><\/p>","protected":false},"excerpt":{"rendered":"<p>Aten\u00e7\u00e3o: Locais de atendimento dos procedimentos presenciais Cursos sediados em Belo Horizonte Banca de Heteroidentifica\u00e7\u00e3o Centro de Atividades Did\u00e1ticas III \u2013 Avenida Ant\u00f4nio Carlos, 6627 \u2013 Campus Pampulha \u2013 Belo Horizonte \u2013 Minas Gerais Banca de Verifica\u00e7\u00e3o e Valida\u00e7\u00e3o de Pessoa com Defici\u00eancia Escola de Engenharia &#8211; Avenida Ant\u00f4nio Carlos, 6627 \u2013 Campus Pampulha \u2013 [&hellip;]<\/p>\n","protected":false},"author":5,"featured_media":0,"parent":0,"menu_order":0,"comment_status":"closed","ping_status":"closed","template":"","meta":[],"acf":[],"_links":{"self":[{"href":"https:\/\/www.ufmg.br\/sisu\/wp-json\/wp\/v2\/pages\/2039"}],"collection":[{"href":"https:\/\/www.ufmg.br\/sisu\/wp-json\/wp\/v2\/pages"}],"about":[{"href":"https:\/\/www.ufmg.br\/sisu\/wp-json\/wp\/v2\/types\/page"}],"author":[{"embeddable":true,"href":"https:\/\/www.ufmg.br\/sisu\/wp-json\/wp\/v2\/users\/5"}],"replies":[{"embeddable":true,"href":"https:\/\/www.ufmg.br\/sisu\/wp-json\/wp\/v2\/comments?post=2039"}],"version-history":[{"count":5,"href":"https:\/\/www.ufmg.br\/sisu\/wp-json\/wp\/v2\/pages\/2039\/revisions"}],"predecessor-version":[{"id":2118,"href":"https:\/\/www.ufmg.br\/sisu\/wp-json\/wp\/v2\/pages\/2039\/revisions\/2118"}],"wp:attachment":[{"href":"https:\/\/www.ufmg.br\/sisu\/wp-json\/wp\/v2\/media?parent=2039"}],"curies":[{"name":"wp","href":"https:\/\/api.w.org\/{rel}","templated":true}]}}