{"id":2180,"date":"2023-06-16T13:35:40","date_gmt":"2023-06-16T16:35:40","guid":{"rendered":"https:\/\/www.ufmg.br\/sisu\/?page_id=2180"},"modified":"2023-08-03T15:32:59","modified_gmt":"2023-08-03T18:32:59","slug":"8a-chamada-da-lista-de-espera","status":"publish","type":"page","link":"https:\/\/www.ufmg.br\/sisu\/8a-chamada-da-lista-de-espera\/","title":{"rendered":"8\u00aa Chamada da Lista de Espera"},"content":{"rendered":"\n<p><a rel=\"noreferrer noopener\" href=\"https:\/\/www.ufmg.br\/sisu\/wp-content\/uploads\/2023\/08\/8a-Chamada-da-lista-de-espera-SISU-2023-Resultado-dos-Recursos.pdf\" data-type=\"URL\" data-id=\"https:\/\/www.ufmg.br\/sisu\/wp-content\/uploads\/2023\/08\/8a-Chamada-da-lista-de-espera-SISU-2023-Resultado-dos-Recursos.pdf\" target=\"_blank\">Resultado dos recursos<\/a>. (Atualizado em 03\/08\/2023)<\/p>\n\n\n\n<p><a href=\"https:\/\/www.ufmg.br\/sisu\/instrucoes-para-interposicao-de-recurso-8a-chamada-da-lista-de-espera-sisu-ufmg-2023\/\">Instru\u00e7\u00f5es para interposi\u00e7\u00e3o de recurso<\/a>.<\/p>\n\n\n\n<p><a href=\"https:\/\/www.ufmg.br\/sisu\/wp-content\/uploads\/2023\/06\/Matriculas-Confirmadas-Ampla-Concorrencia-8a-CHAMADA-DA-LISTA-DE-ESPERA-DO-SISU-2023.pdf\">Matr\u00edculas confirmadas (Ampla concorr\u00eancia)<\/a>.<\/p>\n\n\n\n<p><a href=\"https:\/\/www.ufmg.br\/sisu\/wp-content\/uploads\/2023\/06\/Matriculas-Indeferidas-Ampla-Concorrencia-8a-CHAMADA-DA-LISTA-DE-ESPERA-DO-SISU-2023.pdf\">Matr\u00edculas indeferidas (Ampla concorr\u00eancia)<\/a>.<\/p>\n\n\n\n<p><a href=\"https:\/\/www.ufmg.br\/sisu\/wp-content\/uploads\/2023\/06\/Matriculas-Confirmadas-Reserva-de-vagas-8a-CHAMADA-DA-LISTA-DE-ESPERA-DO-SISU-2023.pdf\">Matr\u00edculas confirmadas (Reserva de vagas)<\/a>.<\/p>\n\n\n\n<p><a href=\"https:\/\/www.ufmg.br\/sisu\/wp-content\/uploads\/2023\/06\/Matriculas-Indeferidas-Reserva-de-vagas-8a-CHAMADA-DA-LISTA-DE-ESPERA-DO-SISU-2023.pdf\">Matr\u00edculas indeferidas (Reserva de vagas)<\/a>.<\/p>\n\n\n\n<p><a href=\"https:\/\/www.ufmg.br\/sisu\/escala-de-atendimento-dos-procedimentos-presenciais-8a-chamada-da-lista-de-espera\/\">Escala de atendimento dos procedimentos presenciais.&nbsp;<\/a><\/p>\n\n\n\n<p><a href=\"https:\/\/www.ufmg.br\/sisu\/registro-academico-via-internet-com-upload-da-documentacao-obrigatoria-8a-chamada-da-lista-de-espera-do-sisu-ufmg-2023\/\">Clique aqui para acessar o Registro Acad\u00eamico, via internet, com upload da documenta\u00e7\u00e3o obrigat\u00f3ria.<\/a><\/p>\n\n\n\n<p><a href=\"https:\/\/www.ufmg.br\/sisu\/wp-content\/uploads\/2023\/06\/8a-Chamada-da-lista-de-espera-SISU-2023.pdf\">Consulte aqui a rela\u00e7\u00e3o dos candidatos convocados<\/a>.<\/p>\n\n\n\n<p><a href=\"https:\/\/www.ufmg.br\/sisu\/instrucoes-aos-candidatos-convocados-na-8a-chamada-da-lista-de-espera-do-sisu-ufmg-1a-edicao-de-2023\/\">Instru\u00e7\u00f5es para os candidatos convocados<\/a>.<\/p>\n","protected":false},"excerpt":{"rendered":"<p>Resultado dos recursos. (Atualizado em 03\/08\/2023) Instru\u00e7\u00f5es para interposi\u00e7\u00e3o de recurso. Matr\u00edculas confirmadas (Ampla concorr\u00eancia). Matr\u00edculas indeferidas (Ampla concorr\u00eancia). Matr\u00edculas confirmadas (Reserva de vagas). Matr\u00edculas indeferidas (Reserva de vagas). Escala de atendimento dos procedimentos presenciais.&nbsp; Clique aqui para acessar o Registro Acad\u00eamico, via internet, com upload da documenta\u00e7\u00e3o obrigat\u00f3ria. Consulte aqui a rela\u00e7\u00e3o dos candidatos [&hellip;]<\/p>\n","protected":false},"author":4,"featured_media":0,"parent":0,"menu_order":0,"comment_status":"closed","ping_status":"closed","template":"","meta":[],"acf":[],"_links":{"self":[{"href":"https:\/\/www.ufmg.br\/sisu\/wp-json\/wp\/v2\/pages\/2180"}],"collection":[{"href":"https:\/\/www.ufmg.br\/sisu\/wp-json\/wp\/v2\/pages"}],"about":[{"href":"https:\/\/www.ufmg.br\/sisu\/wp-json\/wp\/v2\/types\/page"}],"author":[{"embeddable":true,"href":"https:\/\/www.ufmg.br\/sisu\/wp-json\/wp\/v2\/users\/4"}],"replies":[{"embeddable":true,"href":"https:\/\/www.ufmg.br\/sisu\/wp-json\/wp\/v2\/comments?post=2180"}],"version-history":[{"count":11,"href":"https:\/\/www.ufmg.br\/sisu\/wp-json\/wp\/v2\/pages\/2180\/revisions"}],"predecessor-version":[{"id":2672,"href":"https:\/\/www.ufmg.br\/sisu\/wp-json\/wp\/v2\/pages\/2180\/revisions\/2672"}],"wp:attachment":[{"href":"https:\/\/www.ufmg.br\/sisu\/wp-json\/wp\/v2\/media?parent=2180"}],"curies":[{"name":"wp","href":"https:\/\/api.w.org\/{rel}","templated":true}]}}