{"id":2183,"date":"2023-06-16T12:43:14","date_gmt":"2023-06-16T15:43:14","guid":{"rendered":"https:\/\/www.ufmg.br\/sisu\/?page_id=2183"},"modified":"2023-06-23T13:26:10","modified_gmt":"2023-06-23T16:26:10","slug":"registro-academico-via-internet-com-upload-da-documentacao-obrigatoria-8a-chamada-da-lista-de-espera-do-sisu-ufmg-2023","status":"publish","type":"page","link":"https:\/\/www.ufmg.br\/sisu\/registro-academico-via-internet-com-upload-da-documentacao-obrigatoria-8a-chamada-da-lista-de-espera-do-sisu-ufmg-2023\/","title":{"rendered":"Registro Acad\u00eamico, via internet, com upload da documenta\u00e7\u00e3o obrigat\u00f3ria \u2013 8\u00aa Chamada da Lista de Espera do SISU\/UFMG 2023"},"content":{"rendered":"\n<p>Seguem abaixo o link e o roteiro para efetuar o registro acad\u00eamico, via internet, com upload da documenta\u00e7\u00e3o obrigat\u00f3ria.<\/p>\n\n\n\n<div style=\"height:7px\" aria-hidden=\"true\" class=\"wp-block-spacer\"><\/div>\n\n\n\n<ul>\n<li><strong><a rel=\"noreferrer noopener\" href=\"https:\/\/sistemas.ufmg.br\/registro-discente\/registrodiscente\/complementarinfocadastrais\/login.seam\" target=\"_blank\">Registro Acad\u00eamico, via internet<\/a>;<\/strong><\/li>\n\n\n\n<li><strong><a href=\"https:\/\/www.ufmg.br\/sisu\/wp-content\/uploads\/2023\/03\/Roteiro-para-upload-da-documentacao-2023.pdf\" data-type=\"URL\" data-id=\"https:\/\/www.ufmg.br\/sisu\/wp-content\/uploads\/2023\/03\/Roteiro-para-upload-da-documentacao-2023.pdf\" target=\"_blank\" rel=\"noreferrer noopener\">Roteiro<\/a>.<\/strong><\/li>\n<\/ul>\n\n\n\n<div style=\"height:16px\" aria-hidden=\"true\" class=\"wp-block-spacer\"><\/div>\n\n\n\n<p>Lembramos que esse procedimento \u00e9 obrigat\u00f3rio para todos os candidatos convocados na 8\u00aa Chamada da Lista de Espera.<\/p>\n\n\n\n<p>Os candidatos que precisam realizar algum procedimento presencial obrigat\u00f3rio devem consultar o dia e hor\u00e1rio de atendimento na escala divulgada.<\/p>\n\n\n\n<p>Informamos que o atendimento para d\u00favidas referentes aos procedimentos do SiSU\/UFMG \u2013 1\u00aa Edi\u00e7\u00e3o de 2023 ser\u00e3o feitos preferencialmente por meio do endere\u00e7o eletr\u00f4nico&nbsp;<a href=\"mailto:duvidaregistro@ufmg.br\">duvidaregistro@drca.ufmg.br<\/a>.<\/p>\n","protected":false},"excerpt":{"rendered":"<p>Seguem abaixo o link e o roteiro para efetuar o registro acad\u00eamico, via internet, com upload da documenta\u00e7\u00e3o obrigat\u00f3ria. Lembramos que esse procedimento \u00e9 obrigat\u00f3rio para todos os candidatos convocados na 8\u00aa Chamada da Lista de Espera. Os candidatos que precisam realizar algum procedimento presencial obrigat\u00f3rio devem consultar o dia e hor\u00e1rio de atendimento na [&hellip;]<\/p>\n","protected":false},"author":4,"featured_media":0,"parent":0,"menu_order":0,"comment_status":"closed","ping_status":"closed","template":"","meta":[],"acf":[],"_links":{"self":[{"href":"https:\/\/www.ufmg.br\/sisu\/wp-json\/wp\/v2\/pages\/2183"}],"collection":[{"href":"https:\/\/www.ufmg.br\/sisu\/wp-json\/wp\/v2\/pages"}],"about":[{"href":"https:\/\/www.ufmg.br\/sisu\/wp-json\/wp\/v2\/types\/page"}],"author":[{"embeddable":true,"href":"https:\/\/www.ufmg.br\/sisu\/wp-json\/wp\/v2\/users\/4"}],"replies":[{"embeddable":true,"href":"https:\/\/www.ufmg.br\/sisu\/wp-json\/wp\/v2\/comments?post=2183"}],"version-history":[{"count":3,"href":"https:\/\/www.ufmg.br\/sisu\/wp-json\/wp\/v2\/pages\/2183\/revisions"}],"predecessor-version":[{"id":2324,"href":"https:\/\/www.ufmg.br\/sisu\/wp-json\/wp\/v2\/pages\/2183\/revisions\/2324"}],"wp:attachment":[{"href":"https:\/\/www.ufmg.br\/sisu\/wp-json\/wp\/v2\/media?parent=2183"}],"curies":[{"name":"wp","href":"https:\/\/api.w.org\/{rel}","templated":true}]}}