{"id":2317,"date":"2023-06-23T11:26:28","date_gmt":"2023-06-23T14:26:28","guid":{"rendered":"https:\/\/www.ufmg.br\/sisu\/?page_id=2317"},"modified":"2023-06-23T13:25:04","modified_gmt":"2023-06-23T16:25:04","slug":"registro-academico-via-internet-com-upload-da-documentacao-obrigatoria-9a-chamada-da-lista-de-espera-do-sisu-ufmg-2023","status":"publish","type":"page","link":"https:\/\/www.ufmg.br\/sisu\/registro-academico-via-internet-com-upload-da-documentacao-obrigatoria-9a-chamada-da-lista-de-espera-do-sisu-ufmg-2023\/","title":{"rendered":"Registro Acad\u00eamico, via internet, com upload da documenta\u00e7\u00e3o obrigat\u00f3ria \u2013 9\u00aa Chamada da Lista de Espera do SISU\/UFMG 2023"},"content":{"rendered":"\n<p>Registro Acad\u00eamico, via internet, com upload da documenta\u00e7\u00e3o obrigat\u00f3ria \u2013 9\u00aa Chamada da Lista de Espera do SISU\/UFMG 2023<\/p>\n\n\n\n<ul>\n<li><strong><a rel=\"noreferrer noopener\" href=\"https:\/\/sistemas.ufmg.br\/registro-discente\/registrodiscente\/complementarinfocadastrais\/login.seam\" target=\"_blank\">Registro Acad\u00eamico, via internet<\/a>;<\/strong><\/li>\n\n\n\n<li><strong><a rel=\"noreferrer noopener\" href=\"https:\/\/www.ufmg.br\/sisu\/wp-content\/uploads\/2023\/03\/Roteiro-para-upload-da-documentacao-2023.pdf\" data-type=\"URL\" data-id=\"https:\/\/www.ufmg.br\/sisu\/wp-content\/uploads\/2023\/03\/Roteiro-para-upload-da-documentacao-2023.pdf\" target=\"_blank\">Roteiro<\/a>.<\/strong><\/li>\n<\/ul>\n\n\n\n<p>Lembramos que esse procedimento \u00e9 obrigat\u00f3rio para todos os candidatos convocados na 9\u00aa Chamada da Lista de Espera.<\/p>\n\n\n\n<p>Os candidatos que devem realizar algum procedimento presencial obrigat\u00f3rio dever\u00e3o comparecer no dia <strong>11 de julho de 2023<\/strong> no hor\u00e1rio informado na escala de atendimento que ser\u00e1 divulgada no dia<strong> 07 de julho de 2023.<\/strong><\/p>\n\n\n\n<p>Informamos que o atendimento para d\u00favidas referentes aos procedimentos do SiSU\/UFMG \u2013 1\u00aa Edi\u00e7\u00e3o de 2023 ser\u00e3o feitos preferencialmente por meio do endere\u00e7o eletr\u00f4nico&nbsp;<a href=\"mailto:duvidaregistro@ufmg.br\">duvidaregistro@drca.ufmg.br<\/a>.<\/p>\n","protected":false},"excerpt":{"rendered":"<p>Registro Acad\u00eamico, via internet, com upload da documenta\u00e7\u00e3o obrigat\u00f3ria \u2013 9\u00aa Chamada da Lista de Espera do SISU\/UFMG 2023 Lembramos que esse procedimento \u00e9 obrigat\u00f3rio para todos os candidatos convocados na 9\u00aa Chamada da Lista de Espera. Os candidatos que devem realizar algum procedimento presencial obrigat\u00f3rio dever\u00e3o comparecer no dia 11 de julho de 2023 [&hellip;]<\/p>\n","protected":false},"author":4,"featured_media":0,"parent":0,"menu_order":0,"comment_status":"closed","ping_status":"closed","template":"","meta":[],"acf":[],"_links":{"self":[{"href":"https:\/\/www.ufmg.br\/sisu\/wp-json\/wp\/v2\/pages\/2317"}],"collection":[{"href":"https:\/\/www.ufmg.br\/sisu\/wp-json\/wp\/v2\/pages"}],"about":[{"href":"https:\/\/www.ufmg.br\/sisu\/wp-json\/wp\/v2\/types\/page"}],"author":[{"embeddable":true,"href":"https:\/\/www.ufmg.br\/sisu\/wp-json\/wp\/v2\/users\/4"}],"replies":[{"embeddable":true,"href":"https:\/\/www.ufmg.br\/sisu\/wp-json\/wp\/v2\/comments?post=2317"}],"version-history":[{"count":2,"href":"https:\/\/www.ufmg.br\/sisu\/wp-json\/wp\/v2\/pages\/2317\/revisions"}],"predecessor-version":[{"id":2322,"href":"https:\/\/www.ufmg.br\/sisu\/wp-json\/wp\/v2\/pages\/2317\/revisions\/2322"}],"wp:attachment":[{"href":"https:\/\/www.ufmg.br\/sisu\/wp-json\/wp\/v2\/media?parent=2317"}],"curies":[{"name":"wp","href":"https:\/\/api.w.org\/{rel}","templated":true}]}}