{"id":2360,"date":"2023-06-30T13:59:37","date_gmt":"2023-06-30T16:59:37","guid":{"rendered":"https:\/\/www.ufmg.br\/sisu\/?page_id=2360"},"modified":"2023-07-26T10:27:44","modified_gmt":"2023-07-26T13:27:44","slug":"10a-chamada-da-lista-de-espera","status":"publish","type":"page","link":"https:\/\/www.ufmg.br\/sisu\/10a-chamada-da-lista-de-espera\/","title":{"rendered":"10\u00aa Chamada da Lista de Espera"},"content":{"rendered":"\n<p><a rel=\"noreferrer noopener\" href=\"https:\/\/www.ufmg.br\/sisu\/wp-content\/uploads\/2023\/07\/9a-10a-e-11a-Chamadas-SISU-2023-Resultado-dos-Recursos.pdf\" target=\"_blank\">Resultado dos recursos<\/a>. (Atualizado em 26\/07\/2023)<\/p>\n\n\n\n<p><a rel=\"noreferrer noopener\" href=\"https:\/\/www.ufmg.br\/sisu\/instrucoes-para-interposicao-de-recurso-9a-10a-e-11a-chamadas-da-lista-de-espera-sisu-ufmg-2023\/\" target=\"_blank\">Instru\u00e7\u00f5es para interposi\u00e7\u00e3o de recurso<\/a>.<\/p>\n\n\n\n<p><a href=\"https:\/\/www.ufmg.br\/sisu\/wp-content\/uploads\/2023\/07\/Matriculas-Confirmadas-Ampla-Concorrencia-10a-CHAMADA-DA-LISTA-DE-ESPERA-DO-SISU-2023.pdf\" data-type=\"URL\" data-id=\"https:\/\/www.ufmg.br\/sisu\/wp-content\/uploads\/2023\/07\/Matriculas-Confirmadas-Ampla-Concorrencia-10a-CHAMADA-DA-LISTA-DE-ESPERA-DO-SISU-2023.pdf\" target=\"_blank\" rel=\"noreferrer noopener\">Matr\u00edculas confirmadas (Ampla concorr\u00eancia)<\/a>.<\/p>\n\n\n\n<p><a href=\"https:\/\/www.ufmg.br\/sisu\/wp-content\/uploads\/2023\/07\/Matriculas-Indeferidas-Ampla-Concorrencia-10a-CHAMADA-DA-LISTA-DE-ESPERA-DO-SISU-2023.pdf\" target=\"_blank\" rel=\"noreferrer noopener\">Matr\u00edculas indeferidas (Ampla concorr\u00eancia)<\/a>.<\/p>\n\n\n\n<p><a href=\"https:\/\/www.ufmg.br\/sisu\/wp-content\/uploads\/2023\/07\/Matriculas-Confirmadas-Reserva-de-vagas-10a-CHAMADA-DA-LISTA-DE-ESPERA-DO-SISU-2023.pdf\" target=\"_blank\" rel=\"noreferrer noopener\">Matr\u00edculas confirmadas (Reserva de vagas)<\/a>.<\/p>\n\n\n\n<p><a href=\"https:\/\/www.ufmg.br\/sisu\/wp-content\/uploads\/2023\/07\/Matriculas-Indeferidas-Reserva-de-vagas-10a-CHAMADA-DA-LISTA-DE-ESPERA-DO-SISU-2023.pdf\" target=\"_blank\" rel=\"noreferrer noopener\">Matr\u00edculas indeferidas (Reserva de vagas)<\/a>.<\/p>\n\n\n\n<p><a rel=\"noreferrer noopener\" href=\"https:\/\/www.ufmg.br\/sisu\/escala-de-atendimento-dos-procedimentos-presenciais-9a-10a-e-11a-chamadas-da-lista-de-espera-2\/\" target=\"_blank\">Escala de atendimento dos procedimentos presenciais<\/a>.<\/p>\n\n\n\n<p><a href=\"https:\/\/www.ufmg.br\/sisu\/registro-academico-via-internet-com-upload-da-documentacao-obrigatoria-10a-chamada-da-lista-de-espera-do-sisu-ufmg-2023\/\">Clique aqui para acessar o Registro Acad\u00eamico, via internet, com upload da documenta\u00e7\u00e3o obrigat\u00f3ria<\/a>.<\/p>\n\n\n\n<p><a href=\"https:\/\/www.ufmg.br\/sisu\/wp-content\/uploads\/2023\/07\/10a-Chamada-da-lista-de-espera-SISU-2023.pdf\">Consulte aqui a rela\u00e7\u00e3o dos candidatos convocados<\/a>.<\/p>\n\n\n\n<p><a href=\"https:\/\/www.ufmg.br\/sisu\/instrucoes-aos-candidatos-convocados-na-10a-chamada-da-lista-de-espera-do-sisu-ufmg-1a-edicao-de-2023\/\">Instru\u00e7\u00f5es para os candidatos convocados<\/a>.<\/p>\n","protected":false},"excerpt":{"rendered":"<p>Resultado dos recursos. (Atualizado em 26\/07\/2023) Instru\u00e7\u00f5es para interposi\u00e7\u00e3o de recurso. Matr\u00edculas confirmadas (Ampla concorr\u00eancia). Matr\u00edculas indeferidas (Ampla concorr\u00eancia). Matr\u00edculas confirmadas (Reserva de vagas). Matr\u00edculas indeferidas (Reserva de vagas). Escala de atendimento dos procedimentos presenciais. Clique aqui para acessar o Registro Acad\u00eamico, via internet, com upload da documenta\u00e7\u00e3o obrigat\u00f3ria. Consulte aqui a rela\u00e7\u00e3o dos candidatos [&hellip;]<\/p>\n","protected":false},"author":4,"featured_media":0,"parent":0,"menu_order":0,"comment_status":"closed","ping_status":"closed","template":"","meta":[],"acf":[],"_links":{"self":[{"href":"https:\/\/www.ufmg.br\/sisu\/wp-json\/wp\/v2\/pages\/2360"}],"collection":[{"href":"https:\/\/www.ufmg.br\/sisu\/wp-json\/wp\/v2\/pages"}],"about":[{"href":"https:\/\/www.ufmg.br\/sisu\/wp-json\/wp\/v2\/types\/page"}],"author":[{"embeddable":true,"href":"https:\/\/www.ufmg.br\/sisu\/wp-json\/wp\/v2\/users\/4"}],"replies":[{"embeddable":true,"href":"https:\/\/www.ufmg.br\/sisu\/wp-json\/wp\/v2\/comments?post=2360"}],"version-history":[{"count":10,"href":"https:\/\/www.ufmg.br\/sisu\/wp-json\/wp\/v2\/pages\/2360\/revisions"}],"predecessor-version":[{"id":2597,"href":"https:\/\/www.ufmg.br\/sisu\/wp-json\/wp\/v2\/pages\/2360\/revisions\/2597"}],"wp:attachment":[{"href":"https:\/\/www.ufmg.br\/sisu\/wp-json\/wp\/v2\/media?parent=2360"}],"curies":[{"name":"wp","href":"https:\/\/api.w.org\/{rel}","templated":true}]}}