{"id":2575,"date":"2023-07-21T15:43:43","date_gmt":"2023-07-21T18:43:43","guid":{"rendered":"https:\/\/www.ufmg.br\/sisu\/?page_id=2575"},"modified":"2023-07-21T15:47:50","modified_gmt":"2023-07-21T18:47:50","slug":"escala-de-atendimento-dos-procedimentos-presenciais-12a-13a-e-14a-chamadas-da-lista-de-espera","status":"publish","type":"page","link":"https:\/\/www.ufmg.br\/sisu\/escala-de-atendimento-dos-procedimentos-presenciais-12a-13a-e-14a-chamadas-da-lista-de-espera\/","title":{"rendered":"Escala de atendimento dos procedimentos presenciais \u2013 12\u00aa, 13\u00aa e 14\u00aa Chamadas da Lista de Espera"},"content":{"rendered":"\n<h5>Aten\u00e7\u00e3o:<\/h5>\n\n\n\n<ul>\n<li><a href=\"https:\/\/www.ufmg.br\/sisu\/wp-content\/uploads\/2023\/07\/ESCALA-DE-ATENDIMENTO-SISU-2023-12a-13a-e-14a-CHAMADAS.pdf\" data-type=\"URL\" data-id=\"https:\/\/www.ufmg.br\/sisu\/wp-content\/uploads\/2023\/07\/ESCALA-DE-ATENDIMENTO-SISU-2023-12a-13a-e-14a-CHAMADAS.pdf\" target=\"_blank\" rel=\"noreferrer noopener\">Rela\u00e7\u00e3o dos candidatos convocados para os procedimentos presenciais<\/a>.<\/li>\n\n\n\n<li>Nos termos do item 7.5 do Edital do Processo Seletivo SiSU\/UFMG 1\u00aa Edi\u00e7\u00e3o de 2023, os candidatos que j\u00e1 tenham passado por avalia\u00e7\u00e3o da banca de heteroidentifica\u00e7\u00e3o na UFMG, a partir do ano de 2019, n\u00e3o ser\u00e3o convocados para novo procedimento, sendo que sua avalia\u00e7\u00e3o anterior ser\u00e1 considerada para definir aptid\u00e3o.<\/li>\n<\/ul>\n\n\n\n<div style=\"height:52px\" aria-hidden=\"true\" class=\"wp-block-spacer\"><\/div>\n\n\n<p><strong>Locais de atendimento dos procedimentos presenciais<\/strong><\/p>\n<p><strong>Cursos sediados em Belo Horizonte<\/strong><\/p>\n<p><!-- \/wp:paragraph --> <!-- wp:paragraph --><\/p>\n<p><em>Banca de Heteroidentifica\u00e7\u00e3o<\/em><\/p>\n<p><!-- \/wp:paragraph --> <!-- wp:paragraph --><\/p>\n<p><a href=\"https:\/\/www.google.com\/maps?q=cad+iii&amp;rlz=1C1GCEU_pt-BRBR885BR885&amp;um=1&amp;ie=UTF-8&amp;sa=X&amp;ved=2ahUKEwiJ7O7kn5r9AhXrJbkGHTLLCXsQ_AUoAHoECAEQCg\" target=\"_blank\" rel=\"noreferrer noopener\">Centro de Atividades Did\u00e1ticas III \u2013 Avenida Ant\u00f4nio Carlos, 6627\u00a0 Campus Pampulha \u2013 Belo Horizonte \u2013 Minas Gerais<\/a><\/p>\n<p><!-- \/wp:paragraph --> <!-- wp:paragraph --><\/p>\n<p><em>Banca de Verifica\u00e7\u00e3o e Valida\u00e7\u00e3o de Pessoa com Defici\u00eancia<\/em><\/p>\n<p><a href=\"https:\/\/www.google.com\/maps\/place\/Center+for+Didactic+Activities+1+-+CAD+1\/@-19.8663666,-43.9712967,17z\/data=!3m1!4b1!4m6!3m5!1s0xa690f5cd6fa2db:0xa63066267bf8fe3f!8m2!3d-19.8663717!4d-43.9664258!16s%2Fg%2F11bc715qqh?entry=ttu\">Centro de Atividades Did\u00e1ticas I \u2013 Avenida Ant\u00f4nio Carlos, 6627\u00a0 Campus Pampulha \u2013 Belo Horizonte \u2013 Minas Gerais <\/a>&#8211; Sala 211<\/p>","protected":false},"excerpt":{"rendered":"<p>Aten\u00e7\u00e3o: Locais de atendimento dos procedimentos presenciais Cursos sediados em Belo Horizonte Banca de Heteroidentifica\u00e7\u00e3o Centro de Atividades Did\u00e1ticas III \u2013 Avenida Ant\u00f4nio Carlos, 6627\u00a0 Campus Pampulha \u2013 Belo Horizonte \u2013 Minas Gerais Banca de Verifica\u00e7\u00e3o e Valida\u00e7\u00e3o de Pessoa com Defici\u00eancia Centro de Atividades Did\u00e1ticas I \u2013 Avenida Ant\u00f4nio Carlos, 6627\u00a0 Campus Pampulha \u2013 [&hellip;]<\/p>\n","protected":false},"author":4,"featured_media":0,"parent":0,"menu_order":0,"comment_status":"closed","ping_status":"closed","template":"","meta":[],"acf":[],"_links":{"self":[{"href":"https:\/\/www.ufmg.br\/sisu\/wp-json\/wp\/v2\/pages\/2575"}],"collection":[{"href":"https:\/\/www.ufmg.br\/sisu\/wp-json\/wp\/v2\/pages"}],"about":[{"href":"https:\/\/www.ufmg.br\/sisu\/wp-json\/wp\/v2\/types\/page"}],"author":[{"embeddable":true,"href":"https:\/\/www.ufmg.br\/sisu\/wp-json\/wp\/v2\/users\/4"}],"replies":[{"embeddable":true,"href":"https:\/\/www.ufmg.br\/sisu\/wp-json\/wp\/v2\/comments?post=2575"}],"version-history":[{"count":6,"href":"https:\/\/www.ufmg.br\/sisu\/wp-json\/wp\/v2\/pages\/2575\/revisions"}],"predecessor-version":[{"id":2695,"href":"https:\/\/www.ufmg.br\/sisu\/wp-json\/wp\/v2\/pages\/2575\/revisions\/2695"}],"wp:attachment":[{"href":"https:\/\/www.ufmg.br\/sisu\/wp-json\/wp\/v2\/media?parent=2575"}],"curies":[{"name":"wp","href":"https:\/\/api.w.org\/{rel}","templated":true}]}}