{"id":2909,"date":"2024-01-22T14:51:17","date_gmt":"2024-01-22T16:51:17","guid":{"rendered":"https:\/\/www.ufmg.br\/sisu\/?page_id=2909"},"modified":"2025-08-13T14:18:16","modified_gmt":"2025-08-13T17:18:16","slug":"cadunico","status":"publish","type":"page","link":"https:\/\/www.ufmg.br\/sisu\/cadunico\/","title":{"rendered":"Cad\u00danico"},"content":{"rendered":"\n<p>O Cad\u00danico deve ter sido atualizado nos 24 meses anteriores \u00e0 data de convoca\u00e7\u00e3o do\/a candidato\/a no SiSU\/UFMG. Ao fazer a op\u00e7\u00e3o pelo uso do Cad\u00danico, o comprovante apresentado deve estar atualizado, constando TODOS os membros do grupo familiar, inclusive o\/a candidato\/a.<\/p>\n\n\n\n<p>Os documentos aceitos para comprova\u00e7\u00e3o de renda pelo Cad\u00danico s\u00e3o:<\/p>\n\n\n\n<ul>\n<li>Folha Resumo, emitida presencialmente nos postos de atendimento do Cad\u00danico ou<\/li>\n\n\n\n<li>\u201cExtrato de Consulta Completa\u201d emitido na p\u00e1gina eletr\u00f4nica do Cad\u00danico, no endere\u00e7o: <a href=\"https:\/\/cadunico.dataprev.gov.br\/\">https:\/\/cadunico.dataprev.gov.br<\/a><\/li>\n<\/ul>\n\n\n\n<div style=\"height:18px\" aria-hidden=\"true\" class=\"wp-block-spacer\"><\/div>\n\n\n\n<p>Os referidos comprovantes, obrigatoriamente, dever\u00e3o conter TODAS as informa\u00e7\u00f5es listadas a seguir:<\/p>\n\n\n\n<ol>\n<li>Nome do candidato;<\/li>\n\n\n\n<li>Data de nascimento do candidato;<\/li>\n\n\n\n<li>N\u00famero de Identifica\u00e7\u00e3o Social (NIS) do candidato;<\/li>\n\n\n\n<li>Nome, data de nascimento, NIS, parentesco de cada um dos integrantes do n\u00facleo familiar do candidato;<\/li>\n\n\n\n<li>Valor da renda <em>per capita<\/em> familiar que, sem qualquer ambiguidade, n\u00e3o poder\u00e1 ultrapassar 1 sal\u00e1rio m\u00ednimo vigente no ato da inscri\u00e7\u00e3o no Processo Seletivo SiSU 2025.<\/li>\n\n\n\n<li>Data da \u00faltima atualiza\u00e7\u00e3o ou entrevista (na data da convoca\u00e7\u00e3o do candidato, a \u00faltima atualiza\u00e7\u00e3o dever\u00e1 ter sido realizada a menos de 24 meses);<\/li>\n\n\n\n<li>Munic\u00edpio\/UF onde est\u00e1 cadastrado;<\/li>\n\n\n\n<li>Carimbo e assinatura do posto de atendimento caso o\/a candidato\/a venha apresentar a Folha Resumo (para fins de verifica\u00e7\u00e3o de autenticidade do documento).<\/li>\n<\/ol>\n","protected":false},"excerpt":{"rendered":"<p>O Cad\u00danico deve ter sido atualizado nos 24 meses anteriores \u00e0 data de convoca\u00e7\u00e3o do\/a candidato\/a no SiSU\/UFMG. Ao fazer a op\u00e7\u00e3o pelo uso do Cad\u00danico, o comprovante apresentado deve estar atualizado, constando TODOS os membros do grupo familiar, inclusive o\/a candidato\/a. Os documentos aceitos para comprova\u00e7\u00e3o de renda pelo Cad\u00danico s\u00e3o: Os referidos comprovantes, [&hellip;]<\/p>\n","protected":false},"author":5,"featured_media":0,"parent":0,"menu_order":0,"comment_status":"closed","ping_status":"closed","template":"","meta":[],"acf":[],"_links":{"self":[{"href":"https:\/\/www.ufmg.br\/sisu\/wp-json\/wp\/v2\/pages\/2909"}],"collection":[{"href":"https:\/\/www.ufmg.br\/sisu\/wp-json\/wp\/v2\/pages"}],"about":[{"href":"https:\/\/www.ufmg.br\/sisu\/wp-json\/wp\/v2\/types\/page"}],"author":[{"embeddable":true,"href":"https:\/\/www.ufmg.br\/sisu\/wp-json\/wp\/v2\/users\/5"}],"replies":[{"embeddable":true,"href":"https:\/\/www.ufmg.br\/sisu\/wp-json\/wp\/v2\/comments?post=2909"}],"version-history":[{"count":6,"href":"https:\/\/www.ufmg.br\/sisu\/wp-json\/wp\/v2\/pages\/2909\/revisions"}],"predecessor-version":[{"id":5344,"href":"https:\/\/www.ufmg.br\/sisu\/wp-json\/wp\/v2\/pages\/2909\/revisions\/5344"}],"wp:attachment":[{"href":"https:\/\/www.ufmg.br\/sisu\/wp-json\/wp\/v2\/media?parent=2909"}],"curies":[{"name":"wp","href":"https:\/\/api.w.org\/{rel}","templated":true}]}}