{"id":2919,"date":"2024-01-22T15:10:02","date_gmt":"2024-01-22T17:10:02","guid":{"rendered":"https:\/\/www.ufmg.br\/sisu\/?page_id=2919"},"modified":"2025-08-13T11:10:36","modified_gmt":"2025-08-13T14:10:36","slug":"documentacao-completa-do-grupo-familiar","status":"publish","type":"page","link":"https:\/\/www.ufmg.br\/sisu\/documentacao-completa-do-grupo-familiar\/","title":{"rendered":"Documenta\u00e7\u00e3o completa do grupo familiar"},"content":{"rendered":"\n<p>O\/a candidato\/a que n\u00e3o optar pela comprova\u00e7\u00e3o de renda por meio do Cad\u00danico dever\u00e1 encaminhar toda a documenta\u00e7\u00e3o de seu grupo familiar listada no <a href=\"https:\/\/www.ufmg.br\/sisu\/wp-content\/uploads\/2025\/08\/Documentos-para-comprovacao-de-renda-SEI_UFMG-3872000-Edital.pdf\" data-type=\"URL\" data-id=\"https:\/\/www.ufmg.br\/sisu\/wp-content\/uploads\/2025\/08\/Documentos-para-comprovacao-de-renda-SEI_UFMG-3872000-Edital.pdf\" target=\"_blank\" rel=\"noreferrer noopener\">item 2.2 do Anexo II<\/a>.<\/p>\n\n\n\n<p><a href=\"https:\/\/www.ufmg.br\/sisu\/formularios-analise-socioeconomica\/\" data-type=\"URL\" data-id=\"https:\/\/www.ufmg.br\/sisu\/formularios-analise-socioeconomica\/\" target=\"_blank\" rel=\"noreferrer noopener\">Clique aqui <\/a>para acessar a lista de formul\u00e1rios solicitados no item 2.2 do Anexo II do Edital SiSU\/UFMG (necess\u00e1rio preencher os formul\u00e1rios obrigat\u00f3rios e os demais formul\u00e1rios caso algum membro da fam\u00edlia n\u00e3o tenha a documenta\u00e7\u00e3o oficial)<\/p>\n\n\n\n<p>Na an\u00e1lise de comprova\u00e7\u00e3o de renda familiar bruta <em>per capita<\/em> igual ou inferior a 1(um) sal\u00e1rio-m\u00ednimo, considera-se:<\/p>\n\n\n\n<ul>\n<li><strong>Fam\u00edlia<\/strong>: a unidade nuclear composta por uma ou mais pessoas, eventualmente ampliada por outras pessoas que contribuam para o rendimento ou tenham suas despesas atendidas por aquela unidade familiar, todas moradoras em um mesmo domic\u00edlio;<\/li>\n\n\n\n<li><strong>Morador\/a<\/strong>: a pessoa que tem o domic\u00edlio como local habitual de resid\u00eancia e nele reside na data de inscri\u00e7\u00e3o do estudante no concurso seletivo da institui\u00e7\u00e3o federal de ensino.<\/li>\n<\/ul>\n\n\n\n<hr class=\"wp-block-separator has-alpha-channel-opacity\"\/>\n\n\n\n<p>Para efeito do c\u00e1lculo da renda familiar bruta mensal do candidato igual ou inferior a 1(um) sal\u00e1rio-m\u00ednimo <em>per capita<\/em>, atrav\u00e9s da documenta\u00e7\u00e3o especificada no item B do Anexo II, considera-se os seguintes procedimentos:<\/p>\n\n\n\n<p><strong>i) <\/strong>Calcula-se a soma dos <strong>rendimentos brutos <\/strong>auferidos por todas as pessoas do n\u00facleo familiar a que pertence o\/a candidato\/a, levando-se em conta, <strong>no m\u00ednimo, os tr\u00eas meses anteriores \u00e0 data de inscri\u00e7\u00e3o do estudante no Processo Seletivo SiSU &#8211; Primeira Edi\u00e7\u00e3o de 2025<\/strong>. Ser\u00e3o computados os rendimentos de qualquer natureza percebidos pelas pessoas do n\u00facleo familiar, a titulo regular ou eventual, inclusive aqueles provenientes de loca\u00e7\u00e3o ou de arrendamento de bens m\u00f3veis e im\u00f3veis, incluindo-se nesse c\u00e1lculo os rendimentos provenientes do seguro-desemprego.<\/p>\n\n\n\n<p><strong>ii)<\/strong> Calcula-se a m\u00e9dia mensal dos rendimentos brutos apurados, ap\u00f3s a aplica\u00e7\u00e3o do disposto acima, e divide-se o valor apurado pelo n\u00famero de pessoas do n\u00facleo familiar do\/a candidato\/a, incluindo-se o mesmo nesse c\u00f4mputo.<\/p>\n\n\n\n<p><strong>iii) <\/strong>Devem ser exclu\u00eddos do c\u00e1lculo os valores percebidos a titulo de:<\/p>\n\n\n<p style=\"padding-left: 40px;\"><strong data-rich-text-format-boundary=\"true\">iii.a)<\/strong> aux\u00edlios para alimenta\u00e7\u00e3o e transporte;<\/p>\n<p style=\"padding-left: 40px;\"><strong data-rich-text-format-boundary=\"true\">iii.b)<\/strong> di\u00e1rias e reembolsos de despesas;<\/p>\n<p style=\"padding-left: 40px;\"><strong data-rich-text-format-boundary=\"true\">iii.c)<\/strong> adiantamentos e antecipa\u00e7\u00f5es;<\/p>\n<p style=\"padding-left: 40px;\"><strong data-rich-text-format-boundary=\"true\">iii.d)<\/strong> estornos e compensa\u00e7\u00f5es referentes a per\u00edodos anteriores;<\/p>\n<p style=\"padding-left: 40px;\"><strong data-rich-text-format-boundary=\"true\">iii.e)<\/strong> indeniza\u00e7\u00f5es decorrentes de contratos de seguros;<\/p>\n<p style=\"padding-left: 40px;\"><strong data-rich-text-format-boundary=\"true\">iii.f)<\/strong> indeniza\u00e7\u00f5es por danos materiais e morais, por for\u00e7a de decis\u00e3o judicial,<\/p>\n<p style=\"padding-left: 40px;\"><strong data-rich-text-format-boundary=\"true\">iii.g)<\/strong> rendimentos percebidos no \u00e2mbito dos seguintes programas:<\/p>\n<p><\/p>\n\n\n<\/p>\n<p style=\"padding-left: 80px;\"><strong>iii.g.1)<\/strong> Programa de Erradica\u00e7\u00e3o do Trabalho Infantil;<\/p>\n<p>\n\n\n\n<\/p>\n<p style=\"padding-left: 80px;\"><strong>iii.g.2)<\/strong> Programa Agente Jovem de Desenvolvimento Social e Humano;<\/p>\n<p>\n\n\n\n<\/p>\n<p style=\"padding-left: 80px;\"><strong>iii.g.3)<\/strong> Programa Bolsa Fam\u00edlia e os programas remanescentes nele unificados;<\/p>\n<p>\n\n\n\n<\/p>\n<p style=\"padding-left: 80px;\"><strong>iii.g.4)<\/strong> Programa Nacional de Inclus\u00e3o do Jovem &#8211; Pr\u00f3-Jovem;<\/p>\n<p>\n\n\n\n<\/p>\n<p style=\"padding-left: 80px;\"><strong>iii.g.5)<\/strong> Aux\u00edlio Emergencial Financeiro e outros programas de transfer\u00eancia de renda destinados \u00e0 popula\u00e7\u00e3o atingida por desastres, residente em Munic\u00edpios em estado de calamidade p\u00fablica ou em situa\u00e7\u00e3o de emerg\u00eancia; e<\/p>\n<p>\n\n\n\n<\/p>\n<p style=\"padding-left: 80px;\"><strong>iii.g.6)<\/strong> demais programas de transfer\u00eancia condicionada de renda implementados por Estados, Distrito Federal ou Munic\u00edpios.<\/p>\n<p style=\"padding-left: 40px;\">\n\n\n<p><\/p>\n\n\n<p><\/p>\n\n\n\n<p><\/p>\n\n\n\n<p><\/p>\n","protected":false},"excerpt":{"rendered":"<p>O\/a candidato\/a que n\u00e3o optar pela comprova\u00e7\u00e3o de renda por meio do Cad\u00danico dever\u00e1 encaminhar toda a documenta\u00e7\u00e3o de seu grupo familiar listada no item 2.2 do Anexo II. Clique aqui para acessar a lista de formul\u00e1rios solicitados no item 2.2 do Anexo II do Edital SiSU\/UFMG (necess\u00e1rio preencher os formul\u00e1rios obrigat\u00f3rios e os demais [&hellip;]<\/p>\n","protected":false},"author":5,"featured_media":0,"parent":0,"menu_order":0,"comment_status":"closed","ping_status":"closed","template":"","meta":[],"acf":[],"_links":{"self":[{"href":"https:\/\/www.ufmg.br\/sisu\/wp-json\/wp\/v2\/pages\/2919"}],"collection":[{"href":"https:\/\/www.ufmg.br\/sisu\/wp-json\/wp\/v2\/pages"}],"about":[{"href":"https:\/\/www.ufmg.br\/sisu\/wp-json\/wp\/v2\/types\/page"}],"author":[{"embeddable":true,"href":"https:\/\/www.ufmg.br\/sisu\/wp-json\/wp\/v2\/users\/5"}],"replies":[{"embeddable":true,"href":"https:\/\/www.ufmg.br\/sisu\/wp-json\/wp\/v2\/comments?post=2919"}],"version-history":[{"count":10,"href":"https:\/\/www.ufmg.br\/sisu\/wp-json\/wp\/v2\/pages\/2919\/revisions"}],"predecessor-version":[{"id":5331,"href":"https:\/\/www.ufmg.br\/sisu\/wp-json\/wp\/v2\/pages\/2919\/revisions\/5331"}],"wp:attachment":[{"href":"https:\/\/www.ufmg.br\/sisu\/wp-json\/wp\/v2\/media?parent=2919"}],"curies":[{"name":"wp","href":"https:\/\/api.w.org\/{rel}","templated":true}]}}