{"id":2993,"date":"2024-01-25T12:53:14","date_gmt":"2024-01-25T14:53:14","guid":{"rendered":"https:\/\/www.ufmg.br\/sisu\/?page_id=2993"},"modified":"2026-02-03T18:56:16","modified_gmt":"2026-02-03T21:56:16","slug":"lb_q","status":"publish","type":"page","link":"https:\/\/www.ufmg.br\/sisu\/lb_q\/","title":{"rendered":"<strong>LB_Q<\/strong>"},"content":{"rendered":"\n<p>Candidatos autodeclarados quilombolas, com renda familiar bruta mensal igual ou inferior a 1 (um) sal\u00e1rio-m\u00ednimo <em>per capita<\/em> e que tenham cursado integralmente o Ensino M\u00e9dio em escolas p\u00fablicas brasileiras ou em escolas comunit\u00e1rias que atuam no \u00e2mbito da educa\u00e7\u00e3o do campo conveniadas com o poder p\u00fablico.<\/p>\n\n\n\n<h5>Documenta\u00e7\u00e3o obrigat\u00f3ria que deve ser anexada, via internet:<\/h5>\n\n\n\n<ol>\n<li style=\"text-align: justify;\">Certificado de Conclus\u00e3o do Ensino M\u00e9dio, ou de ensino equivalente;<\/li>\n\n\n\n<li style=\"text-align: justify;\">Hist\u00f3rico Escolar do Ensino M\u00e9dio (no caso de candidato selecionado na modalidade vaga reservada, no Hist\u00f3rico Escolar dever\u00e1 constar a comprova\u00e7\u00e3o de ter cursado todo o ensino m\u00e9dio em escola p\u00fablica brasileira);<\/li>\n\n\n\n<li style=\"text-align: justify;\">Documento de Identidade (no caso de candidato estrangeiro, C\u00e9dula de Identidade expedida pela Pol\u00edcia Federal, ou passaporte, com Visto Tempor\u00e1rio de estudante v\u00e1lido);<\/li>\n\n\n\n<li>Documento que comprove a quita\u00e7\u00e3o com as obriga\u00e7\u00f5es eleitorais;<\/li>\n\n\n\n<li style=\"text-align: justify;\">Documento que comprove a quita\u00e7\u00e3o com as obriga\u00e7\u00f5es do servi\u00e7o militar, para o candidato do sexo masculino maior de 18 anos (a partir de 46 anos o candidato est\u00e1 dispensado da apresenta\u00e7\u00e3o do documento);<\/li>\n\n\n\n<li>CPF;<\/li>\n\n\n\n<li style=\"text-align: justify;\">Declara\u00e7\u00e3o de que n\u00e3o ocupa vaga em curso de gradua\u00e7\u00e3o, em outra institui\u00e7\u00e3o p\u00fablica de ensino superior brasileira <a rel=\"noreferrer noopener\" href=\"http:\/\/www.planalto.gov.br\/ccivil_03\/_ato2007-2010\/2009\/lei\/l12089.htm\" data-type=\"URL\" data-id=\"http:\/\/www.planalto.gov.br\/ccivil_03\/_ato2007-2010\/2009\/lei\/l12089.htm\" target=\"_blank\">Lei 12.089\/2009<\/a> (formul\u00e1rio online que deve ser preenchido no momento do registro acad\u00eamico, via internet);<\/li>\n\n\n\n<li style=\"text-align: justify;\">Declara\u00e7\u00e3o de que n\u00e3o cursou, em nenhum momento, parte do ensino m\u00e9dio em escola particular.&nbsp;(formul\u00e1rio online que deve ser preenchido no momento do registro acad\u00eamico, via internet);<\/li>\n\n\n\n<li style=\"text-align: justify;\"><a rel=\"noreferrer noopener\" href=\"https:\/\/www.ufmg.br\/sisu\/wp-content\/uploads\/2026\/01\/Termo-de-Anuencia.pdf\" data-type=\"URL\" data-id=\"https:\/\/www.ufmg.br\/sisu\/wp-content\/uploads\/2026\/01\/Termo-de-Anuencia.pdf\" target=\"_blank\">Declara\u00e7\u00e3o de anu\u00eancia<\/a> preenchida e assinada e c\u00f3pia da identidade do respons\u00e1vel legal ou em caso de guarda permanente, c\u00f3pia da certid\u00e3o averbada (somente para candidatos menores de 18 anos);<\/li>\n\n\n\n<li style=\"text-align: justify;\">Carta consubstanciada para aquele candidato que se autodeclara quilombola (formul\u00e1rio online que deve ser preenchido no momento do registro acad\u00eamico, via internet);<\/li>\n\n\n\n<li style=\"text-align: justify;\"><a rel=\"noreferrer noopener\" href=\"https:\/\/www.ufmg.br\/sisu\/wp-content\/uploads\/2024\/01\/Declaracao-de-Pertencimento-Etnico-Quilombola-SiSU-2024.pdf\" data-type=\"URL\" data-id=\"https:\/\/www.ufmg.br\/sisu\/wp-content\/uploads\/2024\/01\/Declaracao-de-Pertencimento-Etnico-Quilombola-SiSU-2024.pdf\" target=\"_blank\">Declara\u00e7\u00e3o de sua respectiva comunidade quilombola<\/a> sobre sua condi\u00e7\u00e3o de pertencimento \u00e9tnico, assinada por pelo menos 3 (tr\u00eas) lideran\u00e7as reconhecidas.<\/li>\n\n\n\n<li style=\"text-align: justify;\">Os\/as candidatos\/as com renda familiar bruta <em>per capita<\/em> igual ou inferior a 1(um) sal\u00e1rio-m\u00ednimo poder\u00e3o optar por uma das seguintes formas de comprova\u00e7\u00e3o de renda:\n\n<ul>\n\n<li>Extrato de Consulta Completa ou Folha Resumo do Cadastro \u00danico para Programas Sociais (Cad\u00fanico) atualizado. (<a rel=\"noreferrer noopener\" href=\"https:\/\/www.ufmg.br\/sisu\/cadunico-2\/\" target=\"_blank\">Clique aqui<\/a>)<\/li>\n\n\n<li>Documenta\u00e7\u00e3o detalhada de todo o grupo familiar. (<a rel=\"noreferrer noopener\" href=\"https:\/\/www.ufmg.br\/sisu\/documentacao-detalhada-de-todo-o-grupo-familiar\/\" target=\"_blank\">Clique aqui<\/a>)<\/li>\n\n<\/ul>\n\n<\/li>\n<\/ol>\n\n\n\n<hr class=\"wp-block-separator has-alpha-channel-opacity is-style-wide\"\/>\n\n\n\n<h4 class=\"has-text-align-center\"><strong>ATEN\u00c7\u00c3O!<\/strong><\/h4>\n\n\n\n<p><strong>CERTIFICADO E <strong>HIST\u00d3RICO<\/strong> DO ENSINO M\u00c9DIO<\/strong><\/p>\n\n\n\n<p><p style=\"text-align: justify;\">\u00c9 o documento no qual a Escola informa se o aluno(a) foi aprovado nas s\u00e9ries do Ensino M\u00e9dio e indica que o mesmo(a) concluiu o Ensino M\u00e9dio, bem como a frequ\u00eancia e desempenho do mesmo(a) no referido ciclo escolar. No Hist\u00f3rico \u00e9 obrigat\u00f3ria que conste a informa\u00e7\u00e3o de que o aluno(a) foi aprovado em cada uma das s\u00e9ries do Ensino M\u00e9dio, al\u00e9m do estabelecimento de Ensino, no qual ele(a) as cursou.<\/p><\/p>\n\n\n\n<p><p style=\"text-align: justify;\">O Certificado e o Hist\u00f3rico devem estar assinados pelo Secret\u00e1rio(a) e ou Diretor(a) da Institui\u00e7\u00e3o de Ensino que o aluno(a) \u00e9 proveniente. Tamb\u00e9m poder\u00e1 ser aceito certifica\u00e7\u00e3o e hist\u00f3rico com assinatura digital e certifica\u00e7\u00e3o digital. Apesar do Certificado de Conclus\u00e3o do Ensino M\u00e9dio e do Hist\u00f3rico Escolar do Ensino M\u00e9dio serem documentos distintos, os mesmos v\u00eam usualmente na mesma folha, sendo que o Certificado est\u00e1 no cabe\u00e7alho e o Hist\u00f3rico logo abaixo e no verso.<\/p><\/p>\n\n\n\n<p class=\"has-text-align-justify has-cyan-bluish-gray-background-color has-background\"><strong>Caso o candidato n\u00e3o tenha o Certificado ou Hist\u00f3rico, poder\u00e1 ser apresentada, de forma tempor\u00e1ria, uma declara\u00e7\u00e3o de conclus\u00e3o do Ensino M\u00e9dio emitida pela escola com a seguinte OBSERVA\u00c7\u00c3O: &#8220;O aluno concluiu todas as s\u00e9ries do ensino m\u00e9dio em escola p\u00fablica.&#8221; \nVEJA O MODELO ABAIXO: <\/strong><\/p><\/p>\n\n\n<div class=\"wp-block-image\">\n<figure class=\"aligncenter size-full\"><img decoding=\"async\" loading=\"lazy\" width=\"601\" height=\"837\" src=\"https:\/\/www.ufmg.br\/sisu\/wp-content\/uploads\/2026\/01\/Modelo-de-declaracao.png\" alt=\"\" class=\"wp-image-5761\" srcset=\"https:\/\/www.ufmg.br\/sisu\/wp-content\/uploads\/2026\/01\/Modelo-de-declaracao.png 601w, https:\/\/www.ufmg.br\/sisu\/wp-content\/uploads\/2026\/01\/Modelo-de-declaracao-215x300.png 215w\" sizes=\"(max-width: 601px) 100vw, 601px\" \/><\/figure><\/div>","protected":false},"excerpt":{"rendered":"<p>Candidatos autodeclarados quilombolas, com renda familiar bruta mensal igual ou inferior a 1 (um) sal\u00e1rio-m\u00ednimo per capita e que tenham cursado integralmente o Ensino M\u00e9dio em escolas p\u00fablicas brasileiras ou em escolas comunit\u00e1rias que atuam no \u00e2mbito da educa\u00e7\u00e3o do campo conveniadas com o poder p\u00fablico. Documenta\u00e7\u00e3o obrigat\u00f3ria que deve ser anexada, via internet: ATEN\u00c7\u00c3O! [&hellip;]<\/p>\n","protected":false},"author":5,"featured_media":0,"parent":0,"menu_order":0,"comment_status":"closed","ping_status":"closed","template":"","meta":[],"acf":[],"_links":{"self":[{"href":"https:\/\/www.ufmg.br\/sisu\/wp-json\/wp\/v2\/pages\/2993"}],"collection":[{"href":"https:\/\/www.ufmg.br\/sisu\/wp-json\/wp\/v2\/pages"}],"about":[{"href":"https:\/\/www.ufmg.br\/sisu\/wp-json\/wp\/v2\/types\/page"}],"author":[{"embeddable":true,"href":"https:\/\/www.ufmg.br\/sisu\/wp-json\/wp\/v2\/users\/5"}],"replies":[{"embeddable":true,"href":"https:\/\/www.ufmg.br\/sisu\/wp-json\/wp\/v2\/comments?post=2993"}],"version-history":[{"count":26,"href":"https:\/\/www.ufmg.br\/sisu\/wp-json\/wp\/v2\/pages\/2993\/revisions"}],"predecessor-version":[{"id":5903,"href":"https:\/\/www.ufmg.br\/sisu\/wp-json\/wp\/v2\/pages\/2993\/revisions\/5903"}],"wp:attachment":[{"href":"https:\/\/www.ufmg.br\/sisu\/wp-json\/wp\/v2\/media?parent=2993"}],"curies":[{"name":"wp","href":"https:\/\/api.w.org\/{rel}","templated":true}]}}