{"id":3052,"date":"2024-02-02T11:17:06","date_gmt":"2024-02-02T13:17:06","guid":{"rendered":"https:\/\/www.ufmg.br\/sisu\/?page_id=3052"},"modified":"2024-08-29T09:43:02","modified_gmt":"2024-08-29T12:43:02","slug":"chamada-regular","status":"publish","type":"page","link":"https:\/\/www.ufmg.br\/sisu\/chamada-regular\/","title":{"rendered":"Chamada Regular"},"content":{"rendered":"\n<p><a rel=\"noreferrer noopener\" href=\"https:\/\/www.ufmg.br\/sisu\/2a-entrada-2\/\" target=\"_blank\">2\u00aa Entrada<\/a>.<\/p>\n\n\n\n<p><a href=\"https:\/\/www.ufmg.br\/sisu\/wp-content\/uploads\/2024\/08\/CHAMADA-REGULAR-SISU-2024-Resultado-dos-Recursos.pdf\" data-type=\"URL\" data-id=\"https:\/\/www.ufmg.br\/sisu\/wp-content\/uploads\/2024\/08\/CHAMADA-REGULAR-SISU-2024-Resultado-dos-Recursos.pdf\" target=\"_blank\" rel=\"noreferrer noopener\">Resultado dos recursos<\/a>.<\/p>\n\n\n\n<p><a rel=\"noreferrer noopener\" href=\"https:\/\/www.ufmg.br\/sisu\/instrucoes-para-interposicao-de-recurso-sisu-ufmg-2024-quilombolas\/\" data-type=\"URL\" data-id=\"https:\/\/www.ufmg.br\/sisu\/instrucoes-para-interposicao-de-recurso-sisu-ufmg-2024-quilombolas\/\" target=\"_blank\">Instru\u00e7\u00f5es para interposi\u00e7\u00e3o de recurso (Quilombolas)<\/a>.<\/p>\n\n\n\n<p><a href=\"https:\/\/www.ufmg.br\/sisu\/wp-content\/uploads\/2024\/03\/Matriculas-Confirmadas-Quilombolas-Chamada-Regular.pdf\" data-type=\"URL\" data-id=\"https:\/\/www.ufmg.br\/sisu\/wp-content\/uploads\/2024\/03\/Matriculas-Confirmadas-Quilombolas-Chamada-Regular.pdf\" target=\"_blank\" rel=\"noreferrer noopener\">Matr\u00edculas confirmadas (Quilombolas)<\/a>.<\/p>\n\n\n\n<p><a href=\"https:\/\/www.ufmg.br\/sisu\/wp-content\/uploads\/2024\/03\/Matriculas-Indeferidas-Quilombolas-Chamada-Regular.pdf\" data-type=\"URL\" data-id=\"https:\/\/www.ufmg.br\/sisu\/wp-content\/uploads\/2024\/03\/Matriculas-Indeferidas-Quilombolas-Chamada-Regular.pdf\" target=\"_blank\" rel=\"noreferrer noopener\">Matr\u00edculas indeferidas (Quilombolas)<\/a>.<\/p>\n\n\n\n<p><a href=\"https:\/\/www.ufmg.br\/sisu\/instrucoes-para-interposicao-de-recurso-sisu-ufmg-2024\/\" data-type=\"URL\" data-id=\"https:\/\/www.ufmg.br\/sisu\/instrucoes-para-interposicao-de-recurso-sisu-ufmg-2024\/\" target=\"_blank\" rel=\"noreferrer noopener\">Instru\u00e7\u00f5es para interposi\u00e7\u00e3o de recurso<\/a>.<\/p>\n\n\n\n<p><a href=\"https:\/\/www.ufmg.br\/sisu\/wp-content\/uploads\/2024\/02\/Matriculas-Confirmadas-Ampla-Concorrencia-Chamada-Regular.pdf\" data-type=\"URL\" data-id=\"https:\/\/www.ufmg.br\/sisu\/wp-content\/uploads\/2024\/02\/Matriculas-Confirmadas-Ampla-Concorrencia-Chamada-Regular.pdf\" target=\"_blank\" rel=\"noreferrer noopener\">Matr\u00edculas confirmadas (Ampla concorr\u00eancia)<\/a>.<\/p>\n\n\n\n<p><a href=\"https:\/\/www.ufmg.br\/sisu\/wp-content\/uploads\/2024\/02\/Matriculas-Indeferidas-Ampla-Concorrencia-Chamada-Regular.pdf\" data-type=\"URL\" data-id=\"https:\/\/www.ufmg.br\/sisu\/wp-content\/uploads\/2024\/02\/Matriculas-Indeferidas-Ampla-Concorrencia-Chamada-Regular.pdf\" target=\"_blank\" rel=\"noreferrer noopener\">Matr\u00edculas indeferidas (Ampla concorr\u00eancia)<\/a>.<\/p>\n\n\n\n<p><a rel=\"noreferrer noopener\" href=\"https:\/\/www.ufmg.br\/sisu\/wp-content\/uploads\/2024\/02\/Matriculas-Confirmadas-Reserva-de-vagas-Chamada-Regular.pdf\" data-type=\"URL\" data-id=\"https:\/\/www.ufmg.br\/sisu\/wp-content\/uploads\/2024\/02\/Matriculas-Confirmadas-Reserva-de-vagas-Chamada-Regular.pdf\" target=\"_blank\">Matr\u00edculas confirmadas (Reserva de vagas)<\/a>.<\/p>\n\n\n\n<p><a href=\"https:\/\/www.ufmg.br\/sisu\/wp-content\/uploads\/2024\/02\/Matriculas-Indeferidas-Reserva-de-vagas-Chamada-Regular.pdf\" data-type=\"URL\" data-id=\"https:\/\/www.ufmg.br\/sisu\/wp-content\/uploads\/2024\/02\/Matriculas-Indeferidas-Reserva-de-vagas-Chamada-Regular.pdf\" target=\"_blank\" rel=\"noreferrer noopener\">Matr\u00edculas indeferidas (Reserva de vagas)<\/a>.<\/p>\n\n\n\n<p><a rel=\"noreferrer noopener\" href=\"https:\/\/www.ufmg.br\/sisu\/escala-de-atendimento-dos-procedimentos-presenciais-2\/\" data-type=\"URL\" data-id=\"https:\/\/www.ufmg.br\/sisu\/escala-de-atendimento-dos-procedimentos-presenciais-2\/\" target=\"_blank\">Escala de atendimento dos procedimentos presenciais<\/a><\/p>\n\n\n\n<p><a rel=\"noreferrer noopener\" href=\"https:\/\/www.ufmg.br\/sisu\/registro-academico-via-internet-com-upload-da-documentacao-obrigatoria-chamada-regular-2\/\" data-type=\"URL\" data-id=\"https:\/\/www.ufmg.br\/sisu\/registro-academico-via-internet-com-upload-da-documentacao-obrigatoria-chamada-regular-2\/\" target=\"_blank\">Clique aqui para acessar o Registro Acad\u00eamico, via internet, com upload da documenta\u00e7\u00e3o obrigat\u00f3ria<\/a>.<\/p>\n\n\n\n<p><a rel=\"noreferrer noopener\" href=\"https:\/\/www.ufmg.br\/sisu\/wp-content\/uploads\/2024\/02\/Notas-maximas-e-minimas-Chamada-Regular-1.pdf\" target=\"_blank\">Pontua\u00e7\u00f5es m\u00ednimas e m\u00e1ximas<\/a>.<\/p>\n\n\n\n<p><a rel=\"noreferrer noopener\" href=\"https:\/\/www.ufmg.br\/sisu\/wp-content\/uploads\/2024\/02\/SISU-2024-Chamada-Regular.pdf\" data-type=\"URL\" data-id=\"https:\/\/www.ufmg.br\/sisu\/wp-content\/uploads\/2024\/02\/SISU-2024-Chamada-Regular.pdf\" target=\"_blank\">Consulte aqui a rela\u00e7\u00e3o dos candidatos convocados<\/a>.<\/p>\n\n\n\n<p><a href=\"https:\/\/www.ufmg.br\/sisu\/instrucoes-aos-candidatos-convocados-na-chamada-regular-do-sisu-ufmg-2024\/\" data-type=\"URL\" data-id=\"https:\/\/www.ufmg.br\/sisu\/instrucoes-aos-candidatos-convocados-na-chamada-regular-do-sisu-ufmg-2024\/\">Instru\u00e7\u00f5es para os candidatos convocados<\/a>.<\/p>\n","protected":false},"excerpt":{"rendered":"<p>2\u00aa Entrada. Resultado dos recursos. Instru\u00e7\u00f5es para interposi\u00e7\u00e3o de recurso (Quilombolas). Matr\u00edculas confirmadas (Quilombolas). Matr\u00edculas indeferidas (Quilombolas). Instru\u00e7\u00f5es para interposi\u00e7\u00e3o de recurso. Matr\u00edculas confirmadas (Ampla concorr\u00eancia). Matr\u00edculas indeferidas (Ampla concorr\u00eancia). Matr\u00edculas confirmadas (Reserva de vagas). Matr\u00edculas indeferidas (Reserva de vagas). Escala de atendimento dos procedimentos presenciais Clique aqui para acessar o Registro Acad\u00eamico, via internet, [&hellip;]<\/p>\n","protected":false},"author":5,"featured_media":0,"parent":0,"menu_order":0,"comment_status":"closed","ping_status":"closed","template":"","meta":[],"acf":[],"_links":{"self":[{"href":"https:\/\/www.ufmg.br\/sisu\/wp-json\/wp\/v2\/pages\/3052"}],"collection":[{"href":"https:\/\/www.ufmg.br\/sisu\/wp-json\/wp\/v2\/pages"}],"about":[{"href":"https:\/\/www.ufmg.br\/sisu\/wp-json\/wp\/v2\/types\/page"}],"author":[{"embeddable":true,"href":"https:\/\/www.ufmg.br\/sisu\/wp-json\/wp\/v2\/users\/5"}],"replies":[{"embeddable":true,"href":"https:\/\/www.ufmg.br\/sisu\/wp-json\/wp\/v2\/comments?post=3052"}],"version-history":[{"count":13,"href":"https:\/\/www.ufmg.br\/sisu\/wp-json\/wp\/v2\/pages\/3052\/revisions"}],"predecessor-version":[{"id":4022,"href":"https:\/\/www.ufmg.br\/sisu\/wp-json\/wp\/v2\/pages\/3052\/revisions\/4022"}],"wp:attachment":[{"href":"https:\/\/www.ufmg.br\/sisu\/wp-json\/wp\/v2\/media?parent=3052"}],"curies":[{"name":"wp","href":"https:\/\/api.w.org\/{rel}","templated":true}]}}